{"id":28357,"date":"2024-06-22T02:12:32","date_gmt":"2024-06-22T02:12:32","guid":{"rendered":"https:\/\/jxgchocolate.com\/?post_type=product&#038;p=28357"},"modified":"2024-11-02T08:42:19","modified_gmt":"2024-11-02T08:42:19","slug":"dark-chocolate-sunflower-seeds-bulk","status":"publish","type":"product","link":"https:\/\/jxgchocolate.com\/pt\/produto\/dark-chocolate-sunflower-seeds-bulk\/","title":{"rendered":"Sementes de girassol de chocolate preto a granel com embalagem personalizada"},"content":{"rendered":"<div class=\"wp-block-columns is-layout-flex wp-container-core-columns-is-layout-9d6595d7 wp-block-columns-is-layout-flex\">\n<div class=\"wp-block-column is-layout-flow wp-block-column-is-layout-flow\">\n<h2 class=\"wp-block-heading\">Sementes de girassol Premium Dark Chocolate a granel Carater\u00edsticas:<\/h2>\n\n\n\n<ul class=\"wp-block-list\">\n<li><strong>Sabor rico: <\/strong>A combina\u00e7\u00e3o do sabor suave do chocolate preto com a textura estaladi\u00e7a das sementes de girassol torradas - o que se pode dizer? Verdadeiramente sofisticadas e deliciosas s\u00e3o estas sementes de girassol de chocolate preto a granel.<\/li>\n\n\n\n<li><strong>Ingredientes de alta qualidade: <\/strong>As nossas sementes de girassol cobertas com chocolate a granel s\u00e3o uma combina\u00e7\u00e3o de chocolate preto da melhor qualidade e sementes de girassol de primeira classe para tornar cada dentada t\u00e3o deliciosa e de qualidade superior.<\/li>\n\n\n\n<li><strong>Op\u00e7\u00e3o de lanche saud\u00e1vel:<\/strong> Com toda a nutri\u00e7\u00e3o essencial de prote\u00ednas, fibras e antioxidantes das nossas sementes de girassol de chocolate negro a granel, \u00e9 verdadeiramente uma indulg\u00eancia saud\u00e1vel.<\/li>\n\n\n\n<li><strong>Pacote personaliz\u00e1vel: <\/strong>Fornecemos sementes de girassol cobertas com chocolate a granel e oferecemos op\u00e7\u00f5es de embalagem flex\u00edveis. Ser\u00e1 muito f\u00e1cil adaptar as suas sementes de girassol cobertas de chocolate \u00e0 sua marca e ao seu mercado atual para uma promo\u00e7\u00e3o f\u00e1cil, o que aumentar\u00e1 a acessibilidade do seu produto.<\/li>\n<\/ul>\n<\/div>\n\n\n\n<div class=\"wp-block-column is-layout-flow wp-block-column-is-layout-flow\">\n<figure class=\"wp-block-image size-full\"><img fetchpriority=\"high\" decoding=\"async\" width=\"4480\" height=\"4480\" src=\"https:\/\/jxgchocolate.com\/wp-content\/uploads\/2024\/06\/dark-chocolate-sunflower-seeds-bulk-4.webp\" alt=\"chocolate preto-sunflower-seeds-bulk-4\" class=\"wp-image-28361\" srcset=\"https:\/\/jxgchocolate.com\/wp-content\/uploads\/2024\/06\/dark-chocolate-sunflower-seeds-bulk-4.webp 4480w, https:\/\/jxgchocolate.com\/wp-content\/uploads\/2024\/06\/dark-chocolate-sunflower-seeds-bulk-4-300x300.webp 300w, https:\/\/jxgchocolate.com\/wp-content\/uploads\/2024\/06\/dark-chocolate-sunflower-seeds-bulk-4-150x150.webp 150w, https:\/\/jxgchocolate.com\/wp-content\/uploads\/2024\/06\/dark-chocolate-sunflower-seeds-bulk-4-768x768.webp 768w, https:\/\/jxgchocolate.com\/wp-content\/uploads\/2024\/06\/dark-chocolate-sunflower-seeds-bulk-4-430x430.webp 430w, https:\/\/jxgchocolate.com\/wp-content\/uploads\/2024\/06\/dark-chocolate-sunflower-seeds-bulk-4-700x700.webp 700w\" sizes=\"(max-width: 4480px) 100vw, 4480px\" \/><\/figure>\n<\/div>\n<\/div>","protected":false},"excerpt":{"rendered":"<p>Bem-vindo \u00e0 compra de lanches de chocolate da Lucky Fruit. As nossas sementes de girassol de chocolate preto a granel combinam o sabor rico e suave do chocolate preto com a textura estaladi\u00e7a das sementes de girassol torradas. S\u00e3o preparadas com uma boa sele\u00e7\u00e3o de ingredientes para proporcionar um lanche saud\u00e1vel cheio de nutrientes essenciais. Pode fazer o pacote de acordo com as suas necessidades.<\/p>\n<table width=\"275\">\n<tbody>\n<tr>\n<td width=\"108\">Fabricante<\/td>\n<td width=\"167\">Fruta da sorte<\/td>\n<\/tr>\n<tr>\n<td>MODELO NO.<\/td>\n<td>JXG23<\/td>\n<\/tr>\n<tr>\n<td>Tipo<\/td>\n<td>Sementes de girassol Chocolate\u00a0<\/td>\n<\/tr>\n<tr>\n<td>Embalagem<\/td>\n<td>Embalagem de sacos<\/td>\n<\/tr>\n<tr>\n<td>Especifica\u00e7\u00e3o<\/td>\n<td>24 sacos<\/td>\n<\/tr>\n<tr>\n<td>Tamanho da caixa<\/td>\n<td>44*29*27,5 cm<\/td>\n<\/tr>\n<tr>\n<td>N.W \/SET<\/td>\n<td>158g*24 sacos<\/td>\n<\/tr>\n<tr>\n<td>Cor<\/td>\n<td>Escuro<\/td>\n<\/tr>\n<tr>\n<td>MOQ<\/td>\n<td>500 caixas de cart\u00e3o<\/td>\n<\/tr>\n<tr>\n<td>Personaliza\u00e7\u00e3o<\/td>\n<td>Embalagem\/LOGO<\/td>\n<\/tr>\n<\/tbody>\n<\/table>","protected":false},"featured_media":28430,"comment_status":"closed","ping_status":"closed","template":"","meta":[],"product_cat":[72],"product_tag":[],"class_list":{"0":"post-28357","1":"product","2":"type-product","3":"status-publish","4":"has-post-thumbnail","6":"product_cat-wholesale-chocolate-covered-sunflower-seeds","8":"first","9":"instock","10":"shipping-taxable","11":"product-type-simple"},"_links":{"self":[{"href":"https:\/\/jxgchocolate.com\/pt\/wp-json\/wp\/v2\/product\/28357","targetHints":{"allow":["GET"]}}],"collection":[{"href":"https:\/\/jxgchocolate.com\/pt\/wp-json\/wp\/v2\/product"}],"about":[{"href":"https:\/\/jxgchocolate.com\/pt\/wp-json\/wp\/v2\/types\/product"}],"replies":[{"embeddable":true,"href":"https:\/\/jxgchocolate.com\/pt\/wp-json\/wp\/v2\/comments?post=28357"}],"version-history":[{"count":0,"href":"https:\/\/jxgchocolate.com\/pt\/wp-json\/wp\/v2\/product\/28357\/revisions"}],"wp:featuredmedia":[{"embeddable":true,"href":"https:\/\/jxgchocolate.com\/pt\/wp-json\/wp\/v2\/media\/28430"}],"wp:attachment":[{"href":"https:\/\/jxgchocolate.com\/pt\/wp-json\/wp\/v2\/media?parent=28357"}],"wp:term":[{"taxonomy":"product_cat","embeddable":true,"href":"https:\/\/jxgchocolate.com\/pt\/wp-json\/wp\/v2\/product_cat?post=28357"},{"taxonomy":"product_tag","embeddable":true,"href":"https:\/\/jxgchocolate.com\/pt\/wp-json\/wp\/v2\/product_tag?post=28357"}],"curies":[{"name":"wp","href":"https:\/\/api.w.org\/{rel}","templated":true}]}}