{"id":28365,"date":"2024-06-22T02:25:03","date_gmt":"2024-06-22T02:25:03","guid":{"rendered":"https:\/\/jxgchocolate.com\/?post_type=product&#038;p=28365"},"modified":"2025-03-08T05:45:57","modified_gmt":"2025-03-08T05:45:57","slug":"bulk-milk-chocolate-covered-peanuts","status":"publish","type":"product","link":"https:\/\/jxgchocolate.com\/pt\/produto\/bulk-milk-chocolate-covered-peanuts\/","title":{"rendered":"Amendoins com cobertura de chocolate de leite a granel em embalagens individuais"},"content":{"rendered":"<div class=\"wp-block-columns is-layout-flex wp-container-core-columns-is-layout-9d6595d7 wp-block-columns-is-layout-flex\">\n<div class=\"wp-block-column is-layout-flow wp-block-column-is-layout-flow\">\n<h2 class=\"wp-block-heading\">Amendoins cobertos com chocolate de leite a granel Premium Carater\u00edsticas:<\/h2>\n\n\n\n<ul class=\"wp-block-list\">\n<li><strong>Sabor rico e rico: <\/strong>Os nossos amendoins cobertos com chocolate de leite a granel s\u00e3o revestidos com uma camada de chocolate de leite suave de primeira qualidade. Proporciona um sabor duplo - do\u00e7ura suave do chocolate e sabor estaladi\u00e7o dos amendoins, misturando-se perfeitamente na boca.<\/li>\n\n\n\n<li><strong>Selecione ingredientes de alta qualidade: <\/strong>Seleccionamos os melhores e mais frescos amendoins de alta qualidade e depois derretemo-los em chocolate de leite suave e de alta qualidade para aperfei\u00e7oar a frescura necess\u00e1ria para equilibrar cada amendoim coberto de chocolate com croc\u00e2ncia e sabor rico a chocolate.<\/li>\n\n\n\n<li><strong>Embalagens flex\u00edveis e personalizadas: <\/strong>Para os amendoins cobertos com chocolate de leite a granel, dispomos de uma gama de embalagens personalizadas, tais como caixas de oferta, pequenas embalagens individuais e a granel, contribuindo para as diferentes necessidades das marcas e dos clientes. Quer se trate de embalagens para venda a retalho ou de personaliza\u00e7\u00e3o de presentes para ocasi\u00f5es especiais, pode conceber uma forma \u00fanica de embalagem com base no posicionamento da sua marca e nas necessidades do mercado.<\/li>\n\n\n\n<li><strong>Fornecimento a granel, adequado para uma variedade de utiliza\u00e7\u00f5es comerciais: <\/strong>Os nossos amendoins cobertos com chocolate de dupla cobertura a granel suportam compras a granel. Quer seja um supermercado, uma loja de presentes ou um retalhista de produtos alimentares, os nossos produtos permitir-lhe-\u00e3o ter um fornecimento est\u00e1vel e um servi\u00e7o eficiente, satisfazendo as aquisi\u00e7\u00f5es em grande escala.<\/li>\n<\/ul>\n<\/div>\n\n\n\n<div class=\"wp-block-column is-layout-flow wp-block-column-is-layout-flow\">\n<figure class=\"wp-block-image size-full\"><img fetchpriority=\"high\" decoding=\"async\" width=\"3873\" height=\"3873\" src=\"https:\/\/jxgchocolate.com\/wp-content\/uploads\/2024\/06\/bulk-milk-chocolate-covered-peanuts-2.webp\" alt=\"bulk-milk-chocolate-covered-peanuts-2\" class=\"wp-image-28367\" srcset=\"https:\/\/jxgchocolate.com\/wp-content\/uploads\/2024\/06\/bulk-milk-chocolate-covered-peanuts-2.webp 3873w, https:\/\/jxgchocolate.com\/wp-content\/uploads\/2024\/06\/bulk-milk-chocolate-covered-peanuts-2-300x300.webp 300w, https:\/\/jxgchocolate.com\/wp-content\/uploads\/2024\/06\/bulk-milk-chocolate-covered-peanuts-2-150x150.webp 150w, https:\/\/jxgchocolate.com\/wp-content\/uploads\/2024\/06\/bulk-milk-chocolate-covered-peanuts-2-768x768.webp 768w, https:\/\/jxgchocolate.com\/wp-content\/uploads\/2024\/06\/bulk-milk-chocolate-covered-peanuts-2-430x430.webp 430w, https:\/\/jxgchocolate.com\/wp-content\/uploads\/2024\/06\/bulk-milk-chocolate-covered-peanuts-2-700x700.webp 700w\" sizes=\"(max-width: 3873px) 100vw, 3873px\" \/><\/figure>\n<\/div>\n<\/div>\n\n\n\n<p><\/p>","protected":false},"excerpt":{"rendered":"<p>Comprar amendoins de chocolate a granel. Os nossos amendoins cobertos com chocolate de leite a granel misturam na perfei\u00e7\u00e3o os amendoins estaladi\u00e7os e o chocolate de leite suave, proporcionando-lhe o derradeiro e delicioso prazer duplo. A aquisi\u00e7\u00e3o por atacado \u00e9 suportada, a personaliza\u00e7\u00e3o flex\u00edvel da embalagem pode ser realizada, o que \u00e9 adequado para o retalho, presentes, compras da empresa, ajudando-o a destacar-se em diferentes ocasi\u00f5es de neg\u00f3cios.<\/p>\n<table width=\"275\">\n<tbody>\n<tr>\n<td width=\"108\">Fabricante<\/td>\n<td width=\"167\">Fruta da sorte<\/td>\n<\/tr>\n<tr>\n<td>MODELO NO.<\/td>\n<td>JXG24<\/td>\n<\/tr>\n<tr>\n<td>Tipo<\/td>\n<td>Amendoins de chocolate<\/td>\n<\/tr>\n<tr>\n<td>Embalagem<\/td>\n<td>Embalagem de sacos<\/td>\n<\/tr>\n<tr>\n<td>Especifica\u00e7\u00e3o<\/td>\n<td>24 sacos<\/td>\n<\/tr>\n<tr>\n<td>Tamanho da caixa<\/td>\n<td>44*29*27,5 cm<\/td>\n<\/tr>\n<tr>\n<td>N.W \/SET<\/td>\n<td>158g*24 sacos<\/td>\n<\/tr>\n<tr>\n<td>Cor<\/td>\n<td>Branco<\/td>\n<\/tr>\n<tr>\n<td>MOQ<\/td>\n<td>500 caixas de cart\u00e3o<\/td>\n<\/tr>\n<tr>\n<td>Personaliza\u00e7\u00e3o<\/td>\n<td>Embalagem\/LOGO<\/td>\n<\/tr>\n<\/tbody>\n<\/table>","protected":false},"featured_media":28428,"comment_status":"closed","ping_status":"closed","template":"","meta":[],"product_cat":[73],"product_tag":[],"class_list":{"0":"post-28365","1":"product","2":"type-product","3":"status-publish","4":"has-post-thumbnail","6":"product_cat-wholesale-chocolate-covered-peanuts","8":"first","9":"instock","10":"shipping-taxable","11":"product-type-simple"},"_links":{"self":[{"href":"https:\/\/jxgchocolate.com\/pt\/wp-json\/wp\/v2\/product\/28365","targetHints":{"allow":["GET"]}}],"collection":[{"href":"https:\/\/jxgchocolate.com\/pt\/wp-json\/wp\/v2\/product"}],"about":[{"href":"https:\/\/jxgchocolate.com\/pt\/wp-json\/wp\/v2\/types\/product"}],"replies":[{"embeddable":true,"href":"https:\/\/jxgchocolate.com\/pt\/wp-json\/wp\/v2\/comments?post=28365"}],"version-history":[{"count":5,"href":"https:\/\/jxgchocolate.com\/pt\/wp-json\/wp\/v2\/product\/28365\/revisions"}],"predecessor-version":[{"id":29616,"href":"https:\/\/jxgchocolate.com\/pt\/wp-json\/wp\/v2\/product\/28365\/revisions\/29616"}],"wp:featuredmedia":[{"embeddable":true,"href":"https:\/\/jxgchocolate.com\/pt\/wp-json\/wp\/v2\/media\/28428"}],"wp:attachment":[{"href":"https:\/\/jxgchocolate.com\/pt\/wp-json\/wp\/v2\/media?parent=28365"}],"wp:term":[{"taxonomy":"product_cat","embeddable":true,"href":"https:\/\/jxgchocolate.com\/pt\/wp-json\/wp\/v2\/product_cat?post=28365"},{"taxonomy":"product_tag","embeddable":true,"href":"https:\/\/jxgchocolate.com\/pt\/wp-json\/wp\/v2\/product_tag?post=28365"}],"curies":[{"name":"wp","href":"https:\/\/api.w.org\/{rel}","templated":true}]}}