{"id":28373,"date":"2024-06-22T02:33:36","date_gmt":"2024-06-22T02:33:36","guid":{"rendered":"https:\/\/jxgchocolate.com\/?post_type=product&#038;p=28373"},"modified":"2024-11-09T08:05:27","modified_gmt":"2024-11-09T08:05:27","slug":"wholesale-dark-chocolate-coated-peanuts","status":"publish","type":"product","link":"https:\/\/jxgchocolate.com\/pt\/produto\/wholesale-dark-chocolate-coated-peanuts\/","title":{"rendered":"Amendoins revestidos de chocolate preto por atacado com embalagem personalizada"},"content":{"rendered":"<div class=\"wp-block-columns is-layout-flex wp-container-core-columns-is-layout-9d6595d7 wp-block-columns-is-layout-flex\">\n<div class=\"wp-block-column is-layout-flow wp-block-column-is-layout-flow\">\n<h2 class=\"wp-block-heading\">Amendoins revestidos com chocolate preto por atacado Premium Carater\u00edsticas:<\/h2>\n\n\n\n<ul class=\"wp-block-list\">\n<li><strong>Mistura de sabores complexos:<\/strong> Desde a riqueza de sabor do nosso chocolate preto por atacado at\u00e9 \u00e0 croc\u00e2ncia dos amendoins torrados, estes deliciosos amendoins revestidos com chocolate preto por atacado criam os momentos mais deliciosos para petiscar.<\/li>\n\n\n\n<li><strong>Ingredientes de primeira qualidade:<\/strong> Estes amendoins cobertos de chocolate a granel s\u00e3o fabricados a partir de chocolate preto de alta qualidade e amendoins de primeira qualidade, que mant\u00eam a consist\u00eancia em cada pe\u00e7a para um sabor de primeira qualidade que oferece um \u00f3timo paladar aos consumidores.<\/li>\n\n\n\n<li><strong>Petiscos saud\u00e1veis:<\/strong> Entre as op\u00e7\u00f5es mais saud\u00e1veis de snacks, os nossos amendoins revestidos com chocolate negro por atacado s\u00e3o muito apreciados pelo consumidor porque cont\u00eam um revestimento de chocolate negro enriquecido com prote\u00ednas, fibras e antioxidantes.<\/li>\n\n\n\n<li><strong>Embalagens a granel e flex\u00edveis: <\/strong>Os nossos amendoins cobertos de chocolate a granel oferecem op\u00e7\u00f5es de embalagem flex\u00edveis e personalizadas que ajudam as marcas a marcar e a comercializar de v\u00e1rias formas diferentes para satisfazer as muitas necessidades do mercado.<\/li>\n<\/ul>\n<\/div>\n\n\n\n<div class=\"wp-block-column is-layout-flow wp-block-column-is-layout-flow\">\n<figure class=\"wp-block-image size-full\"><img fetchpriority=\"high\" decoding=\"async\" width=\"4480\" height=\"4480\" src=\"https:\/\/jxgchocolate.com\/wp-content\/uploads\/2024\/06\/wholesale-dark-chocolate-coated-peanuts-2.webp\" alt=\"amendoins revestidos de chocolate preto por atacado-2\" class=\"wp-image-28375\" srcset=\"https:\/\/jxgchocolate.com\/wp-content\/uploads\/2024\/06\/wholesale-dark-chocolate-coated-peanuts-2.webp 4480w, https:\/\/jxgchocolate.com\/wp-content\/uploads\/2024\/06\/wholesale-dark-chocolate-coated-peanuts-2-300x300.webp 300w, https:\/\/jxgchocolate.com\/wp-content\/uploads\/2024\/06\/wholesale-dark-chocolate-coated-peanuts-2-150x150.webp 150w, https:\/\/jxgchocolate.com\/wp-content\/uploads\/2024\/06\/wholesale-dark-chocolate-coated-peanuts-2-768x768.webp 768w, https:\/\/jxgchocolate.com\/wp-content\/uploads\/2024\/06\/wholesale-dark-chocolate-coated-peanuts-2-430x430.webp 430w, https:\/\/jxgchocolate.com\/wp-content\/uploads\/2024\/06\/wholesale-dark-chocolate-coated-peanuts-2-700x700.webp 700w\" sizes=\"(max-width: 4480px) 100vw, 4480px\" \/><\/figure>\n<\/div>\n<\/div>\n\n\n\n<p><\/p>","protected":false},"excerpt":{"rendered":"<p>Comprar amendoins com cobertura de chocolate a granel. Os nossos amendoins cobertos com chocolate negro por atacado misturam o melhor chocolate negro com amendoins torrados estaladi\u00e7os para formar um snack super-sofisticado mas delicioso. Feitos com ingredientes de qualidade superior, os produtos s\u00e3o nutritivos, saud\u00e1veis e deliciosos. Podemos fornecer todos os tipos de embalagens personalizadas para atender \u00e0s suas necessidades de marca e marketing.<\/p>\n<table width=\"275\">\n<tbody>\n<tr>\n<td width=\"108\">Fabricante<\/td>\n<td width=\"167\">Fruta da sorte<\/td>\n<\/tr>\n<tr>\n<td>MODELO NO.<\/td>\n<td>JXG25<\/td>\n<\/tr>\n<tr>\n<td>Tipo<\/td>\n<td>Amendoins de chocolate<\/td>\n<\/tr>\n<tr>\n<td>Embalagem<\/td>\n<td>Embalagem de sacos<\/td>\n<\/tr>\n<tr>\n<td>Especifica\u00e7\u00e3o<\/td>\n<td>24 sacos<\/td>\n<\/tr>\n<tr>\n<td>Tamanho da caixa<\/td>\n<td>44*29*27,5 cm<\/td>\n<\/tr>\n<tr>\n<td>N.W \/SET<\/td>\n<td>158g*24 sacos<\/td>\n<\/tr>\n<tr>\n<td>Cor<\/td>\n<td>Escuro<\/td>\n<\/tr>\n<tr>\n<td>MOQ<\/td>\n<td>500 caixas de cart\u00e3o<\/td>\n<\/tr>\n<tr>\n<td>Personaliza\u00e7\u00e3o<\/td>\n<td>Embalagem\/LOGO<\/td>\n<\/tr>\n<\/tbody>\n<\/table>","protected":false},"featured_media":28427,"comment_status":"closed","ping_status":"closed","template":"","meta":[],"product_cat":[73],"product_tag":[],"class_list":{"0":"post-28373","1":"product","2":"type-product","3":"status-publish","4":"has-post-thumbnail","6":"product_cat-wholesale-chocolate-covered-peanuts","8":"first","9":"instock","10":"shipping-taxable","11":"product-type-simple"},"_links":{"self":[{"href":"https:\/\/jxgchocolate.com\/pt\/wp-json\/wp\/v2\/product\/28373","targetHints":{"allow":["GET"]}}],"collection":[{"href":"https:\/\/jxgchocolate.com\/pt\/wp-json\/wp\/v2\/product"}],"about":[{"href":"https:\/\/jxgchocolate.com\/pt\/wp-json\/wp\/v2\/types\/product"}],"replies":[{"embeddable":true,"href":"https:\/\/jxgchocolate.com\/pt\/wp-json\/wp\/v2\/comments?post=28373"}],"version-history":[{"count":0,"href":"https:\/\/jxgchocolate.com\/pt\/wp-json\/wp\/v2\/product\/28373\/revisions"}],"wp:featuredmedia":[{"embeddable":true,"href":"https:\/\/jxgchocolate.com\/pt\/wp-json\/wp\/v2\/media\/28427"}],"wp:attachment":[{"href":"https:\/\/jxgchocolate.com\/pt\/wp-json\/wp\/v2\/media?parent=28373"}],"wp:term":[{"taxonomy":"product_cat","embeddable":true,"href":"https:\/\/jxgchocolate.com\/pt\/wp-json\/wp\/v2\/product_cat?post=28373"},{"taxonomy":"product_tag","embeddable":true,"href":"https:\/\/jxgchocolate.com\/pt\/wp-json\/wp\/v2\/product_tag?post=28373"}],"curies":[{"name":"wp","href":"https:\/\/api.w.org\/{rel}","templated":true}]}}