{"id":28432,"date":"2024-06-29T07:19:36","date_gmt":"2024-06-29T07:19:36","guid":{"rendered":"https:\/\/jxgchocolate.com\/?post_type=product&#038;p=28432"},"modified":"2024-11-02T08:54:54","modified_gmt":"2024-11-02T08:54:54","slug":"bulk-chocolate-covered-sunflower-seeds","status":"publish","type":"product","link":"https:\/\/jxgchocolate.com\/pt\/produto\/bulk-chocolate-covered-sunflower-seeds\/","title":{"rendered":"Sementes de girassol cobertas de chocolate a granel com v\u00e1rias cores"},"content":{"rendered":"<div class=\"wp-block-columns is-layout-flex wp-container-core-columns-is-layout-9d6595d7 wp-block-columns-is-layout-flex\">\n<div class=\"wp-block-column is-layout-flow wp-block-column-is-layout-flow\">\n<h2 class=\"wp-block-heading\">Sementes de girassol cobertas com chocolate a granel Premium Carater\u00edsticas:<\/h2>\n\n\n\n<ul class=\"wp-block-list\">\n<li><strong>Variedade de cores: <\/strong>As nossas sementes de girassol a granel cobertas de chocolate s\u00e3o adornadas com revestimentos multicoloridos variados, que s\u00e3o agrad\u00e1veis \u00e0 vista.<\/li>\n\n\n\n<li><strong>Muito saboroso e saud\u00e1vel:<\/strong> As nossas sementes de girassol com chocolate por atacado juntam sementes de girassol estaladi\u00e7as e chocolate suave - uma combina\u00e7\u00e3o de excelente sabor e sa\u00fade.<\/li>\n\n\n\n<li><strong>Um mimo perfeito:<\/strong> Desde festas e casamentos a eventos empresariais, estas guloseimas coloridas de sementes de girassol cobertas de chocolate a granel acrescentam divers\u00e3o e festividade a qualquer tipo de reuni\u00e3o.<\/li>\n\n\n\n<li><strong>Pacote de snacks personalizado:<\/strong> Este \u00e9 um pacote a granel de sementes de girassol de chocolate por atacado que o manter\u00e1 totalmente abastecido para nunca acabar, seja em empresas de grande volume, catering, eventos ou atacado.<\/li>\n<\/ul>\n<\/div>\n\n\n\n<div class=\"wp-block-column is-layout-flow wp-block-column-is-layout-flow\">\n<figure class=\"wp-block-image size-full\"><img fetchpriority=\"high\" decoding=\"async\" width=\"1696\" height=\"1696\" src=\"https:\/\/jxgchocolate.com\/wp-content\/uploads\/2024\/06\/bulk-chocolate-covered-sunflower-seeds-3.webp\" alt=\"sementes de girassol cobertas de chocolate a granel-3\" class=\"wp-image-28435\" srcset=\"https:\/\/jxgchocolate.com\/wp-content\/uploads\/2024\/06\/bulk-chocolate-covered-sunflower-seeds-3.webp 1696w, https:\/\/jxgchocolate.com\/wp-content\/uploads\/2024\/06\/bulk-chocolate-covered-sunflower-seeds-3-300x300.webp 300w, https:\/\/jxgchocolate.com\/wp-content\/uploads\/2024\/06\/bulk-chocolate-covered-sunflower-seeds-3-150x150.webp 150w, https:\/\/jxgchocolate.com\/wp-content\/uploads\/2024\/06\/bulk-chocolate-covered-sunflower-seeds-3-768x768.webp 768w, https:\/\/jxgchocolate.com\/wp-content\/uploads\/2024\/06\/bulk-chocolate-covered-sunflower-seeds-3-430x430.webp 430w, https:\/\/jxgchocolate.com\/wp-content\/uploads\/2024\/06\/bulk-chocolate-covered-sunflower-seeds-3-700x700.webp 700w\" sizes=\"(max-width: 1696px) 100vw, 1696px\" \/><\/figure>\n<\/div>\n<\/div>\n\n\n\n<p><\/p>","protected":false},"excerpt":{"rendered":"<p>Compre sementes de girassol de chocolate por atacado da f\u00e1brica. Ado\u00e7adas com a riqueza e suavidade do chocolate, nossas sementes de girassol cobertas de chocolate a granel adicionam uma textura crocante por causa das sementes de girassol torradas. Feitos a partir de ingredientes de alta qualidade, s\u00e3o lanches saud\u00e1veis completos com nutrientes vitais.<\/p>\n<table width=\"275\">\n<tbody>\n<tr>\n<td width=\"108\">Fabricante<\/td>\n<td width=\"167\">Fruta da sorte<\/td>\n<\/tr>\n<tr>\n<td>MODELO NO.<\/td>\n<td>JXG26<\/td>\n<\/tr>\n<tr>\n<td>Tipo<\/td>\n<td>Sementes de girassol Chocolate\u00a0<\/td>\n<\/tr>\n<tr>\n<td>Embalagem<\/td>\n<td>Embalagem de sacos<\/td>\n<\/tr>\n<tr>\n<td>Especifica\u00e7\u00e3o<\/td>\n<td>20 sacos*12 caixas<\/td>\n<\/tr>\n<tr>\n<td>Tamanho da caixa<\/td>\n<td>55*23*36cm<\/td>\n<\/tr>\n<tr>\n<td>N.W \/SET<\/td>\n<td>28g*20sacos*12 caixas<\/td>\n<\/tr>\n<tr>\n<td>Cor<\/td>\n<td>Multi-cores<\/td>\n<\/tr>\n<tr>\n<td>MOQ<\/td>\n<td>500 caixas de cart\u00e3o<\/td>\n<\/tr>\n<tr>\n<td>Personaliza\u00e7\u00e3o<\/td>\n<td>Embalagem\/LOGO<\/td>\n<\/tr>\n<\/tbody>\n<\/table>","protected":false},"featured_media":28433,"comment_status":"closed","ping_status":"closed","template":"","meta":[],"product_cat":[72],"product_tag":[],"class_list":{"0":"post-28432","1":"product","2":"type-product","3":"status-publish","4":"has-post-thumbnail","6":"product_cat-wholesale-chocolate-covered-sunflower-seeds","8":"first","9":"instock","10":"shipping-taxable","11":"product-type-simple"},"_links":{"self":[{"href":"https:\/\/jxgchocolate.com\/pt\/wp-json\/wp\/v2\/product\/28432","targetHints":{"allow":["GET"]}}],"collection":[{"href":"https:\/\/jxgchocolate.com\/pt\/wp-json\/wp\/v2\/product"}],"about":[{"href":"https:\/\/jxgchocolate.com\/pt\/wp-json\/wp\/v2\/types\/product"}],"replies":[{"embeddable":true,"href":"https:\/\/jxgchocolate.com\/pt\/wp-json\/wp\/v2\/comments?post=28432"}],"version-history":[{"count":0,"href":"https:\/\/jxgchocolate.com\/pt\/wp-json\/wp\/v2\/product\/28432\/revisions"}],"wp:featuredmedia":[{"embeddable":true,"href":"https:\/\/jxgchocolate.com\/pt\/wp-json\/wp\/v2\/media\/28433"}],"wp:attachment":[{"href":"https:\/\/jxgchocolate.com\/pt\/wp-json\/wp\/v2\/media?parent=28432"}],"wp:term":[{"taxonomy":"product_cat","embeddable":true,"href":"https:\/\/jxgchocolate.com\/pt\/wp-json\/wp\/v2\/product_cat?post=28432"},{"taxonomy":"product_tag","embeddable":true,"href":"https:\/\/jxgchocolate.com\/pt\/wp-json\/wp\/v2\/product_tag?post=28432"}],"curies":[{"name":"wp","href":"https:\/\/api.w.org\/{rel}","templated":true}]}}