{"id":28443,"date":"2024-06-29T07:47:26","date_gmt":"2024-06-29T07:47:26","guid":{"rendered":"https:\/\/jxgchocolate.com\/?post_type=product&#038;p=28443"},"modified":"2024-11-11T02:57:16","modified_gmt":"2024-11-11T02:57:16","slug":"chocolate-gummy-wholesale","status":"publish","type":"product","link":"https:\/\/jxgchocolate.com\/pt\/produto\/chocolate-gummy-wholesale\/","title":{"rendered":"Goma de chocolate com sabor a p\u00eassego por atacado com embalagem em barril"},"content":{"rendered":"<div class=\"wp-block-columns is-layout-flex wp-container-core-columns-is-layout-9d6595d7 wp-block-columns-is-layout-flex\">\n<div class=\"wp-block-column is-vertically-aligned-center is-layout-flow wp-block-column-is-layout-flow\">\n<h3 class=\"wp-block-heading\">Premium Chocolate Gummy Wholesale Caracter\u00edsticas:<\/h3>\n\n\n\n<ol class=\"wp-block-list\">\n<li><strong>Combina\u00e7\u00e3o \u00fanica de sabores: <\/strong>Satisfa\u00e7a a tenta\u00e7\u00e3o com a combina\u00e7\u00e3o inevit\u00e1vel do sabor suculento do p\u00eassego e do chocolate rico. Esta goma de chocolate por atacado oferece algo que nenhuma outra goma no mercado pode oferecer.<\/li>\n\n\n\n<li><strong>Embalagem apelativa do barril: <\/strong>Todas as nossas bolas de chocolate gomoso por atacado v\u00eam em embalagens de barril convenientes e apelativas, prontas para uma f\u00e1cil arruma\u00e7\u00e3o e uma pe\u00e7a de exposi\u00e7\u00e3o em qualquer ambiente de retalho.<\/li>\n\n\n\n<li><strong>Op\u00e7\u00f5es de venda por grosso a granel: <\/strong>Perfeitas para as empresas, as nossas gomas de chocolate por atacado garantem que, com uma procura t\u00e3o elevada destas gomas, pode abastecer-se e faz\u00ea-lo a um \u00f3timo pre\u00e7o.<\/li>\n\n\n\n<li><strong>Perfeito para todas as ocasi\u00f5es:<\/strong> Perfeitas para lembran\u00e7as de festas, presentes ou para alegrar o dia de qualquer pessoa, estas bolas de chocolate com sabor a p\u00eassego funcionam perfeitamente em qualquer ocasi\u00e3o.<\/li>\n<\/ol>\n<\/div>\n\n\n\n<div class=\"wp-block-column is-layout-flow wp-block-column-is-layout-flow\">\n<figure class=\"wp-block-image size-full\"><img fetchpriority=\"high\" decoding=\"async\" width=\"1500\" height=\"1500\" src=\"https:\/\/jxgchocolate.com\/wp-content\/uploads\/2024\/06\/1.webp\" alt=\"gomas de chocolate com sabor a p\u00eassego - venda por grosso com embalagem em barril\" class=\"wp-image-28444\" srcset=\"https:\/\/jxgchocolate.com\/wp-content\/uploads\/2024\/06\/1.webp 1500w, https:\/\/jxgchocolate.com\/wp-content\/uploads\/2024\/06\/1-300x300.webp 300w, https:\/\/jxgchocolate.com\/wp-content\/uploads\/2024\/06\/1-150x150.webp 150w, https:\/\/jxgchocolate.com\/wp-content\/uploads\/2024\/06\/1-768x768.webp 768w, https:\/\/jxgchocolate.com\/wp-content\/uploads\/2024\/06\/1-430x430.webp 430w, https:\/\/jxgchocolate.com\/wp-content\/uploads\/2024\/06\/1-700x700.webp 700w\" sizes=\"(max-width: 1500px) 100vw, 1500px\" \/><\/figure>\n<\/div>\n<\/div>","protected":false},"excerpt":{"rendered":"<p>Bem-vindo a comprar bolas de chocolate gomoso por atacado. A nossa goma de chocolate com sabor a p\u00eassego combina p\u00eassego suculento com chocolate rico numa embalagem de barril apelativa. Ideais para venda por grosso, oferecem uma guloseima \u00fanica, perfeita para exposi\u00e7\u00e3o a retalho, lembran\u00e7as de festas e presentes.<\/p>\n<table style=\"border-collapse: collapse; width: 275.02pt;\" border=\"0\" width=\"275\" cellspacing=\"0\" cellpadding=\"0\">\n<tbody>\n<tr style=\"height: 17.60pt;\">\n<td class=\"et3\" style=\"height: 17.60pt; width: 108.35pt;\" width=\"108\" height=\"17\">Fabricante<\/td>\n<td class=\"et3\" style=\"width: 167.10pt;\" width=\"167\">Fruta da sorte<\/td>\n<\/tr>\n<tr style=\"height: 17.60pt;\">\n<td class=\"et3\" style=\"height: 17.60pt;\" height=\"17\">MODELO NO.<\/td>\n<td class=\"et3\">JXG27<\/td>\n<\/tr>\n<tr style=\"height: 17.60pt;\">\n<td class=\"et3\" style=\"height: 17.60pt;\" height=\"17\">Tipo<\/td>\n<td class=\"et3\">Gomas de chocolate<\/td>\n<\/tr>\n<tr style=\"height: 17.60pt;\">\n<td class=\"et3\" style=\"height: 17.60pt;\" height=\"17\">Embalagem<\/td>\n<td class=\"et3\">Embalagem de barris<\/td>\n<\/tr>\n<tr style=\"height: 17.60pt;\">\n<td class=\"et3\" style=\"height: 17.60pt;\" height=\"17\">Especifica\u00e7\u00e3o<\/td>\n<td class=\"et3\">24 garrafas<\/td>\n<\/tr>\n<tr style=\"height: 17.60pt;\">\n<td class=\"et3\" style=\"height: 17.60pt;\" height=\"17\">Tamanho da caixa<\/td>\n<td class=\"et3\">43*32,5*35,5cm<\/td>\n<\/tr>\n<tr style=\"height: 17.60pt;\">\n<td class=\"et3\" style=\"height: 17.60pt;\" height=\"17\">N.W \/SET<\/td>\n<td class=\"et3\">180g<\/td>\n<\/tr>\n<tr style=\"height: 17.60pt;\">\n<td class=\"et3\" style=\"height: 17.60pt;\" height=\"17\">Cor<\/td>\n<td class=\"et3\">Escuro<\/td>\n<\/tr>\n<tr style=\"height: 17.60pt;\">\n<td class=\"et3\" style=\"height: 17.60pt;\" height=\"17\">MOQ<\/td>\n<td class=\"et3\">500 caixas de cart\u00e3o<\/td>\n<\/tr>\n<tr style=\"height: 17.60pt;\">\n<td class=\"et3\" style=\"height: 17.60pt;\" height=\"17\">Personaliza\u00e7\u00e3o<\/td>\n<td class=\"et3\">Embalagem\/LOGO<\/td>\n<\/tr>\n<\/tbody>\n<\/table>","protected":false},"featured_media":28454,"comment_status":"closed","ping_status":"closed","template":"","meta":[],"product_cat":[75],"product_tag":[],"class_list":{"0":"post-28443","1":"product","2":"type-product","3":"status-publish","4":"has-post-thumbnail","6":"product_cat-wholesale-gummy-chocolate","8":"first","9":"instock","10":"shipping-taxable","11":"product-type-simple"},"_links":{"self":[{"href":"https:\/\/jxgchocolate.com\/pt\/wp-json\/wp\/v2\/product\/28443","targetHints":{"allow":["GET"]}}],"collection":[{"href":"https:\/\/jxgchocolate.com\/pt\/wp-json\/wp\/v2\/product"}],"about":[{"href":"https:\/\/jxgchocolate.com\/pt\/wp-json\/wp\/v2\/types\/product"}],"replies":[{"embeddable":true,"href":"https:\/\/jxgchocolate.com\/pt\/wp-json\/wp\/v2\/comments?post=28443"}],"version-history":[{"count":0,"href":"https:\/\/jxgchocolate.com\/pt\/wp-json\/wp\/v2\/product\/28443\/revisions"}],"wp:featuredmedia":[{"embeddable":true,"href":"https:\/\/jxgchocolate.com\/pt\/wp-json\/wp\/v2\/media\/28454"}],"wp:attachment":[{"href":"https:\/\/jxgchocolate.com\/pt\/wp-json\/wp\/v2\/media?parent=28443"}],"wp:term":[{"taxonomy":"product_cat","embeddable":true,"href":"https:\/\/jxgchocolate.com\/pt\/wp-json\/wp\/v2\/product_cat?post=28443"},{"taxonomy":"product_tag","embeddable":true,"href":"https:\/\/jxgchocolate.com\/pt\/wp-json\/wp\/v2\/product_tag?post=28443"}],"curies":[{"name":"wp","href":"https:\/\/api.w.org\/{rel}","templated":true}]}}