{"id":28618,"date":"2024-08-31T03:24:56","date_gmt":"2024-08-31T03:24:56","guid":{"rendered":"https:\/\/jxgchocolate.com\/?post_type=product&#038;p=28618"},"modified":"2024-11-02T08:58:45","modified_gmt":"2024-11-02T08:58:45","slug":"chocolate-coated-sunflower-seeds-bulk","status":"publish","type":"product","link":"https:\/\/jxgchocolate.com\/pt\/produto\/chocolate-coated-sunflower-seeds-bulk\/","title":{"rendered":"Sementes de girassol revestidas com chocolate com sabor a sal marinho a granel"},"content":{"rendered":"<div class=\"wp-block-columns is-layout-flex wp-container-core-columns-is-layout-9d6595d7 wp-block-columns-is-layout-flex\">\n<div class=\"wp-block-column is-layout-flow wp-block-column-is-layout-flow\">\n<h2 class=\"wp-block-heading\">Sementes de girassol revestidas com chocolate Premium Carater\u00edsticas a granel:<\/h2>\n\n\n\n<ul class=\"wp-block-list\">\n<li><strong>Sabor \u00fanico a sal marinho: <\/strong>O nosso granel de sementes de girassol revestidas a chocolate com sabor a sal marinho \u00e9 perfeitamente combinado, ligeiramente doce e salgado, proporcionando uma experi\u00eancia de sabor rica e, por conseguinte, uma escolha inovadora para os amantes de snacks.<\/li>\n\n\n\n<li><strong>Ingrediente de alta qualidade: <\/strong>Estas sementes de girassol de chocolate por atacado s\u00e3o selecionadas a partir de sementes de girassol de alta qualidade, combinadas com chocolate sedoso e sal marinho natural. Cada peda\u00e7o de semente de girassol \u00e9 rigorosamente selecionado e cuidadosamente fabricado para garantir a dupla garantia de sabor e qualidade.<\/li>\n\n\n\n<li><strong>Valor nutricional e sanit\u00e1rio: <\/strong>As sementes de girassol s\u00e3o ricas em vitamina E, prote\u00ednas e gorduras saud\u00e1veis, o chocolate fornece antioxidantes e \u00e9 temperado com sal marinho. O nosso volume de sementes de girassol revestidas com chocolate n\u00e3o s\u00f3 \u00e9 delicioso como tamb\u00e9m tem um valor nutricional muito saud\u00e1vel.<\/li>\n\n\n\n<li><strong>Pre\u00e7o por grosso: <\/strong>Vendemos sementes de girassol de chocolate por atacado com op\u00e7\u00f5es de compra a granel para retalhistas, fornecedores de refei\u00e7\u00f5es e grandes eventos, garantindo a melhor qualidade de sementes de girassol de chocolate com sal marinho a um pre\u00e7o de atacado para muitas necessidades comerciais.<\/li>\n<\/ul>\n<\/div>\n\n\n\n<div class=\"wp-block-column is-layout-flow wp-block-column-is-layout-flow\">\n<figure class=\"wp-block-image size-full\"><img fetchpriority=\"high\" decoding=\"async\" width=\"750\" height=\"750\" src=\"https:\/\/jxgchocolate.com\/wp-content\/uploads\/2024\/08\/Sea-Salt-Flavored-Chocolate-Coated-Sunflower-Seeds-Bulk-5.webp\" alt=\"Sementes de girassol revestidas com chocolate com sabor a sal marinho a granel-5\" class=\"wp-image-28673\" srcset=\"https:\/\/jxgchocolate.com\/wp-content\/uploads\/2024\/08\/Sea-Salt-Flavored-Chocolate-Coated-Sunflower-Seeds-Bulk-5.webp 750w, https:\/\/jxgchocolate.com\/wp-content\/uploads\/2024\/08\/Sea-Salt-Flavored-Chocolate-Coated-Sunflower-Seeds-Bulk-5-300x300.webp 300w, https:\/\/jxgchocolate.com\/wp-content\/uploads\/2024\/08\/Sea-Salt-Flavored-Chocolate-Coated-Sunflower-Seeds-Bulk-5-150x150.webp 150w, https:\/\/jxgchocolate.com\/wp-content\/uploads\/2024\/08\/Sea-Salt-Flavored-Chocolate-Coated-Sunflower-Seeds-Bulk-5-12x12.webp 12w, https:\/\/jxgchocolate.com\/wp-content\/uploads\/2024\/08\/Sea-Salt-Flavored-Chocolate-Coated-Sunflower-Seeds-Bulk-5-430x430.webp 430w, https:\/\/jxgchocolate.com\/wp-content\/uploads\/2024\/08\/Sea-Salt-Flavored-Chocolate-Coated-Sunflower-Seeds-Bulk-5-700x700.webp 700w\" sizes=\"(max-width: 750px) 100vw, 750px\" \/><\/figure>\n<\/div>\n<\/div>\n\n\n\n<p><\/p>","protected":false},"excerpt":{"rendered":"<p>Compre sementes de girassol de chocolate por atacado da f\u00e1brica. O nosso volume de sementes de girassol revestidas com chocolate com sabor a sal marinho \u00e9 uma mistura perfeita de chocolate doce e sedoso e sal marinho com aroma salgado. Escolha ingredientes de alta qualidade com garantias de nutri\u00e7\u00e3o e del\u00edcias para cada semente de girassol.<\/p>\n<table width=\"275\">\n<tbody>\n<tr>\n<td width=\"108\">Fabricante<\/td>\n<td width=\"167\">Fruta da sorte<\/td>\n<\/tr>\n<tr>\n<td>MODELO NO.<\/td>\n<td>JXG37<\/td>\n<\/tr>\n<tr>\n<td>Tipo<\/td>\n<td>Sementes de girassol Chocolate\u00a0<\/td>\n<\/tr>\n<tr>\n<td>Embalagem<\/td>\n<td>embalagem de saco<\/td>\n<\/tr>\n<tr>\n<td>Especifica\u00e7\u00e3o<\/td>\n<td>30 sacos<\/td>\n<\/tr>\n<tr>\n<td>Tamanho da caixa<\/td>\n<td>15*4*22cm<\/td>\n<\/tr>\n<tr>\n<td>N.W \/SET<\/td>\n<td>58g*30 sacos<\/td>\n<\/tr>\n<tr>\n<td>Cor<\/td>\n<td>Como imagem<\/td>\n<\/tr>\n<tr>\n<td>MOQ<\/td>\n<td>500 caixas de cart\u00e3o<\/td>\n<\/tr>\n<tr>\n<td>Personaliza\u00e7\u00e3o<\/td>\n<td>Embalagem\/LOGO<\/td>\n<\/tr>\n<\/tbody>\n<\/table>","protected":false},"featured_media":28671,"comment_status":"closed","ping_status":"closed","template":"","meta":[],"product_cat":[72],"product_tag":[],"class_list":{"0":"post-28618","1":"product","2":"type-product","3":"status-publish","4":"has-post-thumbnail","6":"product_cat-wholesale-chocolate-covered-sunflower-seeds","8":"first","9":"instock","10":"shipping-taxable","11":"product-type-simple"},"_links":{"self":[{"href":"https:\/\/jxgchocolate.com\/pt\/wp-json\/wp\/v2\/product\/28618","targetHints":{"allow":["GET"]}}],"collection":[{"href":"https:\/\/jxgchocolate.com\/pt\/wp-json\/wp\/v2\/product"}],"about":[{"href":"https:\/\/jxgchocolate.com\/pt\/wp-json\/wp\/v2\/types\/product"}],"replies":[{"embeddable":true,"href":"https:\/\/jxgchocolate.com\/pt\/wp-json\/wp\/v2\/comments?post=28618"}],"version-history":[{"count":0,"href":"https:\/\/jxgchocolate.com\/pt\/wp-json\/wp\/v2\/product\/28618\/revisions"}],"wp:featuredmedia":[{"embeddable":true,"href":"https:\/\/jxgchocolate.com\/pt\/wp-json\/wp\/v2\/media\/28671"}],"wp:attachment":[{"href":"https:\/\/jxgchocolate.com\/pt\/wp-json\/wp\/v2\/media?parent=28618"}],"wp:term":[{"taxonomy":"product_cat","embeddable":true,"href":"https:\/\/jxgchocolate.com\/pt\/wp-json\/wp\/v2\/product_cat?post=28618"},{"taxonomy":"product_tag","embeddable":true,"href":"https:\/\/jxgchocolate.com\/pt\/wp-json\/wp\/v2\/product_tag?post=28618"}],"curies":[{"name":"wp","href":"https:\/\/api.w.org\/{rel}","templated":true}]}}