{"id":28619,"date":"2024-08-31T03:51:34","date_gmt":"2024-08-31T03:51:34","guid":{"rendered":"https:\/\/jxgchocolate.com\/?post_type=product&#038;p=28619"},"modified":"2024-11-02T09:04:26","modified_gmt":"2024-11-02T09:04:26","slug":"multicolor-chocolate-sunflower-seeds-bulk","status":"publish","type":"product","link":"https:\/\/jxgchocolate.com\/pt\/produto\/multicolor-chocolate-sunflower-seeds-bulk\/","title":{"rendered":"Sementes de girassol de chocolate multicoloridas a granel, snacks por atacado"},"content":{"rendered":"<div class=\"wp-block-columns is-layout-flex wp-container-core-columns-is-layout-9d6595d7 wp-block-columns-is-layout-flex\">\n<div class=\"wp-block-column is-layout-flow wp-block-column-is-layout-flow\">\n<h2 class=\"wp-block-heading\">Sementes de girassol Premium Chocolate a granel Carater\u00edsticas:<\/h2>\n\n\n\n<ul class=\"wp-block-list\">\n<li><strong>Aspeto colorido: <\/strong>Cada uma das nossas sementes de girassol de chocolate a granel tem um inv\u00f3lucro de a\u00e7\u00facar colorido, o que lhe confere um aspeto muito apelativo. \u00c9 capaz de decorar ou embelezar diferentes ocasi\u00f5es, acrescentando uma atmosfera festiva.<\/li>\n\n\n\n<li><strong>Saboroso: <\/strong>Selecione sementes de girassol de alta qualidade com chocolate sedoso no exterior, e o sabor \u00e9 rico. Cada dentada das nossas sementes de girassol de chocolate por atacado traz um sabor rico a chocolate e um sabor estaladi\u00e7o a sementes de girassol.<\/li>\n\n\n\n<li><strong>Snacking saud\u00e1vel:<\/strong> As nossas sementes de girassol de chocolate a granel s\u00e3o ricas em componentes nutricionais como a vitamina E, prote\u00ednas e gorduras saud\u00e1veis que as tornaram numa op\u00e7\u00e3o de petiscar de fazer crescer \u00e1gua na boca, mas saud\u00e1vel, para o consumo di\u00e1rio.<\/li>\n\n\n\n<li><strong>Desconto para compras a granel: <\/strong>Os retalhistas, organizadores de festas e clientes empresariais podem comprar quantidades a granel das nossas sementes de girassol de chocolate por atacado a um pre\u00e7o mais razo\u00e1vel para satisfazer todos os tipos de necessidades.<\/li>\n<\/ul>\n<\/div>\n\n\n\n<div class=\"wp-block-column is-layout-flow wp-block-column-is-layout-flow\">\n<figure class=\"wp-block-image size-full\"><img fetchpriority=\"high\" decoding=\"async\" width=\"770\" height=\"581\" src=\"https:\/\/jxgchocolate.com\/wp-content\/uploads\/2024\/08\/Multi-Color-Chocolate-Sunflower-Seeds-Bulk-Wholesale-Snacks-1.webp\" alt=\"Sementes de girassol de chocolate multicoloridas a granel, snacks por atacado-1\" class=\"wp-image-28620\" srcset=\"https:\/\/jxgchocolate.com\/wp-content\/uploads\/2024\/08\/Multi-Color-Chocolate-Sunflower-Seeds-Bulk-Wholesale-Snacks-1.webp 770w, https:\/\/jxgchocolate.com\/wp-content\/uploads\/2024\/08\/Multi-Color-Chocolate-Sunflower-Seeds-Bulk-Wholesale-Snacks-1-398x300.webp 398w, https:\/\/jxgchocolate.com\/wp-content\/uploads\/2024\/08\/Multi-Color-Chocolate-Sunflower-Seeds-Bulk-Wholesale-Snacks-1-768x579.webp 768w, https:\/\/jxgchocolate.com\/wp-content\/uploads\/2024\/08\/Multi-Color-Chocolate-Sunflower-Seeds-Bulk-Wholesale-Snacks-1-16x12.webp 16w, https:\/\/jxgchocolate.com\/wp-content\/uploads\/2024\/08\/Multi-Color-Chocolate-Sunflower-Seeds-Bulk-Wholesale-Snacks-1-430x324.webp 430w, https:\/\/jxgchocolate.com\/wp-content\/uploads\/2024\/08\/Multi-Color-Chocolate-Sunflower-Seeds-Bulk-Wholesale-Snacks-1-700x528.webp 700w, https:\/\/jxgchocolate.com\/wp-content\/uploads\/2024\/08\/Multi-Color-Chocolate-Sunflower-Seeds-Bulk-Wholesale-Snacks-1-150x113.webp 150w\" sizes=\"(max-width: 770px) 100vw, 770px\" \/><\/figure>\n<\/div>\n<\/div>","protected":false},"excerpt":{"rendered":"<p>Comprar sementes de girassol de chocolate por atacado da f\u00e1brica. Nosso volume de sementes de girassol de chocolate \u00e9 delicioso e saud\u00e1vel, juntamente com cores brilhantes para mant\u00ea-los aptos para diferentes ocasi\u00f5es. Cada semente de girassol ser\u00e1 revestida com chocolate sedoso rico em sabores e valor nutricional.<\/p>\n<table width=\"275\">\n<tbody>\n<tr>\n<td width=\"108\">Fabricante<\/td>\n<td width=\"167\">Fruta da sorte<\/td>\n<\/tr>\n<tr>\n<td>MODELO NO.<\/td>\n<td>JXG32<\/td>\n<\/tr>\n<tr>\n<td>Tipo<\/td>\n<td>Sementes de girassol Chocolate\u00a0<\/td>\n<\/tr>\n<tr>\n<td>Embalagem<\/td>\n<td>Embalagem em caixa<\/td>\n<\/tr>\n<tr>\n<td>Especifica\u00e7\u00e3o<\/td>\n<td>24 caixas<\/td>\n<\/tr>\n<tr>\n<td>Tamanho da caixa<\/td>\n<td>16*13*9cm<\/td>\n<\/tr>\n<tr>\n<td>N.W \/SET<\/td>\n<td>24 caixas*14g*30Pcs<\/td>\n<\/tr>\n<tr>\n<td>Cor<\/td>\n<td>Como imagem<\/td>\n<\/tr>\n<tr>\n<td>MOQ<\/td>\n<td>500 caixas de cart\u00e3o<\/td>\n<\/tr>\n<tr>\n<td>Personaliza\u00e7\u00e3o<\/td>\n<td>Embalagem\/LOGO<\/td>\n<\/tr>\n<\/tbody>\n<\/table>","protected":false},"featured_media":28622,"comment_status":"closed","ping_status":"closed","template":"","meta":[],"product_cat":[72],"product_tag":[],"class_list":{"0":"post-28619","1":"product","2":"type-product","3":"status-publish","4":"has-post-thumbnail","6":"product_cat-wholesale-chocolate-covered-sunflower-seeds","8":"first","9":"instock","10":"shipping-taxable","11":"product-type-simple"},"_links":{"self":[{"href":"https:\/\/jxgchocolate.com\/pt\/wp-json\/wp\/v2\/product\/28619","targetHints":{"allow":["GET"]}}],"collection":[{"href":"https:\/\/jxgchocolate.com\/pt\/wp-json\/wp\/v2\/product"}],"about":[{"href":"https:\/\/jxgchocolate.com\/pt\/wp-json\/wp\/v2\/types\/product"}],"replies":[{"embeddable":true,"href":"https:\/\/jxgchocolate.com\/pt\/wp-json\/wp\/v2\/comments?post=28619"}],"version-history":[{"count":0,"href":"https:\/\/jxgchocolate.com\/pt\/wp-json\/wp\/v2\/product\/28619\/revisions"}],"wp:featuredmedia":[{"embeddable":true,"href":"https:\/\/jxgchocolate.com\/pt\/wp-json\/wp\/v2\/media\/28622"}],"wp:attachment":[{"href":"https:\/\/jxgchocolate.com\/pt\/wp-json\/wp\/v2\/media?parent=28619"}],"wp:term":[{"taxonomy":"product_cat","embeddable":true,"href":"https:\/\/jxgchocolate.com\/pt\/wp-json\/wp\/v2\/product_cat?post=28619"},{"taxonomy":"product_tag","embeddable":true,"href":"https:\/\/jxgchocolate.com\/pt\/wp-json\/wp\/v2\/product_tag?post=28619"}],"curies":[{"name":"wp","href":"https:\/\/api.w.org\/{rel}","templated":true}]}}