{"id":28628,"date":"2024-08-31T05:31:05","date_gmt":"2024-08-31T05:31:05","guid":{"rendered":"https:\/\/jxgchocolate.com\/?post_type=product&#038;p=28628"},"modified":"2024-11-02T09:12:38","modified_gmt":"2024-11-02T09:12:38","slug":"bulk-chocolate-sunflower-seeds","status":"publish","type":"product","link":"https:\/\/jxgchocolate.com\/pt\/produto\/bulk-chocolate-sunflower-seeds\/","title":{"rendered":"Sementes de girassol de chocolate a granel, snacks de chocolate por atacado"},"content":{"rendered":"<div class=\"wp-block-columns is-layout-flex wp-container-core-columns-is-layout-9d6595d7 wp-block-columns-is-layout-flex\">\n<div class=\"wp-block-column is-layout-flow wp-block-column-is-layout-flow\">\n<h2 class=\"wp-block-heading\">Sementes de girassol de chocolate a granel Premium Carater\u00edsticas:<\/h2>\n\n\n\n<ul class=\"wp-block-list\">\n<li><strong>Sabor rico:<\/strong> Ingrediente de alta qualidade, as sementes de girassol de chocolate a granel s\u00e3o fabricadas com sementes de girassol de alta qualidade, mergulhadas em chocolate sedoso, proporcionando um rico sabor duplo. O doce do chocolate e o crocante das sementes de girassol combinam-se na perfei\u00e7\u00e3o, proporcionando aos consumidores um prazer \u00fanico e delicioso.<\/li>\n\n\n\n<li><strong>Snacking saud\u00e1vel:<\/strong> Combinando o prazer do chocolate com o valor das nozes, as nossas sementes de girassol cobertas de chocolate por atacado possuem uma elevada concentra\u00e7\u00e3o de vitamina E, magn\u00e9sio, fibra e gorduras saud\u00e1veis. \u00c9 uma escolha deliciosa e saud\u00e1vel para os clientes em busca de nutri\u00e7\u00e3o e sabor.<\/li>\n\n\n\n<li><strong>Pacote diversificado para diferentes cen\u00e1rios: <\/strong>Para sementes de girassol de chocolate a granel, definiremos uma gama de especifica\u00e7\u00f5es de embalagem que ser\u00e3o adequadas para lanches pessoais, partilha de festas ou presentes de festivais. \u00c9 f\u00e1cil de vender em restaurantes, caf\u00e9s, cinemas e outros locais, satisfazendo as diferentes necessidades do mercado.<\/li>\n\n\n\n<li><strong>Sabor personalizado: <\/strong>As nossas sementes de girassol cobertas de chocolate a granel permitem v\u00e1rios sabores de chocolate conforme a necessidade, incluindo chocolate preto, chocolate de leite, etc., e aromas de sementes de girassol em diferentes sabores para satisfazer as necessidades personalizadas de marcas e clientes e aumentar a distin\u00e7\u00e3o da marca.<\/li>\n\n\n\n<li><strong>Frescura de longa dura\u00e7\u00e3o: <\/strong>Foi utilizada uma embalagem selada avan\u00e7ada para prolongar o tempo de conserva\u00e7\u00e3o destas sementes de girassol com chocolate a granel. A croc\u00e2ncia das sementes de girassol e o aroma rico do chocolate mant\u00eam-se inalterados. Adequado para venda por grosso, este produto \u00e9 f\u00e1cil de armazenar e transportar.<\/li>\n<\/ul>\n<\/div>\n\n\n\n<div class=\"wp-block-column is-layout-flow wp-block-column-is-layout-flow\">\n<figure class=\"wp-block-image size-full\"><img fetchpriority=\"high\" decoding=\"async\" width=\"770\" height=\"683\" src=\"https:\/\/jxgchocolate.com\/wp-content\/uploads\/2024\/08\/Bulk-Chocolate-Sunflower-Seeds-Wholesale-Chocolate-Snacks-2.webp\" alt=\"Sementes de girassol de chocolate a granel, snacks de chocolate por atacado-2\" class=\"wp-image-28630\" srcset=\"https:\/\/jxgchocolate.com\/wp-content\/uploads\/2024\/08\/Bulk-Chocolate-Sunflower-Seeds-Wholesale-Chocolate-Snacks-2.webp 770w, https:\/\/jxgchocolate.com\/wp-content\/uploads\/2024\/08\/Bulk-Chocolate-Sunflower-Seeds-Wholesale-Chocolate-Snacks-2-338x300.webp 338w, https:\/\/jxgchocolate.com\/wp-content\/uploads\/2024\/08\/Bulk-Chocolate-Sunflower-Seeds-Wholesale-Chocolate-Snacks-2-768x681.webp 768w, https:\/\/jxgchocolate.com\/wp-content\/uploads\/2024\/08\/Bulk-Chocolate-Sunflower-Seeds-Wholesale-Chocolate-Snacks-2-14x12.webp 14w, https:\/\/jxgchocolate.com\/wp-content\/uploads\/2024\/08\/Bulk-Chocolate-Sunflower-Seeds-Wholesale-Chocolate-Snacks-2-430x381.webp 430w, https:\/\/jxgchocolate.com\/wp-content\/uploads\/2024\/08\/Bulk-Chocolate-Sunflower-Seeds-Wholesale-Chocolate-Snacks-2-700x621.webp 700w, https:\/\/jxgchocolate.com\/wp-content\/uploads\/2024\/08\/Bulk-Chocolate-Sunflower-Seeds-Wholesale-Chocolate-Snacks-2-150x133.webp 150w\" sizes=\"(max-width: 770px) 100vw, 770px\" \/><\/figure>\n<\/div>\n<\/div>","protected":false},"excerpt":{"rendered":"<p>Comprar sementes de girassol de chocolate da f\u00e1brica. As nossas sementes de girassol de chocolate a granel por atacado s\u00e3o crocantes e doces, uma escolha ideal para lanches que s\u00e3o saud\u00e1veis e deliciosos. Ele fornece uma variedade de especifica\u00e7\u00f5es de embalagem, e sabores personalizados s\u00e3o suportados. O produto \u00e9 o mais vendido em muitos pontos de venda a retalho.<\/p>\n<table width=\"275\">\n<tbody>\n<tr>\n<td width=\"108\">Fabricante<\/td>\n<td width=\"167\">Fruta da sorte<\/td>\n<\/tr>\n<tr>\n<td>MODELO NO.<\/td>\n<td>JXG33<\/td>\n<\/tr>\n<tr>\n<td>Tipo<\/td>\n<td>Sementes de girassol Chocolate\u00a0<\/td>\n<\/tr>\n<tr>\n<td>Embalagem<\/td>\n<td>embalagem de saco<\/td>\n<\/tr>\n<tr>\n<td>Especifica\u00e7\u00e3o<\/td>\n<td>50 sacos<\/td>\n<\/tr>\n<tr>\n<td>Tamanho da caixa<\/td>\n<td>14*5*18cm<\/td>\n<\/tr>\n<tr>\n<td>N.W \/SET<\/td>\n<td>60g*50 sacos<\/td>\n<\/tr>\n<tr>\n<td>Cor<\/td>\n<td>Como imagem<\/td>\n<\/tr>\n<tr>\n<td>MOQ<\/td>\n<td>500 caixas de cart\u00e3o<\/td>\n<\/tr>\n<tr>\n<td>Personaliza\u00e7\u00e3o<\/td>\n<td>Embalagem\/LOGO<\/td>\n<\/tr>\n<\/tbody>\n<\/table>","protected":false},"featured_media":28629,"comment_status":"closed","ping_status":"closed","template":"","meta":[],"product_cat":[72],"product_tag":[],"class_list":{"0":"post-28628","1":"product","2":"type-product","3":"status-publish","4":"has-post-thumbnail","6":"product_cat-wholesale-chocolate-covered-sunflower-seeds","8":"first","9":"instock","10":"shipping-taxable","11":"product-type-simple"},"_links":{"self":[{"href":"https:\/\/jxgchocolate.com\/pt\/wp-json\/wp\/v2\/product\/28628","targetHints":{"allow":["GET"]}}],"collection":[{"href":"https:\/\/jxgchocolate.com\/pt\/wp-json\/wp\/v2\/product"}],"about":[{"href":"https:\/\/jxgchocolate.com\/pt\/wp-json\/wp\/v2\/types\/product"}],"replies":[{"embeddable":true,"href":"https:\/\/jxgchocolate.com\/pt\/wp-json\/wp\/v2\/comments?post=28628"}],"version-history":[{"count":0,"href":"https:\/\/jxgchocolate.com\/pt\/wp-json\/wp\/v2\/product\/28628\/revisions"}],"wp:featuredmedia":[{"embeddable":true,"href":"https:\/\/jxgchocolate.com\/pt\/wp-json\/wp\/v2\/media\/28629"}],"wp:attachment":[{"href":"https:\/\/jxgchocolate.com\/pt\/wp-json\/wp\/v2\/media?parent=28628"}],"wp:term":[{"taxonomy":"product_cat","embeddable":true,"href":"https:\/\/jxgchocolate.com\/pt\/wp-json\/wp\/v2\/product_cat?post=28628"},{"taxonomy":"product_tag","embeddable":true,"href":"https:\/\/jxgchocolate.com\/pt\/wp-json\/wp\/v2\/product_tag?post=28628"}],"curies":[{"name":"wp","href":"https:\/\/api.w.org\/{rel}","templated":true}]}}