{"id":28633,"date":"2024-08-31T05:42:34","date_gmt":"2024-08-31T05:42:34","guid":{"rendered":"https:\/\/jxgchocolate.com\/?post_type=product&#038;p=28633"},"modified":"2024-08-31T06:43:46","modified_gmt":"2024-08-31T06:43:46","slug":"wholesale-chocolate-sunflower-seeds","status":"publish","type":"product","link":"https:\/\/jxgchocolate.com\/pt\/produto\/wholesale-chocolate-sunflower-seeds\/","title":{"rendered":"Fornecimento de f\u00e1brica por atacado de sementes de girassol de chocolate a granel"},"content":{"rendered":"<div class=\"wp-block-columns is-layout-flex wp-container-core-columns-is-layout-9d6595d7 wp-block-columns-is-layout-flex\">\n<div class=\"wp-block-column is-layout-flow wp-block-column-is-layout-flow\">\n<h2 class=\"wp-block-heading\">Sementes de girassol de chocolate por atacado Premium Carater\u00edsticas:<\/h2>\n\n\n\n<ol class=\"wp-block-list\">\n<li><strong>Fornecimento direto da f\u00e1brica:<\/strong> Compre sementes de girassol de chocolate por atacado do fabricante para garantir a qualidade est\u00e1vel e fi\u00e1vel do produto, reduzindo os custos interm\u00e9dios e fornecendo aos clientes sementes de girassol de chocolate com boa rela\u00e7\u00e3o custo-benef\u00edcio.<\/li>\n\n\n\n<li><strong>Mat\u00e9rias-primas de alta qualidade: <\/strong>As nossas sementes de girassol com cobertura de chocolate selecionam sementes de girassol de alta qualidade e chocolate de alta qualidade para garantir que cada semente de girassol tem o melhor sabor e um rico aroma a chocolate.<\/li>\n\n\n\n<li><strong>Fornecimento a granel: <\/strong>As nossas sementes de girassol de chocolate por atacado apoiam a aquisi\u00e7\u00e3o a granel para satisfazer v\u00e1rias necessidades comerciais. Quer se trate de retalhistas, grossistas ou fornecedores de servi\u00e7os de restaura\u00e7\u00e3o, podem facilmente obter o invent\u00e1rio necess\u00e1rio.<\/li>\n\n\n\n<li><strong>Ampla aplica\u00e7\u00e3o: <\/strong>As nossas sementes de girassol cobertas de chocolate a granel s\u00e3o adequadas para o retalho de snacks, eventos de festas e decora\u00e7\u00e3o de sobremesas de catering. \u00c9 a escolha ideal para a ind\u00fastria dos snacks casuais e da restaura\u00e7\u00e3o.<\/li>\n<\/ol>\n<\/div>\n\n\n\n<div class=\"wp-block-column is-layout-flow wp-block-column-is-layout-flow\">\n<figure class=\"wp-block-image size-full\"><img fetchpriority=\"high\" decoding=\"async\" width=\"750\" height=\"750\" src=\"https:\/\/jxgchocolate.com\/wp-content\/uploads\/2024\/08\/Factory-Supply-Wholesale-Chocolate-Sunflower-Seeds-in-Bulk-5.webp\" alt=\"Fornecimento de f\u00e1brica por atacado de sementes de girassol de chocolate a granel-5\" class=\"wp-image-28652\" srcset=\"https:\/\/jxgchocolate.com\/wp-content\/uploads\/2024\/08\/Factory-Supply-Wholesale-Chocolate-Sunflower-Seeds-in-Bulk-5.webp 750w, https:\/\/jxgchocolate.com\/wp-content\/uploads\/2024\/08\/Factory-Supply-Wholesale-Chocolate-Sunflower-Seeds-in-Bulk-5-300x300.webp 300w, https:\/\/jxgchocolate.com\/wp-content\/uploads\/2024\/08\/Factory-Supply-Wholesale-Chocolate-Sunflower-Seeds-in-Bulk-5-150x150.webp 150w, https:\/\/jxgchocolate.com\/wp-content\/uploads\/2024\/08\/Factory-Supply-Wholesale-Chocolate-Sunflower-Seeds-in-Bulk-5-12x12.webp 12w, https:\/\/jxgchocolate.com\/wp-content\/uploads\/2024\/08\/Factory-Supply-Wholesale-Chocolate-Sunflower-Seeds-in-Bulk-5-430x430.webp 430w, https:\/\/jxgchocolate.com\/wp-content\/uploads\/2024\/08\/Factory-Supply-Wholesale-Chocolate-Sunflower-Seeds-in-Bulk-5-700x700.webp 700w\" sizes=\"(max-width: 750px) 100vw, 750px\" \/><\/figure>\n<\/div>\n<\/div>","protected":false},"excerpt":{"rendered":"<p>Compre sementes de girassol de chocolate por atacado ao fabricante, com um rico sabor a chocolate e um sabor crocante. O fornecimento a granel proporciona aos retalhistas e fornecedores de servi\u00e7os de restaura\u00e7\u00e3o op\u00e7\u00f5es fi\u00e1veis de alta qualidade para satisfazer v\u00e1rias necessidades comerciais.<\/p>\n<table width=\"275\">\n<tbody>\n<tr>\n<td width=\"108\">Fabricante<\/td>\n<td width=\"167\">Fruta da sorte<\/td>\n<\/tr>\n<tr>\n<td>MODELO NO.<\/td>\n<td>JXG34<\/td>\n<\/tr>\n<tr>\n<td>Tipo<\/td>\n<td>Sementes de girassol Chocolate\u00a0<\/td>\n<\/tr>\n<tr>\n<td>Embalagem<\/td>\n<td>embalagem de saco<\/td>\n<\/tr>\n<tr>\n<td>Especifica\u00e7\u00e3o<\/td>\n<td>12 sacos<\/td>\n<\/tr>\n<tr>\n<td>Tamanho da caixa<\/td>\n<td>18*7*25cm<\/td>\n<\/tr>\n<tr>\n<td>N.W \/SET<\/td>\n<td>1KG*12 sacos<\/td>\n<\/tr>\n<tr>\n<td>Cor<\/td>\n<td>Como imagem<\/td>\n<\/tr>\n<tr>\n<td>MOQ<\/td>\n<td>500 caixas de cart\u00e3o<\/td>\n<\/tr>\n<tr>\n<td>Personaliza\u00e7\u00e3o<\/td>\n<td>Embalagem\/LOGO<\/td>\n<\/tr>\n<\/tbody>\n<\/table>","protected":false},"featured_media":28649,"comment_status":"closed","ping_status":"closed","template":"","meta":[],"product_cat":[72],"product_tag":[],"class_list":{"0":"post-28633","1":"product","2":"type-product","3":"status-publish","4":"has-post-thumbnail","6":"product_cat-wholesale-chocolate-covered-sunflower-seeds","8":"first","9":"instock","10":"shipping-taxable","11":"product-type-simple"},"_links":{"self":[{"href":"https:\/\/jxgchocolate.com\/pt\/wp-json\/wp\/v2\/product\/28633","targetHints":{"allow":["GET"]}}],"collection":[{"href":"https:\/\/jxgchocolate.com\/pt\/wp-json\/wp\/v2\/product"}],"about":[{"href":"https:\/\/jxgchocolate.com\/pt\/wp-json\/wp\/v2\/types\/product"}],"replies":[{"embeddable":true,"href":"https:\/\/jxgchocolate.com\/pt\/wp-json\/wp\/v2\/comments?post=28633"}],"version-history":[{"count":0,"href":"https:\/\/jxgchocolate.com\/pt\/wp-json\/wp\/v2\/product\/28633\/revisions"}],"wp:featuredmedia":[{"embeddable":true,"href":"https:\/\/jxgchocolate.com\/pt\/wp-json\/wp\/v2\/media\/28649"}],"wp:attachment":[{"href":"https:\/\/jxgchocolate.com\/pt\/wp-json\/wp\/v2\/media?parent=28633"}],"wp:term":[{"taxonomy":"product_cat","embeddable":true,"href":"https:\/\/jxgchocolate.com\/pt\/wp-json\/wp\/v2\/product_cat?post=28633"},{"taxonomy":"product_tag","embeddable":true,"href":"https:\/\/jxgchocolate.com\/pt\/wp-json\/wp\/v2\/product_tag?post=28633"}],"curies":[{"name":"wp","href":"https:\/\/api.w.org\/{rel}","templated":true}]}}