{"id":28641,"date":"2024-08-31T05:54:03","date_gmt":"2024-08-31T05:54:03","guid":{"rendered":"https:\/\/jxgchocolate.com\/?post_type=product&#038;p=28641"},"modified":"2025-03-08T03:43:18","modified_gmt":"2025-03-08T03:43:18","slug":"chocolate-sunflower-seeds-in-bulk","status":"publish","type":"product","link":"https:\/\/jxgchocolate.com\/pt\/produto\/chocolate-sunflower-seeds-in-bulk\/","title":{"rendered":"Comprar sementes de girassol de chocolate a granel a um \u00f3timo pre\u00e7o"},"content":{"rendered":"<div class=\"wp-block-columns is-layout-flex wp-container-core-columns-is-layout-9d6595d7 wp-block-columns-is-layout-flex\">\n<div class=\"wp-block-column is-layout-flow wp-block-column-is-layout-flow\">\n<h2 class=\"wp-block-heading\">Sementes de girassol de chocolate premium a granel Carater\u00edsticas:<\/h2>\n\n\n\n<ul class=\"wp-block-list\">\n<li><strong>Sabor rico: <\/strong>As nossas sementes de girassol de chocolate a granel utilizam chocolate preto de primeira qualidade para revestir todas as sementes de girassol, proporcionando um sabor rico a chocolate e um sabor rico, perfeito para pessoas que exigem um sabor da melhor qualidade.<\/li>\n\n\n\n<li><strong>Escolha de um snack saud\u00e1vel: <\/strong>O chocolate preto tem antioxidantes, e as sementes de girassol t\u00eam vitamina E e gorduras boas. As nossas sementes de girassol de chocolate por grosso n\u00e3o s\u00e3o apenas deliciosas, s\u00e3o tamb\u00e9m uma escolha saud\u00e1vel para um snack.<\/li>\n\n\n\n<li><strong>Lanche polivalente: <\/strong>Estas sementes de girassol de chocolate a granel podem ser consumidas como um snack diretamente do saco ou podem ser utilizadas como cobertura para sobremesas como bolos, bolachas e gelados. \u00c9 uma escolha deliciosa para qualquer ocasi\u00e3o.<\/li>\n\n\n\n<li><strong>Oferta de compra por grosso: <\/strong>As nossas sementes de girassol cobertas de chocolate por atacado s\u00e3o as melhores para grossistas, restaurantes e ocasi\u00f5es de massa para garantir que tem acesso a produtos de qualidade a pre\u00e7os de atacado.<\/li>\n<\/ul>\n<\/div>\n\n\n\n<div class=\"wp-block-column is-layout-flow wp-block-column-is-layout-flow\">\n<figure class=\"wp-block-image size-full\"><img fetchpriority=\"high\" decoding=\"async\" width=\"750\" height=\"750\" src=\"https:\/\/jxgchocolate.com\/wp-content\/uploads\/2024\/08\/Dark-Chocolate-Sunflower-Seeds-in-Bulk-Wholesale-Snacks-6.webp\" alt=\"Sementes de girassol de chocolate preto a granel, snacks por atacado-6\" class=\"wp-image-28647\" srcset=\"https:\/\/jxgchocolate.com\/wp-content\/uploads\/2024\/08\/Dark-Chocolate-Sunflower-Seeds-in-Bulk-Wholesale-Snacks-6.webp 750w, https:\/\/jxgchocolate.com\/wp-content\/uploads\/2024\/08\/Dark-Chocolate-Sunflower-Seeds-in-Bulk-Wholesale-Snacks-6-300x300.webp 300w, https:\/\/jxgchocolate.com\/wp-content\/uploads\/2024\/08\/Dark-Chocolate-Sunflower-Seeds-in-Bulk-Wholesale-Snacks-6-150x150.webp 150w, https:\/\/jxgchocolate.com\/wp-content\/uploads\/2024\/08\/Dark-Chocolate-Sunflower-Seeds-in-Bulk-Wholesale-Snacks-6-12x12.webp 12w, https:\/\/jxgchocolate.com\/wp-content\/uploads\/2024\/08\/Dark-Chocolate-Sunflower-Seeds-in-Bulk-Wholesale-Snacks-6-430x430.webp 430w, https:\/\/jxgchocolate.com\/wp-content\/uploads\/2024\/08\/Dark-Chocolate-Sunflower-Seeds-in-Bulk-Wholesale-Snacks-6-700x700.webp 700w\" sizes=\"(max-width: 750px) 100vw, 750px\" \/><\/figure>\n<\/div>\n<\/div>\n\n\n\n<p><\/p>","protected":false},"excerpt":{"rendered":"<p>Bem-vindo \u00e0 encomenda de sementes de girassol cobertas de chocolate por atacado. As nossas sementes de girassol com chocolate a granel s\u00e3o revestidas com chocolate preto puro, com sabor profundo e nutri\u00e7\u00e3o densa. \u00c9 importante para servir como alimento saud\u00e1vel ou para decorar sobremesas.<\/p>\n<table width=\"275\">\n<tbody>\n<tr>\n<td width=\"108\">Fabricante<\/td>\n<td width=\"167\">Fruta da sorte<\/td>\n<\/tr>\n<tr>\n<td>MODELO NO.<\/td>\n<td>JXG35<\/td>\n<\/tr>\n<tr>\n<td>Tipo<\/td>\n<td>Sementes de girassol Chocolate\u00a0<\/td>\n<\/tr>\n<tr>\n<td>Embalagem<\/td>\n<td>embalagem de saco<\/td>\n<\/tr>\n<tr>\n<td>Especifica\u00e7\u00e3o<\/td>\n<td>2 sacos<\/td>\n<\/tr>\n<tr>\n<td>Tamanho da caixa<\/td>\n<td>20*31*18cm<\/td>\n<\/tr>\n<tr>\n<td>N.W \/SET<\/td>\n<td>25g*100Pcs*2bags<\/td>\n<\/tr>\n<tr>\n<td>Cor<\/td>\n<td>Como imagem<\/td>\n<\/tr>\n<tr>\n<td>MOQ<\/td>\n<td>500 caixas de cart\u00e3o<\/td>\n<\/tr>\n<tr>\n<td>Personaliza\u00e7\u00e3o<\/td>\n<td>Embalagem\/LOGO<\/td>\n<\/tr>\n<\/tbody>\n<\/table>","protected":false},"featured_media":28642,"comment_status":"closed","ping_status":"closed","template":"","meta":[],"product_cat":[72],"product_tag":[],"class_list":{"0":"post-28641","1":"product","2":"type-product","3":"status-publish","4":"has-post-thumbnail","6":"product_cat-wholesale-chocolate-covered-sunflower-seeds","8":"first","9":"instock","10":"shipping-taxable","11":"product-type-simple"},"_links":{"self":[{"href":"https:\/\/jxgchocolate.com\/pt\/wp-json\/wp\/v2\/product\/28641","targetHints":{"allow":["GET"]}}],"collection":[{"href":"https:\/\/jxgchocolate.com\/pt\/wp-json\/wp\/v2\/product"}],"about":[{"href":"https:\/\/jxgchocolate.com\/pt\/wp-json\/wp\/v2\/types\/product"}],"replies":[{"embeddable":true,"href":"https:\/\/jxgchocolate.com\/pt\/wp-json\/wp\/v2\/comments?post=28641"}],"version-history":[{"count":0,"href":"https:\/\/jxgchocolate.com\/pt\/wp-json\/wp\/v2\/product\/28641\/revisions"}],"wp:featuredmedia":[{"embeddable":true,"href":"https:\/\/jxgchocolate.com\/pt\/wp-json\/wp\/v2\/media\/28642"}],"wp:attachment":[{"href":"https:\/\/jxgchocolate.com\/pt\/wp-json\/wp\/v2\/media?parent=28641"}],"wp:term":[{"taxonomy":"product_cat","embeddable":true,"href":"https:\/\/jxgchocolate.com\/pt\/wp-json\/wp\/v2\/product_cat?post=28641"},{"taxonomy":"product_tag","embeddable":true,"href":"https:\/\/jxgchocolate.com\/pt\/wp-json\/wp\/v2\/product_tag?post=28641"}],"curies":[{"name":"wp","href":"https:\/\/api.w.org\/{rel}","templated":true}]}}