{"id":28657,"date":"2024-08-31T06:22:40","date_gmt":"2024-08-31T06:22:40","guid":{"rendered":"https:\/\/jxgchocolate.com\/?post_type=product&#038;p=28657"},"modified":"2024-11-02T09:23:42","modified_gmt":"2024-11-02T09:23:42","slug":"chocolate-sunflower-seeds-wholesale","status":"publish","type":"product","link":"https:\/\/jxgchocolate.com\/pt\/produto\/chocolate-sunflower-seeds-wholesale\/","title":{"rendered":"Saco de sementes de girassol de chocolate por atacado, snacks de chocolate a granel"},"content":{"rendered":"<div class=\"wp-block-columns is-layout-flex wp-container-core-columns-is-layout-9d6595d7 wp-block-columns-is-layout-flex\">\n<div class=\"wp-block-column is-layout-flow wp-block-column-is-layout-flow\">\n<h2 class=\"wp-block-heading\">Sementes de girassol de chocolate premium por atacado Carater\u00edsticas:<\/h2>\n\n\n\n<ul class=\"wp-block-list\">\n<li><strong>Design c\u00f3modo da embalagem: <\/strong>As nossas sementes de girassol de chocolate por atacado s\u00e3o embaladas em sacos, o que \u00e9 conveniente para levar e armazenar. \u00c9 adequado para lanches di\u00e1rios, viagens, ou apenas comer no caminho para o trabalho; ele vai atender \u00e0s demandas dos consumidores a qualquer hora, em qualquer lugar.<\/li>\n\n\n\n<li><strong>Sele\u00e7\u00e3o de ingredientes de alta qualidade: <\/strong>Ao fazer sementes de girassol de chocolate por atacado, a mistura de sementes de girassol de alta qualidade com chocolate de alta qualidade \u00e9 considerada. Por conseguinte, cada uma das sementes de girassol cobertas de chocolate a granel tem um forte sabor a chocolate com um sabor estaladi\u00e7o, proporcionando assim uma elevada qualidade no desfrute do sabor.<\/li>\n\n\n\n<li><strong>Uma escolha saud\u00e1vel e saud\u00e1vel: <\/strong>As sementes de girassol s\u00e3o ricas em vitamina E, prote\u00ednas e gorduras saud\u00e1veis, enquanto o chocolate est\u00e1 cheio de antioxidantes. Juntas na perfei\u00e7\u00e3o e deliciosas, as nossas sementes de girassol de chocolate por atacado constituem uma escolha de snack muito mais saud\u00e1vel para o consumidor.<\/li>\n\n\n\n<li><strong>Vantagem do fornecimento grossista: <\/strong>Forneceremos sementes de girassol cobertas de chocolate a granel, isto ser\u00e1 para grossistas, retalhistas de supermercados e organizadores de grandes eventos. Quanto mais encomendas fizer connosco, mais favor\u00e1vel ser\u00e1 o pre\u00e7o, enquanto podemos garantir o fornecimento a longo prazo.<\/li>\n<\/ul>\n<\/div>\n\n\n\n<div class=\"wp-block-column is-layout-flow wp-block-column-is-layout-flow\">\n<figure class=\"wp-block-image size-full\"><img fetchpriority=\"high\" decoding=\"async\" width=\"3648\" height=\"3648\" src=\"https:\/\/jxgchocolate.com\/wp-content\/uploads\/2024\/08\/Bag-Pack-Chocolate-Sunflower-Seeds-Wholesale-Bulk-Snacks-2.webp\" alt=\"Saco de sementes de girassol de chocolate por atacado, lanches a granel-2\" class=\"wp-image-28659\" srcset=\"https:\/\/jxgchocolate.com\/wp-content\/uploads\/2024\/08\/Bag-Pack-Chocolate-Sunflower-Seeds-Wholesale-Bulk-Snacks-2.webp 3648w, https:\/\/jxgchocolate.com\/wp-content\/uploads\/2024\/08\/Bag-Pack-Chocolate-Sunflower-Seeds-Wholesale-Bulk-Snacks-2-300x300.webp 300w, https:\/\/jxgchocolate.com\/wp-content\/uploads\/2024\/08\/Bag-Pack-Chocolate-Sunflower-Seeds-Wholesale-Bulk-Snacks-2-150x150.webp 150w, https:\/\/jxgchocolate.com\/wp-content\/uploads\/2024\/08\/Bag-Pack-Chocolate-Sunflower-Seeds-Wholesale-Bulk-Snacks-2-768x768.webp 768w, https:\/\/jxgchocolate.com\/wp-content\/uploads\/2024\/08\/Bag-Pack-Chocolate-Sunflower-Seeds-Wholesale-Bulk-Snacks-2-12x12.webp 12w, https:\/\/jxgchocolate.com\/wp-content\/uploads\/2024\/08\/Bag-Pack-Chocolate-Sunflower-Seeds-Wholesale-Bulk-Snacks-2-430x430.webp 430w, https:\/\/jxgchocolate.com\/wp-content\/uploads\/2024\/08\/Bag-Pack-Chocolate-Sunflower-Seeds-Wholesale-Bulk-Snacks-2-700x700.webp 700w\" sizes=\"(max-width: 3648px) 100vw, 3648px\" \/><\/figure>\n<\/div>\n<\/div>\n\n\n\n<p><\/p>","protected":false},"excerpt":{"rendered":"<p>Compre sementes de girassol cobertas de chocolate a granel da f\u00e1brica. Estas sementes de girassol de chocolate por atacado t\u00eam um design de saco muito conveniente, facilmente transportado e equipado para lanches di\u00e1rios ou viagens. Com a sele\u00e7\u00e3o de ingredientes de alta qualidade, eles podem garantir que cada pe\u00e7a tenha um rico sabor de chocolate e valor nutricional.<\/p>\n<table width=\"275\">\n<tbody>\n<tr>\n<td width=\"108\">Fabricante<\/td>\n<td width=\"167\">Fruta da sorte<\/td>\n<\/tr>\n<tr>\n<td>MODELO NO.<\/td>\n<td>JXG36<\/td>\n<\/tr>\n<tr>\n<td>Tipo<\/td>\n<td>Sementes de girassol Chocolate\u00a0<\/td>\n<\/tr>\n<tr>\n<td>Embalagem<\/td>\n<td>embalagem de saco<\/td>\n<\/tr>\n<tr>\n<td>Especifica\u00e7\u00e3o<\/td>\n<td>24 caixas<\/td>\n<\/tr>\n<tr>\n<td>Tamanho da caixa<\/td>\n<td>15*13*9cm<\/td>\n<\/tr>\n<tr>\n<td>N.W \/SET<\/td>\n<td>14g*30Pcs*24 caixas<\/td>\n<\/tr>\n<tr>\n<td>Cor<\/td>\n<td>Como imagem<\/td>\n<\/tr>\n<tr>\n<td>MOQ<\/td>\n<td>500 caixas de cart\u00e3o<\/td>\n<\/tr>\n<tr>\n<td>Personaliza\u00e7\u00e3o<\/td>\n<td>Embalagem\/LOGO<\/td>\n<\/tr>\n<\/tbody>\n<\/table>","protected":false},"featured_media":28661,"comment_status":"closed","ping_status":"closed","template":"","meta":[],"product_cat":[72],"product_tag":[],"class_list":{"0":"post-28657","1":"product","2":"type-product","3":"status-publish","4":"has-post-thumbnail","6":"product_cat-wholesale-chocolate-covered-sunflower-seeds","8":"first","9":"instock","10":"shipping-taxable","11":"product-type-simple"},"_links":{"self":[{"href":"https:\/\/jxgchocolate.com\/pt\/wp-json\/wp\/v2\/product\/28657","targetHints":{"allow":["GET"]}}],"collection":[{"href":"https:\/\/jxgchocolate.com\/pt\/wp-json\/wp\/v2\/product"}],"about":[{"href":"https:\/\/jxgchocolate.com\/pt\/wp-json\/wp\/v2\/types\/product"}],"replies":[{"embeddable":true,"href":"https:\/\/jxgchocolate.com\/pt\/wp-json\/wp\/v2\/comments?post=28657"}],"version-history":[{"count":6,"href":"https:\/\/jxgchocolate.com\/pt\/wp-json\/wp\/v2\/product\/28657\/revisions"}],"predecessor-version":[{"id":29030,"href":"https:\/\/jxgchocolate.com\/pt\/wp-json\/wp\/v2\/product\/28657\/revisions\/29030"}],"wp:featuredmedia":[{"embeddable":true,"href":"https:\/\/jxgchocolate.com\/pt\/wp-json\/wp\/v2\/media\/28661"}],"wp:attachment":[{"href":"https:\/\/jxgchocolate.com\/pt\/wp-json\/wp\/v2\/media?parent=28657"}],"wp:term":[{"taxonomy":"product_cat","embeddable":true,"href":"https:\/\/jxgchocolate.com\/pt\/wp-json\/wp\/v2\/product_cat?post=28657"},{"taxonomy":"product_tag","embeddable":true,"href":"https:\/\/jxgchocolate.com\/pt\/wp-json\/wp\/v2\/product_tag?post=28657"}],"curies":[{"name":"wp","href":"https:\/\/api.w.org\/{rel}","templated":true}]}}