{"id":28684,"date":"2024-09-02T01:47:43","date_gmt":"2024-09-02T01:47:43","guid":{"rendered":"https:\/\/jxgchocolate.com\/?post_type=product&#038;p=28684"},"modified":"2025-03-08T06:11:09","modified_gmt":"2025-03-08T06:11:09","slug":"chocolate-peanuts-wholesale","status":"publish","type":"product","link":"https:\/\/jxgchocolate.com\/pt\/produto\/chocolate-peanuts-wholesale\/","title":{"rendered":"Pacote transparente de amendoins de chocolate por atacado, bolas de chocolate a granel"},"content":{"rendered":"<div class=\"wp-block-columns is-layout-flex wp-container-core-columns-is-layout-9d6595d7 wp-block-columns-is-layout-flex\">\n<div class=\"wp-block-column is-layout-flow wp-block-column-is-layout-flow\">\n<h2 class=\"wp-block-heading\">Amendoins de Chocolate Premium Carater\u00edsticas por atacado:<\/h2>\n\n\n\n<ul class=\"wp-block-list\">\n<li><strong>F\u00e1cil de transportar: <\/strong>Nossos amendoins de chocolate por atacado s\u00e3o de design de saco independente, pequeno em tamanho e leve em peso, apto para consumos a qualquer hora e em qualquer lugar. Quer se trate de trabalho, viagens, descanso ap\u00f3s o exerc\u00edcio, ou como lanche saud\u00e1vel para as crian\u00e7as, \u00e9 t\u00e3o conveniente para levar.<\/li>\n\n\n\n<li><strong>Delicioso e nutritivo: <\/strong>Os nossos amendoins cobertos de chocolate a granel s\u00e3o selecionados a partir de amendoins de primeira classe e a sua camada exterior \u00e9 rica em chocolate suave. Cada dentada fica perfeitamente estaladi\u00e7a e \u00e9 doce. O sabor rico do chocolate mistura-se com o sabor estaladi\u00e7o do amendoim e provoca as papilas gustativas, fornecendo uma boa dose de prote\u00ednas e energia.<\/li>\n\n\n\n<li><strong>Aperitivos polivalentes: <\/strong>O nosso amendoim de chocolate por atacado pode ser utilizado em v\u00e1rias festas, eventos ao ar livre e outras reuni\u00f5es para aumentar as energias das pessoas \u00e0 sua volta e dar mais apelo ao seu desejo por doces. Tamb\u00e9m pode ser usado como ingrediente para itens de lanches cozidos para adicionar sabor e gosto.<\/li>\n\n\n\n<li><strong>Vantagens do com\u00e9rcio grossista: <\/strong>A Lucky Fruit fornece amendoins cobertos de chocolate a granel por atacado a retalhistas e grossistas a custos razo\u00e1veis, o que satisfaz a sua procura. A utiliza\u00e7\u00e3o de chocolate e amendoins de alta qualidade pode proporcionar uma experi\u00eancia satisfat\u00f3ria para o consumidor.<\/li>\n<\/ul>\n<\/div>\n\n\n\n<div class=\"wp-block-column is-layout-flow wp-block-column-is-layout-flow\">\n<figure class=\"wp-block-image size-full\"><img fetchpriority=\"high\" decoding=\"async\" width=\"750\" height=\"750\" src=\"https:\/\/jxgchocolate.com\/wp-content\/uploads\/2024\/09\/Bag-Pack-Chocolate-Peanuts-Wholesale-Bulk-Chocolate-Snacks-5.webp\" alt=\"Saco de amendoins de chocolate por atacado, snacks de chocolate a granel-5\" class=\"wp-image-28691\" srcset=\"https:\/\/jxgchocolate.com\/wp-content\/uploads\/2024\/09\/Bag-Pack-Chocolate-Peanuts-Wholesale-Bulk-Chocolate-Snacks-5.webp 750w, https:\/\/jxgchocolate.com\/wp-content\/uploads\/2024\/09\/Bag-Pack-Chocolate-Peanuts-Wholesale-Bulk-Chocolate-Snacks-5-300x300.webp 300w, https:\/\/jxgchocolate.com\/wp-content\/uploads\/2024\/09\/Bag-Pack-Chocolate-Peanuts-Wholesale-Bulk-Chocolate-Snacks-5-150x150.webp 150w, https:\/\/jxgchocolate.com\/wp-content\/uploads\/2024\/09\/Bag-Pack-Chocolate-Peanuts-Wholesale-Bulk-Chocolate-Snacks-5-12x12.webp 12w, https:\/\/jxgchocolate.com\/wp-content\/uploads\/2024\/09\/Bag-Pack-Chocolate-Peanuts-Wholesale-Bulk-Chocolate-Snacks-5-430x430.webp 430w, https:\/\/jxgchocolate.com\/wp-content\/uploads\/2024\/09\/Bag-Pack-Chocolate-Peanuts-Wholesale-Bulk-Chocolate-Snacks-5-700x700.webp 700w\" sizes=\"(max-width: 750px) 100vw, 750px\" \/><\/figure>\n<\/div>\n<\/div>","protected":false},"excerpt":{"rendered":"<p>Bem-vindo \u00e0 compra de amendoins cobertos de chocolate a granel. Os nossos amendoins de chocolate de embalagem transparente por atacado s\u00e3o convenientes para comer, deliciosos, nutritivos e podem ser consumidos em qualquer altura e lugar. Seja a trabalhar, a viajar, a jogar, ou simplesmente como um snack de festa, este snack \u00e9 perfeito para v\u00e1rias ocasi\u00f5es.<\/p>\n<table style=\"border-collapse: collapse; width: 275.02pt;\" border=\"0\" width=\"275\" cellspacing=\"0\" cellpadding=\"0\">\n<tbody>\n<tr style=\"height: 17.60pt;\">\n<td class=\"et3\" style=\"height: 17.60pt; width: 108.35pt;\" width=\"108\" height=\"17\">Fabricante<\/td>\n<td class=\"et3\" style=\"width: 167.10pt;\" width=\"167\">Fruta da sorte<\/td>\n<\/tr>\n<tr style=\"height: 17.60pt;\">\n<td class=\"et3\" style=\"height: 17.60pt;\" height=\"17\">MODELO NO.<\/td>\n<td class=\"et3\">JXG38<\/td>\n<\/tr>\n<tr style=\"height: 17.60pt;\">\n<td class=\"et3\" style=\"height: 17.60pt;\" height=\"17\">Tipo<\/td>\n<td class=\"et3\">Amendoins de chocolate<\/td>\n<\/tr>\n<tr style=\"height: 17.60pt;\">\n<td class=\"et3\" style=\"height: 17.60pt;\" height=\"17\">Embalagem<\/td>\n<td class=\"et3\">embalagem de saco<\/td>\n<\/tr>\n<tr style=\"height: 17.60pt;\">\n<td class=\"et3\" style=\"height: 17.60pt;\" height=\"17\">Especifica\u00e7\u00e3o<\/td>\n<td class=\"et3\">2 sacos<\/td>\n<\/tr>\n<tr style=\"height: 17.60pt;\">\n<td class=\"et3\" style=\"height: 17.60pt;\" height=\"17\">Tamanho da caixa<\/td>\n<td class=\"et3\">19*3*18 cm<\/td>\n<\/tr>\n<tr style=\"height: 17.60pt;\">\n<td class=\"et3\" style=\"height: 17.60pt;\" height=\"17\">N.W \/SET<\/td>\n<td class=\"et3\">25g*100Pcs*2bags<\/td>\n<\/tr>\n<tr style=\"height: 17.60pt;\">\n<td class=\"et3\" style=\"height: 17.60pt;\" height=\"17\">Cor<\/td>\n<td class=\"et3\">Como imagem<\/td>\n<\/tr>\n<tr style=\"height: 17.60pt;\">\n<td class=\"et3\" style=\"height: 17.60pt;\" height=\"17\">MOQ<\/td>\n<td class=\"et3\">500 caixas de cart\u00e3o<\/td>\n<\/tr>\n<tr style=\"height: 17.60pt;\">\n<td class=\"et3\" style=\"height: 17.60pt;\" height=\"17\">Personaliza\u00e7\u00e3o<\/td>\n<td class=\"et3\">Embalagem\/LOGO<\/td>\n<\/tr>\n<\/tbody>\n<\/table>","protected":false},"featured_media":28687,"comment_status":"closed","ping_status":"closed","template":"","meta":[],"product_cat":[73],"product_tag":[],"class_list":{"0":"post-28684","1":"product","2":"type-product","3":"status-publish","4":"has-post-thumbnail","6":"product_cat-wholesale-chocolate-covered-peanuts","8":"first","9":"instock","10":"shipping-taxable","11":"product-type-simple"},"_links":{"self":[{"href":"https:\/\/jxgchocolate.com\/pt\/wp-json\/wp\/v2\/product\/28684","targetHints":{"allow":["GET"]}}],"collection":[{"href":"https:\/\/jxgchocolate.com\/pt\/wp-json\/wp\/v2\/product"}],"about":[{"href":"https:\/\/jxgchocolate.com\/pt\/wp-json\/wp\/v2\/types\/product"}],"replies":[{"embeddable":true,"href":"https:\/\/jxgchocolate.com\/pt\/wp-json\/wp\/v2\/comments?post=28684"}],"version-history":[{"count":8,"href":"https:\/\/jxgchocolate.com\/pt\/wp-json\/wp\/v2\/product\/28684\/revisions"}],"predecessor-version":[{"id":29627,"href":"https:\/\/jxgchocolate.com\/pt\/wp-json\/wp\/v2\/product\/28684\/revisions\/29627"}],"wp:featuredmedia":[{"embeddable":true,"href":"https:\/\/jxgchocolate.com\/pt\/wp-json\/wp\/v2\/media\/28687"}],"wp:attachment":[{"href":"https:\/\/jxgchocolate.com\/pt\/wp-json\/wp\/v2\/media?parent=28684"}],"wp:term":[{"taxonomy":"product_cat","embeddable":true,"href":"https:\/\/jxgchocolate.com\/pt\/wp-json\/wp\/v2\/product_cat?post=28684"},{"taxonomy":"product_tag","embeddable":true,"href":"https:\/\/jxgchocolate.com\/pt\/wp-json\/wp\/v2\/product_tag?post=28684"}],"curies":[{"name":"wp","href":"https:\/\/api.w.org\/{rel}","templated":true}]}}