{"id":28694,"date":"2024-09-02T03:01:56","date_gmt":"2024-09-02T03:01:56","guid":{"rendered":"https:\/\/jxgchocolate.com\/?post_type=product&#038;p=28694"},"modified":"2025-03-08T03:03:10","modified_gmt":"2025-03-08T03:03:10","slug":"bulk-chocolate-coated-peanuts","status":"publish","type":"product","link":"https:\/\/jxgchocolate.com\/pt\/produto\/bulk-chocolate-coated-peanuts\/","title":{"rendered":"Fornecimento de f\u00e1brica de amendoins revestidos de chocolate a granel a um \u00f3timo pre\u00e7o"},"content":{"rendered":"<div class=\"wp-block-columns is-layout-flex wp-container-core-columns-is-layout-9d6595d7 wp-block-columns-is-layout-flex\">\n<div class=\"wp-block-column is-layout-flow wp-block-column-is-layout-flow\">\n<h2 class=\"wp-block-heading\">Amendoins revestidos com chocolate Premium a granel Carater\u00edsticas:<\/h2>\n\n\n\n<ul class=\"wp-block-list\">\n<li><strong>Fornecimento a granel: <\/strong>Os nossos amendoins revestidos a chocolate a granel s\u00e3o adequados para todos os tipos de necessidades, desde grandes retalhistas a catering. Desde compras empresariais a grandes eventos, podemos garantir um fornecimento constante.<\/li>\n\n\n\n<li><strong>Cobertura de chocolate de alta qualidade: <\/strong>Cada um dos nossos amendoins revestidos de chocolate por atacado \u00e9 cuidadosamente selecionado e coberto com o melhor chocolate para que cada bocado seja carregado com um profundo sabor a chocolate. O sabor suave do chocolate combina bem com a croc\u00e2ncia dos amendoins.<\/li>\n\n\n\n<li><strong>Personaliza\u00e7\u00e3o total: <\/strong>Apoiamos a personaliza\u00e7\u00e3o de amendoins revestidos a chocolate a granel de acordo com as necessidades do cliente, desde o design da embalagem, tipos de chocolate e aromatizantes, se for um presente para um determinado evento ou um produto personalizado para ativa\u00e7\u00e3o da marca.<\/li>\n\n\n\n<li><strong>Saud\u00e1vel e delicioso:<\/strong> N\u00e3o s\u00f3 deliciosos, mas tamb\u00e9m saud\u00e1veis e ricos em prote\u00ednas e nutrientes especiais presentes nos amendoins, os nossos amendoins revestidos de chocolate por atacado s\u00e3o regulados quanto aos n\u00edveis de a\u00e7\u00facar e gordura para serem um snack saud\u00e1vel que agrada ao paladar e considera a sa\u00fade.<\/li>\n<\/ul>\n<\/div>\n\n\n\n<div class=\"wp-block-column is-layout-flow wp-block-column-is-layout-flow\">\n<figure class=\"wp-block-image size-full\"><img fetchpriority=\"high\" decoding=\"async\" width=\"750\" height=\"750\" src=\"https:\/\/jxgchocolate.com\/wp-content\/uploads\/2024\/09\/Factory-Supply-Bulk-Chocolate-Coated-Peanuts-Custom-Snack-2.webp\" alt=\"Fornecimento de f\u00e1brica de amendoins revestidos com chocolate a granel, Snack-2 personalizado\" class=\"wp-image-28696\" srcset=\"https:\/\/jxgchocolate.com\/wp-content\/uploads\/2024\/09\/Factory-Supply-Bulk-Chocolate-Coated-Peanuts-Custom-Snack-2.webp 750w, https:\/\/jxgchocolate.com\/wp-content\/uploads\/2024\/09\/Factory-Supply-Bulk-Chocolate-Coated-Peanuts-Custom-Snack-2-300x300.webp 300w, https:\/\/jxgchocolate.com\/wp-content\/uploads\/2024\/09\/Factory-Supply-Bulk-Chocolate-Coated-Peanuts-Custom-Snack-2-150x150.webp 150w, https:\/\/jxgchocolate.com\/wp-content\/uploads\/2024\/09\/Factory-Supply-Bulk-Chocolate-Coated-Peanuts-Custom-Snack-2-12x12.webp 12w, https:\/\/jxgchocolate.com\/wp-content\/uploads\/2024\/09\/Factory-Supply-Bulk-Chocolate-Coated-Peanuts-Custom-Snack-2-430x430.webp 430w, https:\/\/jxgchocolate.com\/wp-content\/uploads\/2024\/09\/Factory-Supply-Bulk-Chocolate-Coated-Peanuts-Custom-Snack-2-700x700.webp 700w\" sizes=\"(max-width: 750px) 100vw, 750px\" \/><\/figure>\n<\/div>\n<\/div>\n\n\n\n<p><\/p>","protected":false},"excerpt":{"rendered":"<p>Bem-vindo ao comprar amendoins com chocolate. Os nossos amendoins revestidos de chocolate a granel s\u00e3o amendoins cuidadosamente selecionados, e cada dentada \u00e9 preenchida com um sabor intenso e um gosto \u00fanico. Oferecemos personaliza\u00e7\u00e3o para atender \u00e0s necessidades de diferentes marcas.<\/p>\n<table style=\"border-collapse: collapse; width: 275.02pt;\" border=\"0\" width=\"275\" cellspacing=\"0\" cellpadding=\"0\">\n<tbody>\n<tr style=\"height: 17.60pt;\">\n<td class=\"et3\" style=\"height: 17.60pt; width: 108.35pt;\" width=\"108\" height=\"17\">Fabricante<\/td>\n<td class=\"et3\" style=\"width: 167.10pt;\" width=\"167\">Fruta da sorte<\/td>\n<\/tr>\n<tr style=\"height: 17.60pt;\">\n<td class=\"et3\" style=\"height: 17.60pt;\" height=\"17\">MODELO NO.<\/td>\n<td class=\"et3\">JXG39<\/td>\n<\/tr>\n<tr style=\"height: 17.60pt;\">\n<td class=\"et3\" style=\"height: 17.60pt;\" height=\"17\">Tipo<\/td>\n<td class=\"et3\">Amendoins de chocolate<\/td>\n<\/tr>\n<tr style=\"height: 17.60pt;\">\n<td class=\"et3\" style=\"height: 17.60pt;\" height=\"17\">Embalagem<\/td>\n<td class=\"et3\">embalagem de saco<\/td>\n<\/tr>\n<tr style=\"height: 17.60pt;\">\n<td class=\"et3\" style=\"height: 17.60pt;\" height=\"17\">Especifica\u00e7\u00e3o<\/td>\n<td class=\"et3\">30 sacos<\/td>\n<\/tr>\n<tr style=\"height: 17.60pt;\">\n<td class=\"et3\" style=\"height: 17.60pt;\" height=\"17\">Tamanho da caixa<\/td>\n<td class=\"et3\">15*4*22 cm<\/td>\n<\/tr>\n<tr style=\"height: 17.60pt;\">\n<td class=\"et3\" style=\"height: 17.60pt;\" height=\"17\">N.W \/SET<\/td>\n<td class=\"et3\">58g*30 sacos<\/td>\n<\/tr>\n<tr style=\"height: 17.60pt;\">\n<td class=\"et3\" style=\"height: 17.60pt;\" height=\"17\">Cor<\/td>\n<td class=\"et3\">Como imagem<\/td>\n<\/tr>\n<tr style=\"height: 17.60pt;\">\n<td class=\"et3\" style=\"height: 17.60pt;\" height=\"17\">MOQ<\/td>\n<td class=\"et3\">500 caixas de cart\u00e3o<\/td>\n<\/tr>\n<tr style=\"height: 17.60pt;\">\n<td class=\"et3\" style=\"height: 17.60pt;\" height=\"17\">Personaliza\u00e7\u00e3o<\/td>\n<td class=\"et3\">Embalagem\/LOGO<\/td>\n<\/tr>\n<\/tbody>\n<\/table>","protected":false},"featured_media":28695,"comment_status":"closed","ping_status":"closed","template":"","meta":[],"product_cat":[73],"product_tag":[],"class_list":{"0":"post-28694","1":"product","2":"type-product","3":"status-publish","4":"has-post-thumbnail","6":"product_cat-wholesale-chocolate-covered-peanuts","8":"first","9":"instock","10":"shipping-taxable","11":"product-type-simple"},"_links":{"self":[{"href":"https:\/\/jxgchocolate.com\/pt\/wp-json\/wp\/v2\/product\/28694","targetHints":{"allow":["GET"]}}],"collection":[{"href":"https:\/\/jxgchocolate.com\/pt\/wp-json\/wp\/v2\/product"}],"about":[{"href":"https:\/\/jxgchocolate.com\/pt\/wp-json\/wp\/v2\/types\/product"}],"replies":[{"embeddable":true,"href":"https:\/\/jxgchocolate.com\/pt\/wp-json\/wp\/v2\/comments?post=28694"}],"version-history":[{"count":4,"href":"https:\/\/jxgchocolate.com\/pt\/wp-json\/wp\/v2\/product\/28694\/revisions"}],"predecessor-version":[{"id":29596,"href":"https:\/\/jxgchocolate.com\/pt\/wp-json\/wp\/v2\/product\/28694\/revisions\/29596"}],"wp:featuredmedia":[{"embeddable":true,"href":"https:\/\/jxgchocolate.com\/pt\/wp-json\/wp\/v2\/media\/28695"}],"wp:attachment":[{"href":"https:\/\/jxgchocolate.com\/pt\/wp-json\/wp\/v2\/media?parent=28694"}],"wp:term":[{"taxonomy":"product_cat","embeddable":true,"href":"https:\/\/jxgchocolate.com\/pt\/wp-json\/wp\/v2\/product_cat?post=28694"},{"taxonomy":"product_tag","embeddable":true,"href":"https:\/\/jxgchocolate.com\/pt\/wp-json\/wp\/v2\/product_tag?post=28694"}],"curies":[{"name":"wp","href":"https:\/\/api.w.org\/{rel}","templated":true}]}}