{"id":28705,"date":"2024-09-02T03:42:59","date_gmt":"2024-09-02T03:42:59","guid":{"rendered":"https:\/\/jxgchocolate.com\/?post_type=product&#038;p=28705"},"modified":"2025-03-08T03:31:54","modified_gmt":"2025-03-08T03:31:54","slug":"chocolate-covered-peanuts-bulk","status":"publish","type":"product","link":"https:\/\/jxgchocolate.com\/pt\/produto\/chocolate-covered-peanuts-bulk\/","title":{"rendered":"Amendoins com cobertura de chocolate a granel, Amendoins com cobertura de chocolate por atacado"},"content":{"rendered":"<div class=\"wp-block-columns is-layout-flex wp-container-core-columns-is-layout-9d6595d7 wp-block-columns-is-layout-flex\">\n<div class=\"wp-block-column is-layout-flow wp-block-column-is-layout-flow\">\n<h2 class=\"wp-block-heading\">Amendoins Premium com cobertura de chocolate Carater\u00edsticas a granel:<\/h2>\n\n\n\n<ul class=\"wp-block-list\">\n<li><strong>Cobertura dupla de chocolate:<\/strong> O nosso amendoim a granel coberto de chocolate \u00e9 envolvido em duas camadas de chocolate rico, criando um chocolate mais rico e mais espesso com um sabor ainda melhor em cada dentada. A textura de duas camadas do chocolate optimiza o aroma e o sabor de cada amendoim.<\/li>\n\n\n\n<li><strong>Ingredientes de alta qualidade: <\/strong>Os nossos amendoins de chocolate por atacado s\u00e3o feitos de melhor chocolate e amendoins de melhor qualidade para garantir a alta qualidade do produto. Os amendoins especiais s\u00e3o estaladi\u00e7os e rechonchudos, e o revestimento de chocolate \u00e9 suave, de modo que cada amendoim de chocolate \u00e9 perfeito no sabor.<\/li>\n\n\n\n<li><strong>Aperitivos polivalentes:<\/strong> Estes amendoins cobertos de chocolate a granel podem ser aplicados em diferentes ocasi\u00f5es, como a vida quotidiana, festas, pausas para o ch\u00e1 da empresa ou como prenda festiva. Quer seja como lanche di\u00e1rio ou como material de pastelaria, este amendoim duplo de chocolate a granel pode proporcionar uma experi\u00eancia especial e deliciosa.<\/li>\n\n\n\n<li><strong>Fornecimento por grosso: <\/strong>Os nossos amendoins de chocolate por atacado s\u00e3o perfeitos para serem comprados por retalhistas e distribuidores. Adquira amendoins de chocolate de qualidade a baixo custo para permitir que os clientes tornem as suas ofertas de produtos mais competitivas e os compradores mais satisfeitos.<\/li>\n<\/ul>\n<\/div>\n\n\n\n<div class=\"wp-block-column is-layout-flow wp-block-column-is-layout-flow\">\n<figure class=\"wp-block-image size-full\"><img fetchpriority=\"high\" decoding=\"async\" width=\"750\" height=\"750\" src=\"https:\/\/jxgchocolate.com\/wp-content\/uploads\/2024\/09\/Chocolate-Covered-Peanuts-Bulk-Wholesale-Double-Dipped-Peanuts-6.webp\" alt=\"Amendoins com cobertura de chocolate a granel, Amendoins com cobertura dupla por atacado-6\" class=\"wp-image-28714\" srcset=\"https:\/\/jxgchocolate.com\/wp-content\/uploads\/2024\/09\/Chocolate-Covered-Peanuts-Bulk-Wholesale-Double-Dipped-Peanuts-6.webp 750w, https:\/\/jxgchocolate.com\/wp-content\/uploads\/2024\/09\/Chocolate-Covered-Peanuts-Bulk-Wholesale-Double-Dipped-Peanuts-6-300x300.webp 300w, https:\/\/jxgchocolate.com\/wp-content\/uploads\/2024\/09\/Chocolate-Covered-Peanuts-Bulk-Wholesale-Double-Dipped-Peanuts-6-150x150.webp 150w, https:\/\/jxgchocolate.com\/wp-content\/uploads\/2024\/09\/Chocolate-Covered-Peanuts-Bulk-Wholesale-Double-Dipped-Peanuts-6-12x12.webp 12w, https:\/\/jxgchocolate.com\/wp-content\/uploads\/2024\/09\/Chocolate-Covered-Peanuts-Bulk-Wholesale-Double-Dipped-Peanuts-6-430x430.webp 430w, https:\/\/jxgchocolate.com\/wp-content\/uploads\/2024\/09\/Chocolate-Covered-Peanuts-Bulk-Wholesale-Double-Dipped-Peanuts-6-700x700.webp 700w\" sizes=\"(max-width: 750px) 100vw, 750px\" \/><\/figure>\n<\/div>\n<\/div>","protected":false},"excerpt":{"rendered":"<p>Bem-vindo a comprar amendoins de chocolate por atacado. O nosso amendoim coberto de chocolate a granel com composi\u00e7\u00e3o de dupla camada e material de alta qualidade, oferece um sabor de chocolate mais intenso e uma sensa\u00e7\u00e3o de amendoim estaladi\u00e7o. \u00c9 perfeito para todas as ocasi\u00f5es e uma solu\u00e7\u00e3o maravilhosa para petiscar e assar.<\/p>\n<table style=\"border-collapse: collapse; width: 275.02pt;\" border=\"0\" width=\"275\" cellspacing=\"0\" cellpadding=\"0\">\n<tbody>\n<tr style=\"height: 17.60pt;\">\n<td class=\"et3\" style=\"height: 17.60pt; width: 108.35pt;\" width=\"108\" height=\"17\">Fabricante<\/td>\n<td class=\"et3\" style=\"width: 167.10pt;\" width=\"167\">Fruta da sorte<\/td>\n<\/tr>\n<tr style=\"height: 17.60pt;\">\n<td class=\"et3\" style=\"height: 17.60pt;\" height=\"17\">MODELO NO.<\/td>\n<td class=\"et3\">JXG40<\/td>\n<\/tr>\n<tr style=\"height: 17.60pt;\">\n<td class=\"et3\" style=\"height: 17.60pt;\" height=\"17\">Tipo<\/td>\n<td class=\"et3\">Amendoins de chocolate<\/td>\n<\/tr>\n<tr style=\"height: 17.60pt;\">\n<td class=\"et3\" style=\"height: 17.60pt;\" height=\"17\">Embalagem<\/td>\n<td class=\"et3\">embalagem de saco<\/td>\n<\/tr>\n<tr style=\"height: 17.60pt;\">\n<td class=\"et3\" style=\"height: 17.60pt;\" height=\"17\">Especifica\u00e7\u00e3o<\/td>\n<td class=\"et3\">24 caixas<\/td>\n<\/tr>\n<tr style=\"height: 17.60pt;\">\n<td class=\"et3\" style=\"height: 17.60pt;\" height=\"17\">Tamanho da caixa<\/td>\n<td class=\"et3\">17*10*16cm<\/td>\n<\/tr>\n<tr style=\"height: 17.60pt;\">\n<td class=\"et3\" style=\"height: 17.60pt;\" height=\"17\">N.W \/SET<\/td>\n<td class=\"et3\">16g*30 sacos*24 caixas<\/td>\n<\/tr>\n<tr style=\"height: 17.60pt;\">\n<td class=\"et3\" style=\"height: 17.60pt;\" height=\"17\">Cor<\/td>\n<td class=\"et3\">Como imagem<\/td>\n<\/tr>\n<tr style=\"height: 17.60pt;\">\n<td class=\"et3\" style=\"height: 17.60pt;\" height=\"17\">MOQ<\/td>\n<td class=\"et3\">500 caixas de cart\u00e3o<\/td>\n<\/tr>\n<tr style=\"height: 17.60pt;\">\n<td class=\"et3\" style=\"height: 17.60pt;\" height=\"17\">Personaliza\u00e7\u00e3o<\/td>\n<td class=\"et3\">Embalagem\/LOGO<\/td>\n<\/tr>\n<\/tbody>\n<\/table>","protected":false},"featured_media":28709,"comment_status":"closed","ping_status":"closed","template":"","meta":[],"product_cat":[73],"product_tag":[],"class_list":{"0":"post-28705","1":"product","2":"type-product","3":"status-publish","4":"has-post-thumbnail","6":"product_cat-wholesale-chocolate-covered-peanuts","8":"first","9":"instock","10":"shipping-taxable","11":"product-type-simple"},"_links":{"self":[{"href":"https:\/\/jxgchocolate.com\/pt\/wp-json\/wp\/v2\/product\/28705","targetHints":{"allow":["GET"]}}],"collection":[{"href":"https:\/\/jxgchocolate.com\/pt\/wp-json\/wp\/v2\/product"}],"about":[{"href":"https:\/\/jxgchocolate.com\/pt\/wp-json\/wp\/v2\/types\/product"}],"replies":[{"embeddable":true,"href":"https:\/\/jxgchocolate.com\/pt\/wp-json\/wp\/v2\/comments?post=28705"}],"version-history":[{"count":0,"href":"https:\/\/jxgchocolate.com\/pt\/wp-json\/wp\/v2\/product\/28705\/revisions"}],"wp:featuredmedia":[{"embeddable":true,"href":"https:\/\/jxgchocolate.com\/pt\/wp-json\/wp\/v2\/media\/28709"}],"wp:attachment":[{"href":"https:\/\/jxgchocolate.com\/pt\/wp-json\/wp\/v2\/media?parent=28705"}],"wp:term":[{"taxonomy":"product_cat","embeddable":true,"href":"https:\/\/jxgchocolate.com\/pt\/wp-json\/wp\/v2\/product_cat?post=28705"},{"taxonomy":"product_tag","embeddable":true,"href":"https:\/\/jxgchocolate.com\/pt\/wp-json\/wp\/v2\/product_tag?post=28705"}],"curies":[{"name":"wp","href":"https:\/\/api.w.org\/{rel}","templated":true}]}}