{"id":28706,"date":"2024-09-02T10:03:36","date_gmt":"2024-09-02T03:47:11","guid":{"rendered":"https:\/\/jxgchocolate.com\/?post_type=product&#038;p=28706"},"modified":"2024-09-03T01:21:37","modified_gmt":"2024-09-03T01:21:37","slug":"bulk-chocolate-crispy-balls-with-cookies","status":"publish","type":"product","link":"https:\/\/jxgchocolate.com\/pt\/produto\/bulk-chocolate-crispy-balls-with-cookies\/","title":{"rendered":"Bolas crocantes de chocolate a granel em forma de p\u00e3o pequeno com bolachas no interior"},"content":{"rendered":"<div class=\"wp-block-columns is-layout-flex wp-container-core-columns-is-layout-9d6595d7 wp-block-columns-is-layout-flex\">\n<div class=\"wp-block-column is-vertically-aligned-center is-layout-flow wp-block-column-is-layout-flow\">\n<h3 class=\"wp-block-heading\"> Premium Bulk Chocolate Crispy Balls Carater\u00edsticas:<\/h3>\n\n\n\n<ol class=\"wp-block-list\">\n<li><strong>Camada exterior estaladi\u00e7a de chocolate: <\/strong>A nossa bola de chocolate crocante a granel \u00e9 coberta com uma camada de chocolate crocante para uma textura estaladi\u00e7a que lhe permite apreciar o rico sabor do chocolate numa s\u00f3 dentada.<\/li>\n\n\n\n<li><strong>Design pequeno e arredondado: <\/strong>Estas bolas de chocolate estaladi\u00e7as por atacado s\u00e3o pequenas e arredondadas, f\u00e1ceis de transportar e de comer, e perfeitas para uma sobremesa ou um lanche em viagem.<\/li>\n\n\n\n<li><strong>Biscoito de bolacha rico:<\/strong> O interior destas bolas estaladi\u00e7as de chocolate a granel est\u00e1 repleto de ricas bolachas, acrescentando camadas de sabor e prazer de mastiga\u00e7\u00e3o.<\/li>\n\n\n\n<li><strong>Sabor doce perfeito:<\/strong> Esta bola de chocolate crocante a granel combina a do\u00e7ura do chocolate com o crocante das bolachas, a do\u00e7ura e o salgado fazem dela um \u00f3timo lanche, tamb\u00e9m perfeito como presente para amigos e familiares.<\/li>\n<\/ol>\n<\/div>\n\n\n\n<div class=\"wp-block-column is-layout-flow wp-block-column-is-layout-flow\">\n<figure class=\"wp-block-image size-full\"><img fetchpriority=\"high\" decoding=\"async\" width=\"750\" height=\"750\" src=\"https:\/\/jxgchocolate.com\/wp-content\/uploads\/2024\/09\/Bulk-Chocolate-Crispy-Balls-4.webp\" alt=\"Bolas crocantes de chocolate a granel 4\" class=\"wp-image-28728\" srcset=\"https:\/\/jxgchocolate.com\/wp-content\/uploads\/2024\/09\/Bulk-Chocolate-Crispy-Balls-4.webp 750w, https:\/\/jxgchocolate.com\/wp-content\/uploads\/2024\/09\/Bulk-Chocolate-Crispy-Balls-4-300x300.webp 300w, https:\/\/jxgchocolate.com\/wp-content\/uploads\/2024\/09\/Bulk-Chocolate-Crispy-Balls-4-150x150.webp 150w, https:\/\/jxgchocolate.com\/wp-content\/uploads\/2024\/09\/Bulk-Chocolate-Crispy-Balls-4-12x12.webp 12w, https:\/\/jxgchocolate.com\/wp-content\/uploads\/2024\/09\/Bulk-Chocolate-Crispy-Balls-4-430x430.webp 430w, https:\/\/jxgchocolate.com\/wp-content\/uploads\/2024\/09\/Bulk-Chocolate-Crispy-Balls-4-700x700.webp 700w\" sizes=\"(max-width: 750px) 100vw, 750px\" \/><\/figure>\n<\/div>\n<\/div>\n\n\n\n<p><\/p>","protected":false},"excerpt":{"rendered":"<p>As nossas bolas de chocolate estaladi\u00e7as a granel t\u00eam uma camada exterior estaladi\u00e7a e biscoitos ricos no interior, que s\u00e3o pequenos e bonitos com um sabor rico inesquec\u00edvel. N\u00e3o \u00e9 apenas adequado como um delicioso lanche, mas tamb\u00e9m \u00e9 um excelente presente de acompanhamento.<\/p>\n<table style=\"border-collapse: collapse; width: 275.02pt;\" border=\"0\" width=\"275\" cellspacing=\"0\" cellpadding=\"0\">\n<tbody>\n<tr style=\"height: 17.60pt;\">\n<td class=\"et3\" style=\"height: 17.60pt; width: 108.35pt;\" width=\"108\" height=\"17\">Fabricante<\/td>\n<td class=\"et3\" style=\"width: 167.10pt;\" width=\"167\">Fruta da sorte<\/td>\n<\/tr>\n<tr style=\"height: 17.60pt;\">\n<td class=\"et3\" style=\"height: 17.60pt;\" height=\"17\">MODELO NO.<\/td>\n<td class=\"et3\">JXG41<\/td>\n<\/tr>\n<tr style=\"height: 17.60pt;\">\n<td class=\"et3\" style=\"height: 17.60pt;\" height=\"17\">Tipo<\/td>\n<td class=\"et3\">Bolas de Chocolate Crocantes<\/td>\n<\/tr>\n<tr style=\"height: 17.60pt;\">\n<td class=\"et3\" style=\"height: 17.60pt;\" height=\"17\">Embalagem<\/td>\n<td class=\"et3\">embalagem de saco<\/td>\n<\/tr>\n<tr style=\"height: 17.60pt;\">\n<td class=\"et3\" style=\"height: 17.60pt;\" height=\"17\">Especifica\u00e7\u00e3o<\/td>\n<td class=\"et3\">2 sacos<\/td>\n<\/tr>\n<tr style=\"height: 17.60pt;\">\n<td class=\"et3\" style=\"height: 17.60pt;\" height=\"17\">Tamanho da caixa<\/td>\n<td class=\"et3\">19*31*21cm<\/td>\n<\/tr>\n<tr style=\"height: 17.60pt;\">\n<td class=\"et3\" style=\"height: 17.60pt;\" height=\"17\">N.W \/SET<\/td>\n<td class=\"et3\">25g*100Pcs*2bags<\/td>\n<\/tr>\n<tr style=\"height: 17.60pt;\">\n<td class=\"et3\" style=\"height: 17.60pt;\" height=\"17\">Cor<\/td>\n<td class=\"et3\">Como imagem<\/td>\n<\/tr>\n<tr style=\"height: 17.60pt;\">\n<td class=\"et3\" style=\"height: 17.60pt;\" height=\"17\">MOQ<\/td>\n<td class=\"et3\">500 caixas de cart\u00e3o<\/td>\n<\/tr>\n<tr style=\"height: 17.60pt;\">\n<td class=\"et3\" style=\"height: 17.60pt;\" height=\"17\">Personaliza\u00e7\u00e3o<\/td>\n<td class=\"et3\">Embalagem\/LOGO<\/td>\n<\/tr>\n<\/tbody>\n<\/table>","protected":false},"featured_media":28730,"comment_status":"closed","ping_status":"closed","template":"","meta":[],"product_cat":[74],"product_tag":[],"class_list":{"0":"post-28706","1":"product","2":"type-product","3":"status-publish","4":"has-post-thumbnail","6":"product_cat-wholesale-crunchy-chocolate-balls","8":"first","9":"instock","10":"shipping-taxable","11":"product-type-simple"},"_links":{"self":[{"href":"https:\/\/jxgchocolate.com\/pt\/wp-json\/wp\/v2\/product\/28706","targetHints":{"allow":["GET"]}}],"collection":[{"href":"https:\/\/jxgchocolate.com\/pt\/wp-json\/wp\/v2\/product"}],"about":[{"href":"https:\/\/jxgchocolate.com\/pt\/wp-json\/wp\/v2\/types\/product"}],"replies":[{"embeddable":true,"href":"https:\/\/jxgchocolate.com\/pt\/wp-json\/wp\/v2\/comments?post=28706"}],"version-history":[{"count":17,"href":"https:\/\/jxgchocolate.com\/pt\/wp-json\/wp\/v2\/product\/28706\/revisions"}],"predecessor-version":[{"id":28768,"href":"https:\/\/jxgchocolate.com\/pt\/wp-json\/wp\/v2\/product\/28706\/revisions\/28768"}],"wp:featuredmedia":[{"embeddable":true,"href":"https:\/\/jxgchocolate.com\/pt\/wp-json\/wp\/v2\/media\/28730"}],"wp:attachment":[{"href":"https:\/\/jxgchocolate.com\/pt\/wp-json\/wp\/v2\/media?parent=28706"}],"wp:term":[{"taxonomy":"product_cat","embeddable":true,"href":"https:\/\/jxgchocolate.com\/pt\/wp-json\/wp\/v2\/product_cat?post=28706"},{"taxonomy":"product_tag","embeddable":true,"href":"https:\/\/jxgchocolate.com\/pt\/wp-json\/wp\/v2\/product_tag?post=28706"}],"curies":[{"name":"wp","href":"https:\/\/api.w.org\/{rel}","templated":true}]}}