{"id":28736,"date":"2024-09-02T09:57:28","date_gmt":"2024-09-02T07:35:13","guid":{"rendered":"https:\/\/jxgchocolate.com\/?post_type=product&#038;p=28736"},"modified":"2024-09-03T01:28:00","modified_gmt":"2024-09-03T01:28:00","slug":"factory-supply-chocolate-crisp-balls","status":"publish","type":"product","link":"https:\/\/jxgchocolate.com\/pt\/produto\/factory-supply-chocolate-crisp-balls\/","title":{"rendered":"Bolas de chocolate crocantes com embalagem colorida e personalizada"},"content":{"rendered":"<div class=\"wp-block-columns is-layout-flex wp-container-core-columns-is-layout-9d6595d7 wp-block-columns-is-layout-flex\">\n<div class=\"wp-block-column is-vertically-aligned-center is-layout-flow wp-block-column-is-layout-flow\">\n<h3 class=\"wp-block-heading\">Bolas de chocolate estaladi\u00e7as Premium Factory Supply Carater\u00edsticas:<\/h3>\n\n\n\n<ol class=\"wp-block-list\">\n<li><strong>Tenta\u00e7\u00e3o colorida: <\/strong>As bolas de chocolate estaladi\u00e7as fornecidas pela f\u00e1brica da Lucky Fruit s\u00e3o feitas com corantes naturais para apresentar cores coloridas, que s\u00e3o visualmente apelativas, saud\u00e1veis e seguras.<\/li>\n\n\n\n<li><strong>Sabor \u00fanico: <\/strong>Cada uma das nossas bolas de chocolate estaladi\u00e7as a granel \u00e9 cuidadosamente preparada, combinando uma variedade de gostos e sabores, proporcionando-lhe um prazer sem precedentes para as papilas gustativas.<\/li>\n\n\n\n<li><strong>Embalagem personalizada: <\/strong>Fornecemos servi\u00e7os de embalagem \u00e0 medida para as nossas bolas de chocolate estaladi\u00e7as fornecidas pela f\u00e1brica, e podemos imprimir padr\u00f5es ou textos exclusivos de acordo com as suas necessidades, quer se trate de um presente empresarial ou pessoal, e pode mostrar um sabor \u00fanico.<\/li>\n\n\n\n<li><strong>Garantia de alta qualidade: <\/strong>As nossas bolas de chocolate estaladi\u00e7as a granel cumprem rigorosamente as normas internacionais de seguran\u00e7a alimentar de produ\u00e7\u00e3o, para garantir que os produtos foram submetidos a rigorosos testes de qualidade, para que possa ficar descansado.<\/li>\n<\/ol>\n<\/div>\n\n\n\n<div class=\"wp-block-column is-layout-flow wp-block-column-is-layout-flow\">\n<figure class=\"wp-block-image size-full\"><img fetchpriority=\"high\" decoding=\"async\" width=\"776\" height=\"770\" src=\"https:\/\/jxgchocolate.com\/wp-content\/uploads\/2024\/09\/Supply-Chocolate-Crisp-Balls-5.webp\" alt=\"Fornecimento de f\u00e1brica Bolas de chocolate crocantes 5\" class=\"wp-image-28743\" srcset=\"https:\/\/jxgchocolate.com\/wp-content\/uploads\/2024\/09\/Supply-Chocolate-Crisp-Balls-5.webp 776w, https:\/\/jxgchocolate.com\/wp-content\/uploads\/2024\/09\/Supply-Chocolate-Crisp-Balls-5-302x300.webp 302w, https:\/\/jxgchocolate.com\/wp-content\/uploads\/2024\/09\/Supply-Chocolate-Crisp-Balls-5-150x149.webp 150w, https:\/\/jxgchocolate.com\/wp-content\/uploads\/2024\/09\/Supply-Chocolate-Crisp-Balls-5-768x762.webp 768w, https:\/\/jxgchocolate.com\/wp-content\/uploads\/2024\/09\/Supply-Chocolate-Crisp-Balls-5-12x12.webp 12w, https:\/\/jxgchocolate.com\/wp-content\/uploads\/2024\/09\/Supply-Chocolate-Crisp-Balls-5-430x427.webp 430w, https:\/\/jxgchocolate.com\/wp-content\/uploads\/2024\/09\/Supply-Chocolate-Crisp-Balls-5-700x695.webp 700w\" sizes=\"(max-width: 776px) 100vw, 776px\" \/><\/figure>\n<\/div>\n<\/div>","protected":false},"excerpt":{"rendered":"<p>As nossas bolas de chocolate estaladi\u00e7as, selecionadas a partir de ingredientes de alta qualidade, s\u00e3o embrulhadas numa camada exterior de chocolate colorido com bolachas no interior. Tamb\u00e9m oferecemos servi\u00e7os de personaliza\u00e7\u00e3o de embalagens personalizadas, que podem ser um brinde corporativo ideal ou um presente de feriado. Bem-vindo \u00e0 encomenda a granel!<\/p>\n<table style=\"border-collapse: collapse; width: 275.02pt;\" border=\"0\" width=\"275\" cellspacing=\"0\" cellpadding=\"0\">\n<tbody>\n<tr style=\"height: 17.60pt;\">\n<td class=\"et3\" style=\"height: 17.60pt; width: 108.35pt;\" width=\"108\" height=\"17\">Fabricante<\/td>\n<td class=\"et3\" style=\"width: 167.10pt;\" width=\"167\">Fruta da sorte<\/td>\n<\/tr>\n<tr style=\"height: 17.60pt;\">\n<td class=\"et3\" style=\"height: 17.60pt;\" height=\"17\">MODELO NO.<\/td>\n<td class=\"et3\">JXG42<\/td>\n<\/tr>\n<tr style=\"height: 17.60pt;\">\n<td class=\"et3\" style=\"height: 17.60pt;\" height=\"17\">Tipo<\/td>\n<td class=\"et3\">Bolas de Chocolate Crocantes<\/td>\n<\/tr>\n<tr style=\"height: 17.60pt;\">\n<td class=\"et3\" style=\"height: 17.60pt;\" height=\"17\">Embalagem<\/td>\n<td class=\"et3\">embalagem de saco<\/td>\n<\/tr>\n<tr style=\"height: 17.60pt;\">\n<td class=\"et3\" style=\"height: 17.60pt;\" height=\"17\">Especifica\u00e7\u00e3o<\/td>\n<td class=\"et3\">30 sacos<\/td>\n<\/tr>\n<tr style=\"height: 17.60pt;\">\n<td class=\"et3\" style=\"height: 17.60pt;\" height=\"17\">Tamanho da caixa<\/td>\n<td class=\"et3\">21*10*28 cm<\/td>\n<\/tr>\n<tr style=\"height: 17.60pt;\">\n<td class=\"et3\" style=\"height: 17.60pt;\" height=\"17\">N.W \/SET<\/td>\n<td class=\"et3\">4g*100Pcs*30bags<\/td>\n<\/tr>\n<tr style=\"height: 17.60pt;\">\n<td class=\"et3\" style=\"height: 17.60pt;\" height=\"17\">Cor<\/td>\n<td class=\"et3\">Como imagem<\/td>\n<\/tr>\n<tr style=\"height: 17.60pt;\">\n<td class=\"et3\" style=\"height: 17.60pt;\" height=\"17\">MOQ<\/td>\n<td class=\"et3\">500 caixas de cart\u00e3o<\/td>\n<\/tr>\n<tr style=\"height: 17.60pt;\">\n<td class=\"et3\" style=\"height: 17.60pt;\" height=\"17\">Personaliza\u00e7\u00e3o<\/td>\n<td class=\"et3\">Embalagem\/LOGO<\/td>\n<\/tr>\n<\/tbody>\n<\/table>","protected":false},"featured_media":28740,"comment_status":"closed","ping_status":"closed","template":"","meta":[],"product_cat":[74],"product_tag":[],"class_list":{"0":"post-28736","1":"product","2":"type-product","3":"status-publish","4":"has-post-thumbnail","6":"product_cat-wholesale-crunchy-chocolate-balls","8":"first","9":"instock","10":"shipping-taxable","11":"product-type-simple"},"_links":{"self":[{"href":"https:\/\/jxgchocolate.com\/pt\/wp-json\/wp\/v2\/product\/28736","targetHints":{"allow":["GET"]}}],"collection":[{"href":"https:\/\/jxgchocolate.com\/pt\/wp-json\/wp\/v2\/product"}],"about":[{"href":"https:\/\/jxgchocolate.com\/pt\/wp-json\/wp\/v2\/types\/product"}],"replies":[{"embeddable":true,"href":"https:\/\/jxgchocolate.com\/pt\/wp-json\/wp\/v2\/comments?post=28736"}],"version-history":[{"count":0,"href":"https:\/\/jxgchocolate.com\/pt\/wp-json\/wp\/v2\/product\/28736\/revisions"}],"wp:featuredmedia":[{"embeddable":true,"href":"https:\/\/jxgchocolate.com\/pt\/wp-json\/wp\/v2\/media\/28740"}],"wp:attachment":[{"href":"https:\/\/jxgchocolate.com\/pt\/wp-json\/wp\/v2\/media?parent=28736"}],"wp:term":[{"taxonomy":"product_cat","embeddable":true,"href":"https:\/\/jxgchocolate.com\/pt\/wp-json\/wp\/v2\/product_cat?post=28736"},{"taxonomy":"product_tag","embeddable":true,"href":"https:\/\/jxgchocolate.com\/pt\/wp-json\/wp\/v2\/product_tag?post=28736"}],"curies":[{"name":"wp","href":"https:\/\/api.w.org\/{rel}","templated":true}]}}