{"id":28764,"date":"2024-09-04T06:24:14","date_gmt":"2024-09-03T00:53:08","guid":{"rendered":"https:\/\/jxgchocolate.com\/?post_type=product&#038;p=28764"},"modified":"2024-11-11T06:08:41","modified_gmt":"2024-11-11T06:08:41","slug":"wholesale-roasted-peanuts","status":"publish","type":"product","link":"https:\/\/jxgchocolate.com\/pt\/produto\/wholesale-roasted-peanuts\/","title":{"rendered":"Amendoins torrados por atacado, amendoins para bolachas com embalagem personalizada"},"content":{"rendered":"<div class=\"wp-block-columns is-layout-flex wp-container-core-columns-is-layout-9d6595d7 wp-block-columns-is-layout-flex\">\n<div class=\"wp-block-column is-vertically-aligned-center is-layout-flow wp-block-column-is-layout-flow\">\n<h3 class=\"wp-block-heading\">Amendoins torrados Premium Wholesale Carater\u00edsticas:<\/h3>\n\n\n\n<ol class=\"wp-block-list\">\n<li><strong>Amendoins de qualidade selecionada:<\/strong> Os nossos amendoins torrados por atacado s\u00e3o fabricados a partir dos melhores ingredientes de amendoim, que s\u00e3o cuidadosamente selecionados e torrados para preservar o aroma e o sabor naturais originais dos amendoins, proporcionando-lhe um prazer delicioso.<\/li>\n\n\n\n<li><strong>Saud\u00e1vel e nutritivo, com baixo teor de gordura e elevado teor de prote\u00ednas:<\/strong> Os amendoins de bolacha s\u00e3o ricos em prote\u00ednas e vitaminas, o que os torna uma escolha saud\u00e1vel para o lanche.<\/li>\n\n\n\n<li><strong>Embalagem c\u00f3moda:<\/strong> Fornecemos uma variedade de especifica\u00e7\u00f5es de embalagens para amendoins torrados por atacado, f\u00e1ceis de transportar, seja em casa ou ao ar livre, e podem facilmente abrir o alimento instant\u00e2neo para aliviar os seus desejos.<\/li>\n\n\n\n<li><strong>Personaliza\u00e7\u00e3o personalizada:<\/strong> Fornecer servi\u00e7os de embalagem personalizados para amendoins torrados por atacado, que podem ser concebidos de acordo com o estilo de embalagem dos requisitos do cliente e configura\u00e7\u00f5es personalizadas para melhor refletir a cultura empresarial e aumentar a atratividade da empresa.<\/li>\n<\/ol>\n<\/div>\n\n\n\n<div class=\"wp-block-column is-layout-flow wp-block-column-is-layout-flow\">\n<figure class=\"wp-block-image size-full\"><img fetchpriority=\"high\" decoding=\"async\" width=\"800\" height=\"800\" src=\"https:\/\/jxgchocolate.com\/wp-content\/uploads\/2024\/09\/Wholesale-Roasted-Peanuts-1.webp\" alt=\"Amendoins torrados por grosso 1\" class=\"wp-image-28780\" srcset=\"https:\/\/jxgchocolate.com\/wp-content\/uploads\/2024\/09\/Wholesale-Roasted-Peanuts-1.webp 800w, https:\/\/jxgchocolate.com\/wp-content\/uploads\/2024\/09\/Wholesale-Roasted-Peanuts-1-300x300.webp 300w, https:\/\/jxgchocolate.com\/wp-content\/uploads\/2024\/09\/Wholesale-Roasted-Peanuts-1-150x150.webp 150w, https:\/\/jxgchocolate.com\/wp-content\/uploads\/2024\/09\/Wholesale-Roasted-Peanuts-1-768x768.webp 768w, https:\/\/jxgchocolate.com\/wp-content\/uploads\/2024\/09\/Wholesale-Roasted-Peanuts-1-12x12.webp 12w, https:\/\/jxgchocolate.com\/wp-content\/uploads\/2024\/09\/Wholesale-Roasted-Peanuts-1-430x430.webp 430w, https:\/\/jxgchocolate.com\/wp-content\/uploads\/2024\/09\/Wholesale-Roasted-Peanuts-1-700x700.webp 700w\" sizes=\"(max-width: 800px) 100vw, 800px\" \/><\/figure>\n<\/div>\n<\/div>\n\n\n\n<p><\/p>","protected":false},"excerpt":{"rendered":"<p>Bem-vindo \u00e0 compra de amendoins fritos a granel. Os nossos amendoins torrados por atacado s\u00e3o de alta qualidade e suportam um servi\u00e7o de embalagem personalizado. Os amendoins selecionados de qualidade superior s\u00e3o cuidadosamente torrados para garantir que cada um \u00e9 saboroso. Al\u00e9m disso, pode fornecer um design de embalagem personalizado de acordo com as necessidades das empresas, multifacetado para atender \u00e0s necessidades das empresas.<\/p>\n<table style=\"border-collapse: collapse; width: 275.02pt;\" border=\"0\" width=\"275\" cellspacing=\"0\" cellpadding=\"0\">\n<tbody>\n<tr style=\"height: 17.60pt;\">\n<td class=\"et3\" style=\"height: 17.60pt; width: 108.35pt;\" width=\"108\" height=\"17\">Fabricante<\/td>\n<td class=\"et3\" style=\"width: 167.10pt;\" width=\"167\">Fruta da sorte<\/td>\n<\/tr>\n<tr style=\"height: 17.60pt;\">\n<td class=\"et3\" style=\"height: 17.60pt;\" height=\"17\">MODELO NO.<\/td>\n<td class=\"et3\">JXG44<\/td>\n<\/tr>\n<tr style=\"height: 17.60pt;\">\n<td class=\"et3\" style=\"height: 17.60pt;\" height=\"17\">Tipo<\/td>\n<td class=\"et3\">Amendoim torrado<\/td>\n<\/tr>\n<tr style=\"height: 17.60pt;\">\n<td class=\"et3\" style=\"height: 17.60pt;\" height=\"17\">Embalagem<\/td>\n<td class=\"et3\">embalagem de saco<\/td>\n<\/tr>\n<tr style=\"height: 17.60pt;\">\n<td class=\"et3\" style=\"height: 17.60pt;\" height=\"17\">Especifica\u00e7\u00e3o<\/td>\n<td class=\"et3\">24 sacos<\/td>\n<\/tr>\n<tr style=\"height: 17.60pt;\">\n<td class=\"et3\" style=\"height: 17.60pt;\" height=\"17\">Tamanho da caixa<\/td>\n<td class=\"et3\">20*2*12 cm<\/td>\n<\/tr>\n<tr style=\"height: 17.60pt;\">\n<td class=\"et3\" style=\"height: 17.60pt;\" height=\"17\">N.W \/SET<\/td>\n<td class=\"et3\">20g*20pcs*24bags<\/td>\n<\/tr>\n<tr style=\"height: 17.60pt;\">\n<td class=\"et3\" style=\"height: 17.60pt;\" height=\"17\">Cor<\/td>\n<td class=\"et3\">Como imagem<\/td>\n<\/tr>\n<tr style=\"height: 17.60pt;\">\n<td class=\"et3\" style=\"height: 17.60pt;\" height=\"17\">MOQ<\/td>\n<td class=\"et3\">500 caixas de cart\u00e3o<\/td>\n<\/tr>\n<tr style=\"height: 17.60pt;\">\n<td class=\"et3\" style=\"height: 17.60pt;\" height=\"17\">Personaliza\u00e7\u00e3o<\/td>\n<td class=\"et3\">Embalagem\/LOGO<\/td>\n<\/tr>\n<\/tbody>\n<\/table>","protected":false},"featured_media":28783,"comment_status":"closed","ping_status":"closed","template":"","meta":[],"product_cat":[77],"product_tag":[],"class_list":{"0":"post-28764","1":"product","2":"type-product","3":"status-publish","4":"has-post-thumbnail","6":"product_cat-wholesale-roasted-peanuts","8":"first","9":"instock","10":"shipping-taxable","11":"product-type-simple"},"_links":{"self":[{"href":"https:\/\/jxgchocolate.com\/pt\/wp-json\/wp\/v2\/product\/28764","targetHints":{"allow":["GET"]}}],"collection":[{"href":"https:\/\/jxgchocolate.com\/pt\/wp-json\/wp\/v2\/product"}],"about":[{"href":"https:\/\/jxgchocolate.com\/pt\/wp-json\/wp\/v2\/types\/product"}],"replies":[{"embeddable":true,"href":"https:\/\/jxgchocolate.com\/pt\/wp-json\/wp\/v2\/comments?post=28764"}],"version-history":[{"count":0,"href":"https:\/\/jxgchocolate.com\/pt\/wp-json\/wp\/v2\/product\/28764\/revisions"}],"wp:featuredmedia":[{"embeddable":true,"href":"https:\/\/jxgchocolate.com\/pt\/wp-json\/wp\/v2\/media\/28783"}],"wp:attachment":[{"href":"https:\/\/jxgchocolate.com\/pt\/wp-json\/wp\/v2\/media?parent=28764"}],"wp:term":[{"taxonomy":"product_cat","embeddable":true,"href":"https:\/\/jxgchocolate.com\/pt\/wp-json\/wp\/v2\/product_cat?post=28764"},{"taxonomy":"product_tag","embeddable":true,"href":"https:\/\/jxgchocolate.com\/pt\/wp-json\/wp\/v2\/product_tag?post=28764"}],"curies":[{"name":"wp","href":"https:\/\/api.w.org\/{rel}","templated":true}]}}