{"id":28786,"date":"2024-09-04T03:24:16","date_gmt":"2024-09-04T01:18:52","guid":{"rendered":"https:\/\/jxgchocolate.com\/?post_type=product&#038;p=28786"},"modified":"2024-09-04T10:29:06","modified_gmt":"2024-09-04T10:29:06","slug":"bulk-sunflower-seeds-chocolate","status":"publish","type":"product","link":"https:\/\/jxgchocolate.com\/pt\/produto\/bulk-sunflower-seeds-chocolate\/","title":{"rendered":"Sementes de girassol a granel Chocolate com embalagem personalizada"},"content":{"rendered":"<div class=\"wp-block-columns is-layout-flex wp-container-core-columns-is-layout-9d6595d7 wp-block-columns-is-layout-flex\">\n<div class=\"wp-block-column is-layout-flow wp-block-column-is-layout-flow\">\n<h2 class=\"wp-block-heading\">Sementes de girassol a granel Premium Carater\u00edsticas do chocolate:<\/h2>\n\n\n\n<ol class=\"wp-block-list\">\n<li><strong>Mat\u00e9rias-primas de alta qualidade<\/strong>: Chocolate de sementes de girassol a granel utilizando as melhores sementes de girassol, cada uma das quais foi rigorosamente selecionada, com chocolate de alta qualidade, que foi cuidadosamente misturado para tornar cada semente de girassol coberta de chocolate estaladi\u00e7a e deliciosa, esta combina\u00e7\u00e3o \u00fanica aumenta o n\u00edvel de sabor e proporciona um rico prazer gustativo<\/li>\n\n\n\n<li><strong>Dupla garantia de sabor e sa\u00fade<\/strong>: As nossas sementes de girassol cobertas de chocolate por atacado s\u00e3o ricas em vitamina E e outros nutrientes, com alto valor nutricional. Combinadas com chocolate, mant\u00eam os atributos saud\u00e1veis das sementes de girassol e aumentam o sabor do chocolate.<\/li>\n\n\n\n<li><strong>Embalagem personalizada<\/strong>: Chocolate com sementes de girassol a granel Para satisfazer as necessidades de diferentes clientes, fornecemos servi\u00e7os abrangentes de personaliza\u00e7\u00e3o de embalagens. Desde o design da embalagem \u00e0 sele\u00e7\u00e3o de cores, pode personalizar de acordo com a imagem ou tema da sua marca, acrescentando um elemento \u00fanico de personaliza\u00e7\u00e3o empresarial.<\/li>\n\n\n\n<li><strong>Descontos por grosso e coopera\u00e7\u00e3o flex\u00edvel<\/strong>: Sementes de girassol cobertas de chocolate por atacado para clientes que encomendam em grandes quantidades, oferecemos pre\u00e7os competitivos e programas de coopera\u00e7\u00e3o flex\u00edveis. Permite-lhe desfrutar de pre\u00e7os favor\u00e1veis e de um processo de encomenda conveniente. Maximizar a redu\u00e7\u00e3o de custos e aumentar a competitividade dos produtos no mercado<\/li>\n<\/ol>\n<\/div>\n\n\n\n<div class=\"wp-block-column is-layout-flow wp-block-column-is-layout-flow\">\n<figure class=\"wp-block-image size-full\"><img fetchpriority=\"high\" decoding=\"async\" width=\"750\" height=\"750\" src=\"https:\/\/jxgchocolate.com\/wp-content\/uploads\/2024\/09\/Bulk-Sunflower-Seeds-6.webp\" alt=\"Sementes de girassol a granel Chocolate com embalagem personalizada-6\" class=\"wp-image-28794\" srcset=\"https:\/\/jxgchocolate.com\/wp-content\/uploads\/2024\/09\/Bulk-Sunflower-Seeds-6.webp 750w, https:\/\/jxgchocolate.com\/wp-content\/uploads\/2024\/09\/Bulk-Sunflower-Seeds-6-300x300.webp 300w, https:\/\/jxgchocolate.com\/wp-content\/uploads\/2024\/09\/Bulk-Sunflower-Seeds-6-150x150.webp 150w, https:\/\/jxgchocolate.com\/wp-content\/uploads\/2024\/09\/Bulk-Sunflower-Seeds-6-12x12.webp 12w, https:\/\/jxgchocolate.com\/wp-content\/uploads\/2024\/09\/Bulk-Sunflower-Seeds-6-430x430.webp 430w, https:\/\/jxgchocolate.com\/wp-content\/uploads\/2024\/09\/Bulk-Sunflower-Seeds-6-700x700.webp 700w\" sizes=\"(max-width: 750px) 100vw, 750px\" \/><\/figure>\n<\/div>\n<\/div>","protected":false},"excerpt":{"rendered":"<p>Os nossos chocolates de sementes de girassol a granel s\u00e3o feitos a partir de ingredientes de primeira qualidade selecionados, combinando a croc\u00e2ncia das sementes de girassol com a riqueza do chocolate para uma experi\u00eancia de sabor \u00fanica. Oferecemos servi\u00e7os de embalagem personalizados para atender \u00e0s necessidades individuais.<\/p>\n<table style=\"border-collapse: collapse; width: 275.02pt;\" border=\"0\" width=\"275\" cellspacing=\"0\" cellpadding=\"0\">\n<tbody>\n<tr style=\"height: 17.60pt;\">\n<td class=\"et3\" style=\"height: 17.60pt; width: 108.35pt;\" width=\"108\" height=\"17\">Fabricante<\/td>\n<td class=\"et3\" style=\"width: 167.10pt;\" width=\"167\">Fruta da sorte<\/td>\n<\/tr>\n<tr style=\"height: 17.60pt;\">\n<td class=\"et3\" style=\"height: 17.60pt;\" height=\"17\">MODELO NO.<\/td>\n<td class=\"et3\">JXG45<\/td>\n<\/tr>\n<tr style=\"height: 17.60pt;\">\n<td class=\"et3\" style=\"height: 17.60pt;\" height=\"17\">Tipo<\/td>\n<td class=\"et3\">Sementes de girassol Chocolate<\/td>\n<\/tr>\n<tr style=\"height: 17.60pt;\">\n<td class=\"et3\" style=\"height: 17.60pt;\" height=\"17\">Embalagem<\/td>\n<td class=\"et3\">embalagem de saco<\/td>\n<\/tr>\n<tr style=\"height: 17.60pt;\">\n<td class=\"et3\" style=\"height: 17.60pt;\" height=\"17\">Especifica\u00e7\u00e3o<\/td>\n<td class=\"et3\">10 sacos<\/td>\n<\/tr>\n<tr style=\"height: 17.60pt;\">\n<td class=\"et3\" style=\"height: 17.60pt;\" height=\"17\">Tamanho da caixa<\/td>\n<td class=\"et3\">24*6*18 cm<\/td>\n<\/tr>\n<tr style=\"height: 17.60pt;\">\n<td class=\"et3\" style=\"height: 17.60pt;\" height=\"17\">N.W \/SET<\/td>\n<td class=\"et3\">1kg*10 sacos<\/td>\n<\/tr>\n<tr style=\"height: 17.60pt;\">\n<td class=\"et3\" style=\"height: 17.60pt;\" height=\"17\">Cor<\/td>\n<td class=\"et3\">Como imagem<\/td>\n<\/tr>\n<tr style=\"height: 17.60pt;\">\n<td class=\"et3\" style=\"height: 17.60pt;\" height=\"17\">MOQ<\/td>\n<td class=\"et3\">500 caixas de cart\u00e3o<\/td>\n<\/tr>\n<tr style=\"height: 17.60pt;\">\n<td class=\"et3\" style=\"height: 17.60pt;\" height=\"17\">Personaliza\u00e7\u00e3o<\/td>\n<td class=\"et3\">Embalagem\/LOGO<\/td>\n<\/tr>\n<\/tbody>\n<\/table>","protected":false},"featured_media":28792,"comment_status":"closed","ping_status":"closed","template":"","meta":[],"product_cat":[72],"product_tag":[],"class_list":{"0":"post-28786","1":"product","2":"type-product","3":"status-publish","4":"has-post-thumbnail","6":"product_cat-wholesale-chocolate-covered-sunflower-seeds","8":"first","9":"instock","10":"shipping-taxable","11":"product-type-simple"},"_links":{"self":[{"href":"https:\/\/jxgchocolate.com\/pt\/wp-json\/wp\/v2\/product\/28786","targetHints":{"allow":["GET"]}}],"collection":[{"href":"https:\/\/jxgchocolate.com\/pt\/wp-json\/wp\/v2\/product"}],"about":[{"href":"https:\/\/jxgchocolate.com\/pt\/wp-json\/wp\/v2\/types\/product"}],"replies":[{"embeddable":true,"href":"https:\/\/jxgchocolate.com\/pt\/wp-json\/wp\/v2\/comments?post=28786"}],"version-history":[{"count":0,"href":"https:\/\/jxgchocolate.com\/pt\/wp-json\/wp\/v2\/product\/28786\/revisions"}],"wp:featuredmedia":[{"embeddable":true,"href":"https:\/\/jxgchocolate.com\/pt\/wp-json\/wp\/v2\/media\/28792"}],"wp:attachment":[{"href":"https:\/\/jxgchocolate.com\/pt\/wp-json\/wp\/v2\/media?parent=28786"}],"wp:term":[{"taxonomy":"product_cat","embeddable":true,"href":"https:\/\/jxgchocolate.com\/pt\/wp-json\/wp\/v2\/product_cat?post=28786"},{"taxonomy":"product_tag","embeddable":true,"href":"https:\/\/jxgchocolate.com\/pt\/wp-json\/wp\/v2\/product_tag?post=28786"}],"curies":[{"name":"wp","href":"https:\/\/api.w.org\/{rel}","templated":true}]}}