{"id":28797,"date":"2024-09-04T09:31:16","date_gmt":"2024-09-04T03:59:25","guid":{"rendered":"https:\/\/jxgchocolate.com\/?post_type=product&#038;p=28797"},"modified":"2025-03-08T05:20:30","modified_gmt":"2025-03-08T05:20:30","slug":"wholesale-white-chocolate-covered-peanuts","status":"publish","type":"product","link":"https:\/\/jxgchocolate.com\/pt\/produto\/wholesale-white-chocolate-covered-peanuts\/","title":{"rendered":"Amendoins com cobertura de chocolate branco por atacado com caixas de pl\u00e1stico"},"content":{"rendered":"<div class=\"wp-block-columns is-layout-flex wp-container-core-columns-is-layout-9d6595d7 wp-block-columns-is-layout-flex\">\n<div class=\"wp-block-column is-layout-flow wp-block-column-is-layout-flow\">\n<h2 class=\"wp-block-heading\">Amendoins com cobertura de chocolate branco por atacado Premium Carater\u00edsticas:<\/h2>\n\n\n\n<ul class=\"wp-block-list\">\n<li><strong>Ingredientes selecionados: <\/strong>Os nossos amendoins com cobertura de chocolate branco por grosso s\u00e3o feitos com o melhor chocolate branco e os melhores amendoins. Cada amendoim \u00e9 cuidadosamente selecionado para ser estaladi\u00e7o e cheio, enquanto a cobertura de chocolate branco \u00e9 cremosa e rica, uma combina\u00e7\u00e3o rara que proporciona profundidade e enriquece a experi\u00eancia gustativa.<\/li>\n\n\n\n<li><strong>Saud\u00e1vel e nutritivo: <\/strong>Os nossos amendoins de chocolate branco por atacado s\u00e3o ricos em prote\u00ednas, vitamina E e minerais, e quando combinados com chocolate branco, n\u00e3o s\u00f3 ret\u00eam o valor nutricional dos amendoins, mas tamb\u00e9m captam o esp\u00edrito do chocolate. A dupla garantia de sa\u00fade e sabor faz deste artigo um favorito em todas as idades.<\/li>\n\n\n\n<li><strong>Embalagens personalizadas e personalizadas: <\/strong>Oferecemos amendoins cobertos de chocolate branco por atacado com embalagens personalizadas que podem ser adaptadas \u00e0s necessidades espec\u00edficas dos nossos clientes. Assegure-se de que cada por\u00e7\u00e3o exprime as suas pr\u00f3prias ideias.<\/li>\n\n\n\n<li><strong>Descontos por atacado: <\/strong>Os nossos amendoins de chocolate branco por atacado s\u00e3o oferecidos com pre\u00e7os competitivos e personaliza\u00e7\u00e3o. Pode obter taxas preferenciais e um processo de encomenda conveniente como retalhista, distribuidor ou comprador empresarial. Ajudamo-lo a manter os custos baixos e a tornar os seus produtos mais competitivos no mercado.<\/li>\n<\/ul>\n<\/div>\n\n\n\n<div class=\"wp-block-column is-layout-flow wp-block-column-is-layout-flow\">\n<figure class=\"wp-block-image size-full\"><img fetchpriority=\"high\" decoding=\"async\" width=\"750\" height=\"750\" src=\"https:\/\/jxgchocolate.com\/wp-content\/uploads\/2024\/09\/wholesale-white-chocolate-covered-peanuts-4.webp\" alt=\"amendoins com cobertura de chocolate branco por atacado 4\" class=\"wp-image-28811\" srcset=\"https:\/\/jxgchocolate.com\/wp-content\/uploads\/2024\/09\/wholesale-white-chocolate-covered-peanuts-4.webp 750w, https:\/\/jxgchocolate.com\/wp-content\/uploads\/2024\/09\/wholesale-white-chocolate-covered-peanuts-4-300x300.webp 300w, https:\/\/jxgchocolate.com\/wp-content\/uploads\/2024\/09\/wholesale-white-chocolate-covered-peanuts-4-150x150.webp 150w, https:\/\/jxgchocolate.com\/wp-content\/uploads\/2024\/09\/wholesale-white-chocolate-covered-peanuts-4-12x12.webp 12w, https:\/\/jxgchocolate.com\/wp-content\/uploads\/2024\/09\/wholesale-white-chocolate-covered-peanuts-4-430x430.webp 430w, https:\/\/jxgchocolate.com\/wp-content\/uploads\/2024\/09\/wholesale-white-chocolate-covered-peanuts-4-700x700.webp 700w\" sizes=\"(max-width: 750px) 100vw, 750px\" \/><\/figure>\n<\/div>\n<\/div>\n\n\n\n<p><\/p>","protected":false},"excerpt":{"rendered":"<p>Bem-vindo ao comprar doces de chocolate branco. Os nossos amendoins cobertos com chocolate branco por atacado s\u00e3o feitos de materiais de alta qualidade, combinando amendoins com chocolate branco para um sabor estranho. E o estilo personalizado faz com que seja uma sele\u00e7\u00e3o ideal de snacks.<\/p>\n<table style=\"border-collapse: collapse; width: 275.02pt;\" border=\"0\" width=\"275\" cellspacing=\"0\" cellpadding=\"0\">\n<tbody>\n<tr style=\"height: 17.60pt;\">\n<td class=\"et3\" style=\"height: 17.60pt; width: 108.35pt;\" width=\"108\" height=\"17\">Fabricante<\/td>\n<td class=\"et3\" style=\"width: 167.10pt;\" width=\"167\">Fruta da sorte<\/td>\n<\/tr>\n<tr style=\"height: 17.60pt;\">\n<td class=\"et3\" style=\"height: 17.60pt;\" height=\"17\">MODELO NO.<\/td>\n<td class=\"et3\">JXG46<\/td>\n<\/tr>\n<tr style=\"height: 17.60pt;\">\n<td class=\"et3\" style=\"height: 17.60pt;\" height=\"17\">Tipo<\/td>\n<td class=\"et3\">Amendoins de chocolate<\/td>\n<\/tr>\n<tr style=\"height: 17.60pt;\">\n<td class=\"et3\" style=\"height: 17.60pt;\" height=\"17\">Embalagem<\/td>\n<td class=\"et3\">Embalagem em caixa<\/td>\n<\/tr>\n<tr style=\"height: 17.60pt;\">\n<td class=\"et3\" style=\"height: 17.60pt;\" height=\"17\">Especifica\u00e7\u00e3o<\/td>\n<td class=\"et3\">12 caixas<\/td>\n<\/tr>\n<tr style=\"height: 17.60pt;\">\n<td class=\"et3\" style=\"height: 17.60pt;\" height=\"17\">Tamanho da caixa<\/td>\n<td class=\"et3\">19,5*15*10,5 cm<\/td>\n<\/tr>\n<tr style=\"height: 17.60pt;\">\n<td class=\"et3\" style=\"height: 17.60pt;\" height=\"17\">N.W \/SET<\/td>\n<td class=\"et3\">400g*12 caixas<\/td>\n<\/tr>\n<tr style=\"height: 17.60pt;\">\n<td class=\"et3\" style=\"height: 17.60pt;\" height=\"17\">Cor<\/td>\n<td class=\"et3\">Como imagem<\/td>\n<\/tr>\n<tr style=\"height: 17.60pt;\">\n<td class=\"et3\" style=\"height: 17.60pt;\" height=\"17\">MOQ<\/td>\n<td class=\"et3\">500 caixas de cart\u00e3o<\/td>\n<\/tr>\n<tr style=\"height: 17.60pt;\">\n<td class=\"et3\" style=\"height: 17.60pt;\" height=\"17\">Personaliza\u00e7\u00e3o<\/td>\n<td class=\"et3\">Embalagem\/LOGO<\/td>\n<\/tr>\n<\/tbody>\n<\/table>","protected":false},"featured_media":28808,"comment_status":"closed","ping_status":"closed","template":"","meta":[],"product_cat":[73],"product_tag":[],"class_list":{"0":"post-28797","1":"product","2":"type-product","3":"status-publish","4":"has-post-thumbnail","6":"product_cat-wholesale-chocolate-covered-peanuts","8":"first","9":"instock","10":"shipping-taxable","11":"product-type-simple"},"_links":{"self":[{"href":"https:\/\/jxgchocolate.com\/pt\/wp-json\/wp\/v2\/product\/28797","targetHints":{"allow":["GET"]}}],"collection":[{"href":"https:\/\/jxgchocolate.com\/pt\/wp-json\/wp\/v2\/product"}],"about":[{"href":"https:\/\/jxgchocolate.com\/pt\/wp-json\/wp\/v2\/types\/product"}],"replies":[{"embeddable":true,"href":"https:\/\/jxgchocolate.com\/pt\/wp-json\/wp\/v2\/comments?post=28797"}],"version-history":[{"count":12,"href":"https:\/\/jxgchocolate.com\/pt\/wp-json\/wp\/v2\/product\/28797\/revisions"}],"predecessor-version":[{"id":29608,"href":"https:\/\/jxgchocolate.com\/pt\/wp-json\/wp\/v2\/product\/28797\/revisions\/29608"}],"wp:featuredmedia":[{"embeddable":true,"href":"https:\/\/jxgchocolate.com\/pt\/wp-json\/wp\/v2\/media\/28808"}],"wp:attachment":[{"href":"https:\/\/jxgchocolate.com\/pt\/wp-json\/wp\/v2\/media?parent=28797"}],"wp:term":[{"taxonomy":"product_cat","embeddable":true,"href":"https:\/\/jxgchocolate.com\/pt\/wp-json\/wp\/v2\/product_cat?post=28797"},{"taxonomy":"product_tag","embeddable":true,"href":"https:\/\/jxgchocolate.com\/pt\/wp-json\/wp\/v2\/product_tag?post=28797"}],"curies":[{"name":"wp","href":"https:\/\/api.w.org\/{rel}","templated":true}]}}