{"id":28830,"date":"2024-09-06T08:13:44","date_gmt":"2024-09-06T08:13:44","guid":{"rendered":"https:\/\/jxgchocolate.com\/?post_type=product&#038;p=28830"},"modified":"2025-03-08T04:11:29","modified_gmt":"2025-03-08T04:11:29","slug":"crunchy-chocolate-balls-in-bulk","status":"publish","type":"product","link":"https:\/\/jxgchocolate.com\/pt\/produto\/crunchy-chocolate-balls-in-bulk\/","title":{"rendered":"Bolas de chocolate crocantes a granel, pacote pequeno de bolas de chocolate por atacado"},"content":{"rendered":"<div class=\"wp-block-columns is-layout-flex wp-container-core-columns-is-layout-9d6595d7 wp-block-columns-is-layout-flex\">\n<div class=\"wp-block-column is-vertically-aligned-center is-layout-flow wp-block-column-is-layout-flow\">\n<h3 class=\"wp-block-heading\">Bolas de chocolate crocantes Premium a granel Carater\u00edsticas:<\/h3>\n\n\n\n<ul class=\"wp-block-list\">\n<li><strong>O m\u00e1ximo de sabor, o dobro do prazer:<\/strong> Cada bola de chocolate crocante a granel \u00e9 um sucesso culin\u00e1rio, com o rico chocolate exterior e o interior crocante das bolachas combinados com sucesso para formar uma dupla sensa\u00e7\u00e3o nunca antes experimentada. Esta mistura \u00fanica \u00e9 imbat\u00edvel.<\/li>\n\n\n\n<li><strong>Controlo de qualidade rigoroso, saud\u00e1vel e sem preocupa\u00e7\u00f5es: <\/strong>Nosso chocolate de bolas crocantes por atacado, desde a compra de mat\u00e9rias-primas at\u00e9 a produ\u00e7\u00e3o e processamento, cada link segue rigorosamente os padr\u00f5es da ind\u00fastria e os procedimentos de controle de qualidade. Selecionar mat\u00e9rias-primas de alta qualidade para o chocolate para garantir rico e delicioso, sem adicionar ingredientes t\u00f3xicos, para garantir a sa\u00fade alimentar, para que possa comer com confian\u00e7a.<\/li>\n\n\n\n<li><strong>Personaliza\u00e7\u00e3o personalizada: <\/strong>Fornecemos uma gama completa de servi\u00e7os de personaliza\u00e7\u00e3o individualizados para bolas de chocolate crocantes e volumosas que podem ser personalizadas de acordo com as suas necessidades. \u00c9 a escolha ideal para a exibi\u00e7\u00e3o da cultura de marca da sua organiza\u00e7\u00e3o.<\/li>\n\n\n\n<li><strong>Compras por grosso, muitos descontos: <\/strong>Fornecemos um invent\u00e1rio suficiente e solu\u00e7\u00f5es flex\u00edveis de encomenda de bolas de chocolate crocantes a granel para garantir que pode satisfazer grandes exig\u00eancias de forma mais econ\u00f3mica, enquanto desfruta das vantagens de custo trazidas pela aquisi\u00e7\u00e3o a granel.<\/li>\n<\/ul>\n<\/div>\n\n\n\n<div class=\"wp-block-column is-layout-flow wp-block-column-is-layout-flow\">\n<figure class=\"wp-block-image size-full\"><img fetchpriority=\"high\" decoding=\"async\" width=\"640\" height=\"640\" src=\"https:\/\/jxgchocolate.com\/wp-content\/uploads\/2024\/09\/Crunchy-Chocolate-Balls-In-Bulk-6.webp\" alt=\"Bolas de chocolate crocantes a granel 6\" class=\"wp-image-28838\" srcset=\"https:\/\/jxgchocolate.com\/wp-content\/uploads\/2024\/09\/Crunchy-Chocolate-Balls-In-Bulk-6.webp 640w, https:\/\/jxgchocolate.com\/wp-content\/uploads\/2024\/09\/Crunchy-Chocolate-Balls-In-Bulk-6-300x300.webp 300w, https:\/\/jxgchocolate.com\/wp-content\/uploads\/2024\/09\/Crunchy-Chocolate-Balls-In-Bulk-6-150x150.webp 150w, https:\/\/jxgchocolate.com\/wp-content\/uploads\/2024\/09\/Crunchy-Chocolate-Balls-In-Bulk-6-12x12.webp 12w, https:\/\/jxgchocolate.com\/wp-content\/uploads\/2024\/09\/Crunchy-Chocolate-Balls-In-Bulk-6-430x430.webp 430w\" sizes=\"(max-width: 640px) 100vw, 640px\" \/><\/figure>\n<\/div>\n<\/div>\n\n\n\n<p><\/p>","protected":false},"excerpt":{"rendered":"<p>Bem-vindo a comprar bolas de chocolate crocantes por atacado. As nossas bolas de chocolate crocantes a granel s\u00e3o produzidas com materiais de alta qualidade, centro de biscoito crocante e chocolate rico, proporcionando uma experi\u00eancia de sabor \u00fanico. Os servi\u00e7os de embalagem personalizados satisfazem as suas necessidades pessoais, e os descontos por atacado a granel permitem-lhe desfrutar de mais comodidade.<\/p>\n<table style=\"border-collapse: collapse; width: 275.02pt;\" border=\"0\" width=\"275\" cellspacing=\"0\" cellpadding=\"0\">\n<tbody>\n<tr style=\"height: 17.60pt;\">\n<td class=\"et3\" style=\"height: 17.60pt; width: 108.35pt;\" width=\"108\" height=\"17\">Fabricante<\/td>\n<td class=\"et3\" style=\"width: 167.10pt;\" width=\"167\">Fruta da sorte<\/td>\n<\/tr>\n<tr style=\"height: 17.60pt;\">\n<td class=\"et3\" style=\"height: 17.60pt;\" height=\"17\">MODELO NO.<\/td>\n<td class=\"et3\">JXG48<\/td>\n<\/tr>\n<tr style=\"height: 17.60pt;\">\n<td class=\"et3\" style=\"height: 17.60pt;\" height=\"17\">Tipo<\/td>\n<td class=\"et3\">Bolas de Chocolate Crocantes<\/td>\n<\/tr>\n<tr style=\"height: 17.60pt;\">\n<td class=\"et3\" style=\"height: 17.60pt;\" height=\"17\">Embalagem<\/td>\n<td class=\"et3\">embalagem de saco<\/td>\n<\/tr>\n<tr style=\"height: 17.60pt;\">\n<td class=\"et3\" style=\"height: 17.60pt;\" height=\"17\">Especifica\u00e7\u00e3o<\/td>\n<td class=\"et3\">30 sacos<\/td>\n<\/tr>\n<tr style=\"height: 17.60pt;\">\n<td class=\"et3\" style=\"height: 17.60pt;\" height=\"17\">Tamanho da caixa<\/td>\n<td class=\"et3\">31*8*25 cm<\/td>\n<\/tr>\n<tr style=\"height: 17.60pt;\">\n<td class=\"et3\" style=\"height: 17.60pt;\" height=\"17\">N.W \/SET<\/td>\n<td class=\"et3\">3.50g*72Pcs*30bags<\/td>\n<\/tr>\n<tr style=\"height: 17.60pt;\">\n<td class=\"et3\" style=\"height: 17.60pt;\" height=\"17\">Cor<\/td>\n<td class=\"et3\">Como imagem<\/td>\n<\/tr>\n<tr style=\"height: 17.60pt;\">\n<td class=\"et3\" style=\"height: 17.60pt;\" height=\"17\">MOQ<\/td>\n<td class=\"et3\">500 caixas de cart\u00e3o<\/td>\n<\/tr>\n<tr style=\"height: 17.60pt;\">\n<td class=\"et3\" style=\"height: 17.60pt;\" height=\"17\">Personaliza\u00e7\u00e3o<\/td>\n<td class=\"et3\">Embalagem\/LOGO<\/td>\n<\/tr>\n<\/tbody>\n<\/table>","protected":false},"featured_media":28834,"comment_status":"closed","ping_status":"closed","template":"","meta":[],"product_cat":[74],"product_tag":[],"class_list":{"0":"post-28830","1":"product","2":"type-product","3":"status-publish","4":"has-post-thumbnail","6":"product_cat-wholesale-crunchy-chocolate-balls","8":"first","9":"instock","10":"shipping-taxable","11":"product-type-simple"},"_links":{"self":[{"href":"https:\/\/jxgchocolate.com\/pt\/wp-json\/wp\/v2\/product\/28830","targetHints":{"allow":["GET"]}}],"collection":[{"href":"https:\/\/jxgchocolate.com\/pt\/wp-json\/wp\/v2\/product"}],"about":[{"href":"https:\/\/jxgchocolate.com\/pt\/wp-json\/wp\/v2\/types\/product"}],"replies":[{"embeddable":true,"href":"https:\/\/jxgchocolate.com\/pt\/wp-json\/wp\/v2\/comments?post=28830"}],"version-history":[{"count":0,"href":"https:\/\/jxgchocolate.com\/pt\/wp-json\/wp\/v2\/product\/28830\/revisions"}],"wp:featuredmedia":[{"embeddable":true,"href":"https:\/\/jxgchocolate.com\/pt\/wp-json\/wp\/v2\/media\/28834"}],"wp:attachment":[{"href":"https:\/\/jxgchocolate.com\/pt\/wp-json\/wp\/v2\/media?parent=28830"}],"wp:term":[{"taxonomy":"product_cat","embeddable":true,"href":"https:\/\/jxgchocolate.com\/pt\/wp-json\/wp\/v2\/product_cat?post=28830"},{"taxonomy":"product_tag","embeddable":true,"href":"https:\/\/jxgchocolate.com\/pt\/wp-json\/wp\/v2\/product_tag?post=28830"}],"curies":[{"name":"wp","href":"https:\/\/api.w.org\/{rel}","templated":true}]}}