{"id":28845,"date":"2024-09-07T01:19:54","date_gmt":"2024-09-07T01:19:54","guid":{"rendered":"https:\/\/jxgchocolate.com\/?post_type=product&#038;p=28845"},"modified":"2025-03-08T02:53:20","modified_gmt":"2025-03-08T02:53:20","slug":"crunchy-chocolate-balls-wholesale","status":"publish","type":"product","link":"https:\/\/jxgchocolate.com\/pt\/produto\/crunchy-chocolate-balls-wholesale\/","title":{"rendered":"Bolas de chocolate crocantes quentes por atacado, Bolas de chocolate crocantes com v\u00e1rios sabores"},"content":{"rendered":"<div class=\"wp-block-columns is-layout-flex wp-container-core-columns-is-layout-9d6595d7 wp-block-columns-is-layout-flex\">\n<div class=\"wp-block-column is-vertically-aligned-center is-layout-flow wp-block-column-is-layout-flow\">\n<h3 class=\"wp-block-heading\">Bolas de chocolate crocantes Premium Carater\u00edsticas por atacado:<\/h3>\n\n\n\n<ul class=\"wp-block-list\">\n<li><strong>Sabor \u00fanico com v\u00e1rias camadas: <\/strong>Esta bola de chocolate crocante de grande venda por atacado utiliza um processo inovador. O exterior \u00e9 de chocolate rico e o interior \u00e9 de biscoitos estaladi\u00e7os. A mistura deste sabor \u00fanico proporciona aos consumidores uma experi\u00eancia de sabor em v\u00e1rias camadas e um snack memor\u00e1vel.<\/li>\n\n\n\n<li><strong>Materiais selecionados para garantir a qualidade: <\/strong>N\u00f3s mantemos a utiliza\u00e7\u00e3o de mat\u00e9rias-primas de alta qualidade para bolas de chocolate crocantes por atacado. Atrav\u00e9s de uma rigorosa sele\u00e7\u00e3o e controlo das mat\u00e9rias-primas, garantimos o elevado n\u00edvel de qualidade das bolas de chocolate. \u00c9 uma resposta positiva a alimentos saud\u00e1veis e uma raz\u00e3o importante para as vendas quentes do produto.<\/li>\n\n\n\n<li><strong>Servi\u00e7o de embalagem personalizado: <\/strong>Para atender \u00e0s necessidades de diferentes compradores b2b de bola de chocolate crocante por atacado, fornecemos design de embalagem personalizado para melhorar a imagem da marca.<\/li>\n\n\n\n<li><strong>Encomendas por grosso, pre\u00e7os preferenciais: <\/strong>Como um fabricante com vasta experi\u00eancia em bola de chocolate crocante por atacado, podemos controlar eficazmente os custos de produ\u00e7\u00e3o e maximizar a rela\u00e7\u00e3o custo-efic\u00e1cia. Isto permite-lhe obter produtos rent\u00e1veis. No mercado de produtos similares, escolher cooperar connosco significa escolher um parceiro est\u00e1vel, fi\u00e1vel e competitivo na cadeia de fornecimento.<\/li>\n<\/ul>\n<\/div>\n\n\n\n<div class=\"wp-block-column is-layout-flow wp-block-column-is-layout-flow\">\n<figure class=\"wp-block-image size-full\"><img fetchpriority=\"high\" decoding=\"async\" width=\"640\" height=\"640\" src=\"https:\/\/jxgchocolate.com\/wp-content\/uploads\/2024\/09\/Crunchy-Chocolate-Balls-Wholesale-1.webp\" alt=\"Bolas de chocolate crocantes Wholesale 1\" class=\"wp-image-28849\" srcset=\"https:\/\/jxgchocolate.com\/wp-content\/uploads\/2024\/09\/Crunchy-Chocolate-Balls-Wholesale-1.webp 640w, https:\/\/jxgchocolate.com\/wp-content\/uploads\/2024\/09\/Crunchy-Chocolate-Balls-Wholesale-1-300x300.webp 300w, https:\/\/jxgchocolate.com\/wp-content\/uploads\/2024\/09\/Crunchy-Chocolate-Balls-Wholesale-1-150x150.webp 150w, https:\/\/jxgchocolate.com\/wp-content\/uploads\/2024\/09\/Crunchy-Chocolate-Balls-Wholesale-1-12x12.webp 12w, https:\/\/jxgchocolate.com\/wp-content\/uploads\/2024\/09\/Crunchy-Chocolate-Balls-Wholesale-1-430x430.webp 430w\" sizes=\"(max-width: 640px) 100vw, 640px\" \/><\/figure>\n<\/div>\n<\/div>\n\n\n\n<p><\/p>","protected":false},"excerpt":{"rendered":"<p>Bem-vindo \u00e0 compra de bolas de chocolate crocantes a granel. Nossas bolas de chocolate crocantes selecionadas por atacado t\u00eam exterior liso e interior crocante, seu sabor rico \u00e9 inesquec\u00edvel. Fornecer servi\u00e7o de personaliza\u00e7\u00e3o personalizado, fornecimento de f\u00e1brica e garantia de qualidade.<\/p>\n<table style=\"border-collapse: collapse; width: 275.02pt;\" border=\"0\" width=\"275\" cellspacing=\"0\" cellpadding=\"0\">\n<tbody>\n<tr style=\"height: 17.60pt;\">\n<td class=\"et3\" style=\"height: 17.60pt; width: 108.35pt;\" width=\"108\" height=\"17\">Fabricante<\/td>\n<td class=\"et3\" style=\"width: 167.10pt;\" width=\"167\">Fruta da sorte<\/td>\n<\/tr>\n<tr style=\"height: 17.60pt;\">\n<td class=\"et3\" style=\"height: 17.60pt;\" height=\"17\">MODELO NO.<\/td>\n<td class=\"et3\">JXG49<\/td>\n<\/tr>\n<tr style=\"height: 17.60pt;\">\n<td class=\"et3\" style=\"height: 17.60pt;\" height=\"17\">Tipo<\/td>\n<td class=\"et3\">Bolas de Chocolate Crocantes<\/td>\n<\/tr>\n<tr style=\"height: 17.60pt;\">\n<td class=\"et3\" style=\"height: 17.60pt;\" height=\"17\">Embalagem<\/td>\n<td class=\"et3\">Embalagem em caixa<\/td>\n<\/tr>\n<tr style=\"height: 17.60pt;\">\n<td class=\"et3\" style=\"height: 17.60pt;\" height=\"17\">Especifica\u00e7\u00e3o<\/td>\n<td class=\"et3\">20 caixas<\/td>\n<\/tr>\n<tr style=\"height: 17.60pt;\">\n<td class=\"et3\" style=\"height: 17.60pt;\" height=\"17\">Tamanho da caixa<\/td>\n<td class=\"et3\">16*9*15 cm<\/td>\n<\/tr>\n<tr style=\"height: 17.60pt;\">\n<td class=\"et3\" style=\"height: 17.60pt;\" height=\"17\">N.W \/SET<\/td>\n<td class=\"et3\">15g*30 sacos*20 caixas<\/td>\n<\/tr>\n<tr style=\"height: 17.60pt;\">\n<td class=\"et3\" style=\"height: 17.60pt;\" height=\"17\">Cor<\/td>\n<td class=\"et3\">Como imagem<\/td>\n<\/tr>\n<tr style=\"height: 17.60pt;\">\n<td class=\"et3\" style=\"height: 17.60pt;\" height=\"17\">MOQ<\/td>\n<td class=\"et3\">500 caixas de cart\u00e3o<\/td>\n<\/tr>\n<tr style=\"height: 17.60pt;\">\n<td class=\"et3\" style=\"height: 17.60pt;\" height=\"17\">Personaliza\u00e7\u00e3o<\/td>\n<td class=\"et3\">Embalagem\/LOGO<\/td>\n<\/tr>\n<\/tbody>\n<\/table>","protected":false},"featured_media":28849,"comment_status":"closed","ping_status":"closed","template":"","meta":[],"product_cat":[74],"product_tag":[],"class_list":{"0":"post-28845","1":"product","2":"type-product","3":"status-publish","4":"has-post-thumbnail","6":"product_cat-wholesale-crunchy-chocolate-balls","8":"first","9":"instock","10":"shipping-taxable","11":"product-type-simple"},"_links":{"self":[{"href":"https:\/\/jxgchocolate.com\/pt\/wp-json\/wp\/v2\/product\/28845","targetHints":{"allow":["GET"]}}],"collection":[{"href":"https:\/\/jxgchocolate.com\/pt\/wp-json\/wp\/v2\/product"}],"about":[{"href":"https:\/\/jxgchocolate.com\/pt\/wp-json\/wp\/v2\/types\/product"}],"replies":[{"embeddable":true,"href":"https:\/\/jxgchocolate.com\/pt\/wp-json\/wp\/v2\/comments?post=28845"}],"version-history":[{"count":0,"href":"https:\/\/jxgchocolate.com\/pt\/wp-json\/wp\/v2\/product\/28845\/revisions"}],"wp:featuredmedia":[{"embeddable":true,"href":"https:\/\/jxgchocolate.com\/pt\/wp-json\/wp\/v2\/media\/28849"}],"wp:attachment":[{"href":"https:\/\/jxgchocolate.com\/pt\/wp-json\/wp\/v2\/media?parent=28845"}],"wp:term":[{"taxonomy":"product_cat","embeddable":true,"href":"https:\/\/jxgchocolate.com\/pt\/wp-json\/wp\/v2\/product_cat?post=28845"},{"taxonomy":"product_tag","embeddable":true,"href":"https:\/\/jxgchocolate.com\/pt\/wp-json\/wp\/v2\/product_tag?post=28845"}],"curies":[{"name":"wp","href":"https:\/\/api.w.org\/{rel}","templated":true}]}}