{"id":28857,"date":"2024-09-07T02:56:39","date_gmt":"2024-09-07T02:20:50","guid":{"rendered":"https:\/\/jxgchocolate.com\/?post_type=product&#038;p=28857"},"modified":"2025-03-08T05:42:01","modified_gmt":"2025-03-08T05:42:01","slug":"tasty-chocolate-covered-peanuts-supply","status":"publish","type":"product","link":"https:\/\/jxgchocolate.com\/pt\/produto\/tasty-chocolate-covered-peanuts-supply\/","title":{"rendered":"Amendoins com cobertura de chocolate a granel Pre\u00e7o direto da f\u00e1brica"},"content":{"rendered":"<div class=\"wp-block-columns is-layout-flex wp-container-core-columns-is-layout-9d6595d7 wp-block-columns-is-layout-flex\">\n<div class=\"wp-block-column is-layout-flow wp-block-column-is-layout-flow\">\n<h2 class=\"wp-block-heading\">Amendoins Premium com cobertura de chocolate Carater\u00edsticas do fornecimento:<\/h2>\n\n\n\n<ul class=\"wp-block-list\">\n<li><strong>A combina\u00e7\u00e3o perfeita de chocolate e amendoins: <\/strong>O nosso fornecimento de amendoins cobertos de chocolate a granel com pre\u00e7o direto da f\u00e1brica combina de forma \u00f3ptima a harmonia fina da do\u00e7ura e do salgado. Como um lanche para a vida cotidiana ou distribu\u00eddo em uma festa, pode trazer aos consumidores uma experi\u00eancia deliciosa inesquec\u00edvel.<\/li>\n\n\n\n<li><strong>Design de caixa topo de gama, embalagem personalizada: <\/strong>Estes amendoins de chocolate escuro por atacado adotam embalagem de caixa requintada para proteger os alimentos de danos. Al\u00e9m disso, os servi\u00e7os de personaliza\u00e7\u00e3o de embalagens personalizadas s\u00e3o fornecidos para atender \u00e0s necessidades das empresas em todos os aspectos.<\/li>\n\n\n\n<li><strong>Alimenta\u00e7\u00e3o saud\u00e1vel, garantia de qualidade: <\/strong>O processo de produ\u00e7\u00e3o de amendoins cobertos de chocolate a granel com pre\u00e7o direto da f\u00e1brica segue rigorosamente as normas de seguran\u00e7a para garantir que cada amendoim embrulhado em chocolate possa ser saud\u00e1vel e delicioso. Este \u00e9 tamb\u00e9m o fator chave que torna este produto popular no mercado.<\/li>\n\n\n\n<li><strong>Pre\u00e7o acess\u00edvel e elevada rela\u00e7\u00e3o custo-efic\u00e1cia: <\/strong>O nosso amendoim de chocolate preto por atacado pode minimizar os custos de compra da sua empresa. Os nossos pre\u00e7os por grosso t\u00eam uma vantagem competitiva no mercado.<\/li>\n<\/ul>\n<\/div>\n\n\n\n<div class=\"wp-block-column is-layout-flow wp-block-column-is-layout-flow\">\n<figure class=\"wp-block-image size-full\"><img fetchpriority=\"high\" decoding=\"async\" width=\"770\" height=\"697\" src=\"https:\/\/jxgchocolate.com\/wp-content\/uploads\/2024\/09\/Chocolate-Covered-Peanuts-Supply-2.webp\" alt=\"Amendoins com cobertura de chocolate Fornecimento 2\" class=\"wp-image-28862\" srcset=\"https:\/\/jxgchocolate.com\/wp-content\/uploads\/2024\/09\/Chocolate-Covered-Peanuts-Supply-2.webp 770w, https:\/\/jxgchocolate.com\/wp-content\/uploads\/2024\/09\/Chocolate-Covered-Peanuts-Supply-2-331x300.webp 331w, https:\/\/jxgchocolate.com\/wp-content\/uploads\/2024\/09\/Chocolate-Covered-Peanuts-Supply-2-768x695.webp 768w, https:\/\/jxgchocolate.com\/wp-content\/uploads\/2024\/09\/Chocolate-Covered-Peanuts-Supply-2-13x12.webp 13w, https:\/\/jxgchocolate.com\/wp-content\/uploads\/2024\/09\/Chocolate-Covered-Peanuts-Supply-2-430x389.webp 430w, https:\/\/jxgchocolate.com\/wp-content\/uploads\/2024\/09\/Chocolate-Covered-Peanuts-Supply-2-700x634.webp 700w, https:\/\/jxgchocolate.com\/wp-content\/uploads\/2024\/09\/Chocolate-Covered-Peanuts-Supply-2-150x136.webp 150w\" sizes=\"(max-width: 770px) 100vw, 770px\" \/><\/figure>\n<\/div>\n<\/div>\n\n\n\n<p><\/p>","protected":false},"excerpt":{"rendered":"<p>Bem-vindo \u00e0 compra de amendoins de chocolate preto por atacado. O nosso saboroso amendoim coberto de chocolate a granel fornecido pela f\u00e1brica \u00e9 uma mistura perfeita de amendoim e chocolate, proporcionando uma experi\u00eancia de duplo sabor. Com design de caixa high-end e rigoroso controlo de qualidade, \u00e9 a primeira escolha para lanches saud\u00e1veis e deliciosos.<\/p>\n<table style=\"border-collapse: collapse; width: 275.02pt;\" border=\"0\" width=\"275\" cellspacing=\"0\" cellpadding=\"0\">\n<tbody>\n<tr style=\"height: 17.60pt;\">\n<td class=\"et3\" style=\"height: 17.60pt; width: 108.35pt;\" width=\"108\" height=\"17\">Fabricante<\/td>\n<td class=\"et3\" style=\"width: 167.10pt;\" width=\"167\">Fruta da sorte<\/td>\n<\/tr>\n<tr style=\"height: 17.60pt;\">\n<td class=\"et3\" style=\"height: 17.60pt;\" height=\"17\">MODELO NO.<\/td>\n<td class=\"et3\">JXG50<\/td>\n<\/tr>\n<tr style=\"height: 17.60pt;\">\n<td class=\"et3\" style=\"height: 17.60pt;\" height=\"17\">Tipo<\/td>\n<td class=\"et3\">Amendoins de chocolate<\/td>\n<\/tr>\n<tr style=\"height: 17.60pt;\">\n<td class=\"et3\" style=\"height: 17.60pt;\" height=\"17\">Embalagem<\/td>\n<td class=\"et3\">Embalagem em caixa<\/td>\n<\/tr>\n<tr style=\"height: 17.60pt;\">\n<td class=\"et3\" style=\"height: 17.60pt;\" height=\"17\">Especifica\u00e7\u00e3o<\/td>\n<td class=\"et3\">12 caixas<\/td>\n<\/tr>\n<tr style=\"height: 17.60pt;\">\n<td class=\"et3\" style=\"height: 17.60pt;\" height=\"17\">Tamanho da caixa<\/td>\n<td class=\"et3\">15*10*18 cm<\/td>\n<\/tr>\n<tr style=\"height: 17.60pt;\">\n<td class=\"et3\" style=\"height: 17.60pt;\" height=\"17\">N.W \/SET<\/td>\n<td class=\"et3\">26g*24Pcs*12 caixas<\/td>\n<\/tr>\n<tr style=\"height: 17.60pt;\">\n<td class=\"et3\" style=\"height: 17.60pt;\" height=\"17\">Cor<\/td>\n<td class=\"et3\">Como imagem<\/td>\n<\/tr>\n<tr style=\"height: 17.60pt;\">\n<td class=\"et3\" style=\"height: 17.60pt;\" height=\"17\">MOQ<\/td>\n<td class=\"et3\">500 caixas de cart\u00e3o<\/td>\n<\/tr>\n<tr style=\"height: 17.60pt;\">\n<td class=\"et3\" style=\"height: 17.60pt;\" height=\"17\">Personaliza\u00e7\u00e3o<\/td>\n<td class=\"et3\">Embalagem\/LOGO<\/td>\n<\/tr>\n<\/tbody>\n<\/table>","protected":false},"featured_media":28863,"comment_status":"closed","ping_status":"closed","template":"","meta":[],"product_cat":[73],"product_tag":[],"class_list":{"0":"post-28857","1":"product","2":"type-product","3":"status-publish","4":"has-post-thumbnail","6":"product_cat-wholesale-chocolate-covered-peanuts","8":"first","9":"instock","10":"shipping-taxable","11":"product-type-simple"},"_links":{"self":[{"href":"https:\/\/jxgchocolate.com\/pt\/wp-json\/wp\/v2\/product\/28857","targetHints":{"allow":["GET"]}}],"collection":[{"href":"https:\/\/jxgchocolate.com\/pt\/wp-json\/wp\/v2\/product"}],"about":[{"href":"https:\/\/jxgchocolate.com\/pt\/wp-json\/wp\/v2\/types\/product"}],"replies":[{"embeddable":true,"href":"https:\/\/jxgchocolate.com\/pt\/wp-json\/wp\/v2\/comments?post=28857"}],"version-history":[{"count":0,"href":"https:\/\/jxgchocolate.com\/pt\/wp-json\/wp\/v2\/product\/28857\/revisions"}],"wp:featuredmedia":[{"embeddable":true,"href":"https:\/\/jxgchocolate.com\/pt\/wp-json\/wp\/v2\/media\/28863"}],"wp:attachment":[{"href":"https:\/\/jxgchocolate.com\/pt\/wp-json\/wp\/v2\/media?parent=28857"}],"wp:term":[{"taxonomy":"product_cat","embeddable":true,"href":"https:\/\/jxgchocolate.com\/pt\/wp-json\/wp\/v2\/product_cat?post=28857"},{"taxonomy":"product_tag","embeddable":true,"href":"https:\/\/jxgchocolate.com\/pt\/wp-json\/wp\/v2\/product_tag?post=28857"}],"curies":[{"name":"wp","href":"https:\/\/api.w.org\/{rel}","templated":true}]}}