{"id":28923,"date":"2024-09-28T10:03:03","date_gmt":"2024-09-28T10:03:03","guid":{"rendered":"https:\/\/jxgchocolate.com\/?post_type=product&#038;p=28923"},"modified":"2025-03-08T06:04:26","modified_gmt":"2025-03-08T06:04:26","slug":"mini-sunflower-seeds-chocolate-wholesale","status":"publish","type":"product","link":"https:\/\/jxgchocolate.com\/pt\/produto\/mini-sunflower-seeds-chocolate-wholesale\/","title":{"rendered":"Mini Sementes de Girassol Chocolate por Atacado com Pre\u00e7o Competitivo"},"content":{"rendered":"<div class=\"wp-block-columns is-layout-flex wp-container-core-columns-is-layout-9d6595d7 wp-block-columns-is-layout-flex\">\n<div class=\"wp-block-column is-layout-flow wp-block-column-is-layout-flow\">\n<h2 class=\"wp-block-heading\">Mini Sementes de Girassol Premium Chocolate por atacado Carater\u00edsticas:<\/h2>\n\n\n\n<ul class=\"wp-block-list\">\n<li><strong>Mais portabilidade:<\/strong> Sendo pequeno em tamanho, este mini chocolate com sementes de girassol \u00e9 port\u00e1til e pode ser consumido em qualquer lugar e a qualquer momento, o que o torna uma op\u00e7\u00e3o perfeita para levar na mala ou no bolso.<\/li>\n\n\n\n<li><strong>Sabor \u00fanico:<\/strong> O nosso chocolate de sementes de girassol por atacado \u00e9 uma combina\u00e7\u00e3o perfeita entre a riqueza do chocolate e o crocante de nozes das sementes de girassol para produzir um sabor \u00fanico na melhor mistura dos dois.<\/li>\n\n\n\n<li><strong>Controlar o tamanho das por\u00e7\u00f5es: <\/strong>Devido ao tamanho modesto de cada chocolate, o nosso chocolate de sementes de girassol mini por atacado permite aos clientes controlar o tamanho da sua por\u00e7\u00e3o e n\u00e3o ingerir demasiadas calorias de uma s\u00f3 vez.<\/li>\n\n\n\n<li><strong>Variedade de sabores m\u00faltiplos: <\/strong>Nosso chocolate de sementes de girassol por atacado fornece v\u00e1rios sabores variados no mercado para satisfazer os interesses de v\u00e1rios clientes, como chocolate ao leite, chocolate escuro, chocolate branco e assim por diante.<\/li>\n<\/ul>\n<\/div>\n\n\n\n<div class=\"wp-block-column is-layout-flow wp-block-column-is-layout-flow\">\n<figure class=\"wp-block-image size-full\"><img fetchpriority=\"high\" decoding=\"async\" width=\"1800\" height=\"1500\" src=\"https:\/\/jxgchocolate.com\/wp-content\/uploads\/2024\/09\/Competitive-Price-Mini-Sunflower-Seeds-Chocolate-Wholesale-Suppliers1.webp\" alt=\"Pre\u00e7o Competitivo Mini Sementes de Girassol Chocolate Atacado-1\" class=\"wp-image-28928\" srcset=\"https:\/\/jxgchocolate.com\/wp-content\/uploads\/2024\/09\/Competitive-Price-Mini-Sunflower-Seeds-Chocolate-Wholesale-Suppliers1.webp 1800w, https:\/\/jxgchocolate.com\/wp-content\/uploads\/2024\/09\/Competitive-Price-Mini-Sunflower-Seeds-Chocolate-Wholesale-Suppliers1-360x300.webp 360w, https:\/\/jxgchocolate.com\/wp-content\/uploads\/2024\/09\/Competitive-Price-Mini-Sunflower-Seeds-Chocolate-Wholesale-Suppliers1-768x640.webp 768w, https:\/\/jxgchocolate.com\/wp-content\/uploads\/2024\/09\/Competitive-Price-Mini-Sunflower-Seeds-Chocolate-Wholesale-Suppliers1-14x12.webp 14w, https:\/\/jxgchocolate.com\/wp-content\/uploads\/2024\/09\/Competitive-Price-Mini-Sunflower-Seeds-Chocolate-Wholesale-Suppliers1-430x358.webp 430w, https:\/\/jxgchocolate.com\/wp-content\/uploads\/2024\/09\/Competitive-Price-Mini-Sunflower-Seeds-Chocolate-Wholesale-Suppliers1-700x583.webp 700w, https:\/\/jxgchocolate.com\/wp-content\/uploads\/2024\/09\/Competitive-Price-Mini-Sunflower-Seeds-Chocolate-Wholesale-Suppliers1-150x125.webp 150w\" sizes=\"(max-width: 1800px) 100vw, 1800px\" \/><\/figure>\n<\/div>\n<\/div>\n\n\n\n<p><\/p>","protected":false},"excerpt":{"rendered":"<p>Bem-vindo \u00e0 compra de chocolate de sementes de girassol por atacado. O nosso chocolate de sementes de girassol mini por atacado tem n\u00facleo de sementes de girassol crocante e revestido com chocolate suave. Tem um sabor forte e \u00e9 doce, mas n\u00e3o pegajoso. \u00c9 bem apreciado por clientes de todas as idades. Usando mat\u00e9rias-primas de alta qualidade, \u00e9 adequado para lojas de lanches, supermercados e outros atacado a granel.<\/p>\n<table width=\"275\">\n<tbody>\n<tr>\n<td width=\"108\">Fabricante<\/td>\n<td width=\"167\">Fruta da sorte<\/td>\n<\/tr>\n<tr>\n<td>MODELO NO.<\/td>\n<td>JXG40<\/td>\n<\/tr>\n<tr>\n<td>Tipo<\/td>\n<td>Sementes de girassol Chocolate\u00a0<\/td>\n<\/tr>\n<tr>\n<td>Embalagem<\/td>\n<td>embalagem de saco<\/td>\n<\/tr>\n<tr>\n<td>Especifica\u00e7\u00e3o<\/td>\n<td>20 sacos pequenos<\/td>\n<\/tr>\n<tr>\n<td>Tamanho da caixa<\/td>\n<td>53*33*37,5cm<\/td>\n<\/tr>\n<tr>\n<td>N.W \/SET<\/td>\n<td>23g*20Pcs*12bags<\/td>\n<\/tr>\n<tr>\n<td>Cor<\/td>\n<td>Como imagem<\/td>\n<\/tr>\n<tr>\n<td>MOQ<\/td>\n<td>500 caixas de cart\u00e3o<\/td>\n<\/tr>\n<tr>\n<td>Personaliza\u00e7\u00e3o<\/td>\n<td>Embalagem\/LOGO<\/td>\n<\/tr>\n<\/tbody>\n<\/table>","protected":false},"featured_media":28929,"comment_status":"closed","ping_status":"closed","template":"","meta":[],"product_cat":[72],"product_tag":[],"class_list":{"0":"post-28923","1":"product","2":"type-product","3":"status-publish","4":"has-post-thumbnail","6":"product_cat-wholesale-chocolate-covered-sunflower-seeds","8":"first","9":"instock","10":"shipping-taxable","11":"product-type-simple"},"_links":{"self":[{"href":"https:\/\/jxgchocolate.com\/pt\/wp-json\/wp\/v2\/product\/28923","targetHints":{"allow":["GET"]}}],"collection":[{"href":"https:\/\/jxgchocolate.com\/pt\/wp-json\/wp\/v2\/product"}],"about":[{"href":"https:\/\/jxgchocolate.com\/pt\/wp-json\/wp\/v2\/types\/product"}],"replies":[{"embeddable":true,"href":"https:\/\/jxgchocolate.com\/pt\/wp-json\/wp\/v2\/comments?post=28923"}],"version-history":[{"count":8,"href":"https:\/\/jxgchocolate.com\/pt\/wp-json\/wp\/v2\/product\/28923\/revisions"}],"predecessor-version":[{"id":29622,"href":"https:\/\/jxgchocolate.com\/pt\/wp-json\/wp\/v2\/product\/28923\/revisions\/29622"}],"wp:featuredmedia":[{"embeddable":true,"href":"https:\/\/jxgchocolate.com\/pt\/wp-json\/wp\/v2\/media\/28929"}],"wp:attachment":[{"href":"https:\/\/jxgchocolate.com\/pt\/wp-json\/wp\/v2\/media?parent=28923"}],"wp:term":[{"taxonomy":"product_cat","embeddable":true,"href":"https:\/\/jxgchocolate.com\/pt\/wp-json\/wp\/v2\/product_cat?post=28923"},{"taxonomy":"product_tag","embeddable":true,"href":"https:\/\/jxgchocolate.com\/pt\/wp-json\/wp\/v2\/product_tag?post=28923"}],"curies":[{"name":"wp","href":"https:\/\/api.w.org\/{rel}","templated":true}]}}