{"id":28932,"date":"2024-09-28T10:18:58","date_gmt":"2024-09-28T10:18:58","guid":{"rendered":"https:\/\/jxgchocolate.com\/?post_type=product&#038;p=28932"},"modified":"2025-03-08T06:07:08","modified_gmt":"2025-03-08T06:07:08","slug":"milk-tea-chocolate-sunflower-seeds-bulk","status":"publish","type":"product","link":"https:\/\/jxgchocolate.com\/pt\/produto\/milk-tea-chocolate-sunflower-seeds-bulk\/","title":{"rendered":"Sementes de girassol de chocolate com ch\u00e1 de leite a granel a um pre\u00e7o atrativo"},"content":{"rendered":"<div class=\"wp-block-columns is-layout-flex wp-container-core-columns-is-layout-9d6595d7 wp-block-columns-is-layout-flex\">\n<div class=\"wp-block-column is-layout-flow wp-block-column-is-layout-flow\">\n<h2 class=\"wp-block-heading\">Sementes de girassol de chocolate com ch\u00e1 de leite Premium a granel Carater\u00edsticas:<\/h2>\n\n\n\n<ul class=\"wp-block-list\">\n<li><strong>Longa vida \u00fatil: <\/strong>O nosso granulado de sementes de girassol com chocolate de ch\u00e1 de leite tem um sabor perfumado e estaladi\u00e7o, com part\u00edculas carnudas. O seu processo de produ\u00e7\u00e3o \u00fanico garante uma dura\u00e7\u00e3o de conserva\u00e7\u00e3o at\u00e9 10 meses.<\/li>\n\n\n\n<li><strong>Boa forma de embalagem: <\/strong>A embalagem pequena independente pode efetivamente manter o sabor original e o sabor das sementes de girassol cobertas de chocolate por atacado. O conte\u00fado l\u00edquido de 23 gramas \u00e9 mais adequado para cada abertura e degusta\u00e7\u00e3o, doce, mas n\u00e3o gorduroso, derretendo na boca e no cora\u00e7\u00e3o.<\/li>\n\n\n\n<li><strong>Combina\u00e7\u00e3o \u00fanica:<\/strong> O nosso chocolate de ch\u00e1 com leite e sementes de girassol com sabor a ch\u00e1 Yashi Dangcong combina elementos de ch\u00e1 orientais com chocolate ocidental, criando uma misteriosa combina\u00e7\u00e3o de riqueza, do\u00e7ura e frescura. \u00c9 um ch\u00e1 chin\u00eas que pode ser mastigado e comido.<\/li>\n\n\n\n<li><strong>Sabor especial: <\/strong>Estas sementes de girassol cobertas de chocolate com sabor a ch\u00e1 Yashi Dancong mastigadas na boca incorporam o sabor chin\u00eas encontrado no chocolate. \u00c9 leve, doce e agrad\u00e1vel, com um aroma de ch\u00e1 ligeiramente embriagado que \u00e9 dif\u00edcil de apagar o sentimento chin\u00eas.<\/li>\n<\/ul>\n<\/div>\n\n\n\n<div class=\"wp-block-column is-layout-flow wp-block-column-is-layout-flow\">\n<figure class=\"wp-block-image size-full\"><img fetchpriority=\"high\" decoding=\"async\" width=\"1800\" height=\"1500\" src=\"https:\/\/jxgchocolate.com\/wp-content\/uploads\/2024\/09\/Bulk-Chocolate-Covered-Sunflower-Seeds-with-Yashi-Dancong-Tea-Flavor3.webp\" alt=\"Sementes de girassol de chocolate com ch\u00e1 de leite a granel com sabor a ch\u00e1-3\" class=\"wp-image-28936\" srcset=\"https:\/\/jxgchocolate.com\/wp-content\/uploads\/2024\/09\/Bulk-Chocolate-Covered-Sunflower-Seeds-with-Yashi-Dancong-Tea-Flavor3.webp 1800w, https:\/\/jxgchocolate.com\/wp-content\/uploads\/2024\/09\/Bulk-Chocolate-Covered-Sunflower-Seeds-with-Yashi-Dancong-Tea-Flavor3-360x300.webp 360w, https:\/\/jxgchocolate.com\/wp-content\/uploads\/2024\/09\/Bulk-Chocolate-Covered-Sunflower-Seeds-with-Yashi-Dancong-Tea-Flavor3-768x640.webp 768w, https:\/\/jxgchocolate.com\/wp-content\/uploads\/2024\/09\/Bulk-Chocolate-Covered-Sunflower-Seeds-with-Yashi-Dancong-Tea-Flavor3-14x12.webp 14w, https:\/\/jxgchocolate.com\/wp-content\/uploads\/2024\/09\/Bulk-Chocolate-Covered-Sunflower-Seeds-with-Yashi-Dancong-Tea-Flavor3-430x358.webp 430w, https:\/\/jxgchocolate.com\/wp-content\/uploads\/2024\/09\/Bulk-Chocolate-Covered-Sunflower-Seeds-with-Yashi-Dancong-Tea-Flavor3-700x583.webp 700w, https:\/\/jxgchocolate.com\/wp-content\/uploads\/2024\/09\/Bulk-Chocolate-Covered-Sunflower-Seeds-with-Yashi-Dancong-Tea-Flavor3-150x125.webp 150w\" sizes=\"(max-width: 1800px) 100vw, 1800px\" \/><\/figure>\n<\/div>\n<\/div>\n\n\n\n<p><\/p>","protected":false},"excerpt":{"rendered":"<p>Bem-vindo \u00e0 compra de sementes de girassol de chocolate por atacado. Este ch\u00e1 de leite com sementes de girassol de chocolate a granel combina chocolate de alta qualidade com o sabor \u00fanico do ch\u00e1 chin\u00eas. Envolve as sementes de girassol crocantes em chocolate sedoso e mistura-o com um leve aroma de ch\u00e1, trazendo uma experi\u00eancia de sabor em camadas. \u00c9 uma escolha inovadora e \u00fanica de snack de chocolate.<\/p>\n<table width=\"275\">\n<tbody>\n<tr>\n<td width=\"108\">Fabricante<\/td>\n<td width=\"167\">Fruta da sorte<\/td>\n<\/tr>\n<tr>\n<td>MODELO NO.<\/td>\n<td>JXG341<\/td>\n<\/tr>\n<tr>\n<td>Tipo<\/td>\n<td>Sementes de girassol Chocolate<\/td>\n<\/tr>\n<tr>\n<td>Embalagem<\/td>\n<td>embalagem de saco<\/td>\n<\/tr>\n<tr>\n<td>Especifica\u00e7\u00e3o<\/td>\n<td>20 sacos<\/td>\n<\/tr>\n<tr>\n<td>Tamanho da caixa<\/td>\n<td>53*33*37,5cm<\/td>\n<\/tr>\n<tr>\n<td>N.W \/SET<\/td>\n<td>23g*20Pcs*12bags<\/td>\n<\/tr>\n<tr>\n<td>Cor<\/td>\n<td>Como imagem<\/td>\n<\/tr>\n<tr>\n<td>MOQ<\/td>\n<td>500 caixas de cart\u00e3o<\/td>\n<\/tr>\n<tr>\n<td>Personaliza\u00e7\u00e3o<\/td>\n<td>Embalagem\/LOGO<\/td>\n<\/tr>\n<\/tbody>\n<\/table>","protected":false},"featured_media":28935,"comment_status":"closed","ping_status":"closed","template":"","meta":[],"product_cat":[72],"product_tag":[],"class_list":{"0":"post-28932","1":"product","2":"type-product","3":"status-publish","4":"has-post-thumbnail","6":"product_cat-wholesale-chocolate-covered-sunflower-seeds","8":"first","9":"instock","10":"shipping-taxable","11":"product-type-simple"},"_links":{"self":[{"href":"https:\/\/jxgchocolate.com\/pt\/wp-json\/wp\/v2\/product\/28932","targetHints":{"allow":["GET"]}}],"collection":[{"href":"https:\/\/jxgchocolate.com\/pt\/wp-json\/wp\/v2\/product"}],"about":[{"href":"https:\/\/jxgchocolate.com\/pt\/wp-json\/wp\/v2\/types\/product"}],"replies":[{"embeddable":true,"href":"https:\/\/jxgchocolate.com\/pt\/wp-json\/wp\/v2\/comments?post=28932"}],"version-history":[{"count":0,"href":"https:\/\/jxgchocolate.com\/pt\/wp-json\/wp\/v2\/product\/28932\/revisions"}],"wp:featuredmedia":[{"embeddable":true,"href":"https:\/\/jxgchocolate.com\/pt\/wp-json\/wp\/v2\/media\/28935"}],"wp:attachment":[{"href":"https:\/\/jxgchocolate.com\/pt\/wp-json\/wp\/v2\/media?parent=28932"}],"wp:term":[{"taxonomy":"product_cat","embeddable":true,"href":"https:\/\/jxgchocolate.com\/pt\/wp-json\/wp\/v2\/product_cat?post=28932"},{"taxonomy":"product_tag","embeddable":true,"href":"https:\/\/jxgchocolate.com\/pt\/wp-json\/wp\/v2\/product_tag?post=28932"}],"curies":[{"name":"wp","href":"https:\/\/api.w.org\/{rel}","templated":true}]}}