{"id":28957,"date":"2024-10-12T08:43:02","date_gmt":"2024-10-12T08:43:02","guid":{"rendered":"https:\/\/jxgchocolate.com\/?post_type=product&#038;p=28957"},"modified":"2025-03-08T06:33:37","modified_gmt":"2025-03-08T06:33:37","slug":"wholesale-chocolate-coated-sunflower-seeds","status":"publish","type":"product","link":"https:\/\/jxgchocolate.com\/pt\/produto\/wholesale-chocolate-coated-sunflower-seeds\/","title":{"rendered":"Sementes de girassol revestidas de chocolate por atacado a um \u00f3timo pre\u00e7o"},"content":{"rendered":"<div class=\"wp-block-columns is-layout-flex wp-container-core-columns-is-layout-9d6595d7 wp-block-columns-is-layout-flex\">\n<div class=\"wp-block-column is-layout-flow wp-block-column-is-layout-flow\">\n<h2 class=\"wp-block-heading\">Sementes de girassol revestidas com chocolate por atacado Premium Carater\u00edsticas:<\/h2>\n\n\n\n<ul class=\"wp-block-list\">\n<li><strong>Sabor \u00fanico: <\/strong>As nossas sementes de girassol revestidas a chocolate por atacado combinam a do\u00e7ura do chocolate com a croc\u00e2ncia das sementes de girassol, criando uma experi\u00eancia de sabor \u00fanica atrav\u00e9s da fus\u00e3o perfeita dos dois ingredientes.<\/li>\n\n\n\n<li><strong>Diversas op\u00e7\u00f5es de sabores: <\/strong>Podem existir no mercado v\u00e1rios sabores de chocolate de sementes de girassol por grosso, como chocolate de leite, chocolate preto, chocolate branco, etc., para satisfazer as prefer\u00eancias de gosto dos diferentes consumidores.<\/li>\n\n\n\n<li><strong>Rela\u00e7\u00e3o custo-efic\u00e1cia: <\/strong>Em compara\u00e7\u00e3o com outros produtos de chocolate, as nossas sementes de girassol revestidas com chocolate por atacado s\u00e3o mais acess\u00edveis e \u00e9 uma das op\u00e7\u00f5es de lanches rent\u00e1veis.<\/li>\n\n\n\n<li><strong>Conce\u00e7\u00e3o da embalagem: <\/strong>Nosso chocolate de semente de girassol por atacado adota embalagem independente requintada, que n\u00e3o \u00e9 apenas conveniente para a higiene, mas tamb\u00e9m aumenta os atributos de presente do produto, adequado como presentes de f\u00e9rias ou pequenos presentes di\u00e1rios.<\/li>\n<\/ul>\n<\/div>\n\n\n\n<div class=\"wp-block-column is-layout-flow wp-block-column-is-layout-flow\">\n<figure class=\"wp-block-image size-full\"><img fetchpriority=\"high\" decoding=\"async\" width=\"1800\" height=\"1500\" src=\"https:\/\/jxgchocolate.com\/wp-content\/uploads\/2024\/10\/Wholesale-Chocolate-Covered-Sunflower-Seeds-Bulk-With-Box-Packaging2.webp\" alt=\"Sementes de girassol revestidas de chocolate por atacado em caixa pacote-2\" class=\"wp-image-28961\" srcset=\"https:\/\/jxgchocolate.com\/wp-content\/uploads\/2024\/10\/Wholesale-Chocolate-Covered-Sunflower-Seeds-Bulk-With-Box-Packaging2.webp 1800w, https:\/\/jxgchocolate.com\/wp-content\/uploads\/2024\/10\/Wholesale-Chocolate-Covered-Sunflower-Seeds-Bulk-With-Box-Packaging2-360x300.webp 360w, https:\/\/jxgchocolate.com\/wp-content\/uploads\/2024\/10\/Wholesale-Chocolate-Covered-Sunflower-Seeds-Bulk-With-Box-Packaging2-768x640.webp 768w, https:\/\/jxgchocolate.com\/wp-content\/uploads\/2024\/10\/Wholesale-Chocolate-Covered-Sunflower-Seeds-Bulk-With-Box-Packaging2-14x12.webp 14w, https:\/\/jxgchocolate.com\/wp-content\/uploads\/2024\/10\/Wholesale-Chocolate-Covered-Sunflower-Seeds-Bulk-With-Box-Packaging2-430x358.webp 430w, https:\/\/jxgchocolate.com\/wp-content\/uploads\/2024\/10\/Wholesale-Chocolate-Covered-Sunflower-Seeds-Bulk-With-Box-Packaging2-700x583.webp 700w, https:\/\/jxgchocolate.com\/wp-content\/uploads\/2024\/10\/Wholesale-Chocolate-Covered-Sunflower-Seeds-Bulk-With-Box-Packaging2-150x125.webp 150w\" sizes=\"(max-width: 1800px) 100vw, 1800px\" \/><\/figure>\n<\/div>\n<\/div>","protected":false},"excerpt":{"rendered":"<p>Bem-vindo \u00e0 compra por atacado de sementes de girassol revestidas com chocolate. Nosso chocolate de semente de girassol a granel tem embalagem pequena independente, que \u00e9 melhor para armazenamento e mais f\u00e1cil para compartilhamento port\u00e1til. \u00c9 um grande presente para parentes e amigos.<\/p>\n<table style=\"height: 329px;\" width=\"271\">\n<tbody>\n<tr>\n<td width=\"108\">Fabricante<\/td>\n<td width=\"167\">Fruta da sorte<\/td>\n<\/tr>\n<tr>\n<td>MODELO NO.<\/td>\n<td>JXG342<\/td>\n<\/tr>\n<tr>\n<td>Tipo<\/td>\n<td>Sementes de girassol Chocolate<\/td>\n<\/tr>\n<tr>\n<td>Embalagem<\/td>\n<td>embalagem de saco<\/td>\n<\/tr>\n<tr>\n<td>Especifica\u00e7\u00e3o<\/td>\n<td>20 sacos<\/td>\n<\/tr>\n<tr>\n<td>Tamanho da caixa<\/td>\n<td>58*35,5*37,5cm<\/td>\n<\/tr>\n<tr>\n<td>N.W \/SET<\/td>\n<td>23g*20Pcs*12bags<\/td>\n<\/tr>\n<tr>\n<td>Cor<\/td>\n<td>Como imagem<\/td>\n<\/tr>\n<tr>\n<td>MOQ<\/td>\n<td>500 caixas de cart\u00e3o<\/td>\n<\/tr>\n<tr>\n<td>Personaliza\u00e7\u00e3o<\/td>\n<td>Embalagem\/LOGO<\/td>\n<\/tr>\n<\/tbody>\n<\/table>","protected":false},"featured_media":28960,"comment_status":"closed","ping_status":"closed","template":"","meta":[],"product_cat":[72],"product_tag":[],"class_list":{"0":"post-28957","1":"product","2":"type-product","3":"status-publish","4":"has-post-thumbnail","6":"product_cat-wholesale-chocolate-covered-sunflower-seeds","8":"first","9":"instock","10":"shipping-taxable","11":"product-type-simple"},"_links":{"self":[{"href":"https:\/\/jxgchocolate.com\/pt\/wp-json\/wp\/v2\/product\/28957","targetHints":{"allow":["GET"]}}],"collection":[{"href":"https:\/\/jxgchocolate.com\/pt\/wp-json\/wp\/v2\/product"}],"about":[{"href":"https:\/\/jxgchocolate.com\/pt\/wp-json\/wp\/v2\/types\/product"}],"replies":[{"embeddable":true,"href":"https:\/\/jxgchocolate.com\/pt\/wp-json\/wp\/v2\/comments?post=28957"}],"version-history":[{"count":0,"href":"https:\/\/jxgchocolate.com\/pt\/wp-json\/wp\/v2\/product\/28957\/revisions"}],"wp:featuredmedia":[{"embeddable":true,"href":"https:\/\/jxgchocolate.com\/pt\/wp-json\/wp\/v2\/media\/28960"}],"wp:attachment":[{"href":"https:\/\/jxgchocolate.com\/pt\/wp-json\/wp\/v2\/media?parent=28957"}],"wp:term":[{"taxonomy":"product_cat","embeddable":true,"href":"https:\/\/jxgchocolate.com\/pt\/wp-json\/wp\/v2\/product_cat?post=28957"},{"taxonomy":"product_tag","embeddable":true,"href":"https:\/\/jxgchocolate.com\/pt\/wp-json\/wp\/v2\/product_tag?post=28957"}],"curies":[{"name":"wp","href":"https:\/\/api.w.org\/{rel}","templated":true}]}}