{"id":28984,"date":"2024-11-02T07:40:36","date_gmt":"2024-11-02T07:40:36","guid":{"rendered":"https:\/\/jxgchocolate.com\/?post_type=product&#038;p=28984"},"modified":"2024-11-02T07:40:38","modified_gmt":"2024-11-02T07:40:38","slug":"bulk-chocolate-covered-sunflower-seeds-2","status":"publish","type":"product","link":"https:\/\/jxgchocolate.com\/pt\/produto\/bulk-chocolate-covered-sunflower-seeds-2\/","title":{"rendered":"Sementes de girassol cobertas de chocolate a granel com sabor a ch\u00e1 da China"},"content":{"rendered":"<div class=\"wp-block-columns is-layout-flex wp-container-core-columns-is-layout-9d6595d7 wp-block-columns-is-layout-flex\">\n<div class=\"wp-block-column is-layout-flow wp-block-column-is-layout-flow\">\n<h2 class=\"wp-block-heading\">Sementes de girassol cobertas com chocolate Premium a granel Carater\u00edsticas:<\/h2>\n\n\n\n<ul class=\"wp-block-list\">\n<li><strong>Combina\u00e7\u00e3o \u00fanica de sabores: <\/strong>Estas sementes de girassol cobertas de chocolate a granel misturam de forma inteligente o aroma \u00fanico do ch\u00e1 Yashi Dancong com o sabor estaladi\u00e7o das sementes de girassol, criando uma experi\u00eancia de sabor sem precedentes. O aroma complexo e \u00fanico da am\u00eandoa e da madressilva do ch\u00e1 Yashi Dancong, combinado com a do\u00e7ura do chocolate e a croc\u00e2ncia das sementes de girassol, proporciona aos consumidores uma nova experi\u00eancia gustativa.<\/li>\n\n\n\n<li><strong>Valor cultural: <\/strong>O ch\u00e1 Yashi Dancong \u00e9 um dos ch\u00e1s tradicionais mais famosos da China, com um profundo patrim\u00f3nio cultural. Integr\u00e1-lo no chocolate n\u00e3o \u00e9 apenas uma inova\u00e7\u00e3o nos ingredientes, mas tamb\u00e9m uma heran\u00e7a cultural e uma promo\u00e7\u00e3o. As nossas sementes de girassol de chocolate a granel est\u00e3o a permitir que mais jovens consumidores compreendam e experimentem a cultura do ch\u00e1 chin\u00eas desta forma inovadora.<\/li>\n\n\n\n<li><strong>Conceito de sa\u00fade:<\/strong> O pr\u00f3prio ch\u00e1 Yashi Dancong cont\u00e9m antioxidantes ricos, que podem ajudar a melhorar a imunidade e a promover a digest\u00e3o. E as sementes de girassol s\u00e3o ricas em nutrientes, como \u00e1cidos gordos insaturados, prote\u00ednas e vitamina E. Quando combinadas com chocolate, estas sementes de girassol cobertas de chocolate a granel n\u00e3o s\u00f3 preservam a del\u00edcia do chocolate, como tamb\u00e9m aumentam o valor nutricional dos alimentos.<\/li>\n\n\n\n<li><strong>As ocasi\u00f5es adequadas s\u00e3o vastas:<\/strong> Quer seja um pequeno lanche para o ch\u00e1 da tarde, um lanche de lazer no escrit\u00f3rio ou um alimento partilhado em reuni\u00f5es familiares, as sementes de girassol de chocolate a granel com sabor a ch\u00e1 Yashi Dancong podem facilmente adaptar-se a v\u00e1rias ocasi\u00f5es e satisfazer as necessidades de diferentes pessoas.<\/li>\n<\/ul>\n\n\n\n<p><\/p>\n<\/div>\n\n\n\n<div class=\"wp-block-column is-layout-flow wp-block-column-is-layout-flow\">\n<figure class=\"wp-block-image size-full\"><img fetchpriority=\"high\" decoding=\"async\" width=\"1800\" height=\"1500\" src=\"https:\/\/jxgchocolate.com\/wp-content\/uploads\/2024\/11\/Wholesales-Bulk-Order-Chocolate-Covered-Sunflower-Seeds-With-Yashi-Dancong-Tea-Flavor1.webp\" alt=\"Sementes de girassol cobertas de chocolate a granel com sabor a ch\u00e1 da China-1\" class=\"wp-image-28985\" srcset=\"https:\/\/jxgchocolate.com\/wp-content\/uploads\/2024\/11\/Wholesales-Bulk-Order-Chocolate-Covered-Sunflower-Seeds-With-Yashi-Dancong-Tea-Flavor1.webp 1800w, https:\/\/jxgchocolate.com\/wp-content\/uploads\/2024\/11\/Wholesales-Bulk-Order-Chocolate-Covered-Sunflower-Seeds-With-Yashi-Dancong-Tea-Flavor1-360x300.webp 360w, https:\/\/jxgchocolate.com\/wp-content\/uploads\/2024\/11\/Wholesales-Bulk-Order-Chocolate-Covered-Sunflower-Seeds-With-Yashi-Dancong-Tea-Flavor1-768x640.webp 768w, https:\/\/jxgchocolate.com\/wp-content\/uploads\/2024\/11\/Wholesales-Bulk-Order-Chocolate-Covered-Sunflower-Seeds-With-Yashi-Dancong-Tea-Flavor1-14x12.webp 14w, https:\/\/jxgchocolate.com\/wp-content\/uploads\/2024\/11\/Wholesales-Bulk-Order-Chocolate-Covered-Sunflower-Seeds-With-Yashi-Dancong-Tea-Flavor1-430x358.webp 430w, https:\/\/jxgchocolate.com\/wp-content\/uploads\/2024\/11\/Wholesales-Bulk-Order-Chocolate-Covered-Sunflower-Seeds-With-Yashi-Dancong-Tea-Flavor1-700x583.webp 700w, https:\/\/jxgchocolate.com\/wp-content\/uploads\/2024\/11\/Wholesales-Bulk-Order-Chocolate-Covered-Sunflower-Seeds-With-Yashi-Dancong-Tea-Flavor1-150x125.webp 150w\" sizes=\"(max-width: 1800px) 100vw, 1800px\" \/><\/figure>\n<\/div>\n<\/div>","protected":false},"excerpt":{"rendered":"<p>Bem-vindo \u00e0 compra de sementes de girassol com cobertura de chocolate a granel. As sementes de girassol de chocolate a granel com sabor a ch\u00e1 Yashi Dancong s\u00e3o um snack inovador que combina a cultura tradicional do ch\u00e1 com o artesanato moderno do chocolate. N\u00e3o se trata apenas de um petisco delicioso, mas tamb\u00e9m de uma transmiss\u00e3o cultural e emocional, adequada aos consumidores que procuram qualidade de vida e gostam de experimentar coisas novas.<\/p>\n<table width=\"423\">\n<tbody>\n<tr>\n<td width=\"166\">Fabricante<\/td>\n<td width=\"257\">Fruta da sorte<\/td>\n<\/tr>\n<tr>\n<td>MODELO NO.<\/td>\n<td>JXG47<\/td>\n<\/tr>\n<tr>\n<td>Tipo<\/td>\n<td>Sementes de girassol Chocolate<\/td>\n<\/tr>\n<tr>\n<td>Embalagem<\/td>\n<td>embalagem de saco<\/td>\n<\/tr>\n<tr>\n<td>Especifica\u00e7\u00e3o<\/td>\n<td>20 sacos*12 caixas<\/td>\n<\/tr>\n<tr>\n<td>Tamanho da caixa<\/td>\n<td>58*35,5*37,5cm<\/td>\n<\/tr>\n<tr>\n<td>N.W \/SET<\/td>\n<td>23g*20sacos<\/td>\n<\/tr>\n<tr>\n<td>Cor<\/td>\n<td>Como imagem<\/td>\n<\/tr>\n<tr>\n<td>MOQ<\/td>\n<td>500 caixas de cart\u00e3o<\/td>\n<\/tr>\n<tr>\n<td>Personaliza\u00e7\u00e3o<\/td>\n<td>Embalagem\/LOGO<\/td>\n<\/tr>\n<\/tbody>\n<\/table>","protected":false},"featured_media":28986,"comment_status":"closed","ping_status":"closed","template":"","meta":[],"product_cat":[72],"product_tag":[],"class_list":{"0":"post-28984","1":"product","2":"type-product","3":"status-publish","4":"has-post-thumbnail","6":"product_cat-wholesale-chocolate-covered-sunflower-seeds","8":"first","9":"instock","10":"shipping-taxable","11":"product-type-simple"},"_links":{"self":[{"href":"https:\/\/jxgchocolate.com\/pt\/wp-json\/wp\/v2\/product\/28984","targetHints":{"allow":["GET"]}}],"collection":[{"href":"https:\/\/jxgchocolate.com\/pt\/wp-json\/wp\/v2\/product"}],"about":[{"href":"https:\/\/jxgchocolate.com\/pt\/wp-json\/wp\/v2\/types\/product"}],"replies":[{"embeddable":true,"href":"https:\/\/jxgchocolate.com\/pt\/wp-json\/wp\/v2\/comments?post=28984"}],"version-history":[{"count":0,"href":"https:\/\/jxgchocolate.com\/pt\/wp-json\/wp\/v2\/product\/28984\/revisions"}],"wp:featuredmedia":[{"embeddable":true,"href":"https:\/\/jxgchocolate.com\/pt\/wp-json\/wp\/v2\/media\/28986"}],"wp:attachment":[{"href":"https:\/\/jxgchocolate.com\/pt\/wp-json\/wp\/v2\/media?parent=28984"}],"wp:term":[{"taxonomy":"product_cat","embeddable":true,"href":"https:\/\/jxgchocolate.com\/pt\/wp-json\/wp\/v2\/product_cat?post=28984"},{"taxonomy":"product_tag","embeddable":true,"href":"https:\/\/jxgchocolate.com\/pt\/wp-json\/wp\/v2\/product_tag?post=28984"}],"curies":[{"name":"wp","href":"https:\/\/api.w.org\/{rel}","templated":true}]}}