{"id":29043,"date":"2024-11-09T06:55:04","date_gmt":"2024-11-09T06:55:04","guid":{"rendered":"https:\/\/jxgchocolate.com\/?post_type=product&#038;p=29043"},"modified":"2024-11-09T06:55:06","modified_gmt":"2024-11-09T06:55:06","slug":"wholesale-chocolate-bars","status":"publish","type":"product","link":"https:\/\/jxgchocolate.com\/pt\/produto\/wholesale-chocolate-bars\/","title":{"rendered":"Barras de chocolate por atacado com embalagem de design personalizado"},"content":{"rendered":"<div class=\"wp-block-columns is-layout-flex wp-container-core-columns-is-layout-9d6595d7 wp-block-columns-is-layout-flex\">\n<div class=\"wp-block-column is-layout-flow wp-block-column-is-layout-flow\">\n<h2 class=\"wp-block-heading\">Barras de chocolate Premium Wholesale Carater\u00edsticas:<\/h2>\n\n\n\n<ul class=\"wp-block-list\">\n<li><strong>Benef\u00edcios para a sa\u00fade:<\/strong> O chocolate preto cont\u00e9m teobromina e a\u00e7\u00facar que podem desencadear a emiss\u00e3o de dopamina pelo c\u00e9rebro, o que pode dar a um indiv\u00edduo sensa\u00e7\u00f5es de prazer e al\u00edvio do stress e da ansiedade. Para al\u00e9m disso, reduz a press\u00e3o sangu\u00ednea e melhora o fluxo sangu\u00edneo, reduzindo as doen\u00e7as cardiovasculares se tomado com modera\u00e7\u00e3o com as nossas barras de chocolate por atacado.<\/li>\n\n\n\n<li><strong>Sabor e aroma \u00fanicos:<\/strong> Diz-se que o chocolate preto cont\u00e9m um amargor \u00fanico e uma suavidade na sua textura; as nossas barras de chocolate preto a granel d\u00e3o uma sensa\u00e7\u00e3o emocionante quando se dissolvem na boca.<\/li>\n\n\n\n<li><strong>Embalagem requintada e ecol\u00f3gica:<\/strong> \u00c9 adotado um design art\u00edstico \u00fanico que se adequa a presentes e a uso pessoal. Estas barras de chocolate por atacado s\u00e3o embaladas numa caixa exterior de pl\u00e1stico, em conformidade com o conceito de desenvolvimento sustent\u00e1vel. Depois de terminado o chocolate, a caixa exterior pode ser utilizada para armazenamento.<\/li>\n\n\n\n<li><strong>Multi-aplica\u00e7\u00f5es: <\/strong>As nossas barras de chocolate preto a granel s\u00e3o adequadas para um lanche di\u00e1rio puro ou em conjunto com caf\u00e9 e ch\u00e1. As placas de chocolate preto de alta qualidade s\u00e3o a escolha ideal para cozer e podem ser usadas para fazer bolos, brownies, biscoitos e muito mais. Embalagem requintada, placa de chocolate preto de alta qualidade \u00e9 uma excelente escolha para presentes em v\u00e1rios festivais e anivers\u00e1rios.<\/li>\n<\/ul>\n<\/div>\n\n\n\n<div class=\"wp-block-column is-layout-flow wp-block-column-is-layout-flow\">\n<figure class=\"wp-block-image size-full\"><img fetchpriority=\"high\" decoding=\"async\" width=\"2000\" height=\"2000\" src=\"https:\/\/jxgchocolate.com\/wp-content\/uploads\/2024\/11\/Wholesales-Custom-Chocolate-Bars-With-Customized-Design-And-Pacakaging3.webp\" alt=\"Barras de chocolate por atacado com design personalizado Embalagem-3\" class=\"wp-image-29046\" srcset=\"https:\/\/jxgchocolate.com\/wp-content\/uploads\/2024\/11\/Wholesales-Custom-Chocolate-Bars-With-Customized-Design-And-Pacakaging3.webp 2000w, https:\/\/jxgchocolate.com\/wp-content\/uploads\/2024\/11\/Wholesales-Custom-Chocolate-Bars-With-Customized-Design-And-Pacakaging3-300x300.webp 300w, https:\/\/jxgchocolate.com\/wp-content\/uploads\/2024\/11\/Wholesales-Custom-Chocolate-Bars-With-Customized-Design-And-Pacakaging3-150x150.webp 150w, https:\/\/jxgchocolate.com\/wp-content\/uploads\/2024\/11\/Wholesales-Custom-Chocolate-Bars-With-Customized-Design-And-Pacakaging3-768x768.webp 768w, https:\/\/jxgchocolate.com\/wp-content\/uploads\/2024\/11\/Wholesales-Custom-Chocolate-Bars-With-Customized-Design-And-Pacakaging3-12x12.webp 12w, https:\/\/jxgchocolate.com\/wp-content\/uploads\/2024\/11\/Wholesales-Custom-Chocolate-Bars-With-Customized-Design-And-Pacakaging3-430x430.webp 430w, https:\/\/jxgchocolate.com\/wp-content\/uploads\/2024\/11\/Wholesales-Custom-Chocolate-Bars-With-Customized-Design-And-Pacakaging3-700x700.webp 700w\" sizes=\"(max-width: 2000px) 100vw, 2000px\" \/><\/figure>\n<\/div>\n<\/div>\n\n\n\n<p><\/p>","protected":false},"excerpt":{"rendered":"<p>Bem-vindo a comprar barras de chocolate por atacado. As nossas barras de chocolate preto a granel, devido ao seu sabor especial e benef\u00edcios para a sa\u00fade, tornaram-se a primeira escolha entre muitos amantes de chocolate e entusiastas da sa\u00fade. A sec\u00e7\u00e3o de chocolate preto satisfaz a procura de del\u00edcias por parte dos consumidores e assegura garantias duplas em termos de sa\u00fade e qualidade. O chocolate preto \u00e9 uma \u00f3ptima escolha, quer para consumo di\u00e1rio, quer como ingrediente para pastelaria, quer como um excelente presente.<\/p>\n<table width=\"423\">\n<tbody>\n<tr>\n<td width=\"166\">Fabricante<\/td>\n<td width=\"257\">Fruta da sorte<\/td>\n<\/tr>\n<tr>\n<td>MODELO NO.<\/td>\n<td>JXG48<\/td>\n<\/tr>\n<tr>\n<td>Tipo<\/td>\n<td>Barras de chocolate<\/td>\n<\/tr>\n<tr>\n<td>Embalagem<\/td>\n<td>Embalagem em caixa<\/td>\n<\/tr>\n<tr>\n<td>Especifica\u00e7\u00e3o<\/td>\n<td>10 pe\u00e7as*12 caixas<\/td>\n<\/tr>\n<tr>\n<td>Tamanho da caixa<\/td>\n<td>41*21*27,5cm<\/td>\n<\/tr>\n<tr>\n<td>N.W \/SET<\/td>\n<td>43g*10 pe\u00e7as<\/td>\n<\/tr>\n<tr>\n<td>Cor<\/td>\n<td>Como imagem<\/td>\n<\/tr>\n<tr>\n<td>MOQ<\/td>\n<td>500 caixas de cart\u00e3o<\/td>\n<\/tr>\n<tr>\n<td>Personaliza\u00e7\u00e3o<\/td>\n<td>Embalagem\/LOGO<\/td>\n<\/tr>\n<\/tbody>\n<\/table>","protected":false},"featured_media":29044,"comment_status":"closed","ping_status":"closed","template":"","meta":[],"product_cat":[91],"product_tag":[],"class_list":{"0":"post-29043","1":"product","2":"type-product","3":"status-publish","4":"has-post-thumbnail","6":"product_cat-bulk-chocolate-bars","8":"first","9":"instock","10":"shipping-taxable","11":"product-type-simple"},"_links":{"self":[{"href":"https:\/\/jxgchocolate.com\/pt\/wp-json\/wp\/v2\/product\/29043","targetHints":{"allow":["GET"]}}],"collection":[{"href":"https:\/\/jxgchocolate.com\/pt\/wp-json\/wp\/v2\/product"}],"about":[{"href":"https:\/\/jxgchocolate.com\/pt\/wp-json\/wp\/v2\/types\/product"}],"replies":[{"embeddable":true,"href":"https:\/\/jxgchocolate.com\/pt\/wp-json\/wp\/v2\/comments?post=29043"}],"version-history":[{"count":6,"href":"https:\/\/jxgchocolate.com\/pt\/wp-json\/wp\/v2\/product\/29043\/revisions"}],"predecessor-version":[{"id":29063,"href":"https:\/\/jxgchocolate.com\/pt\/wp-json\/wp\/v2\/product\/29043\/revisions\/29063"}],"wp:featuredmedia":[{"embeddable":true,"href":"https:\/\/jxgchocolate.com\/pt\/wp-json\/wp\/v2\/media\/29044"}],"wp:attachment":[{"href":"https:\/\/jxgchocolate.com\/pt\/wp-json\/wp\/v2\/media?parent=29043"}],"wp:term":[{"taxonomy":"product_cat","embeddable":true,"href":"https:\/\/jxgchocolate.com\/pt\/wp-json\/wp\/v2\/product_cat?post=29043"},{"taxonomy":"product_tag","embeddable":true,"href":"https:\/\/jxgchocolate.com\/pt\/wp-json\/wp\/v2\/product_tag?post=29043"}],"curies":[{"name":"wp","href":"https:\/\/api.w.org\/{rel}","templated":true}]}}