{"id":29048,"date":"2024-11-09T06:29:52","date_gmt":"2024-11-09T06:29:52","guid":{"rendered":"https:\/\/jxgchocolate.com\/?post_type=product&#038;p=29048"},"modified":"2024-11-18T01:59:30","modified_gmt":"2024-11-18T01:59:30","slug":"bulk-chocolate-bars","status":"publish","type":"product","link":"https:\/\/jxgchocolate.com\/pt\/produto\/bulk-chocolate-bars\/","title":{"rendered":"Venda por atacado de barras de chocolate com migalhas de biscoitos crocantes"},"content":{"rendered":"<div class=\"wp-block-columns is-layout-flex wp-container-core-columns-is-layout-9d6595d7 wp-block-columns-is-layout-flex\">\n<div class=\"wp-block-column is-layout-flow wp-block-column-is-layout-flow\">\n<h2 class=\"wp-block-heading\">Barras de chocolate a granel Premium Carater\u00edsticas:<\/h2>\n\n\n\n<ul class=\"wp-block-list\">\n<li><strong>Combina\u00e7\u00e3o \u00fanica de sabores: <\/strong>Estas barras de chocolate a granel s\u00e3o uma combina\u00e7\u00e3o perfeita de bolachas e chocolate. O estalido das bolachas e a suavidade do chocolate proporcionam uma sensa\u00e7\u00e3o de sabor diferente.<\/li>\n\n\n\n<li><strong>Escolhas diversificadas: <\/strong>Existem diferentes sabores de chocolate no mercado, tais como chocolate de leite, chocolate preto, chocolate branco, etc. Nossas barras de chocolate por atacado podem ser tipos de chocolate personalizados e satisfazer as prefer\u00eancias de diferentes consumidores.<\/li>\n\n\n\n<li><strong>Formas criativas de comer: <\/strong>Experimente misturar com outras bebidas, como caf\u00e9, ch\u00e1 ou chocolate quente, para obter experi\u00eancias de sabor diferentes. Pique as nossas barras de chocolate a granel e dobre os peda\u00e7os em receitas de pastelaria - bolachas, bolos ou p\u00e3o - para adicionar textura e sabor.<\/li>\n\n\n\n<li><strong>Rico em nutrientes: <\/strong>As nossas barras de chocolate por grosso, com bolachas e chocolate, cont\u00eam nutrientes adicionados, como ovos, manteiga, farinha, etc., que podem fornecer energia e nutrientes de que o corpo humano necessita.<\/li>\n<\/ul>\n<\/div>\n\n\n\n<div class=\"wp-block-column is-layout-flow wp-block-column-is-layout-flow\">\n<figure class=\"wp-block-image size-full\"><img fetchpriority=\"high\" decoding=\"async\" width=\"2000\" height=\"2000\" src=\"https:\/\/jxgchocolate.com\/wp-content\/uploads\/2024\/11\/Wholesales-Bulk-Chocolate-Bars-With-Crispy-Cookies-Sandwich3.jpg\" alt=\"Venda por atacado de barras de chocolate com biscoitos crocantes Sandu\u00edche-3\" class=\"wp-image-29054\" srcset=\"https:\/\/jxgchocolate.com\/wp-content\/uploads\/2024\/11\/Wholesales-Bulk-Chocolate-Bars-With-Crispy-Cookies-Sandwich3.jpg 2000w, https:\/\/jxgchocolate.com\/wp-content\/uploads\/2024\/11\/Wholesales-Bulk-Chocolate-Bars-With-Crispy-Cookies-Sandwich3-300x300.jpg 300w, https:\/\/jxgchocolate.com\/wp-content\/uploads\/2024\/11\/Wholesales-Bulk-Chocolate-Bars-With-Crispy-Cookies-Sandwich3-150x150.jpg 150w, https:\/\/jxgchocolate.com\/wp-content\/uploads\/2024\/11\/Wholesales-Bulk-Chocolate-Bars-With-Crispy-Cookies-Sandwich3-768x768.jpg 768w, https:\/\/jxgchocolate.com\/wp-content\/uploads\/2024\/11\/Wholesales-Bulk-Chocolate-Bars-With-Crispy-Cookies-Sandwich3-12x12.jpg 12w, https:\/\/jxgchocolate.com\/wp-content\/uploads\/2024\/11\/Wholesales-Bulk-Chocolate-Bars-With-Crispy-Cookies-Sandwich3-430x430.jpg 430w, https:\/\/jxgchocolate.com\/wp-content\/uploads\/2024\/11\/Wholesales-Bulk-Chocolate-Bars-With-Crispy-Cookies-Sandwich3-700x700.jpg 700w\" sizes=\"(max-width: 2000px) 100vw, 2000px\" \/><\/figure>\n<\/div>\n<\/div>\n\n\n\n<p><\/p>","protected":false},"excerpt":{"rendered":"<p>Bem-vindo \u00e0 compra de barras de chocolate a granel. As nossas barras de chocolate por grosso s\u00e3o um snack \u00fanico que combina bolachas e chocolate. As barras de chocolate para bolachas a granel n\u00e3o s\u00f3 satisfazem a procura de del\u00edcias por parte dos consumidores, como tamb\u00e9m proporcionam diversas escolhas e experi\u00eancias de alta qualidade. Seja como um lanche di\u00e1rio, ingrediente de panifica\u00e7\u00e3o ou um grande presente, a sec\u00e7\u00e3o de chocolate para bolachas \u00e9 uma \u00f3ptima escolha.<\/p>\n<table width=\"423\">\n<tbody>\n<tr>\n<td width=\"166\">Fabricante<\/td>\n<td width=\"257\">Fruta da sorte<\/td>\n<\/tr>\n<tr>\n<td>MODELO NO.<\/td>\n<td>JXG49<\/td>\n<\/tr>\n<tr>\n<td>Tipo<\/td>\n<td>Barras de chocolate<\/td>\n<\/tr>\n<tr>\n<td>Embalagem<\/td>\n<td>Embalagem em caixa<\/td>\n<\/tr>\n<tr>\n<td>Especifica\u00e7\u00e3o<\/td>\n<td>10 pe\u00e7as*12 caixas<\/td>\n<\/tr>\n<tr>\n<td>Tamanho da caixa<\/td>\n<td>41*21*27,5cm<\/td>\n<\/tr>\n<tr>\n<td>N.W \/SET<\/td>\n<td>43g*10 pe\u00e7as<\/td>\n<\/tr>\n<tr>\n<td>Cor<\/td>\n<td>Como imagem<\/td>\n<\/tr>\n<tr>\n<td>MOQ<\/td>\n<td>500 caixas de cart\u00e3o<\/td>\n<\/tr>\n<tr>\n<td>Personaliza\u00e7\u00e3o<\/td>\n<td>Embalagem\/LOGO<\/td>\n<\/tr>\n<\/tbody>\n<\/table>","protected":false},"featured_media":29052,"comment_status":"closed","ping_status":"closed","template":"","meta":[],"product_cat":[91],"product_tag":[],"class_list":{"0":"post-29048","1":"product","2":"type-product","3":"status-publish","4":"has-post-thumbnail","6":"product_cat-bulk-chocolate-bars","8":"first","9":"instock","10":"shipping-taxable","11":"product-type-simple"},"_links":{"self":[{"href":"https:\/\/jxgchocolate.com\/pt\/wp-json\/wp\/v2\/product\/29048","targetHints":{"allow":["GET"]}}],"collection":[{"href":"https:\/\/jxgchocolate.com\/pt\/wp-json\/wp\/v2\/product"}],"about":[{"href":"https:\/\/jxgchocolate.com\/pt\/wp-json\/wp\/v2\/types\/product"}],"replies":[{"embeddable":true,"href":"https:\/\/jxgchocolate.com\/pt\/wp-json\/wp\/v2\/comments?post=29048"}],"version-history":[{"count":5,"href":"https:\/\/jxgchocolate.com\/pt\/wp-json\/wp\/v2\/product\/29048\/revisions"}],"predecessor-version":[{"id":29174,"href":"https:\/\/jxgchocolate.com\/pt\/wp-json\/wp\/v2\/product\/29048\/revisions\/29174"}],"wp:featuredmedia":[{"embeddable":true,"href":"https:\/\/jxgchocolate.com\/pt\/wp-json\/wp\/v2\/media\/29052"}],"wp:attachment":[{"href":"https:\/\/jxgchocolate.com\/pt\/wp-json\/wp\/v2\/media?parent=29048"}],"wp:term":[{"taxonomy":"product_cat","embeddable":true,"href":"https:\/\/jxgchocolate.com\/pt\/wp-json\/wp\/v2\/product_cat?post=29048"},{"taxonomy":"product_tag","embeddable":true,"href":"https:\/\/jxgchocolate.com\/pt\/wp-json\/wp\/v2\/product_tag?post=29048"}],"curies":[{"name":"wp","href":"https:\/\/api.w.org\/{rel}","templated":true}]}}