{"id":29140,"date":"2024-11-16T02:17:43","date_gmt":"2024-11-16T02:17:43","guid":{"rendered":"https:\/\/jxgchocolate.com\/?post_type=product&#038;p=29140"},"modified":"2024-11-16T09:02:39","modified_gmt":"2024-11-16T09:02:39","slug":"chocolate-bars-wholesale","status":"publish","type":"product","link":"https:\/\/jxgchocolate.com\/pt\/produto\/chocolate-bars-wholesale\/","title":{"rendered":"China Barras de chocolate com sabor a ch\u00e1 por atacado com migalhas de biscoito"},"content":{"rendered":"<div class=\"wp-block-columns is-layout-flex wp-container-core-columns-is-layout-9d6595d7 wp-block-columns-is-layout-flex\">\n<div class=\"wp-block-column is-layout-flow wp-block-column-is-layout-flow\">\n<h2 class=\"wp-block-heading\">Barras de chocolate premium por atacado Carater\u00edsticas:<\/h2>\n\n\n\n<div class=\"wp-block-columns is-layout-flex wp-container-core-columns-is-layout-9d6595d7 wp-block-columns-is-layout-flex\">\n<div class=\"wp-block-column is-layout-flow wp-block-column-is-layout-flow\">\n<p><strong>Heran\u00e7a da cultura tradicional chinesa do ch\u00e1: <\/strong>O ch\u00e1 Yashi Dancong \u00e9 um dos famosos ch\u00e1s tradicionais chineses com uma profunda heran\u00e7a cultural. A integra\u00e7\u00e3o deste ch\u00e1 no chocolate torna as nossas barras de chocolate por atacado n\u00e3o s\u00f3 uma inova\u00e7\u00e3o em termos de ingredientes, mas tamb\u00e9m uma heran\u00e7a cultural e uma promo\u00e7\u00e3o.<\/p>\n\n\n\n<p><strong>\u00danico na combina\u00e7\u00e3o de sabores: <\/strong>O sabor do ch\u00e1 Yashi Dancong \u00e9 um tipo de ch\u00e1 oolong, com um aroma floral e frutado \u00fanico. O aroma espesso e duradouro das nossas barras de chocolate a granel, misturado na perfei\u00e7\u00e3o com a do\u00e7ura do chocolate e das bolachas estaladi\u00e7as, cria uma experi\u00eancia de sabor completamente nova. A sensa\u00e7\u00e3o de biscoito crocante e derretido na boca entrela\u00e7ada com a fragr\u00e2ncia do ch\u00e1 Yashi Dancong e a suavidade do chocolate criam um sabor rico e complexo, com um travo intermin\u00e1vel.<\/p>\n\n\n\n<p><strong>Artesanato e produ\u00e7\u00e3o requintados: <\/strong>Ap\u00f3s in\u00fameras tentativas do departamento de I&amp;D, a propor\u00e7\u00e3o de ch\u00e1 e chocolate foi cuidadosamente ajustada durante o processo de produ\u00e7\u00e3o para alcan\u00e7ar o melhor equil\u00edbrio de sabor, as nossas barras de chocolate por atacado n\u00e3o s\u00e3o nem demasiado amargas nem demasiado doces.<\/p>\n\n\n\n<p><strong>Cen\u00e1rios amplamente aplic\u00e1veis: <\/strong>A combina\u00e7\u00e3o de biscoitos, ch\u00e1 Yashi Dancong e chocolate tem um sabor \u00fanico, as nossas barras de chocolate a granel s\u00e3o adequadas como snacks de lazer para satisfazer as papilas gustativas dos consumidores. A embalagem requintada e os sabores \u00fanicos fazem das bolachas, do ch\u00e1 Yashi Dancong e do chocolate um excelente presente para a fam\u00edlia e os amigos, transmitindo os seus sentimentos enquanto partilham uma comida deliciosa.<\/p>\n<\/div>\n\n\n\n<div class=\"wp-block-column is-layout-flow wp-block-column-is-layout-flow\">\n<figure class=\"wp-block-image size-full\"><img fetchpriority=\"high\" decoding=\"async\" width=\"2000\" height=\"2000\" src=\"https:\/\/jxgchocolate.com\/wp-content\/uploads\/2024\/11\/Bulk-Custom-Chocolate-Bars-With-Storage-Box-Packaging3.webp\" alt=\"China Barras de chocolate com sabor de ch\u00e1 por atacado com migalhas de biscoito-1\" class=\"wp-image-29143\" srcset=\"https:\/\/jxgchocolate.com\/wp-content\/uploads\/2024\/11\/Bulk-Custom-Chocolate-Bars-With-Storage-Box-Packaging3.webp 2000w, https:\/\/jxgchocolate.com\/wp-content\/uploads\/2024\/11\/Bulk-Custom-Chocolate-Bars-With-Storage-Box-Packaging3-300x300.webp 300w, https:\/\/jxgchocolate.com\/wp-content\/uploads\/2024\/11\/Bulk-Custom-Chocolate-Bars-With-Storage-Box-Packaging3-150x150.webp 150w, https:\/\/jxgchocolate.com\/wp-content\/uploads\/2024\/11\/Bulk-Custom-Chocolate-Bars-With-Storage-Box-Packaging3-768x768.webp 768w, https:\/\/jxgchocolate.com\/wp-content\/uploads\/2024\/11\/Bulk-Custom-Chocolate-Bars-With-Storage-Box-Packaging3-12x12.webp 12w, https:\/\/jxgchocolate.com\/wp-content\/uploads\/2024\/11\/Bulk-Custom-Chocolate-Bars-With-Storage-Box-Packaging3-430x430.webp 430w, https:\/\/jxgchocolate.com\/wp-content\/uploads\/2024\/11\/Bulk-Custom-Chocolate-Bars-With-Storage-Box-Packaging3-700x700.webp 700w\" sizes=\"(max-width: 2000px) 100vw, 2000px\" \/><\/figure>\n<\/div>\n<\/div>\n<\/div>\n<\/div>\n\n\n\n<p><\/p>","protected":false},"excerpt":{"rendered":"<p>Bem-vindo a comprar barras de chocolate a granel. As nossas barras de chocolate com sabor a ch\u00e1 por grosso s\u00e3o um produto inovador que combina na perfei\u00e7\u00e3o a cultura tradicional do ch\u00e1 com o artesanato moderno do chocolate. Este snack \u00fanico n\u00e3o s\u00f3 tem um sabor \u00fanico, mas tamb\u00e9m tem vantagens significativas em termos de sa\u00fade e valor cultural. Adequado para consumidores que buscam qualidade de vida e gostam de experimentar coisas novas. Quer seja como snack di\u00e1rio, ingrediente de pastelaria ou um excelente presente, as bolachas e o chocolate com sabor a ch\u00e1 Yashi Dancong s\u00e3o uma boa escolha.<\/p>\n<table width=\"423\">\n<tbody>\n<tr>\n<td width=\"166\">Fabricante<\/td>\n<td width=\"257\">Fruta da sorte<\/td>\n<\/tr>\n<tr>\n<td>MODELO NO.<\/td>\n<td>JXG49<\/td>\n<\/tr>\n<tr>\n<td>Tipo<\/td>\n<td>Barras de chocolate<\/td>\n<\/tr>\n<tr>\n<td>Embalagem<\/td>\n<td>Embalagem em caixa<\/td>\n<\/tr>\n<tr>\n<td>Especifica\u00e7\u00e3o<\/td>\n<td>10 pe\u00e7as*12 caixas<\/td>\n<\/tr>\n<tr>\n<td>Tamanho da caixa<\/td>\n<td>41*21*27,5cm<\/td>\n<\/tr>\n<tr>\n<td>N.W \/SET<\/td>\n<td>43g*10 pe\u00e7as<\/td>\n<\/tr>\n<tr>\n<td>Cor<\/td>\n<td>Como imagem<\/td>\n<\/tr>\n<tr>\n<td>MOQ<\/td>\n<td>500 caixas de cart\u00e3o<\/td>\n<\/tr>\n<tr>\n<td>Personaliza\u00e7\u00e3o<\/td>\n<td>Embalagem\/LOGO<\/td>\n<\/tr>\n<\/tbody>\n<\/table>","protected":false},"featured_media":29141,"comment_status":"closed","ping_status":"closed","template":"","meta":[],"product_cat":[91],"product_tag":[],"class_list":{"0":"post-29140","1":"product","2":"type-product","3":"status-publish","4":"has-post-thumbnail","6":"product_cat-bulk-chocolate-bars","8":"first","9":"instock","10":"shipping-taxable","11":"product-type-simple"},"_links":{"self":[{"href":"https:\/\/jxgchocolate.com\/pt\/wp-json\/wp\/v2\/product\/29140","targetHints":{"allow":["GET"]}}],"collection":[{"href":"https:\/\/jxgchocolate.com\/pt\/wp-json\/wp\/v2\/product"}],"about":[{"href":"https:\/\/jxgchocolate.com\/pt\/wp-json\/wp\/v2\/types\/product"}],"replies":[{"embeddable":true,"href":"https:\/\/jxgchocolate.com\/pt\/wp-json\/wp\/v2\/comments?post=29140"}],"version-history":[{"count":0,"href":"https:\/\/jxgchocolate.com\/pt\/wp-json\/wp\/v2\/product\/29140\/revisions"}],"wp:featuredmedia":[{"embeddable":true,"href":"https:\/\/jxgchocolate.com\/pt\/wp-json\/wp\/v2\/media\/29141"}],"wp:attachment":[{"href":"https:\/\/jxgchocolate.com\/pt\/wp-json\/wp\/v2\/media?parent=29140"}],"wp:term":[{"taxonomy":"product_cat","embeddable":true,"href":"https:\/\/jxgchocolate.com\/pt\/wp-json\/wp\/v2\/product_cat?post=29140"},{"taxonomy":"product_tag","embeddable":true,"href":"https:\/\/jxgchocolate.com\/pt\/wp-json\/wp\/v2\/product_tag?post=29140"}],"curies":[{"name":"wp","href":"https:\/\/api.w.org\/{rel}","templated":true}]}}