{"id":29146,"date":"2024-11-18T01:42:55","date_gmt":"2024-11-18T01:42:55","guid":{"rendered":"https:\/\/jxgchocolate.com\/?post_type=product&#038;p=29146"},"modified":"2024-11-18T01:57:52","modified_gmt":"2024-11-18T01:57:52","slug":"chocolate-bars-in-bulk","status":"publish","type":"product","link":"https:\/\/jxgchocolate.com\/pt\/produto\/chocolate-bars-in-bulk\/","title":{"rendered":"Mais novas barras de chocolate com sabor a ch\u00e1 a granel com embalagem em caixa"},"content":{"rendered":"<div class=\"wp-block-columns is-layout-flex wp-container-core-columns-is-layout-9d6595d7 wp-block-columns-is-layout-flex\">\n<div class=\"wp-block-column is-layout-flow wp-block-column-is-layout-flow\">\n<h2 class=\"wp-block-heading\">Barras de chocolate premium a granel Carater\u00edsticas:<\/h2>\n\n\n\n<p><strong>Combina\u00e7\u00e3o inovadora:<\/strong> O ch\u00e1 Yashi Dancong \u00e9 um dos ch\u00e1s tradicionalmente famosos na China e possui um profundo patrim\u00f3nio cultural. As nossas barras de chocolate a granel s\u00e3o A integra\u00e7\u00e3o deste ch\u00e1 no chocolate \u00e9 uma inova\u00e7\u00e3o de ingredientes, uma heran\u00e7a cultural e uma promo\u00e7\u00e3o.<\/p>\n\n\n\n<p><strong>A sa\u00fade e a del\u00edcia coexistem: <\/strong>O ch\u00e1 Yashi Dancong cont\u00e9m antioxidantes ricos, como os flavan\u00f3is, que ajudam a melhorar a imunidade e a promover a digest\u00e3o. As nossas barras de chocolate por grosso combinam o ch\u00e1 com antioxidantes no chocolate preto, o que aumenta ainda mais o valor do produto para a sa\u00fade.<\/p>\n\n\n\n<p><strong>Adequado para v\u00e1rias ocasi\u00f5es: <\/strong>As barras de chocolate com sabor a ch\u00e1 Yashi Dancong a granel s\u00e3o adequadas para o lanche di\u00e1rio, consumidas sozinhas ou acompanhadas de caf\u00e9 ou ch\u00e1. \u00c9 adequado para o escrit\u00f3rio, casa ou actividades ao ar livre. As barras de chocolate Yashi Dancong de alta qualidade por atacado s\u00e3o a escolha ideal para cozer e podem ser usadas para fazer bolos, biscoitos ou p\u00e3o, acrescentando um sabor \u00fanico.<\/p>\n\n\n\n<p><strong>Grupo de consumidores claro: <\/strong>Os consumidores que gostam de experimentar v\u00e1rios tipos de ch\u00e1 e da cultura do ch\u00e1 v\u00e3o gostar particularmente destas barras de chocolate por atacado que combinam o aroma do ch\u00e1. Adequado para oferecer a amigos, familiares ou parceiros, especialmente aqueles com gostos \u00fanicos em cultura e culin\u00e1ria.<\/p>\n<\/div>\n\n\n\n<div class=\"wp-block-column is-layout-flow wp-block-column-is-layout-flow\">\n<figure class=\"wp-block-image size-full\"><img fetchpriority=\"high\" decoding=\"async\" width=\"2000\" height=\"2000\" src=\"https:\/\/jxgchocolate.com\/wp-content\/uploads\/2024\/11\/Newest-Wholesales-Chocolate-Bars-In-Bulk-With-Tea-Flavor3.webp\" alt=\"Barras de chocolate com sabor a ch\u00e1 mais recentes a granel com embalagem de caixa-3\" class=\"wp-image-29155\" srcset=\"https:\/\/jxgchocolate.com\/wp-content\/uploads\/2024\/11\/Newest-Wholesales-Chocolate-Bars-In-Bulk-With-Tea-Flavor3.webp 2000w, https:\/\/jxgchocolate.com\/wp-content\/uploads\/2024\/11\/Newest-Wholesales-Chocolate-Bars-In-Bulk-With-Tea-Flavor3-300x300.webp 300w, https:\/\/jxgchocolate.com\/wp-content\/uploads\/2024\/11\/Newest-Wholesales-Chocolate-Bars-In-Bulk-With-Tea-Flavor3-150x150.webp 150w, https:\/\/jxgchocolate.com\/wp-content\/uploads\/2024\/11\/Newest-Wholesales-Chocolate-Bars-In-Bulk-With-Tea-Flavor3-768x768.webp 768w, https:\/\/jxgchocolate.com\/wp-content\/uploads\/2024\/11\/Newest-Wholesales-Chocolate-Bars-In-Bulk-With-Tea-Flavor3-12x12.webp 12w, https:\/\/jxgchocolate.com\/wp-content\/uploads\/2024\/11\/Newest-Wholesales-Chocolate-Bars-In-Bulk-With-Tea-Flavor3-430x430.webp 430w, https:\/\/jxgchocolate.com\/wp-content\/uploads\/2024\/11\/Newest-Wholesales-Chocolate-Bars-In-Bulk-With-Tea-Flavor3-700x700.webp 700w\" sizes=\"(max-width: 2000px) 100vw, 2000px\" \/><\/figure>\n<\/div>\n<\/div>","protected":false},"excerpt":{"rendered":"<p>Bem-vindo a comprar barras de chocolate a granel. As nossas barras de chocolate com sabor a ch\u00e1 da China a granel n\u00e3o s\u00e3o apenas um petisco delicioso, mas tamb\u00e9m uma transmiss\u00e3o cultural e emocional, adequada para consumidores que procuram qualidade de vida e gostam de experimentar coisas novas. Seja como um lanche di\u00e1rio, ingrediente de panifica\u00e7\u00e3o ou um grande presente, nossas barras de chocolate com sabor de ch\u00e1 a granel s\u00e3o uma \u00f3tima escolha.<\/p>\n<table width=\"423\">\n<tbody>\n<tr>\n<td width=\"166\">Fabricante<\/td>\n<td width=\"257\">Fruta da sorte<\/td>\n<\/tr>\n<tr>\n<td>MODELO NO.<\/td>\n<td>JXG50<\/td>\n<\/tr>\n<tr>\n<td>Tipo<\/td>\n<td>Barras de chocolate<\/td>\n<\/tr>\n<tr>\n<td>Embalagem<\/td>\n<td>Embalagem em caixa<\/td>\n<\/tr>\n<tr>\n<td>Especifica\u00e7\u00e3o<\/td>\n<td>10 pe\u00e7as*12 caixas<\/td>\n<\/tr>\n<tr>\n<td>Tamanho da caixa<\/td>\n<td>41*21*27,5cm<\/td>\n<\/tr>\n<tr>\n<td>N.W \/SET<\/td>\n<td>43g*10 pe\u00e7as<\/td>\n<\/tr>\n<tr>\n<td>Cor<\/td>\n<td>Como imagem<\/td>\n<\/tr>\n<tr>\n<td>MOQ<\/td>\n<td>500 caixas de cart\u00e3o<\/td>\n<\/tr>\n<tr>\n<td>Personaliza\u00e7\u00e3o<\/td>\n<td>Embalagem\/LOGO<\/td>\n<\/tr>\n<\/tbody>\n<\/table>","protected":false},"featured_media":29153,"comment_status":"closed","ping_status":"closed","template":"","meta":[],"product_cat":[91],"product_tag":[],"class_list":{"0":"post-29146","1":"product","2":"type-product","3":"status-publish","4":"has-post-thumbnail","6":"product_cat-bulk-chocolate-bars","8":"first","9":"instock","10":"shipping-taxable","11":"product-type-simple"},"_links":{"self":[{"href":"https:\/\/jxgchocolate.com\/pt\/wp-json\/wp\/v2\/product\/29146","targetHints":{"allow":["GET"]}}],"collection":[{"href":"https:\/\/jxgchocolate.com\/pt\/wp-json\/wp\/v2\/product"}],"about":[{"href":"https:\/\/jxgchocolate.com\/pt\/wp-json\/wp\/v2\/types\/product"}],"replies":[{"embeddable":true,"href":"https:\/\/jxgchocolate.com\/pt\/wp-json\/wp\/v2\/comments?post=29146"}],"version-history":[{"count":6,"href":"https:\/\/jxgchocolate.com\/pt\/wp-json\/wp\/v2\/product\/29146\/revisions"}],"predecessor-version":[{"id":29170,"href":"https:\/\/jxgchocolate.com\/pt\/wp-json\/wp\/v2\/product\/29146\/revisions\/29170"}],"wp:featuredmedia":[{"embeddable":true,"href":"https:\/\/jxgchocolate.com\/pt\/wp-json\/wp\/v2\/media\/29153"}],"wp:attachment":[{"href":"https:\/\/jxgchocolate.com\/pt\/wp-json\/wp\/v2\/media?parent=29146"}],"wp:term":[{"taxonomy":"product_cat","embeddable":true,"href":"https:\/\/jxgchocolate.com\/pt\/wp-json\/wp\/v2\/product_cat?post=29146"},{"taxonomy":"product_tag","embeddable":true,"href":"https:\/\/jxgchocolate.com\/pt\/wp-json\/wp\/v2\/product_tag?post=29146"}],"curies":[{"name":"wp","href":"https:\/\/api.w.org\/{rel}","templated":true}]}}