{"id":29159,"date":"2024-11-18T01:57:11","date_gmt":"2024-11-18T01:57:11","guid":{"rendered":"https:\/\/jxgchocolate.com\/?post_type=product&#038;p=29159"},"modified":"2024-11-18T01:57:13","modified_gmt":"2024-11-18T01:57:13","slug":"chocolate-bars-bulk","status":"publish","type":"product","link":"https:\/\/jxgchocolate.com\/pt\/produto\/chocolate-bars-bulk\/","title":{"rendered":"Comprar barras de chocolate a granel, barras de chocolate com sabores personalizados"},"content":{"rendered":"<div class=\"wp-block-columns is-layout-flex wp-container-core-columns-is-layout-9d6595d7 wp-block-columns-is-layout-flex\">\n<div class=\"wp-block-column is-layout-flow wp-block-column-is-layout-flow\">\n<h2 class=\"wp-block-heading\">Barras de Chocolate Premium Carater\u00edsticas:<\/h2>\n\n\n\n<ul class=\"wp-block-list\">\n<li><strong>Sabores diversos:<\/strong> Os v\u00e1rios sabores das nossas barras de chocolate a granel podem satisfazer as prefer\u00eancias de diferentes consumidores, desde o cl\u00e1ssico chocolate preto rico a sabores \u00fanicos como chocolate preto com bolachas, chocolate com ch\u00e1 Yashi Dancong e chocolate com ch\u00e1 Yashi Dancong com bolachas. Tamb\u00e9m podemos aceitar sabores personalizados dos clientes.<\/li>\n\n\n\n<li><strong>Sabor a v\u00e1rios n\u00edveis: <\/strong>Os diferentes sabores destas barras de chocolate por atacado t\u00eam as suas pr\u00f3prias carater\u00edsticas de sabor, alguns s\u00e3o sedosos e delicados, alguns t\u00eam uma textura granulada e alguns t\u00eam uma textura crocante como um biscoito, satisfazendo diferentes necessidades de sabor. O nosso exclusivo chocolate com sabor a ch\u00e1 Yashi Dancong, estes sabores inovadores podem atrair a aten\u00e7\u00e3o dos consumidores e aumentar o seu desejo de compra.<\/li>\n\n\n\n<li><strong>Sele\u00e7\u00e3o de mat\u00e9rias-primas, belo acabamento: <\/strong>As nossas barras de chocolate a granel utilizam mat\u00e9rias-primas de alta qualidade, gr\u00e3os de cacau de alta qualidade, biscoitos especialmente formulados, etc. Ao adotar t\u00e9cnicas de produ\u00e7\u00e3o avan\u00e7adas e formula\u00e7\u00f5es \u00fanicas, tornamos o chocolate suave e rico, com um efeito de camadas distinto que proporciona aos consumidores bons bocados.<\/li>\n\n\n\n<li><strong>Embalagem e design requintados: <\/strong>As nossas barras de chocolate por atacado s\u00e3o geralmente embaladas de forma requintada, reflectindo a diversidade e a singularidade do produto. Normalmente, a embalagem ilustra as carater\u00edsticas gustativas de cada sabor em grande pormenor para aumentar a atratividade do produto. Utilizamos materiais amigos do ambiente, como papel recicl\u00e1vel e pl\u00e1stico biodegrad\u00e1vel, no nosso material de embalagem, o que est\u00e1 de acordo com o conceito de desenvolvimento sustent\u00e1vel.<\/li>\n<\/ul>\n<\/div>\n\n\n\n<div class=\"wp-block-column is-layout-flow wp-block-column-is-layout-flow\">\n<figure class=\"wp-block-image size-full\"><img fetchpriority=\"high\" decoding=\"async\" width=\"2000\" height=\"2000\" src=\"https:\/\/jxgchocolate.com\/wp-content\/uploads\/2024\/11\/Wholesales-Series-Chocolate-Bars-Custom-With-Different-New-Flavors2.webp\" alt=\"Comprar barras de chocolate a granel, barras de chocolate com sabores personalizados-2\" class=\"wp-image-29161\" srcset=\"https:\/\/jxgchocolate.com\/wp-content\/uploads\/2024\/11\/Wholesales-Series-Chocolate-Bars-Custom-With-Different-New-Flavors2.webp 2000w, https:\/\/jxgchocolate.com\/wp-content\/uploads\/2024\/11\/Wholesales-Series-Chocolate-Bars-Custom-With-Different-New-Flavors2-300x300.webp 300w, https:\/\/jxgchocolate.com\/wp-content\/uploads\/2024\/11\/Wholesales-Series-Chocolate-Bars-Custom-With-Different-New-Flavors2-150x150.webp 150w, https:\/\/jxgchocolate.com\/wp-content\/uploads\/2024\/11\/Wholesales-Series-Chocolate-Bars-Custom-With-Different-New-Flavors2-768x768.webp 768w, https:\/\/jxgchocolate.com\/wp-content\/uploads\/2024\/11\/Wholesales-Series-Chocolate-Bars-Custom-With-Different-New-Flavors2-12x12.webp 12w, https:\/\/jxgchocolate.com\/wp-content\/uploads\/2024\/11\/Wholesales-Series-Chocolate-Bars-Custom-With-Different-New-Flavors2-430x430.webp 430w, https:\/\/jxgchocolate.com\/wp-content\/uploads\/2024\/11\/Wholesales-Series-Chocolate-Bars-Custom-With-Different-New-Flavors2-700x700.webp 700w\" sizes=\"(max-width: 2000px) 100vw, 2000px\" \/><\/figure>\n<\/div>\n<\/div>\n\n\n\n<p><\/p>","protected":false},"excerpt":{"rendered":"<p>Bem-vindo a comprar barras de chocolate a granel. A variedade de sabores das nossas barras de chocolate a granel n\u00e3o s\u00f3 satisfaz a busca dos consumidores por del\u00edcias, mas tamb\u00e9m oferece diversas op\u00e7\u00f5es e experi\u00eancias de alta qualidade. Quer se trate de um lanche di\u00e1rio, de um ingrediente de pastelaria ou de um grande presente, a sec\u00e7\u00e3o de barras de chocolate a granel com v\u00e1rios sabores \u00e9 uma excelente escolha.<\/p>\n<table width=\"423\">\n<tbody>\n<tr>\n<td width=\"166\">Fabricante<\/td>\n<td width=\"257\">Fruta da sorte<\/td>\n<\/tr>\n<tr>\n<td>MODELO NO.<\/td>\n<td>JXG51<\/td>\n<\/tr>\n<tr>\n<td>Tipo<\/td>\n<td>Barras de chocolate<\/td>\n<\/tr>\n<tr>\n<td>Embalagem<\/td>\n<td>Embalagem em caixa<\/td>\n<\/tr>\n<tr>\n<td>Especifica\u00e7\u00e3o<\/td>\n<td>10 pe\u00e7as*12 caixas<\/td>\n<\/tr>\n<tr>\n<td>Tamanho da caixa<\/td>\n<td>41*21*27,5cm<\/td>\n<\/tr>\n<tr>\n<td>N.W \/SET<\/td>\n<td>43g*10 pe\u00e7as<\/td>\n<\/tr>\n<tr>\n<td>Cor<\/td>\n<td>Como imagem<\/td>\n<\/tr>\n<tr>\n<td>MOQ<\/td>\n<td>500 caixas de cart\u00e3o<\/td>\n<\/tr>\n<tr>\n<td>Personaliza\u00e7\u00e3o<\/td>\n<td>Embalagem\/LOGO<\/td>\n<\/tr>\n<\/tbody>\n<\/table>","protected":false},"featured_media":29162,"comment_status":"closed","ping_status":"closed","template":"","meta":[],"product_cat":[91],"product_tag":[],"class_list":{"0":"post-29159","1":"product","2":"type-product","3":"status-publish","4":"has-post-thumbnail","6":"product_cat-bulk-chocolate-bars","8":"first","9":"instock","10":"shipping-taxable","11":"product-type-simple"},"_links":{"self":[{"href":"https:\/\/jxgchocolate.com\/pt\/wp-json\/wp\/v2\/product\/29159","targetHints":{"allow":["GET"]}}],"collection":[{"href":"https:\/\/jxgchocolate.com\/pt\/wp-json\/wp\/v2\/product"}],"about":[{"href":"https:\/\/jxgchocolate.com\/pt\/wp-json\/wp\/v2\/types\/product"}],"replies":[{"embeddable":true,"href":"https:\/\/jxgchocolate.com\/pt\/wp-json\/wp\/v2\/comments?post=29159"}],"version-history":[{"count":0,"href":"https:\/\/jxgchocolate.com\/pt\/wp-json\/wp\/v2\/product\/29159\/revisions"}],"wp:featuredmedia":[{"embeddable":true,"href":"https:\/\/jxgchocolate.com\/pt\/wp-json\/wp\/v2\/media\/29162"}],"wp:attachment":[{"href":"https:\/\/jxgchocolate.com\/pt\/wp-json\/wp\/v2\/media?parent=29159"}],"wp:term":[{"taxonomy":"product_cat","embeddable":true,"href":"https:\/\/jxgchocolate.com\/pt\/wp-json\/wp\/v2\/product_cat?post=29159"},{"taxonomy":"product_tag","embeddable":true,"href":"https:\/\/jxgchocolate.com\/pt\/wp-json\/wp\/v2\/product_tag?post=29159"}],"curies":[{"name":"wp","href":"https:\/\/api.w.org\/{rel}","templated":true}]}}