{"id":29184,"date":"2024-11-23T01:19:17","date_gmt":"2024-11-23T01:19:17","guid":{"rendered":"https:\/\/jxgchocolate.com\/?post_type=product&#038;p=29184"},"modified":"2024-11-23T01:19:19","modified_gmt":"2024-11-23T01:19:19","slug":"bulk-chocolate-bars-wholesale","status":"publish","type":"product","link":"https:\/\/jxgchocolate.com\/pt\/produto\/bulk-chocolate-bars-wholesale\/","title":{"rendered":"Barras de chocolate a granel por atacado com quatro novos sabores"},"content":{"rendered":"<div class=\"wp-block-columns is-layout-flex wp-container-core-columns-is-layout-9d6595d7 wp-block-columns-is-layout-flex\">\n<div class=\"wp-block-column is-layout-flow wp-block-column-is-layout-flow\">\n<h2 class=\"wp-block-heading\">Barras de chocolate Premium a granel por atacado Carater\u00edsticas:<\/h2>\n\n\n\n<ul class=\"wp-block-list\">\n<li><strong>Interpreta\u00e7\u00e3o inovadora de sabores cl\u00e1ssicos: <\/strong>A fus\u00e3o perfeita de cacau de alta qualidade e folhas de ch\u00e1 locais proporciona um sabor sedoso e delicado, revitalizando o cl\u00e1ssico chocolate a granel. O aroma rico do ch\u00e1 entrela\u00e7a-se com a riqueza do cacau, criando uma experi\u00eancia de sabor \u00fanica. A adi\u00e7\u00e3o especial de bolachas estaladi\u00e7as real\u00e7a ainda mais o sabor multifacetado e o prazer das papilas gustativas.<\/li>\n\n\n\n<li><strong>Op\u00e7\u00f5es de sabores ricos: <\/strong>Diferentes combina\u00e7\u00f5es de sabores nas nossas barras de chocolate a granel por grosso podem satisfazer as prefer\u00eancias de gosto de diferentes consumidores, quer gostem de sabores tradicionais de chocolate, quer gostem de experimentar novos sabores ou apreciem ch\u00e1, todos eles podem encontrar os seus sabores favoritos.<\/li>\n\n\n\n<li><strong>Sabor a v\u00e1rios n\u00edveis: <\/strong>Cada sabor de barras de chocolate a granel por atacado tem as suas pr\u00f3prias carater\u00edsticas de sabor, algumas s\u00e3o suaves e delicadas, algumas t\u00eam uma textura granulada, e algumas t\u00eam uma textura crocante como biscoito, satisfazendo diferentes necessidades de sabor. V\u00e1rios sabores de chocolate podem ser combinados entre si para criar mais camadas de sabor e contraste, aumentando o prazer do consumo.<\/li>\n\n\n\n<li><strong>Sa\u00fade e nutri\u00e7\u00e3o: <\/strong>O ch\u00e1 Yashi Dancong \u00e9 rico em antioxidantes, como os flavan\u00f3is, que podem ajudar a melhorar a imunidade e a promover a digest\u00e3o. A nossa barra de chocolate a granel, combinada com os antioxidantes do chocolate preto, aumenta ainda mais o valor do produto para a sa\u00fade.<\/li>\n<\/ul>\n<\/div>\n\n\n\n<div class=\"wp-block-column is-layout-flow wp-block-column-is-layout-flow\">\n<figure class=\"wp-block-image size-full\"><img fetchpriority=\"high\" decoding=\"async\" width=\"2000\" height=\"2000\" src=\"https:\/\/jxgchocolate.com\/wp-content\/uploads\/2024\/11\/Wholesales-Chocolate-Bars-Bulk-With-Four-Newest-Flavors-In-China4.webp\" alt=\"Barras de chocolate a granel por atacado com quatro novos sabores - 4\" class=\"wp-image-29188\" srcset=\"https:\/\/jxgchocolate.com\/wp-content\/uploads\/2024\/11\/Wholesales-Chocolate-Bars-Bulk-With-Four-Newest-Flavors-In-China4.webp 2000w, https:\/\/jxgchocolate.com\/wp-content\/uploads\/2024\/11\/Wholesales-Chocolate-Bars-Bulk-With-Four-Newest-Flavors-In-China4-300x300.webp 300w, https:\/\/jxgchocolate.com\/wp-content\/uploads\/2024\/11\/Wholesales-Chocolate-Bars-Bulk-With-Four-Newest-Flavors-In-China4-150x150.webp 150w, https:\/\/jxgchocolate.com\/wp-content\/uploads\/2024\/11\/Wholesales-Chocolate-Bars-Bulk-With-Four-Newest-Flavors-In-China4-768x768.webp 768w, https:\/\/jxgchocolate.com\/wp-content\/uploads\/2024\/11\/Wholesales-Chocolate-Bars-Bulk-With-Four-Newest-Flavors-In-China4-12x12.webp 12w, https:\/\/jxgchocolate.com\/wp-content\/uploads\/2024\/11\/Wholesales-Chocolate-Bars-Bulk-With-Four-Newest-Flavors-In-China4-430x430.webp 430w, https:\/\/jxgchocolate.com\/wp-content\/uploads\/2024\/11\/Wholesales-Chocolate-Bars-Bulk-With-Four-Newest-Flavors-In-China4-700x700.webp 700w\" sizes=\"(max-width: 2000px) 100vw, 2000px\" \/><\/figure>\n<\/div>\n<\/div>\n\n\n\n<p><\/p>","protected":false},"excerpt":{"rendered":"<p>Bem-vindo \u00e0 compra de barras de chocolate a granel. As quatro novas barras de chocolate a granel por grosso n\u00e3o s\u00f3 satisfazem a procura de del\u00edcias por parte dos consumidores, como tamb\u00e9m proporcionam diversas escolhas e experi\u00eancias de alta qualidade. Seja como um lanche di\u00e1rio, ingrediente de panifica\u00e7\u00e3o ou um grande presente, os quatro sabores da nova sec\u00e7\u00e3o de chocolate s\u00e3o todos uma boa escolha.<\/p>\n<table style=\"height: 304px;\" width=\"423\">\n<tbody>\n<tr>\n<td width=\"166\">Fabricante<\/td>\n<td width=\"257\">Fruta da sorte<\/td>\n<\/tr>\n<tr>\n<td>MODELO NO.<\/td>\n<td>JXG52<\/td>\n<\/tr>\n<tr>\n<td>Tipo<\/td>\n<td>Barras de chocolate<\/td>\n<\/tr>\n<tr>\n<td>Embalagem<\/td>\n<td>Embalagem em caixa<\/td>\n<\/tr>\n<tr>\n<td>Especifica\u00e7\u00e3o<\/td>\n<td>20 pe\u00e7as*12 caixas<\/td>\n<\/tr>\n<tr>\n<td>Tamanho da caixa<\/td>\n<td>48,5*20*29cm<\/td>\n<\/tr>\n<tr>\n<td>N.W \/SET<\/td>\n<td>20g*20 pe\u00e7as<\/td>\n<\/tr>\n<tr>\n<td>Cor<\/td>\n<td>Como imagem<\/td>\n<\/tr>\n<tr>\n<td>MOQ<\/td>\n<td>500 caixas de cart\u00e3o<\/td>\n<\/tr>\n<tr>\n<td>Personaliza\u00e7\u00e3o<\/td>\n<td>Embalagem\/LOGO<\/td>\n<\/tr>\n<\/tbody>\n<\/table>","protected":false},"featured_media":29185,"comment_status":"closed","ping_status":"closed","template":"","meta":[],"product_cat":[91],"product_tag":[],"class_list":{"0":"post-29184","1":"product","2":"type-product","3":"status-publish","4":"has-post-thumbnail","6":"product_cat-bulk-chocolate-bars","8":"first","9":"instock","10":"shipping-taxable","11":"product-type-simple"},"_links":{"self":[{"href":"https:\/\/jxgchocolate.com\/pt\/wp-json\/wp\/v2\/product\/29184","targetHints":{"allow":["GET"]}}],"collection":[{"href":"https:\/\/jxgchocolate.com\/pt\/wp-json\/wp\/v2\/product"}],"about":[{"href":"https:\/\/jxgchocolate.com\/pt\/wp-json\/wp\/v2\/types\/product"}],"replies":[{"embeddable":true,"href":"https:\/\/jxgchocolate.com\/pt\/wp-json\/wp\/v2\/comments?post=29184"}],"version-history":[{"count":7,"href":"https:\/\/jxgchocolate.com\/pt\/wp-json\/wp\/v2\/product\/29184\/revisions"}],"predecessor-version":[{"id":29788,"href":"https:\/\/jxgchocolate.com\/pt\/wp-json\/wp\/v2\/product\/29184\/revisions\/29788"}],"wp:featuredmedia":[{"embeddable":true,"href":"https:\/\/jxgchocolate.com\/pt\/wp-json\/wp\/v2\/media\/29185"}],"wp:attachment":[{"href":"https:\/\/jxgchocolate.com\/pt\/wp-json\/wp\/v2\/media?parent=29184"}],"wp:term":[{"taxonomy":"product_cat","embeddable":true,"href":"https:\/\/jxgchocolate.com\/pt\/wp-json\/wp\/v2\/product_cat?post=29184"},{"taxonomy":"product_tag","embeddable":true,"href":"https:\/\/jxgchocolate.com\/pt\/wp-json\/wp\/v2\/product_tag?post=29184"}],"curies":[{"name":"wp","href":"https:\/\/api.w.org\/{rel}","templated":true}]}}