{"id":29194,"date":"2024-11-23T01:48:27","date_gmt":"2024-11-23T01:48:27","guid":{"rendered":"https:\/\/jxgchocolate.com\/?post_type=product&#038;p=29194"},"modified":"2024-11-23T01:48:30","modified_gmt":"2024-11-23T01:48:30","slug":"buy-chocolate-bars-in-bulk","status":"publish","type":"product","link":"https:\/\/jxgchocolate.com\/pt\/produto\/buy-chocolate-bars-in-bulk\/","title":{"rendered":"Comprar barras de chocolate a granel com sabor a ch\u00e1 verde da China"},"content":{"rendered":"<div class=\"wp-block-columns is-layout-flex wp-container-core-columns-is-layout-9d6595d7 wp-block-columns-is-layout-flex\">\n<div class=\"wp-block-column is-layout-flow wp-block-column-is-layout-flow\">\n<h2 class=\"wp-block-heading\">Premium Buy Chocolate Bars In Bulk Carater\u00edsticas:<\/h2>\n\n\n\n<ul class=\"wp-block-list\">\n<li><strong>Sabor \u00fanico a ch\u00e1: <\/strong>As nossas barras de chocolate Yashi Dancong tea wholesale utilizam ch\u00e1 em p\u00f3 verdadeiro de Chaozhou, Guangdong, a principal \u00e1rea de produ\u00e7\u00e3o de Phoenix Dancong, para fazer molho de ch\u00e1, dando ao chocolate uma fragr\u00e2ncia \u00fanica de orqu\u00eddea Yashi Dancong. Este aroma equilibra-se com a riqueza do chocolate, tornando o seu sabor mais rico e tridimensional. O aroma de Yashi Dancong e do ch\u00e1 \u00e9 perfeitamente preservado no chocolate. Emite uma encantadora fragr\u00e2ncia floral e frutada com camadas, uma do\u00e7ura rica e um travo duradouro, permitindo que os consumidores sintam a frescura e a longevidade do aroma do ch\u00e1 aquando da degusta\u00e7\u00e3o.<\/li>\n\n\n\n<li><strong>Experi\u00eancia gastron\u00f3mica diversificada: <\/strong>Compre barras de chocolate a granel com o ch\u00e1 Yashi Dancong, que tem v\u00e1rias formas de consumo, permitindo-lhe experimentar diretamente o seu aroma de ch\u00e1 \u00fanico e o seu sabor rico. Tamb\u00e9m pode ser combinado com outros ingredientes para consumo, como leite, caf\u00e9 e outras bebidas, ou utilizado como ingrediente de pastelaria para criar alimentos mais deliciosos.<\/li>\n\n\n\n<li><strong>Sa\u00fade e nutri\u00e7\u00e3o ricas: <\/strong>O nosso ch\u00e1 aromatizado Yashi Dancong cont\u00e9m antioxidantes abundantes, como os flavan\u00f3is, que ajudam a melhorar a imunidade e a promover a digest\u00e3o. Combinadas com os antioxidantes do chocolate preto, as nossas barras de chocolate por grosso aumentam ainda mais o valor do produto para a sa\u00fade.<\/li>\n\n\n\n<li><strong>Design requintado da embalagem:<\/strong> Comprar barras de chocolate a granel com sabor a ch\u00e1 Yashi Dancong, adotar um design de embalagem pequeno e requintado, que as torna f\u00e1ceis de transportar e mant\u00e9m a frescura do chocolate.<\/li>\n<\/ul>\n<\/div>\n\n\n\n<div class=\"wp-block-column is-layout-flow wp-block-column-is-layout-flow\">\n<figure class=\"wp-block-image size-full\"><img fetchpriority=\"high\" decoding=\"async\" width=\"2000\" height=\"2000\" src=\"https:\/\/jxgchocolate.com\/wp-content\/uploads\/2024\/11\/Wholesales-Chocolate-Bars-In-Bulk-With-China-Green-Tea-Flavor2.webp\" alt=\"Comprar barras de chocolate a granel com sabor a ch\u00e1 verde da China-1\" class=\"wp-image-29196\" srcset=\"https:\/\/jxgchocolate.com\/wp-content\/uploads\/2024\/11\/Wholesales-Chocolate-Bars-In-Bulk-With-China-Green-Tea-Flavor2.webp 2000w, https:\/\/jxgchocolate.com\/wp-content\/uploads\/2024\/11\/Wholesales-Chocolate-Bars-In-Bulk-With-China-Green-Tea-Flavor2-300x300.webp 300w, https:\/\/jxgchocolate.com\/wp-content\/uploads\/2024\/11\/Wholesales-Chocolate-Bars-In-Bulk-With-China-Green-Tea-Flavor2-150x150.webp 150w, https:\/\/jxgchocolate.com\/wp-content\/uploads\/2024\/11\/Wholesales-Chocolate-Bars-In-Bulk-With-China-Green-Tea-Flavor2-768x768.webp 768w, https:\/\/jxgchocolate.com\/wp-content\/uploads\/2024\/11\/Wholesales-Chocolate-Bars-In-Bulk-With-China-Green-Tea-Flavor2-12x12.webp 12w, https:\/\/jxgchocolate.com\/wp-content\/uploads\/2024\/11\/Wholesales-Chocolate-Bars-In-Bulk-With-China-Green-Tea-Flavor2-430x430.webp 430w, https:\/\/jxgchocolate.com\/wp-content\/uploads\/2024\/11\/Wholesales-Chocolate-Bars-In-Bulk-With-China-Green-Tea-Flavor2-700x700.webp 700w\" sizes=\"(max-width: 2000px) 100vw, 2000px\" \/><\/figure>\n<\/div>\n<\/div>","protected":false},"excerpt":{"rendered":"<p>Bem-vindo a comprar barras de chocolate a granel. As barras de chocolate com sabor a ch\u00e1 Yashi Dancong s\u00e3o um produto inovador que combina na perfei\u00e7\u00e3o a cultura tradicional do ch\u00e1 com o artesanato moderno do chocolate, com um sabor e um valor cultural \u00fanicos. N\u00e3o se trata apenas de um petisco delicioso, mas tamb\u00e9m de uma transmiss\u00e3o cultural e emocional, adequada aos consumidores que procuram qualidade de vida e gostam de experimentar coisas novas. Quer seja um snack di\u00e1rio, um ingrediente de pastelaria ou um excelente presente, o chocolate com sabor a ch\u00e1 Yashi \u00e9 uma \u00f3ptima escolha.<\/p>\n<table style=\"height: 304px;\" width=\"423\">\n<tbody>\n<tr>\n<td width=\"166\">Fabricante<\/td>\n<td width=\"257\">Fruta da sorte<\/td>\n<\/tr>\n<tr>\n<td>MODELO NO.<\/td>\n<td>JXG53<\/td>\n<\/tr>\n<tr>\n<td>Tipo<\/td>\n<td>Barras de chocolate<\/td>\n<\/tr>\n<tr>\n<td>Embalagem<\/td>\n<td>Embalagem em caixa<\/td>\n<\/tr>\n<tr>\n<td>Especifica\u00e7\u00e3o<\/td>\n<td>20 pe\u00e7as*12 caixas<\/td>\n<\/tr>\n<tr>\n<td>Tamanho da caixa<\/td>\n<td>48,5*20*29cm<\/td>\n<\/tr>\n<tr>\n<td>N.W \/SET<\/td>\n<td>20g*20 pe\u00e7as<\/td>\n<\/tr>\n<tr>\n<td>Cor<\/td>\n<td>Como imagem<\/td>\n<\/tr>\n<tr>\n<td>MOQ<\/td>\n<td>500 caixas de cart\u00e3o<\/td>\n<\/tr>\n<tr>\n<td>Personaliza\u00e7\u00e3o<\/td>\n<td>Embalagem\/LOGO<\/td>\n<\/tr>\n<\/tbody>\n<\/table>","protected":false},"featured_media":29195,"comment_status":"closed","ping_status":"closed","template":"","meta":[],"product_cat":[91],"product_tag":[],"class_list":{"0":"post-29194","1":"product","2":"type-product","3":"status-publish","4":"has-post-thumbnail","6":"product_cat-bulk-chocolate-bars","8":"first","9":"instock","10":"shipping-taxable","11":"product-type-simple"},"_links":{"self":[{"href":"https:\/\/jxgchocolate.com\/pt\/wp-json\/wp\/v2\/product\/29194","targetHints":{"allow":["GET"]}}],"collection":[{"href":"https:\/\/jxgchocolate.com\/pt\/wp-json\/wp\/v2\/product"}],"about":[{"href":"https:\/\/jxgchocolate.com\/pt\/wp-json\/wp\/v2\/types\/product"}],"replies":[{"embeddable":true,"href":"https:\/\/jxgchocolate.com\/pt\/wp-json\/wp\/v2\/comments?post=29194"}],"version-history":[{"count":0,"href":"https:\/\/jxgchocolate.com\/pt\/wp-json\/wp\/v2\/product\/29194\/revisions"}],"wp:featuredmedia":[{"embeddable":true,"href":"https:\/\/jxgchocolate.com\/pt\/wp-json\/wp\/v2\/media\/29195"}],"wp:attachment":[{"href":"https:\/\/jxgchocolate.com\/pt\/wp-json\/wp\/v2\/media?parent=29194"}],"wp:term":[{"taxonomy":"product_cat","embeddable":true,"href":"https:\/\/jxgchocolate.com\/pt\/wp-json\/wp\/v2\/product_cat?post=29194"},{"taxonomy":"product_tag","embeddable":true,"href":"https:\/\/jxgchocolate.com\/pt\/wp-json\/wp\/v2\/product_tag?post=29194"}],"curies":[{"name":"wp","href":"https:\/\/api.w.org\/{rel}","templated":true}]}}