{"id":29217,"date":"2024-11-30T10:25:21","date_gmt":"2024-11-30T10:25:21","guid":{"rendered":"https:\/\/jxgchocolate.com\/?post_type=product&#038;p=29217"},"modified":"2024-11-30T10:25:23","modified_gmt":"2024-11-30T10:25:23","slug":"custom-chocolate-bars","status":"publish","type":"product","link":"https:\/\/jxgchocolate.com\/pt\/produto\/custom-chocolate-bars\/","title":{"rendered":"Barras de chocolate personalizadas com sabor a ch\u00e1 por grosso com peda\u00e7os de bolacha"},"content":{"rendered":"<div class=\"wp-block-columns is-layout-flex wp-container-core-columns-is-layout-9d6595d7 wp-block-columns-is-layout-flex\">\n<div class=\"wp-block-column is-layout-flow wp-block-column-is-layout-flow\">\n<h2 class=\"wp-block-heading\">Barras de chocolate personalizadas Premium Carater\u00edsticas:<\/h2>\n\n\n\n<ul class=\"wp-block-list\">\n<li><strong>Combina\u00e7\u00e3o \u00fanica de sabores: <\/strong>A adi\u00e7\u00e3o deste ch\u00e1 ao chocolate d\u00e1 uma grande sensa\u00e7\u00e3o de estratifica\u00e7\u00e3o a estas barras de chocolate personalizadas. A combina\u00e7\u00e3o de chocolate de alta qualidade com bolachas estaladi\u00e7as cria um sabor \u00fanico, desde a textura sedosa e delicada do chocolate at\u00e9 \u00e0 textura estaladi\u00e7a das bolachas.<\/li>\n\n\n\n<li><strong>Patrim\u00f3nio cultural especial:<\/strong> O ch\u00e1 Yashi Dacong \u00e9 um dos famosos ch\u00e1s tradicionais chineses, com um profundo fundo cultural e hist\u00f3rias interessantes por detr\u00e1s. As nossas tabletes de chocolate por atacado A integra\u00e7\u00e3o deste ch\u00e1 em sobremesas modernas n\u00e3o \u00e9 apenas uma heran\u00e7a da cultura tradicional, mas tamb\u00e9m uma interpreta\u00e7\u00e3o inovadora da mesma.<\/li>\n\n\n\n<li><strong>Ben\u00e9fico para a sa\u00fade:<\/strong> O ch\u00e1 Yashi Dacong \u00e9 rico em antioxidantes, o que pode ajudar a melhorar a imunidade; os flavan\u00f3is no chocolate preto tamb\u00e9m contribuem para a sa\u00fade cardiovascular, as nossas barras de chocolate personalizadas s\u00e3o a combina\u00e7\u00e3o dos dois proporciona benef\u00edcios adicionais para a sa\u00fade.<\/li>\n\n\n\n<li><strong>Cen\u00e1rios de consumo diversificados:<\/strong> Adequado como um lanche de lazer, pode trazer prazer agrad\u00e1vel durante as pausas de trabalho ou reuni\u00f5es familiares. As nossas barras de chocolate por grosso, que combinam chocolate com bolachas e ch\u00e1 Yashi Dacong, criam um sabor e um aroma \u00fanicos que satisfazem as necessidades inovadoras dos consumidores.<\/li>\n<\/ul>\n<\/div>\n\n\n\n<div class=\"wp-block-column is-layout-flow wp-block-column-is-layout-flow\">\n<figure class=\"wp-block-image size-full\"><img fetchpriority=\"high\" decoding=\"async\" width=\"2000\" height=\"2000\" src=\"https:\/\/jxgchocolate.com\/wp-content\/uploads\/2024\/11\/Wholesales-Custom-Chocolate-Bar-With-Cookies-And-Tea-Flavor2.webp\" alt=\"Barras de chocolate personalizadas com sabor a ch\u00e1 por grosso com bolachas-3\" class=\"wp-image-29220\" srcset=\"https:\/\/jxgchocolate.com\/wp-content\/uploads\/2024\/11\/Wholesales-Custom-Chocolate-Bar-With-Cookies-And-Tea-Flavor2.webp 2000w, https:\/\/jxgchocolate.com\/wp-content\/uploads\/2024\/11\/Wholesales-Custom-Chocolate-Bar-With-Cookies-And-Tea-Flavor2-300x300.webp 300w, https:\/\/jxgchocolate.com\/wp-content\/uploads\/2024\/11\/Wholesales-Custom-Chocolate-Bar-With-Cookies-And-Tea-Flavor2-150x150.webp 150w, https:\/\/jxgchocolate.com\/wp-content\/uploads\/2024\/11\/Wholesales-Custom-Chocolate-Bar-With-Cookies-And-Tea-Flavor2-768x768.webp 768w, https:\/\/jxgchocolate.com\/wp-content\/uploads\/2024\/11\/Wholesales-Custom-Chocolate-Bar-With-Cookies-And-Tea-Flavor2-12x12.webp 12w, https:\/\/jxgchocolate.com\/wp-content\/uploads\/2024\/11\/Wholesales-Custom-Chocolate-Bar-With-Cookies-And-Tea-Flavor2-430x430.webp 430w, https:\/\/jxgchocolate.com\/wp-content\/uploads\/2024\/11\/Wholesales-Custom-Chocolate-Bar-With-Cookies-And-Tea-Flavor2-700x700.webp 700w\" sizes=\"(max-width: 2000px) 100vw, 2000px\" \/><\/figure>\n<\/div>\n<\/div>\n\n\n\n<p><\/p>","protected":false},"excerpt":{"rendered":"<p>Bem-vindo \u00e0s barras de chocolate personalizadas a granel. As nossas barras de chocolate por atacado com sabor a ch\u00e1 s\u00e3o um produto inovador que combina a cultura tradicional do ch\u00e1 com t\u00e9cnicas modernas de sobremesa. N\u00e3o s\u00f3 mistura o aroma \u00fanico do ch\u00e1 Yashi Dancong e o sabor rico do chocolate, mas tamb\u00e9m acrescenta a croc\u00e2ncia dos biscoitos.<\/p>\n<table style=\"height: 304px;\" width=\"423\">\n<tbody>\n<tr>\n<td width=\"166\">Fabricante<\/td>\n<td width=\"257\">Fruta da sorte<\/td>\n<\/tr>\n<tr>\n<td>MODELO NO.<\/td>\n<td>JXG54<\/td>\n<\/tr>\n<tr>\n<td>Tipo<\/td>\n<td>Barras de chocolate<\/td>\n<\/tr>\n<tr>\n<td>Embalagem<\/td>\n<td>Embalagem em caixa<\/td>\n<\/tr>\n<tr>\n<td>Especifica\u00e7\u00e3o<\/td>\n<td>20 pe\u00e7as*12 caixas<\/td>\n<\/tr>\n<tr>\n<td>Tamanho da caixa<\/td>\n<td>48,5*20*29cm<\/td>\n<\/tr>\n<tr>\n<td>N.W \/SET<\/td>\n<td>20g*20 pe\u00e7as<\/td>\n<\/tr>\n<tr>\n<td>Cor<\/td>\n<td>Como imagem<\/td>\n<\/tr>\n<tr>\n<td>MOQ<\/td>\n<td>500 caixas de cart\u00e3o<\/td>\n<\/tr>\n<tr>\n<td>Personaliza\u00e7\u00e3o<\/td>\n<td>Embalagem\/LOGO<\/td>\n<\/tr>\n<\/tbody>\n<\/table>","protected":false},"featured_media":29222,"comment_status":"closed","ping_status":"closed","template":"","meta":[],"product_cat":[91],"product_tag":[],"class_list":{"0":"post-29217","1":"product","2":"type-product","3":"status-publish","4":"has-post-thumbnail","6":"product_cat-bulk-chocolate-bars","8":"first","9":"instock","10":"shipping-taxable","11":"product-type-simple"},"_links":{"self":[{"href":"https:\/\/jxgchocolate.com\/pt\/wp-json\/wp\/v2\/product\/29217","targetHints":{"allow":["GET"]}}],"collection":[{"href":"https:\/\/jxgchocolate.com\/pt\/wp-json\/wp\/v2\/product"}],"about":[{"href":"https:\/\/jxgchocolate.com\/pt\/wp-json\/wp\/v2\/types\/product"}],"replies":[{"embeddable":true,"href":"https:\/\/jxgchocolate.com\/pt\/wp-json\/wp\/v2\/comments?post=29217"}],"version-history":[{"count":0,"href":"https:\/\/jxgchocolate.com\/pt\/wp-json\/wp\/v2\/product\/29217\/revisions"}],"wp:featuredmedia":[{"embeddable":true,"href":"https:\/\/jxgchocolate.com\/pt\/wp-json\/wp\/v2\/media\/29222"}],"wp:attachment":[{"href":"https:\/\/jxgchocolate.com\/pt\/wp-json\/wp\/v2\/media?parent=29217"}],"wp:term":[{"taxonomy":"product_cat","embeddable":true,"href":"https:\/\/jxgchocolate.com\/pt\/wp-json\/wp\/v2\/product_cat?post=29217"},{"taxonomy":"product_tag","embeddable":true,"href":"https:\/\/jxgchocolate.com\/pt\/wp-json\/wp\/v2\/product_tag?post=29217"}],"curies":[{"name":"wp","href":"https:\/\/api.w.org\/{rel}","templated":true}]}}