{"id":29225,"date":"2024-11-30T10:35:07","date_gmt":"2024-11-30T10:35:07","guid":{"rendered":"https:\/\/jxgchocolate.com\/?post_type=product&#038;p=29225"},"modified":"2024-11-30T10:35:09","modified_gmt":"2024-11-30T10:35:09","slug":"bulk-dark-chocolate-bars","status":"publish","type":"product","link":"https:\/\/jxgchocolate.com\/pt\/produto\/bulk-dark-chocolate-bars\/","title":{"rendered":"Barras de chocolate preto a granel por atacado com sabor cl\u00e1ssico"},"content":{"rendered":"<div class=\"wp-block-columns is-layout-flex wp-container-core-columns-is-layout-9d6595d7 wp-block-columns-is-layout-flex\">\n<div class=\"wp-block-column is-layout-flow wp-block-column-is-layout-flow\">\n<h2 class=\"wp-block-heading\">Barras de chocolate preto a granel Premium Carater\u00edsticas:<\/h2>\n\n\n\n<ul class=\"wp-block-list\">\n<li><strong>Sabor rico e camadas ricas: <\/strong>O chocolate preto tem uma elevada propor\u00e7\u00e3o de s\u00f3lidos de cacau, proporcionando um sabor mais rico e complexo - desde sabores subtis de fruta a um profundo amargor e do\u00e7ura, cada dentada pode sentir diferentes camadas. As nossas barras de chocolate preto a granel t\u00eam uma textura sedosa quando derretem na boca, acompanhadas pelo aroma \u00fanico do cacau.<\/li>\n\n\n\n<li><strong>Alto valor nutritivo: <\/strong>A cafe\u00edna do chocolate preto e os ingredientes naturais activos do cacau - como a teofilina, a tirosina, etc. - actuam para refrescar a mente, aumentar a aten\u00e7\u00e3o e afetar positivamente a melhoria da fun\u00e7\u00e3o cognitiva. Por conseguinte, os minerais ricos como o magn\u00e9sio, o cobre, o mangan\u00eas, etc., contidos na nossa barra de chocolate por grosso, s\u00e3o bons para manter a sa\u00fade dos ossos e promover o metabolismo.<\/li>\n\n\n\n<li><strong>Cen\u00e1rios e experi\u00eancias de consumo diversificados:<\/strong> As nossas barras de chocolate preto a granel podem ser consumidas diretamente como snack, ou utilizadas para cozinhar, fazer sobremesas, etc., proporcionando aos consumidores diversas escolhas. O amargor especial e a textura sedosa do chocolate preto criam uma experi\u00eancia de sabor \u00fanica. Para os consumidores que gostam de experimentar novos sabores, o chocolate preto \u00e9 definitivamente uma boa escolha.<\/li>\n\n\n\n<li><strong>Design de embalagem requintado: <\/strong>O nosso atacado de barras de chocolate tem uma embalagem \u00fanica e independente que \u00e9 f\u00e1cil de transportar; al\u00e9m disso, o design \u00fanico da embalagem atrai os olhos de mais consumidores. Juntamente com uma caixa exterior especialmente concebida, \u00e9 um \u00f3timo presente.<\/li>\n<\/ul>\n<\/div>\n\n\n\n<div class=\"wp-block-column is-layout-flow wp-block-column-is-layout-flow\">\n<figure class=\"wp-block-image size-full\"><img fetchpriority=\"high\" decoding=\"async\" width=\"2000\" height=\"2000\" src=\"https:\/\/jxgchocolate.com\/wp-content\/uploads\/2024\/11\/Wholesale-In-Bulk-Chocolate-Bars-Custom-With-Classical-Flavor2.webp\" alt=\"Barras de chocolate preto a granel por atacado com sabor cl\u00e1ssico-2\" class=\"wp-image-29227\" srcset=\"https:\/\/jxgchocolate.com\/wp-content\/uploads\/2024\/11\/Wholesale-In-Bulk-Chocolate-Bars-Custom-With-Classical-Flavor2.webp 2000w, https:\/\/jxgchocolate.com\/wp-content\/uploads\/2024\/11\/Wholesale-In-Bulk-Chocolate-Bars-Custom-With-Classical-Flavor2-300x300.webp 300w, https:\/\/jxgchocolate.com\/wp-content\/uploads\/2024\/11\/Wholesale-In-Bulk-Chocolate-Bars-Custom-With-Classical-Flavor2-150x150.webp 150w, https:\/\/jxgchocolate.com\/wp-content\/uploads\/2024\/11\/Wholesale-In-Bulk-Chocolate-Bars-Custom-With-Classical-Flavor2-768x768.webp 768w, https:\/\/jxgchocolate.com\/wp-content\/uploads\/2024\/11\/Wholesale-In-Bulk-Chocolate-Bars-Custom-With-Classical-Flavor2-12x12.webp 12w, https:\/\/jxgchocolate.com\/wp-content\/uploads\/2024\/11\/Wholesale-In-Bulk-Chocolate-Bars-Custom-With-Classical-Flavor2-430x430.webp 430w, https:\/\/jxgchocolate.com\/wp-content\/uploads\/2024\/11\/Wholesale-In-Bulk-Chocolate-Bars-Custom-With-Classical-Flavor2-700x700.webp 700w\" sizes=\"(max-width: 2000px) 100vw, 2000px\" \/><\/figure>\n<\/div>\n<\/div>\n\n\n\n<p><\/p>","protected":false},"excerpt":{"rendered":"<p>Bem-vindo \u00e0 compra de barras de chocolate preto a granel. Nossa barra de chocolate por atacado se destaca entre in\u00fameros produtos de chocolate devido ao seu sabor \u00fanico, atributos de sa\u00fade e processo de produ\u00e7\u00e3o de alta qualidade, tornando-se um favorito de muitos consumidores. Seja como um lanche di\u00e1rio ou um presente para ocasi\u00f5es especiais, chocolate escuro \u00e9 uma boa escolha.<\/p>\n<table style=\"height: 304px;\" width=\"423\">\n<tbody>\n<tr>\n<td width=\"166\">Fabricante<\/td>\n<td width=\"257\">Fruta da sorte<\/td>\n<\/tr>\n<tr>\n<td>MODELO NO.<\/td>\n<td>JXG55<\/td>\n<\/tr>\n<tr>\n<td>Tipo<\/td>\n<td>Barras de chocolate<\/td>\n<\/tr>\n<tr>\n<td>Embalagem<\/td>\n<td>Embalagem em caixa<\/td>\n<\/tr>\n<tr>\n<td>Especifica\u00e7\u00e3o<\/td>\n<td>20 pe\u00e7as*12 caixas<\/td>\n<\/tr>\n<tr>\n<td>Tamanho da caixa<\/td>\n<td>48,5*20*29cm<\/td>\n<\/tr>\n<tr>\n<td>N.W \/SET<\/td>\n<td>20g*20 pe\u00e7as<\/td>\n<\/tr>\n<tr>\n<td>Cor<\/td>\n<td>Como imagem<\/td>\n<\/tr>\n<tr>\n<td>MOQ<\/td>\n<td>500 caixas de cart\u00e3o<\/td>\n<\/tr>\n<tr>\n<td>Personaliza\u00e7\u00e3o<\/td>\n<td>Embalagem\/LOGO<\/td>\n<\/tr>\n<\/tbody>\n<\/table>","protected":false},"featured_media":29226,"comment_status":"closed","ping_status":"closed","template":"","meta":[],"product_cat":[91],"product_tag":[],"class_list":{"0":"post-29225","1":"product","2":"type-product","3":"status-publish","4":"has-post-thumbnail","6":"product_cat-bulk-chocolate-bars","8":"first","9":"instock","10":"shipping-taxable","11":"product-type-simple"},"_links":{"self":[{"href":"https:\/\/jxgchocolate.com\/pt\/wp-json\/wp\/v2\/product\/29225","targetHints":{"allow":["GET"]}}],"collection":[{"href":"https:\/\/jxgchocolate.com\/pt\/wp-json\/wp\/v2\/product"}],"about":[{"href":"https:\/\/jxgchocolate.com\/pt\/wp-json\/wp\/v2\/types\/product"}],"replies":[{"embeddable":true,"href":"https:\/\/jxgchocolate.com\/pt\/wp-json\/wp\/v2\/comments?post=29225"}],"version-history":[{"count":7,"href":"https:\/\/jxgchocolate.com\/pt\/wp-json\/wp\/v2\/product\/29225\/revisions"}],"predecessor-version":[{"id":29242,"href":"https:\/\/jxgchocolate.com\/pt\/wp-json\/wp\/v2\/product\/29225\/revisions\/29242"}],"wp:featuredmedia":[{"embeddable":true,"href":"https:\/\/jxgchocolate.com\/pt\/wp-json\/wp\/v2\/media\/29226"}],"wp:attachment":[{"href":"https:\/\/jxgchocolate.com\/pt\/wp-json\/wp\/v2\/media?parent=29225"}],"wp:term":[{"taxonomy":"product_cat","embeddable":true,"href":"https:\/\/jxgchocolate.com\/pt\/wp-json\/wp\/v2\/product_cat?post=29225"},{"taxonomy":"product_tag","embeddable":true,"href":"https:\/\/jxgchocolate.com\/pt\/wp-json\/wp\/v2\/product_tag?post=29225"}],"curies":[{"name":"wp","href":"https:\/\/api.w.org\/{rel}","templated":true}]}}