{"id":29241,"date":"2024-12-09T03:57:33","date_gmt":"2024-12-09T03:57:33","guid":{"rendered":"https:\/\/jxgchocolate.com\/?post_type=product&#038;p=29241"},"modified":"2024-12-09T03:57:36","modified_gmt":"2024-12-09T03:57:36","slug":"dark-chocolate-bars-bulk","status":"publish","type":"product","link":"https:\/\/jxgchocolate.com\/pt\/produto\/dark-chocolate-bars-bulk\/","title":{"rendered":"Barras de chocolate negro a granel com bolachas crocantes"},"content":{"rendered":"<div class=\"wp-block-columns is-layout-flex wp-container-core-columns-is-layout-9d6595d7 wp-block-columns-is-layout-flex\">\n<div class=\"wp-block-column is-layout-flow wp-block-column-is-layout-flow\">\n<h2 class=\"wp-block-heading\">Barras de chocolate preto de primeira qualidade Carater\u00edsticas a granel:<\/h2>\n\n\n\n<ul class=\"wp-block-list\">\n<li><strong>Ben\u00e9fico para a sa\u00fade:<\/strong> As nossas barras de chocolate negro a granel cont\u00eam um elevado valor antioxidante que resiste aos radicais livres e protege a sa\u00fade cardiovascular. Para al\u00e9m dos benef\u00edcios trazidos pelo chocolate, a farinha de trigo integral e outros ingredientes naturais das bolachas aumentam o valor nutricional do produto.<\/li>\n\n\n\n<li><strong>Combina\u00e7\u00e3o \u00fanica de sabores: <\/strong>Cada barra de chocolate com bolacha oferece um sabor duplo \u00fanico, que \u00e9 o chocolate rico e sedoso misturado com migalhas de bolacha estaladi\u00e7as, formando um contraste e uma complementaridade perfeitos.<\/li>\n\n\n\n<li><strong>Uma \u00f3ptima prenda: <\/strong>As nossas barras de chocolate negro a granel t\u00eam um design de embalagem atrativo que real\u00e7a as carater\u00edsticas do produto e melhora a imagem global. A embalagem requintada faz com que seja a escolha ideal para presentes de Natal ou do dia a dia, adequados para v\u00e1rias ocasi\u00f5es.<\/li>\n\n\n\n<li><strong>Adequado para uma variedade de ocasi\u00f5es: <\/strong>As barras de chocolate para bolachas por atacado podem ser combinadas com uma ch\u00e1vena de ch\u00e1 ou caf\u00e9 quente para se tornarem um ch\u00e1 da tarde perfeito Dim sum. Adequado como um lanche para o tempo de lazer, pode trazer prazer agrad\u00e1vel durante as pausas de trabalho ou reuni\u00f5es familiares. Al\u00e9m disso, tamb\u00e9m pode ser usado para fazer sobremesas mais criativas, como biscoitos de sandu\u00edche, decora\u00e7\u00f5es de bolo, etc., para aumentar a divers\u00e3o de assar.<\/li>\n<\/ul>\n<\/div>\n\n\n\n<div class=\"wp-block-column is-layout-flow wp-block-column-is-layout-flow\">\n<figure class=\"wp-block-image size-full\"><img fetchpriority=\"high\" decoding=\"async\" width=\"2000\" height=\"2000\" src=\"https:\/\/jxgchocolate.com\/wp-content\/uploads\/2024\/12\/Wholesales-Dark-Custom-Chocolate-Bars-With-Crispy-Cookies2.webp\" alt=\"Venda por grosso de barras de chocolate preto a granel com bolachas estaladi\u00e7as-2\" class=\"wp-image-29244\" srcset=\"https:\/\/jxgchocolate.com\/wp-content\/uploads\/2024\/12\/Wholesales-Dark-Custom-Chocolate-Bars-With-Crispy-Cookies2.webp 2000w, https:\/\/jxgchocolate.com\/wp-content\/uploads\/2024\/12\/Wholesales-Dark-Custom-Chocolate-Bars-With-Crispy-Cookies2-300x300.webp 300w, https:\/\/jxgchocolate.com\/wp-content\/uploads\/2024\/12\/Wholesales-Dark-Custom-Chocolate-Bars-With-Crispy-Cookies2-150x150.webp 150w, https:\/\/jxgchocolate.com\/wp-content\/uploads\/2024\/12\/Wholesales-Dark-Custom-Chocolate-Bars-With-Crispy-Cookies2-768x768.webp 768w, https:\/\/jxgchocolate.com\/wp-content\/uploads\/2024\/12\/Wholesales-Dark-Custom-Chocolate-Bars-With-Crispy-Cookies2-12x12.webp 12w, https:\/\/jxgchocolate.com\/wp-content\/uploads\/2024\/12\/Wholesales-Dark-Custom-Chocolate-Bars-With-Crispy-Cookies2-430x430.webp 430w, https:\/\/jxgchocolate.com\/wp-content\/uploads\/2024\/12\/Wholesales-Dark-Custom-Chocolate-Bars-With-Crispy-Cookies2-700x700.webp 700w\" sizes=\"(max-width: 2000px) 100vw, 2000px\" \/><\/figure>\n<\/div>\n<\/div>","protected":false},"excerpt":{"rendered":"<p>Bem-vindo \u00e0 compra de barras de chocolate negro a granel. As nossas barras de chocolate Cookie por grosso combinam a croc\u00e2ncia das bolachas com a suavidade do chocolate, criando uma experi\u00eancia irresist\u00edvel e \u00fanica. N\u00e3o s\u00f3 satisfaz a busca dos consumidores por del\u00edcias, mas tamb\u00e9m oferece diversas op\u00e7\u00f5es e experi\u00eancias de alta qualidade. Seja como um lanche di\u00e1rio, ingrediente de pastelaria ou um grande presente, as bolachas e os chocolates s\u00e3o uma \u00f3ptima escolha.<\/p>\n<table style=\"height: 304px;\" width=\"420\">\n<tbody>\n<tr>\n<td width=\"166\">Fabricante<\/td>\n<td width=\"257\">Fruta da sorte<\/td>\n<\/tr>\n<tr>\n<td>MODELO NO.<\/td>\n<td>JXG56<\/td>\n<\/tr>\n<tr>\n<td>Tipo<\/td>\n<td>Barras de chocolate<\/td>\n<\/tr>\n<tr>\n<td>Embalagem<\/td>\n<td>Embalagem em caixa<\/td>\n<\/tr>\n<tr>\n<td>Especifica\u00e7\u00e3o<\/td>\n<td>20 pe\u00e7as*12 caixas<\/td>\n<\/tr>\n<tr>\n<td>Tamanho da caixa<\/td>\n<td>48,5*20*29cm<\/td>\n<\/tr>\n<tr>\n<td>N.W \/SET<\/td>\n<td>20g*20 pe\u00e7as<\/td>\n<\/tr>\n<tr>\n<td>Cor<\/td>\n<td>Como imagem<\/td>\n<\/tr>\n<tr>\n<td>MOQ<\/td>\n<td>500 caixas de cart\u00e3o<\/td>\n<\/tr>\n<tr>\n<td>Personaliza\u00e7\u00e3o<\/td>\n<td>Embalagem\/LOGO<\/td>\n<\/tr>\n<\/tbody>\n<\/table>","protected":false},"featured_media":29243,"comment_status":"closed","ping_status":"closed","template":"","meta":[],"product_cat":[91],"product_tag":[],"class_list":{"0":"post-29241","1":"product","2":"type-product","3":"status-publish","4":"has-post-thumbnail","6":"product_cat-bulk-chocolate-bars","8":"first","9":"instock","10":"shipping-taxable","11":"product-type-simple"},"_links":{"self":[{"href":"https:\/\/jxgchocolate.com\/pt\/wp-json\/wp\/v2\/product\/29241","targetHints":{"allow":["GET"]}}],"collection":[{"href":"https:\/\/jxgchocolate.com\/pt\/wp-json\/wp\/v2\/product"}],"about":[{"href":"https:\/\/jxgchocolate.com\/pt\/wp-json\/wp\/v2\/types\/product"}],"replies":[{"embeddable":true,"href":"https:\/\/jxgchocolate.com\/pt\/wp-json\/wp\/v2\/comments?post=29241"}],"version-history":[{"count":0,"href":"https:\/\/jxgchocolate.com\/pt\/wp-json\/wp\/v2\/product\/29241\/revisions"}],"wp:featuredmedia":[{"embeddable":true,"href":"https:\/\/jxgchocolate.com\/pt\/wp-json\/wp\/v2\/media\/29243"}],"wp:attachment":[{"href":"https:\/\/jxgchocolate.com\/pt\/wp-json\/wp\/v2\/media?parent=29241"}],"wp:term":[{"taxonomy":"product_cat","embeddable":true,"href":"https:\/\/jxgchocolate.com\/pt\/wp-json\/wp\/v2\/product_cat?post=29241"},{"taxonomy":"product_tag","embeddable":true,"href":"https:\/\/jxgchocolate.com\/pt\/wp-json\/wp\/v2\/product_tag?post=29241"}],"curies":[{"name":"wp","href":"https:\/\/api.w.org\/{rel}","templated":true}]}}