{"id":29252,"date":"2024-12-09T03:50:26","date_gmt":"2024-12-09T03:50:26","guid":{"rendered":"https:\/\/jxgchocolate.com\/?post_type=product&#038;p=29252"},"modified":"2024-12-09T03:50:28","modified_gmt":"2024-12-09T03:50:28","slug":"gummy-choco-bulk","status":"publish","type":"product","link":"https:\/\/jxgchocolate.com\/pt\/produto\/gummy-choco-bulk\/","title":{"rendered":"Gummy Choco a granel, Gomas de chocolate por atacado Doces"},"content":{"rendered":"<div class=\"wp-block-columns is-layout-flex wp-container-core-columns-is-layout-9d6595d7 wp-block-columns-is-layout-flex\">\n<div class=\"wp-block-column is-layout-flow wp-block-column-is-layout-flow\">\n<h2 class=\"wp-block-heading\">Premium Gummy Choco Bulk Carater\u00edsticas:<\/h2>\n\n\n\n<ul class=\"wp-block-list\">\n<li><strong>Duplo sabor \u00fanico:<\/strong> As carater\u00edsticas suaves e em borracha das gomas de chocolate combinadas com a sensa\u00e7\u00e3o de derretimento sedoso do chocolate proporcionam aos consumidores uma nova experi\u00eancia gustativa. Em cada dentada, sente-se um gradiente desde a camada exterior de chocolate at\u00e9 ao interior da goma, come\u00e7ando com a do\u00e7ura e depois com o azedume ou vice-versa, aumentando o prazer de comer doces.<\/li>\n\n\n\n<li><strong>Adequado para crian\u00e7as e adultos: <\/strong>Gra\u00e7as ao seu aspeto redondo e sabor doce, as nossas gomas de chocolate por atacado s\u00e3o muito populares entre as crian\u00e7as. Para os adultos, este doce tamb\u00e9m \u00e9 apelativo, especialmente quando desfrutam de tempo de lazer ou de pausas no trabalho, uma vez que pode ajudar a relaxar o estado de esp\u00edrito.<\/li>\n\n\n\n<li><strong>Embalagem c\u00f3moda: <\/strong>A maior parte das gomas de chocolate a granel s\u00e3o embaladas em pequenos sacos separados, que s\u00e3o f\u00e1ceis de transportar e partilhar, o que as torna perfeitas para actividades ao ar livre e viagens, para desfrutar em qualquer altura. Al\u00e9m disso, existe uma vers\u00e3o de embalagem de alta capacidade para utilizadores dom\u00e9sticos, que \u00e9 econ\u00f3mica e permite a compra de mais sabores de uma s\u00f3 vez para serem partilhados por todos os membros da fam\u00edlia.<\/li>\n\n\n\n<li><strong>Op\u00e7\u00f5es de sabores ricos: <\/strong>As nossas gomas de chocolate por atacado est\u00e3o dispon\u00edveis numa variedade de sabores de fruta, como morango, uvas verdes, p\u00eassegos, mangas, etc., para satisfazer as prefer\u00eancias de diferentes consumidores.<\/li>\n<\/ul>\n<\/div>\n\n\n\n<div class=\"wp-block-column is-layout-flow wp-block-column-is-layout-flow\">\n<figure class=\"wp-block-image size-full\"><img fetchpriority=\"high\" decoding=\"async\" width=\"2000\" height=\"2000\" src=\"https:\/\/jxgchocolate.com\/wp-content\/uploads\/2024\/12\/Wholesales-Chinese-Chocolate-Gummies-Candy-In-Bulk1.webp\" alt=\"Gomas de chocolate a granel, gomas de chocolate por atacado Candy-1\" class=\"wp-image-29253\" srcset=\"https:\/\/jxgchocolate.com\/wp-content\/uploads\/2024\/12\/Wholesales-Chinese-Chocolate-Gummies-Candy-In-Bulk1.webp 2000w, https:\/\/jxgchocolate.com\/wp-content\/uploads\/2024\/12\/Wholesales-Chinese-Chocolate-Gummies-Candy-In-Bulk1-300x300.webp 300w, https:\/\/jxgchocolate.com\/wp-content\/uploads\/2024\/12\/Wholesales-Chinese-Chocolate-Gummies-Candy-In-Bulk1-150x150.webp 150w, https:\/\/jxgchocolate.com\/wp-content\/uploads\/2024\/12\/Wholesales-Chinese-Chocolate-Gummies-Candy-In-Bulk1-768x768.webp 768w, https:\/\/jxgchocolate.com\/wp-content\/uploads\/2024\/12\/Wholesales-Chinese-Chocolate-Gummies-Candy-In-Bulk1-12x12.webp 12w, https:\/\/jxgchocolate.com\/wp-content\/uploads\/2024\/12\/Wholesales-Chinese-Chocolate-Gummies-Candy-In-Bulk1-430x430.webp 430w, https:\/\/jxgchocolate.com\/wp-content\/uploads\/2024\/12\/Wholesales-Chinese-Chocolate-Gummies-Candy-In-Bulk1-700x700.webp 700w\" sizes=\"(max-width: 2000px) 100vw, 2000px\" \/><\/figure>\n<\/div>\n<\/div>\n\n\n\n<p><\/p>","protected":false},"excerpt":{"rendered":"<p>Bem-vindo \u00e0 compra de gomas de choco a granel. As nossas gomas de chocolate por grosso misturam a sensa\u00e7\u00e3o de mastigar das gomas com o sabor rico do chocolate. \u00c9 um item popular no mercado. Entre muitos doces, a goma de chocolate tem carater\u00edsticas excepcionais em todos os aspectos, desde o seu sabor especial e op\u00e7\u00f5es de sabores variados at\u00e9 a utiliza\u00e7\u00e3o de mat\u00e9rias-primas de qualidade e design de embalagem engenhoso. Como um lanche di\u00e1rio ou presente para ocasi\u00f5es especiais, o chocolate de goma pode trazer uma experi\u00eancia agrad\u00e1vel para as pessoas.<\/p>\n<table width=\"275\">\n<tbody>\n<tr>\n<td width=\"108\">Fabricante<\/td>\n<td width=\"167\">Fruta da sorte<\/td>\n<\/tr>\n<tr>\n<td>MODELO NO.<\/td>\n<td>JXG342<\/td>\n<\/tr>\n<tr>\n<td>Tipo<\/td>\n<td>Gomas de chocolate<\/td>\n<\/tr>\n<tr>\n<td>Embalagem<\/td>\n<td>embalagem de saco<\/td>\n<\/tr>\n<tr>\n<td>Especifica\u00e7\u00e3o<\/td>\n<td>20 sacos<\/td>\n<\/tr>\n<tr>\n<td>Tamanho da caixa<\/td>\n<td>53*33*37,5cm<\/td>\n<\/tr>\n<tr>\n<td>N.W \/SET<\/td>\n<td>23g*20Pcs*12bags<\/td>\n<\/tr>\n<tr>\n<td>Cor<\/td>\n<td>Como imagem<\/td>\n<\/tr>\n<tr>\n<td>MOQ<\/td>\n<td>500 caixas de cart\u00e3o<\/td>\n<\/tr>\n<tr>\n<td>Personaliza\u00e7\u00e3o<\/td>\n<td>Embalagem\/LOGO<\/td>\n<\/tr>\n<\/tbody>\n<\/table>","protected":false},"featured_media":29253,"comment_status":"closed","ping_status":"closed","template":"","meta":[],"product_cat":[75],"product_tag":[],"class_list":{"0":"post-29252","1":"product","2":"type-product","3":"status-publish","4":"has-post-thumbnail","6":"product_cat-wholesale-gummy-chocolate","8":"first","9":"instock","10":"shipping-taxable","11":"product-type-simple"},"_links":{"self":[{"href":"https:\/\/jxgchocolate.com\/pt\/wp-json\/wp\/v2\/product\/29252","targetHints":{"allow":["GET"]}}],"collection":[{"href":"https:\/\/jxgchocolate.com\/pt\/wp-json\/wp\/v2\/product"}],"about":[{"href":"https:\/\/jxgchocolate.com\/pt\/wp-json\/wp\/v2\/types\/product"}],"replies":[{"embeddable":true,"href":"https:\/\/jxgchocolate.com\/pt\/wp-json\/wp\/v2\/comments?post=29252"}],"version-history":[{"count":5,"href":"https:\/\/jxgchocolate.com\/pt\/wp-json\/wp\/v2\/product\/29252\/revisions"}],"predecessor-version":[{"id":29271,"href":"https:\/\/jxgchocolate.com\/pt\/wp-json\/wp\/v2\/product\/29252\/revisions\/29271"}],"wp:featuredmedia":[{"embeddable":true,"href":"https:\/\/jxgchocolate.com\/pt\/wp-json\/wp\/v2\/media\/29253"}],"wp:attachment":[{"href":"https:\/\/jxgchocolate.com\/pt\/wp-json\/wp\/v2\/media?parent=29252"}],"wp:term":[{"taxonomy":"product_cat","embeddable":true,"href":"https:\/\/jxgchocolate.com\/pt\/wp-json\/wp\/v2\/product_cat?post=29252"},{"taxonomy":"product_tag","embeddable":true,"href":"https:\/\/jxgchocolate.com\/pt\/wp-json\/wp\/v2\/product_tag?post=29252"}],"curies":[{"name":"wp","href":"https:\/\/api.w.org\/{rel}","templated":true}]}}