{"id":29277,"date":"2024-12-14T09:20:36","date_gmt":"2024-12-14T09:20:36","guid":{"rendered":"https:\/\/jxgchocolate.com\/?post_type=product&#038;p=29277"},"modified":"2024-12-14T09:20:38","modified_gmt":"2024-12-14T09:20:38","slug":"chocolate-covered-peanuts-in-bulk","status":"publish","type":"product","link":"https:\/\/jxgchocolate.com\/pt\/produto\/chocolate-covered-peanuts-in-bulk\/","title":{"rendered":"Vendas quentes Amendoins com cobertura de chocolate a granel para a sua loja"},"content":{"rendered":"<div class=\"wp-block-columns is-layout-flex wp-container-core-columns-is-layout-9d6595d7 wp-block-columns-is-layout-flex\">\n<div class=\"wp-block-column is-layout-flow wp-block-column-is-layout-flow\">\n<h2 class=\"wp-block-heading\">Amendoins Premium Cobertos de Chocolate a granel Carater\u00edsticas:<\/h2>\n\n\n\n<ul class=\"wp-block-list\">\n<li>Chocolate rico c<strong>amendoins de cobertura:<\/strong> Os nossos amendoins cobertos de chocolate a granel s\u00e3o feitos de amendoins de primeira qualidade, revestidos com chocolates ricos que satisfazem n\u00e3o s\u00f3 as exig\u00eancias dos amantes de chocolate, mas tamb\u00e9m a croc\u00e2ncia natural dos amendoins.<\/li>\n\n\n\n<li><strong>Op\u00e7\u00e3o de lanche saud\u00e1vel e nutritivo: <\/strong>Os nossos amendoins de chocolate a granel s\u00e3o ricos em prote\u00ednas de alta qualidade, gorduras saud\u00e1veis e v\u00e1rios minerais. Misturado com chocolate, n\u00e3o \u00e9 apenas um snack delicioso, \u00e9 tamb\u00e9m uma escolha saud\u00e1vel para suplemento energ\u00e9tico.<\/li>\n\n\n\n<li><strong>Fornecimento a granel para satisfazer as necessidades dos retalhistas: <\/strong>Oferecemos amendoins cobertos de chocolate a granel com embalagens personalizadas adequadas a retalhistas, grandes supermercados e sites de com\u00e9rcio eletr\u00f3nico que os armazenam e satisfazem a procura dos consumidores.<\/li>\n\n\n\n<li>Alto cos<strong>t e forte competitividade no mercado: <\/strong>Os nossos amendoins de chocolate a granel s\u00e3o uma integra\u00e7\u00e3o perfeita de chocolate de alta qualidade com amendoins, a pre\u00e7os razo\u00e1veis para ajudar as variedades de lojas a ganharem vendas e a satisfa\u00e7\u00e3o dos clientes.<\/li>\n<\/ul>\n<\/div>\n\n\n\n<div class=\"wp-block-column is-layout-flow wp-block-column-is-layout-flow\">\n<figure class=\"wp-block-image size-full\"><img fetchpriority=\"high\" decoding=\"async\" width=\"750\" height=\"750\" src=\"https:\/\/jxgchocolate.com\/wp-content\/uploads\/2024\/12\/Hot-Sales-Bulk-Chocolate-Covered-Peanuts-Can-Be-Customized3.webp\" alt=\"Vendas quentes Amendoins cobertos de chocolate a granel para a sua loja-3\" class=\"wp-image-29282\" srcset=\"https:\/\/jxgchocolate.com\/wp-content\/uploads\/2024\/12\/Hot-Sales-Bulk-Chocolate-Covered-Peanuts-Can-Be-Customized3.webp 750w, https:\/\/jxgchocolate.com\/wp-content\/uploads\/2024\/12\/Hot-Sales-Bulk-Chocolate-Covered-Peanuts-Can-Be-Customized3-300x300.webp 300w, https:\/\/jxgchocolate.com\/wp-content\/uploads\/2024\/12\/Hot-Sales-Bulk-Chocolate-Covered-Peanuts-Can-Be-Customized3-150x150.webp 150w, https:\/\/jxgchocolate.com\/wp-content\/uploads\/2024\/12\/Hot-Sales-Bulk-Chocolate-Covered-Peanuts-Can-Be-Customized3-12x12.webp 12w, https:\/\/jxgchocolate.com\/wp-content\/uploads\/2024\/12\/Hot-Sales-Bulk-Chocolate-Covered-Peanuts-Can-Be-Customized3-430x430.webp 430w, https:\/\/jxgchocolate.com\/wp-content\/uploads\/2024\/12\/Hot-Sales-Bulk-Chocolate-Covered-Peanuts-Can-Be-Customized3-700x700.webp 700w\" sizes=\"(max-width: 750px) 100vw, 750px\" \/><\/figure>\n<\/div>\n<\/div>","protected":false},"excerpt":{"rendered":"<p>Bem-vindo ao comprar amendoins cobertos de chocolate a granel. Os nossos amendoins de chocolate a granel s\u00e3o snacks de venda quente com uma mistura perfeita de chocolate rico e amendoins estaladi\u00e7os. Adequados para venda por grosso a granel, os retalhistas podem facilmente reabastecer o seu invent\u00e1rio e satisfazer a procura dos clientes por snacks saud\u00e1veis e deliciosos. \u00c9 o complemento perfeito para os produtos mais vendidos na sua loja.<\/p>\n<table width=\"275\">\n<tbody>\n<tr>\n<td width=\"108\">Fabricante<\/td>\n<td width=\"167\">Fruta da sorte<\/td>\n<\/tr>\n<tr>\n<td>MODELO NO.<\/td>\n<td>JXG344<\/td>\n<\/tr>\n<tr>\n<td>Tipo<\/td>\n<td>Amendoins Chocolate<\/td>\n<\/tr>\n<tr>\n<td>Embalagem<\/td>\n<td>embalagem de saco<\/td>\n<\/tr>\n<tr>\n<td>Especifica\u00e7\u00e3o<\/td>\n<td>20 sacos<\/td>\n<\/tr>\n<tr>\n<td>Tamanho da caixa<\/td>\n<td>53*33*37,5cm<\/td>\n<\/tr>\n<tr>\n<td>N.W \/SET<\/td>\n<td>23g*20Pcs*12bags<\/td>\n<\/tr>\n<tr>\n<td>Cor<\/td>\n<td>Como imagem<\/td>\n<\/tr>\n<tr>\n<td>MOQ<\/td>\n<td>500 caixas de cart\u00e3o<\/td>\n<\/tr>\n<tr>\n<td>Personaliza\u00e7\u00e3o<\/td>\n<td>Embalagem\/LOGO<\/td>\n<\/tr>\n<\/tbody>\n<\/table>","protected":false},"featured_media":29281,"comment_status":"closed","ping_status":"closed","template":"","meta":[],"product_cat":[73],"product_tag":[],"class_list":{"0":"post-29277","1":"product","2":"type-product","3":"status-publish","4":"has-post-thumbnail","6":"product_cat-wholesale-chocolate-covered-peanuts","8":"first","9":"instock","10":"shipping-taxable","11":"product-type-simple"},"_links":{"self":[{"href":"https:\/\/jxgchocolate.com\/pt\/wp-json\/wp\/v2\/product\/29277","targetHints":{"allow":["GET"]}}],"collection":[{"href":"https:\/\/jxgchocolate.com\/pt\/wp-json\/wp\/v2\/product"}],"about":[{"href":"https:\/\/jxgchocolate.com\/pt\/wp-json\/wp\/v2\/types\/product"}],"replies":[{"embeddable":true,"href":"https:\/\/jxgchocolate.com\/pt\/wp-json\/wp\/v2\/comments?post=29277"}],"version-history":[{"count":0,"href":"https:\/\/jxgchocolate.com\/pt\/wp-json\/wp\/v2\/product\/29277\/revisions"}],"wp:featuredmedia":[{"embeddable":true,"href":"https:\/\/jxgchocolate.com\/pt\/wp-json\/wp\/v2\/media\/29281"}],"wp:attachment":[{"href":"https:\/\/jxgchocolate.com\/pt\/wp-json\/wp\/v2\/media?parent=29277"}],"wp:term":[{"taxonomy":"product_cat","embeddable":true,"href":"https:\/\/jxgchocolate.com\/pt\/wp-json\/wp\/v2\/product_cat?post=29277"},{"taxonomy":"product_tag","embeddable":true,"href":"https:\/\/jxgchocolate.com\/pt\/wp-json\/wp\/v2\/product_tag?post=29277"}],"curies":[{"name":"wp","href":"https:\/\/api.w.org\/{rel}","templated":true}]}}