{"id":29285,"date":"2024-12-14T09:09:09","date_gmt":"2024-12-14T09:09:09","guid":{"rendered":"https:\/\/jxgchocolate.com\/?post_type=product&#038;p=29285"},"modified":"2024-12-14T09:21:14","modified_gmt":"2024-12-14T09:21:14","slug":"bulk-chocolate-peanuts","status":"publish","type":"product","link":"https:\/\/jxgchocolate.com\/pt\/produto\/bulk-chocolate-peanuts\/","title":{"rendered":"Amendoim de chocolate a granel com sabor de ch\u00e1 chin\u00eas e embalagem personalizada"},"content":{"rendered":"<div class=\"wp-block-columns is-layout-flex wp-container-core-columns-is-layout-9d6595d7 wp-block-columns-is-layout-flex\">\n<div class=\"wp-block-column is-layout-flow wp-block-column-is-layout-flow\">\n<h2 class=\"wp-block-heading\">Amendoins de chocolate a granel Premium Carater\u00edsticas:<\/h2>\n\n\n\n<ul class=\"wp-block-list\">\n<li><strong>Sabor \u00fanico a ch\u00e1: <\/strong>Estes amendoins de chocolate a granel utilizam ch\u00e1 chin\u00eas e misturam-se cuidadosamente, o aroma abundante do ch\u00e1 \u00e9 combinado com a do\u00e7ura do chocolate. O sabor rico e \u00fanico abre uma nova experi\u00eancia de consumo.<\/li>\n\n\n\n<li><strong>Ingredientes selecionados de alta qualidade: <\/strong>Os nossos amendoins cobertos de chocolate a granel utilizam amendoins de alta qualidade e chocolate de alta qualidade para garantir um sabor delicado, saud\u00e1vel e delicioso para que possa desfrutar do puro sabor natural.<\/li>\n\n\n\n<li><strong>Servi\u00e7o de embalagem personalizado: <\/strong>A embalagem personalizada de amendoins de chocolate a granel pode ser feita para satisfazer os requisitos da marca, quer seja para oferta, promo\u00e7\u00e3o ou oferta corporativa para valoriza\u00e7\u00e3o da marca.<\/li>\n\n\n\n<li>Sup. a granel<strong>para responder a uma variedade de necessidades: <\/strong>Os nossos amendoins com cobertura de chocolate a granel apoiam o com\u00e9rcio grossista a granel, adequado para retalhistas, clientes de catering e empresas, satisfazem facilmente as necessidades de diferentes mercados e aumentam as suas escolhas de produtos.<\/li>\n<\/ul>\n<\/div>\n\n\n\n<div class=\"wp-block-column is-layout-flow wp-block-column-is-layout-flow\">\n<figure class=\"wp-block-image size-full\"><img fetchpriority=\"high\" decoding=\"async\" width=\"800\" height=\"800\" src=\"https:\/\/jxgchocolate.com\/wp-content\/uploads\/2024\/12\/Customized-Chocolate-Covered-Peanuts-In-Bulk-With-Chinese-tea-Flavor2.webp\" alt=\"Amendoins de chocolate a granel com sabor a ch\u00e1 chin\u00eas com embalagem personalizada-3\" class=\"wp-image-29287\" srcset=\"https:\/\/jxgchocolate.com\/wp-content\/uploads\/2024\/12\/Customized-Chocolate-Covered-Peanuts-In-Bulk-With-Chinese-tea-Flavor2.webp 800w, https:\/\/jxgchocolate.com\/wp-content\/uploads\/2024\/12\/Customized-Chocolate-Covered-Peanuts-In-Bulk-With-Chinese-tea-Flavor2-300x300.webp 300w, https:\/\/jxgchocolate.com\/wp-content\/uploads\/2024\/12\/Customized-Chocolate-Covered-Peanuts-In-Bulk-With-Chinese-tea-Flavor2-150x150.webp 150w, https:\/\/jxgchocolate.com\/wp-content\/uploads\/2024\/12\/Customized-Chocolate-Covered-Peanuts-In-Bulk-With-Chinese-tea-Flavor2-768x768.webp 768w, https:\/\/jxgchocolate.com\/wp-content\/uploads\/2024\/12\/Customized-Chocolate-Covered-Peanuts-In-Bulk-With-Chinese-tea-Flavor2-12x12.webp 12w, https:\/\/jxgchocolate.com\/wp-content\/uploads\/2024\/12\/Customized-Chocolate-Covered-Peanuts-In-Bulk-With-Chinese-tea-Flavor2-430x430.webp 430w, https:\/\/jxgchocolate.com\/wp-content\/uploads\/2024\/12\/Customized-Chocolate-Covered-Peanuts-In-Bulk-With-Chinese-tea-Flavor2-700x700.webp 700w\" sizes=\"(max-width: 800px) 100vw, 800px\" \/><\/figure>\n<\/div>\n<\/div>","protected":false},"excerpt":{"rendered":"<p>Bem-vindo ao comprar amendoins de chocolate a granel. Os nossos amendoins com cobertura de chocolate a granel combinam o sabor \u00fanico do ch\u00e1 chin\u00eas com a suavidade do chocolate, proporcionando-lhe uma experi\u00eancia de sabor \u00fanica. Cada amendoim \u00e9 feito de ingredientes selecionados de alta qualidade, com uma camada exterior de chocolate rico, amendoins estaladi\u00e7os no interior e um toque de fragr\u00e2ncia de ch\u00e1, uma mistura perfeita. Oferecemos servi\u00e7os de embalagem personalizados para satisfazer as suas necessidades de retalho ou de marca.<\/p>\n<table width=\"275\">\n<tbody>\n<tr>\n<td width=\"108\">Fabricante<\/td>\n<td width=\"167\">Fruta da sorte<\/td>\n<\/tr>\n<tr>\n<td>MODELO NO.<\/td>\n<td>JXG345<\/td>\n<\/tr>\n<tr>\n<td>Tipo<\/td>\n<td>Amendoins Chocolate<\/td>\n<\/tr>\n<tr>\n<td>Embalagem<\/td>\n<td>embalagem de saco<\/td>\n<\/tr>\n<tr>\n<td>Especifica\u00e7\u00e3o<\/td>\n<td>20 sacos<\/td>\n<\/tr>\n<tr>\n<td>Tamanho da caixa<\/td>\n<td>53*33*37,5cm<\/td>\n<\/tr>\n<tr>\n<td>N.W \/SET<\/td>\n<td>23g*20Pcs*12bags<\/td>\n<\/tr>\n<tr>\n<td>Cor<\/td>\n<td>Como imagem<\/td>\n<\/tr>\n<tr>\n<td>MOQ<\/td>\n<td>500 caixas de cart\u00e3o<\/td>\n<\/tr>\n<tr>\n<td>Personaliza\u00e7\u00e3o<\/td>\n<td>Embalagem\/LOGO<\/td>\n<\/tr>\n<\/tbody>\n<\/table>","protected":false},"featured_media":29287,"comment_status":"closed","ping_status":"closed","template":"","meta":[],"product_cat":[73],"product_tag":[],"class_list":{"0":"post-29285","1":"product","2":"type-product","3":"status-publish","4":"has-post-thumbnail","6":"product_cat-wholesale-chocolate-covered-peanuts","8":"first","9":"instock","10":"shipping-taxable","11":"product-type-simple"},"_links":{"self":[{"href":"https:\/\/jxgchocolate.com\/pt\/wp-json\/wp\/v2\/product\/29285","targetHints":{"allow":["GET"]}}],"collection":[{"href":"https:\/\/jxgchocolate.com\/pt\/wp-json\/wp\/v2\/product"}],"about":[{"href":"https:\/\/jxgchocolate.com\/pt\/wp-json\/wp\/v2\/types\/product"}],"replies":[{"embeddable":true,"href":"https:\/\/jxgchocolate.com\/pt\/wp-json\/wp\/v2\/comments?post=29285"}],"version-history":[{"count":0,"href":"https:\/\/jxgchocolate.com\/pt\/wp-json\/wp\/v2\/product\/29285\/revisions"}],"wp:featuredmedia":[{"embeddable":true,"href":"https:\/\/jxgchocolate.com\/pt\/wp-json\/wp\/v2\/media\/29287"}],"wp:attachment":[{"href":"https:\/\/jxgchocolate.com\/pt\/wp-json\/wp\/v2\/media?parent=29285"}],"wp:term":[{"taxonomy":"product_cat","embeddable":true,"href":"https:\/\/jxgchocolate.com\/pt\/wp-json\/wp\/v2\/product_cat?post=29285"},{"taxonomy":"product_tag","embeddable":true,"href":"https:\/\/jxgchocolate.com\/pt\/wp-json\/wp\/v2\/product_tag?post=29285"}],"curies":[{"name":"wp","href":"https:\/\/api.w.org\/{rel}","templated":true}]}}