{"id":29307,"date":"2024-12-21T02:31:34","date_gmt":"2024-12-21T02:31:34","guid":{"rendered":"https:\/\/jxgchocolate.com\/?post_type=product&#038;p=29307"},"modified":"2024-12-21T02:32:14","modified_gmt":"2024-12-21T02:32:14","slug":"chocolate-coated-peanuts-bulk","status":"publish","type":"product","link":"https:\/\/jxgchocolate.com\/pt\/produto\/chocolate-coated-peanuts-bulk\/","title":{"rendered":"Inovador amendoim revestido de chocolate a granel com dois sabores"},"content":{"rendered":"<div class=\"wp-block-columns is-layout-flex wp-container-core-columns-is-layout-9d6595d7 wp-block-columns-is-layout-flex\">\n<div class=\"wp-block-column is-layout-flow wp-block-column-is-layout-flow\">\n<h2 class=\"wp-block-heading\">Amendoins revestidos com chocolate Premium Carater\u00edsticas a granel:<\/h2>\n\n\n\n<ul class=\"wp-block-list\">\n<li><strong>Suplemento energ\u00e9tico r\u00e1pido: <\/strong>O nosso amendoim com cobertura de chocolate cont\u00e9m um elevado n\u00edvel de a\u00e7\u00facar e gordura, que pode fornecer energia r\u00e1pida ao corpo. Por conseguinte, \u00e9 adequado para atuar como um suplemento energ\u00e9tico quando as pessoas est\u00e3o a fazer exerc\u00edcio, a estudar ou a trabalhar e se sentem fatigadas. As prote\u00ednas e os hidratos de carbono do amendoim podem ser facilmente absorvidos pelo organismo, o que pode aumentar rapidamente o n\u00edvel de a\u00e7\u00facar no sangue e ajudar as pessoas a recuperar a energia mais rapidamente.<\/li>\n\n\n\n<li><strong>Experi\u00eancia de sabor \u00fanica: <\/strong>A camada exterior dos nossos amendoins cobertos de chocolate a granel tem uma textura sedosa de chocolate, mas no interior est\u00e1 cheia de amendoins estaladi\u00e7os. Este contraste de sabores confere uma camada rica a cada dentada. O amendoim em si tem um \u00f3timo aroma e, misturado com o chocolate, cria um sabor mais sedutor e inesquec\u00edvel.<\/li>\n\n\n\n<li><strong>Rico em nutrientes:<\/strong> Os amendoins s\u00e3o ricos em prote\u00ednas de alta qualidade e fibras alimentares, que mant\u00eam o metabolismo normal e a sa\u00fade intestinal do corpo. Al\u00e9m disso, os \u00e1cidos gordos insaturados nos amendoins podem reduzir os n\u00edveis de colesterol e diminuir o risco de doen\u00e7as cardiovasculares no corpo humano. O nosso amendoim revestido de chocolate a granel tamb\u00e9m cont\u00e9m v\u00e1rias vitaminas e minerais, como a vitamina E, magn\u00e9sio, pot\u00e1ssio, etc., que desempenham um papel importante na manuten\u00e7\u00e3o da boa sa\u00fade.<\/li>\n\n\n\n<li><strong>Embalagem diversificada com diferentes sabores: <\/strong>O design requintado da embalagem dos nossos amendoins cobertos de chocolate a granel pode atrair a aten\u00e7\u00e3o dos consumidores e aumentar a sua inten\u00e7\u00e3o de compra. Para al\u00e9m do cl\u00e1ssico sabor a chocolate, o chocolate com sabor a ch\u00e1 Yashi Dancong foi adicionado com o objetivo de satisfazer os diferentes gostos dos consumidores.<\/li>\n<\/ul>\n<\/div>\n\n\n\n<div class=\"wp-block-column is-layout-flow wp-block-column-is-layout-flow\">\n<figure class=\"wp-block-image size-full\"><img fetchpriority=\"high\" decoding=\"async\" width=\"1800\" height=\"1500\" src=\"https:\/\/jxgchocolate.com\/wp-content\/uploads\/2024\/12\/\u82b1\u751f\u4fe9\u53e3\u54731.webp\" alt=\"Amendoins revestidos de chocolate inovadores a granel com dois sabores-1\" class=\"wp-image-29309\" srcset=\"https:\/\/jxgchocolate.com\/wp-content\/uploads\/2024\/12\/\u82b1\u751f\u4fe9\u53e3\u54731.webp 1800w, https:\/\/jxgchocolate.com\/wp-content\/uploads\/2024\/12\/\u82b1\u751f\u4fe9\u53e3\u54731-360x300.webp 360w, https:\/\/jxgchocolate.com\/wp-content\/uploads\/2024\/12\/\u82b1\u751f\u4fe9\u53e3\u54731-768x640.webp 768w, https:\/\/jxgchocolate.com\/wp-content\/uploads\/2024\/12\/\u82b1\u751f\u4fe9\u53e3\u54731-14x12.webp 14w, https:\/\/jxgchocolate.com\/wp-content\/uploads\/2024\/12\/\u82b1\u751f\u4fe9\u53e3\u54731-430x358.webp 430w, https:\/\/jxgchocolate.com\/wp-content\/uploads\/2024\/12\/\u82b1\u751f\u4fe9\u53e3\u54731-700x583.webp 700w, https:\/\/jxgchocolate.com\/wp-content\/uploads\/2024\/12\/\u82b1\u751f\u4fe9\u53e3\u54731-150x125.webp 150w\" sizes=\"(max-width: 1800px) 100vw, 1800px\" \/><\/figure>\n<\/div>\n<\/div>","protected":false},"excerpt":{"rendered":"<p>Bem-vindo \u00e0 compra de amendoins com cobertura de chocolate a granel. Os nossos amendoins cobertos de chocolate a granel s\u00e3o populares no mercado devido \u00e0 sua experi\u00eancia de sabor \u00fanico, r\u00e1pida reposi\u00e7\u00e3o de energia, rico valor nutricional e v\u00e1rias embalagens e sabores. N\u00e3o importa se \u00e9 um lanche di\u00e1rio ou um suplemento energ\u00e9tico, o chocolate de amendoim pode proporcionar aos consumidores uma experi\u00eancia de sabor agrad\u00e1vel e uma experi\u00eancia f\u00edsica saud\u00e1vel.<\/p>\n<table width=\"275\">\n<tbody>\n<tr>\n<td width=\"108\">Fabricante<\/td>\n<td width=\"167\">Fruta da sorte<\/td>\n<\/tr>\n<tr>\n<td>MODELO NO.<\/td>\n<td>JXG345<\/td>\n<\/tr>\n<tr>\n<td>Tipo<\/td>\n<td>Amendoins Chocolate<\/td>\n<\/tr>\n<tr>\n<td>Embalagem<\/td>\n<td>embalagem de saco<\/td>\n<\/tr>\n<tr>\n<td>Especifica\u00e7\u00e3o<\/td>\n<td>20 sacos<\/td>\n<\/tr>\n<tr>\n<td>Tamanho da caixa<\/td>\n<td>53*33*37,5cm<\/td>\n<\/tr>\n<tr>\n<td>N.W \/SET<\/td>\n<td>23g*20Pcs*12bags<\/td>\n<\/tr>\n<tr>\n<td>Cor<\/td>\n<td>Como imagem<\/td>\n<\/tr>\n<tr>\n<td>MOQ<\/td>\n<td>500 caixas de cart\u00e3o<\/td>\n<\/tr>\n<tr>\n<td>Personaliza\u00e7\u00e3o<\/td>\n<td>Embalagem\/LOGO<\/td>\n<\/tr>\n<\/tbody>\n<\/table>","protected":false},"featured_media":29310,"comment_status":"closed","ping_status":"closed","template":"","meta":[],"product_cat":[73],"product_tag":[],"class_list":{"0":"post-29307","1":"product","2":"type-product","3":"status-publish","4":"has-post-thumbnail","6":"product_cat-wholesale-chocolate-covered-peanuts","8":"first","9":"instock","10":"shipping-taxable","11":"product-type-simple"},"_links":{"self":[{"href":"https:\/\/jxgchocolate.com\/pt\/wp-json\/wp\/v2\/product\/29307","targetHints":{"allow":["GET"]}}],"collection":[{"href":"https:\/\/jxgchocolate.com\/pt\/wp-json\/wp\/v2\/product"}],"about":[{"href":"https:\/\/jxgchocolate.com\/pt\/wp-json\/wp\/v2\/types\/product"}],"replies":[{"embeddable":true,"href":"https:\/\/jxgchocolate.com\/pt\/wp-json\/wp\/v2\/comments?post=29307"}],"version-history":[{"count":0,"href":"https:\/\/jxgchocolate.com\/pt\/wp-json\/wp\/v2\/product\/29307\/revisions"}],"wp:featuredmedia":[{"embeddable":true,"href":"https:\/\/jxgchocolate.com\/pt\/wp-json\/wp\/v2\/media\/29310"}],"wp:attachment":[{"href":"https:\/\/jxgchocolate.com\/pt\/wp-json\/wp\/v2\/media?parent=29307"}],"wp:term":[{"taxonomy":"product_cat","embeddable":true,"href":"https:\/\/jxgchocolate.com\/pt\/wp-json\/wp\/v2\/product_cat?post=29307"},{"taxonomy":"product_tag","embeddable":true,"href":"https:\/\/jxgchocolate.com\/pt\/wp-json\/wp\/v2\/product_tag?post=29307"}],"curies":[{"name":"wp","href":"https:\/\/api.w.org\/{rel}","templated":true}]}}