{"id":29316,"date":"2024-12-21T02:39:34","date_gmt":"2024-12-21T02:39:34","guid":{"rendered":"https:\/\/jxgchocolate.com\/?post_type=product&#038;p=29316"},"modified":"2024-12-21T02:39:38","modified_gmt":"2024-12-21T02:39:38","slug":"bulk-chocolate-covered-sunflower-seed","status":"publish","type":"product","link":"https:\/\/jxgchocolate.com\/pt\/produto\/bulk-chocolate-covered-sunflower-seed\/","title":{"rendered":"Sementes de girassol com cobertura de chocolate a granel com novo sabor"},"content":{"rendered":"<div class=\"wp-block-columns is-layout-flex wp-container-core-columns-is-layout-9d6595d7 wp-block-columns-is-layout-flex\">\n<div class=\"wp-block-column is-layout-flow wp-block-column-is-layout-flow\">\n<h2 class=\"wp-block-heading\">Sementes de girassol cobertas com chocolate a granel Premium Carater\u00edsticas:<\/h2>\n\n\n\n<ul class=\"wp-block-list\">\n<li><strong>Cultura e inova\u00e7\u00e3o: <\/strong>A combina\u00e7\u00e3o da tradicional semente de girassol com o moderno chocolate artesanal incorpora o encanto da inova\u00e7\u00e3o e da fronteira. A nossa semente de girassol coberta de chocolate a granel \u00e9 adequada para os consumidores que procuram experi\u00eancias \u00fanicas. Embora o chocolate de sementes de girassol seja uma categoria de produtos relativamente nova, a sua combina\u00e7\u00e3o \u00fanica tem uma certa escassez e atra\u00e7\u00e3o no mercado.<\/li>\n\n\n\n<li><strong>Cen\u00e1rios de consumo diversificados: <\/strong>As nossas sementes de girassol cobertas de chocolate por atacado s\u00e3o adequadas como um lanche para o tempo de lazer, trazendo prazer agrad\u00e1vel, quer durante as pausas de trabalho ou reuni\u00f5es familiares. Tamb\u00e9m pode ser combinado com uma ch\u00e1vena de ch\u00e1 ou caf\u00e9 quente para se tornar o perfeito ch\u00e1 da tarde Dim sum. Tamb\u00e9m pode ser usado para fazer sobremesas mais criativas, como biscoitos de sandu\u00edche, decora\u00e7\u00f5es de bolo, etc., para aumentar a divers\u00e3o de cozer.<\/li>\n\n\n\n<li><strong>Duplo sabor \u00fanico: <\/strong>Cada dentada da nossa semente de girassol coberta de chocolate a granel dar-lhe-\u00e1 uma sensa\u00e7\u00e3o de fus\u00e3o sedosa com o chocolate exterior e o aroma estaladi\u00e7o das sementes de girassol interiores, criando um sabor contrastante mas harmonioso. Do chocolate doce \u00e0s sementes de girassol salgadas, esta transi\u00e7\u00e3o do doce para o salgado proporciona aos consumidores uma rica gama de n\u00edveis de sabor.<\/li>\n<\/ul>\n<\/div>\n\n\n\n<div class=\"wp-block-column is-layout-flow wp-block-column-is-layout-flow\">\n<figure class=\"wp-block-image size-full\"><img fetchpriority=\"high\" decoding=\"async\" width=\"1800\" height=\"1500\" src=\"https:\/\/jxgchocolate.com\/wp-content\/uploads\/2024\/12\/\u74dc\u5b50\u4fe9\u53e3\u54731.webp\" alt=\"Sementes de girassol com cobertura de chocolate a granel com novo sabor-1\" class=\"wp-image-29317\" srcset=\"https:\/\/jxgchocolate.com\/wp-content\/uploads\/2024\/12\/\u74dc\u5b50\u4fe9\u53e3\u54731.webp 1800w, https:\/\/jxgchocolate.com\/wp-content\/uploads\/2024\/12\/\u74dc\u5b50\u4fe9\u53e3\u54731-360x300.webp 360w, https:\/\/jxgchocolate.com\/wp-content\/uploads\/2024\/12\/\u74dc\u5b50\u4fe9\u53e3\u54731-768x640.webp 768w, https:\/\/jxgchocolate.com\/wp-content\/uploads\/2024\/12\/\u74dc\u5b50\u4fe9\u53e3\u54731-14x12.webp 14w, https:\/\/jxgchocolate.com\/wp-content\/uploads\/2024\/12\/\u74dc\u5b50\u4fe9\u53e3\u54731-430x358.webp 430w, https:\/\/jxgchocolate.com\/wp-content\/uploads\/2024\/12\/\u74dc\u5b50\u4fe9\u53e3\u54731-700x583.webp 700w, https:\/\/jxgchocolate.com\/wp-content\/uploads\/2024\/12\/\u74dc\u5b50\u4fe9\u53e3\u54731-150x125.webp 150w\" sizes=\"(max-width: 1800px) 100vw, 1800px\" \/><\/figure>\n<\/div>\n<\/div>","protected":false},"excerpt":{"rendered":"<p>Bem-vindo \u00e0 compra de sementes de girassol cobertas com chocolate a granel de nossa f\u00e1brica. Nossas sementes de girassol cobertas de chocolate por atacado n\u00e3o s\u00f3 fornecem uma nova experi\u00eancia de sabor, mas tamb\u00e9m transmitem um estilo de vida saud\u00e1vel e valor cultural, tornando-se uma escolha ideal para os consumidores que buscam uma vida de qualidade. Seja como um lanche di\u00e1rio, ingrediente de cozimento, ou um grande presente, sementes de girassol chocolate traz prazer \u00fanico para os consumidores.<\/p>\n<table width=\"275\">\n<tbody>\n<tr>\n<td width=\"108\">Fabricante<\/td>\n<td width=\"167\">Fruta da sorte<\/td>\n<\/tr>\n<tr>\n<td>MODELO NO.<\/td>\n<td>JXG346<\/td>\n<\/tr>\n<tr>\n<td>Tipo<\/td>\n<td>Sementes de girassol Chocolate<\/td>\n<\/tr>\n<tr>\n<td>Embalagem<\/td>\n<td>embalagem de saco<\/td>\n<\/tr>\n<tr>\n<td>Especifica\u00e7\u00e3o<\/td>\n<td>20 sacos<\/td>\n<\/tr>\n<tr>\n<td>Tamanho da caixa<\/td>\n<td>53*33*37,5cm<\/td>\n<\/tr>\n<tr>\n<td>N.W \/SET<\/td>\n<td>23g*20Pcs*12bags<\/td>\n<\/tr>\n<tr>\n<td>Cor<\/td>\n<td>Como imagem<\/td>\n<\/tr>\n<tr>\n<td>MOQ<\/td>\n<td>500 caixas de cart\u00e3o<\/td>\n<\/tr>\n<tr>\n<td>Personaliza\u00e7\u00e3o<\/td>\n<td>Embalagem\/LOGO<\/td>\n<\/tr>\n<\/tbody>\n<\/table>","protected":false},"featured_media":29318,"comment_status":"closed","ping_status":"closed","template":"","meta":[],"product_cat":[72],"product_tag":[],"class_list":{"0":"post-29316","1":"product","2":"type-product","3":"status-publish","4":"has-post-thumbnail","6":"product_cat-wholesale-chocolate-covered-sunflower-seeds","8":"first","9":"instock","10":"shipping-taxable","11":"product-type-simple"},"_links":{"self":[{"href":"https:\/\/jxgchocolate.com\/pt\/wp-json\/wp\/v2\/product\/29316","targetHints":{"allow":["GET"]}}],"collection":[{"href":"https:\/\/jxgchocolate.com\/pt\/wp-json\/wp\/v2\/product"}],"about":[{"href":"https:\/\/jxgchocolate.com\/pt\/wp-json\/wp\/v2\/types\/product"}],"replies":[{"embeddable":true,"href":"https:\/\/jxgchocolate.com\/pt\/wp-json\/wp\/v2\/comments?post=29316"}],"version-history":[{"count":0,"href":"https:\/\/jxgchocolate.com\/pt\/wp-json\/wp\/v2\/product\/29316\/revisions"}],"wp:featuredmedia":[{"embeddable":true,"href":"https:\/\/jxgchocolate.com\/pt\/wp-json\/wp\/v2\/media\/29318"}],"wp:attachment":[{"href":"https:\/\/jxgchocolate.com\/pt\/wp-json\/wp\/v2\/media?parent=29316"}],"wp:term":[{"taxonomy":"product_cat","embeddable":true,"href":"https:\/\/jxgchocolate.com\/pt\/wp-json\/wp\/v2\/product_cat?post=29316"},{"taxonomy":"product_tag","embeddable":true,"href":"https:\/\/jxgchocolate.com\/pt\/wp-json\/wp\/v2\/product_tag?post=29316"}],"curies":[{"name":"wp","href":"https:\/\/api.w.org\/{rel}","templated":true}]}}