{"id":29336,"date":"2025-01-02T02:49:23","date_gmt":"2025-01-02T02:49:23","guid":{"rendered":"https:\/\/jxgchocolate.com\/?post_type=product&#038;p=29336"},"modified":"2025-01-02T02:49:25","modified_gmt":"2025-01-02T02:49:25","slug":"bulk-gummy-candy","status":"publish","type":"product","link":"https:\/\/jxgchocolate.com\/pt\/produto\/bulk-gummy-candy\/","title":{"rendered":"Gomas a granel com cobertura de chocolate, Gomas de chocolate por atacado"},"content":{"rendered":"<div class=\"wp-block-columns is-layout-flex wp-container-core-columns-is-layout-9d6595d7 wp-block-columns-is-layout-flex\">\n<div class=\"wp-block-column is-layout-flow wp-block-column-is-layout-flow\">\n<h2 class=\"wp-block-heading\">Rebu\u00e7ados de goma Premium a granel com cobertura de chocolate Carater\u00edsticas:<\/h2>\n\n\n\n<ul class=\"wp-block-list\">\n<li><strong>Tripla experi\u00eancia de sabor: <\/strong>Esta bala de goma a granel com cobertura de chocolate combina o aroma rico do chocolate, a mastiga\u00e7\u00e3o da bala de goma e o sabor agridoce do sumo, formando um sabor triplo \u00fanico. Depois de o chocolate derreter lentamente na boca, o que resta \u00e9 a goma de sumo de fruta natural de Q, que \u00e9 mordida para tr\u00e1s e para a frente. O sabor rico do chocolate n\u00e3o se dissipou completamente, mas faz sobressair um sabor azedo e doce a fruta, deixando um travo persistente.<\/li>\n\n\n\n<li><strong>Design \u00fanico: <\/strong>As nossas gomas de chocolate a granel adoptam uma forma pequena e requintada, com uma embalagem colorida que chama a aten\u00e7\u00e3o. No interior, as gomas de chocolate s\u00e3o de v\u00e1rias cores, muito apelativas. Al\u00e9m disso, a embalagem externa do produto tamb\u00e9m foi focada no fator est\u00e9tico e na praticidade; adotar a tecnologia de embalagem mais avan\u00e7ada, com materiais de primeira classe, \u00e9 muito importante para o envio e armazenamento dos produtos para garantir a qualidade.<\/li>\n\n\n\n<li><strong>Rico em nutrientes:<\/strong> A gelatina de colag\u00e9nio, rica em nutrientes, \u00e9 o principal ingrediente das nossas gomas de chocolate a granel que tornam as gomas de chocolate saborosas e t\u00eam benef\u00edcios de beleza para manter a elasticidade da pele. Esta goma a granel com cobertura de chocolate cont\u00e9m certos componentes de cacau, proporcionando aos consumidores um certo valor nutricional e fontes de energia.<\/li>\n<\/ul>\n<\/div>\n\n\n\n<div class=\"wp-block-column is-layout-flow wp-block-column-is-layout-flow\">\n<figure class=\"wp-block-image size-full\"><img fetchpriority=\"high\" decoding=\"async\" width=\"1280\" height=\"1280\" src=\"https:\/\/jxgchocolate.com\/wp-content\/uploads\/2024\/12\/New-Items-Gummy-Candy-Chocolate-Ball-Wholesales-In-Bulk1.webp\" alt=\"Balas de goma a granel com cobertura de chocolate, balas de goma de chocolate por atacado-1\" class=\"wp-image-29338\" srcset=\"https:\/\/jxgchocolate.com\/wp-content\/uploads\/2024\/12\/New-Items-Gummy-Candy-Chocolate-Ball-Wholesales-In-Bulk1.webp 1280w, https:\/\/jxgchocolate.com\/wp-content\/uploads\/2024\/12\/New-Items-Gummy-Candy-Chocolate-Ball-Wholesales-In-Bulk1-300x300.webp 300w, https:\/\/jxgchocolate.com\/wp-content\/uploads\/2024\/12\/New-Items-Gummy-Candy-Chocolate-Ball-Wholesales-In-Bulk1-150x150.webp 150w, https:\/\/jxgchocolate.com\/wp-content\/uploads\/2024\/12\/New-Items-Gummy-Candy-Chocolate-Ball-Wholesales-In-Bulk1-768x768.webp 768w, https:\/\/jxgchocolate.com\/wp-content\/uploads\/2024\/12\/New-Items-Gummy-Candy-Chocolate-Ball-Wholesales-In-Bulk1-12x12.webp 12w, https:\/\/jxgchocolate.com\/wp-content\/uploads\/2024\/12\/New-Items-Gummy-Candy-Chocolate-Ball-Wholesales-In-Bulk1-430x430.webp 430w, https:\/\/jxgchocolate.com\/wp-content\/uploads\/2024\/12\/New-Items-Gummy-Candy-Chocolate-Ball-Wholesales-In-Bulk1-700x700.webp 700w\" sizes=\"(max-width: 1280px) 100vw, 1280px\" \/><\/figure>\n<\/div>\n<\/div>\n\n\n\n<p><\/p>","protected":false},"excerpt":{"rendered":"<p>Bem-vindo a comprar gomas de chocolate a granel. A nossa goma a granel com cobertura de chocolate destaca-se entre muitos produtos doces devido ao seu sabor \u00fanico, op\u00e7\u00f5es de sabores diversos, mat\u00e9rias-primas de alta qualidade e design de embalagem atencioso, tornando-se uma escolha ideal para todas as idades. Seja como um lanche di\u00e1rio ou um presente para ocasi\u00f5es especiais, a goma de chocolate pode trazer uma experi\u00eancia agrad\u00e1vel para as pessoas.<\/p>\n<table width=\"275\">\n<tbody>\n<tr>\n<td width=\"108\">Fabricante<\/td>\n<td width=\"167\">Fruta da sorte<\/td>\n<\/tr>\n<tr>\n<td>MODELO NO.<\/td>\n<td>JXG347<\/td>\n<\/tr>\n<tr>\n<td>Tipo<\/td>\n<td>Gomas de chocolate<\/td>\n<\/tr>\n<tr>\n<td>Embalagem<\/td>\n<td>embalagem de saco<\/td>\n<\/tr>\n<tr>\n<td>Especifica\u00e7\u00e3o<\/td>\n<td>20 sacos<\/td>\n<\/tr>\n<tr>\n<td>Tamanho da caixa<\/td>\n<td>53*33*37,5cm<\/td>\n<\/tr>\n<tr>\n<td>N.W \/SET<\/td>\n<td>23g*20Pcs*12bags<\/td>\n<\/tr>\n<tr>\n<td>Cor<\/td>\n<td>Como imagem<\/td>\n<\/tr>\n<tr>\n<td>MOQ<\/td>\n<td>500 caixas de cart\u00e3o<\/td>\n<\/tr>\n<tr>\n<td>Personaliza\u00e7\u00e3o<\/td>\n<td>Embalagem\/LOGO<\/td>\n<\/tr>\n<\/tbody>\n<\/table>","protected":false},"featured_media":29339,"comment_status":"closed","ping_status":"closed","template":"","meta":[],"product_cat":[75],"product_tag":[],"class_list":{"0":"post-29336","1":"product","2":"type-product","3":"status-publish","4":"has-post-thumbnail","6":"product_cat-wholesale-gummy-chocolate","8":"first","9":"instock","10":"shipping-taxable","11":"product-type-simple"},"_links":{"self":[{"href":"https:\/\/jxgchocolate.com\/pt\/wp-json\/wp\/v2\/product\/29336","targetHints":{"allow":["GET"]}}],"collection":[{"href":"https:\/\/jxgchocolate.com\/pt\/wp-json\/wp\/v2\/product"}],"about":[{"href":"https:\/\/jxgchocolate.com\/pt\/wp-json\/wp\/v2\/types\/product"}],"replies":[{"embeddable":true,"href":"https:\/\/jxgchocolate.com\/pt\/wp-json\/wp\/v2\/comments?post=29336"}],"version-history":[{"count":0,"href":"https:\/\/jxgchocolate.com\/pt\/wp-json\/wp\/v2\/product\/29336\/revisions"}],"wp:featuredmedia":[{"embeddable":true,"href":"https:\/\/jxgchocolate.com\/pt\/wp-json\/wp\/v2\/media\/29339"}],"wp:attachment":[{"href":"https:\/\/jxgchocolate.com\/pt\/wp-json\/wp\/v2\/media?parent=29336"}],"wp:term":[{"taxonomy":"product_cat","embeddable":true,"href":"https:\/\/jxgchocolate.com\/pt\/wp-json\/wp\/v2\/product_cat?post=29336"},{"taxonomy":"product_tag","embeddable":true,"href":"https:\/\/jxgchocolate.com\/pt\/wp-json\/wp\/v2\/product_tag?post=29336"}],"curies":[{"name":"wp","href":"https:\/\/api.w.org\/{rel}","templated":true}]}}