{"id":29344,"date":"2025-01-02T04:09:27","date_gmt":"2025-01-02T04:09:27","guid":{"rendered":"https:\/\/jxgchocolate.com\/?post_type=product&#038;p=29344"},"modified":"2025-01-02T04:09:29","modified_gmt":"2025-01-02T04:09:29","slug":"chocolate-coated-peanuts-wholesale","status":"publish","type":"product","link":"https:\/\/jxgchocolate.com\/pt\/produto\/chocolate-coated-peanuts-wholesale\/","title":{"rendered":"Amendoins revestidos de chocolate com sabor a ch\u00e1 por atacado, amendoins de chocolate a granel"},"content":{"rendered":"<div class=\"wp-block-columns is-layout-flex wp-container-core-columns-is-layout-9d6595d7 wp-block-columns-is-layout-flex\">\n<div class=\"wp-block-column is-layout-flow wp-block-column-is-layout-flow\">\n<h2 class=\"wp-block-heading\">Amendoins revestidos com chocolate Premium Carater\u00edsticas por atacado:<\/h2>\n\n\n\n<ul class=\"wp-block-list\">\n<li><strong>A fus\u00e3o perfeita entre o ch\u00e1 e o chocolate: <\/strong>O nosso amendoim com cobertura de chocolate por grosso utiliza o ch\u00e1 oolong Yashi Xiang como sabor principal. O aroma floral \u00fanico e o sabor subtil do ch\u00e1 conferem aos nossos amendoins de chocolate a granel um sabor \u00fanico. A frescura do aroma do ch\u00e1 e a riqueza do chocolate complementam-se, criando uma sensa\u00e7\u00e3o rica em camadas, e cada dentada \u00e9 memor\u00e1vel.<\/li>\n\n\n\n<li><strong>Selecionar mat\u00e9rias-primas de alta qualidade para garantir o sabor e a qualidade: <\/strong>Os nossos amendoins de chocolate a granel selecionam amendoins com gr\u00e3os cheios e sabor estaladi\u00e7o, e combinam-nos com chocolate sedoso e suave de alta qualidade. S\u00e3o fabricados com um artesanato requintado para garantir que cada um tenha uma cobertura de chocolate uniforme e o melhor desempenho de sabor.<\/li>\n\n\n\n<li><strong>Op\u00e7\u00f5es de lanches saud\u00e1veis e deliciosos: <\/strong>Os ingredientes antioxidantes naturais das folhas de ch\u00e1 oolong s\u00e3o combinados com os \u00e1cidos gordos insaturados e as prote\u00ednas ricas em amendoins, de modo que o nosso amendoim revestido de chocolate por atacado pode satisfazer as papilas gustativas e ter em conta a sa\u00fade. Quer se trate de lazer di\u00e1rio ou de acompanhar bebidas, este amendoim de chocolate \u00e9 uma escolha perfeita.<\/li>\n\n\n\n<li><strong>Servi\u00e7os flex\u00edveis por grosso e personalizados: <\/strong>Os nossos amendoins de chocolate a granel s\u00e3o concebidos para retalhistas e clientes de marca, fornecendo apoio \u00e0 aquisi\u00e7\u00e3o de grandes volumes, ao mesmo tempo que aceitam requisitos de personaliza\u00e7\u00e3o de sabores, embalagens e marcas. Quer esteja a gerir uma loja de retalho ou a construir uma linha de produtos de marca, podemos satisfazer as suas necessidades comerciais.<\/li>\n<\/ul>\n<\/div>\n\n\n\n<div class=\"wp-block-column is-layout-flow wp-block-column-is-layout-flow\">\n<figure class=\"wp-block-image size-full\"><img fetchpriority=\"high\" decoding=\"async\" width=\"1800\" height=\"1500\" src=\"https:\/\/jxgchocolate.com\/wp-content\/uploads\/2024\/12\/Sales-In-Bulk-Peanut-Chocolate-Candy-Ball-With-Newest-Tea-Flavor1.webp\" alt=\"Amendoins revestidos de chocolate com sabor a ch\u00e1 por atacado, amendoins de chocolate a granel-1\" class=\"wp-image-29345\" srcset=\"https:\/\/jxgchocolate.com\/wp-content\/uploads\/2024\/12\/Sales-In-Bulk-Peanut-Chocolate-Candy-Ball-With-Newest-Tea-Flavor1.webp 1800w, https:\/\/jxgchocolate.com\/wp-content\/uploads\/2024\/12\/Sales-In-Bulk-Peanut-Chocolate-Candy-Ball-With-Newest-Tea-Flavor1-360x300.webp 360w, https:\/\/jxgchocolate.com\/wp-content\/uploads\/2024\/12\/Sales-In-Bulk-Peanut-Chocolate-Candy-Ball-With-Newest-Tea-Flavor1-768x640.webp 768w, https:\/\/jxgchocolate.com\/wp-content\/uploads\/2024\/12\/Sales-In-Bulk-Peanut-Chocolate-Candy-Ball-With-Newest-Tea-Flavor1-14x12.webp 14w, https:\/\/jxgchocolate.com\/wp-content\/uploads\/2024\/12\/Sales-In-Bulk-Peanut-Chocolate-Candy-Ball-With-Newest-Tea-Flavor1-430x358.webp 430w, https:\/\/jxgchocolate.com\/wp-content\/uploads\/2024\/12\/Sales-In-Bulk-Peanut-Chocolate-Candy-Ball-With-Newest-Tea-Flavor1-700x583.webp 700w, https:\/\/jxgchocolate.com\/wp-content\/uploads\/2024\/12\/Sales-In-Bulk-Peanut-Chocolate-Candy-Ball-With-Newest-Tea-Flavor1-150x125.webp 150w\" sizes=\"(max-width: 1800px) 100vw, 1800px\" \/><\/figure>\n<\/div>\n<\/div>","protected":false},"excerpt":{"rendered":"<p>Bem-vindo \u00e0 compra de amendoins de chocolate a granel. O nosso amendoim revestido de chocolate por atacado \u00e9 uma combina\u00e7\u00e3o de ch\u00e1 oolong Yashi Xiang selecionado e chocolate e amendoim de alta qualidade, que traz um aroma \u00fanico de ch\u00e1 e um sabor crocante, tendo em conta tanto a del\u00edcia como a sa\u00fade.<\/p>\n<table width=\"423\">\n<tbody>\n<tr>\n<td width=\"166\">Fabricante<\/td>\n<td width=\"257\">Fruta da sorte<\/td>\n<\/tr>\n<tr>\n<td>MODELO NO.<\/td>\n<td>JXG48<\/td>\n<\/tr>\n<tr>\n<td>Tipo<\/td>\n<td>Chocolate com amendoim<\/td>\n<\/tr>\n<tr>\n<td>Embalagem<\/td>\n<td>Embalagem em caixa<\/td>\n<\/tr>\n<tr>\n<td>Especifica\u00e7\u00e3o<\/td>\n<td>20 sacos*12 caixas<\/td>\n<\/tr>\n<tr>\n<td>Tamanho da caixa<\/td>\n<td>58*35,5*37,5cm<\/td>\n<\/tr>\n<tr>\n<td>N.W \/SET<\/td>\n<td>23g*20sacos<\/td>\n<\/tr>\n<tr>\n<td>Cor<\/td>\n<td>Como imagem<\/td>\n<\/tr>\n<tr>\n<td>MOQ<\/td>\n<td>500 caixas de cart\u00e3o<\/td>\n<\/tr>\n<tr>\n<td>Personaliza\u00e7\u00e3o<\/td>\n<td>Embalagem\/LOGO<\/td>\n<\/tr>\n<\/tbody>\n<\/table>","protected":false},"featured_media":29346,"comment_status":"closed","ping_status":"closed","template":"","meta":[],"product_cat":[73],"product_tag":[],"class_list":{"0":"post-29344","1":"product","2":"type-product","3":"status-publish","4":"has-post-thumbnail","6":"product_cat-wholesale-chocolate-covered-peanuts","8":"first","9":"instock","10":"shipping-taxable","11":"product-type-simple"},"_links":{"self":[{"href":"https:\/\/jxgchocolate.com\/pt\/wp-json\/wp\/v2\/product\/29344","targetHints":{"allow":["GET"]}}],"collection":[{"href":"https:\/\/jxgchocolate.com\/pt\/wp-json\/wp\/v2\/product"}],"about":[{"href":"https:\/\/jxgchocolate.com\/pt\/wp-json\/wp\/v2\/types\/product"}],"replies":[{"embeddable":true,"href":"https:\/\/jxgchocolate.com\/pt\/wp-json\/wp\/v2\/comments?post=29344"}],"version-history":[{"count":7,"href":"https:\/\/jxgchocolate.com\/pt\/wp-json\/wp\/v2\/product\/29344\/revisions"}],"predecessor-version":[{"id":29378,"href":"https:\/\/jxgchocolate.com\/pt\/wp-json\/wp\/v2\/product\/29344\/revisions\/29378"}],"wp:featuredmedia":[{"embeddable":true,"href":"https:\/\/jxgchocolate.com\/pt\/wp-json\/wp\/v2\/media\/29346"}],"wp:attachment":[{"href":"https:\/\/jxgchocolate.com\/pt\/wp-json\/wp\/v2\/media?parent=29344"}],"wp:term":[{"taxonomy":"product_cat","embeddable":true,"href":"https:\/\/jxgchocolate.com\/pt\/wp-json\/wp\/v2\/product_cat?post=29344"},{"taxonomy":"product_tag","embeddable":true,"href":"https:\/\/jxgchocolate.com\/pt\/wp-json\/wp\/v2\/product_tag?post=29344"}],"curies":[{"name":"wp","href":"https:\/\/api.w.org\/{rel}","templated":true}]}}