{"id":29354,"date":"2025-01-02T07:18:58","date_gmt":"2025-01-02T07:18:58","guid":{"rendered":"https:\/\/jxgchocolate.com\/?post_type=product&#038;p=29354"},"modified":"2025-01-02T07:19:00","modified_gmt":"2025-01-02T07:19:00","slug":"wholesale-peanuts-with-chocolate-coating","status":"publish","type":"product","link":"https:\/\/jxgchocolate.com\/pt\/produto\/wholesale-peanuts-with-chocolate-coating\/","title":{"rendered":"Amendoins crocantes por atacado com cobertura de chocolate a granel"},"content":{"rendered":"<div class=\"wp-block-columns is-layout-flex wp-container-core-columns-is-layout-9d6595d7 wp-block-columns-is-layout-flex\">\n<div class=\"wp-block-column is-layout-flow wp-block-column-is-layout-flow\">\n<h2 class=\"wp-block-heading\">Amendoins Premium por atacado com cobertura de chocolate Carater\u00edsticas:<\/h2>\n\n\n\n<ul class=\"wp-block-list\">\n<li><strong>Sabor e paladar \u00fanicos: <\/strong>Os nossos amendoins por grosso com cobertura de chocolate combinam o sabor \u00fanico dos amendoins e do chocolate; os amendoins estaladi\u00e7os e o chocolate sedoso complementam-se para formar uma rica hierarquia de sabores. Este sabor \u00fanico permite que os nossos amendoins de chocolate a granel se destaquem entre muitos aperitivos e sejam muito apreciados pelos consumidores.<\/li>\n\n\n\n<li><strong>Valor nutricional: <\/strong>Os nossos amendoins de chocolate a granel s\u00e3o ricos em energia, prote\u00ednas e gordura, adicionando uma variedade de minerais e vitaminas. 100 gramas de chocolate de amendoim cont\u00eam cerca de 514 calorias de energia, 9,4 gramas de prote\u00edna e 25,4 gramas de gordura, adicionando uma variedade de minerais como magn\u00e9sio, f\u00f3sforo, c\u00e1lcio, ferro e zinco. Esta nutri\u00e7\u00e3o ajuda a satisfazer as necessidades energ\u00e9ticas do corpo humano e, por conseguinte, contribui de um modo geral para a sa\u00fade.<\/li>\n\n\n\n<li><strong>Design de embalagem requintado: <\/strong>Muitos amendoins de chocolate a granel prestam muita aten\u00e7\u00e3o ao design da embalagem, usando uma embalagem requintada para chamar a aten\u00e7\u00e3o dos consumidores. A embalagem do nosso amendoim por atacado com cobertura de chocolate n\u00e3o \u00e9 apenas conveniente para transportar e colocar, mas tamb\u00e9m pode efetivamente manter o chocolate fresco e sabor. Enquanto isso, a embalagem requintada \u00e9 um presente muito grande, adequado para presentear amigos e familiares em v\u00e1rios feriados ou ocasi\u00f5es especiais.<\/li>\n<\/ul>\n<\/div>\n\n\n\n<div class=\"wp-block-column is-layout-flow wp-block-column-is-layout-flow\">\n<figure class=\"wp-block-image size-full\"><img fetchpriority=\"high\" decoding=\"async\" width=\"1800\" height=\"1500\" src=\"https:\/\/jxgchocolate.com\/wp-content\/uploads\/2025\/01\/Wholesales-In-Bulk-Crispy-Peanut-Chocolate-Ball-In-China2.webp\" alt=\"Amendoins crocantes por atacado com cobertura de chocolate a granel-2\" class=\"wp-image-29356\" srcset=\"https:\/\/jxgchocolate.com\/wp-content\/uploads\/2025\/01\/Wholesales-In-Bulk-Crispy-Peanut-Chocolate-Ball-In-China2.webp 1800w, https:\/\/jxgchocolate.com\/wp-content\/uploads\/2025\/01\/Wholesales-In-Bulk-Crispy-Peanut-Chocolate-Ball-In-China2-360x300.webp 360w, https:\/\/jxgchocolate.com\/wp-content\/uploads\/2025\/01\/Wholesales-In-Bulk-Crispy-Peanut-Chocolate-Ball-In-China2-768x640.webp 768w, https:\/\/jxgchocolate.com\/wp-content\/uploads\/2025\/01\/Wholesales-In-Bulk-Crispy-Peanut-Chocolate-Ball-In-China2-14x12.webp 14w, https:\/\/jxgchocolate.com\/wp-content\/uploads\/2025\/01\/Wholesales-In-Bulk-Crispy-Peanut-Chocolate-Ball-In-China2-430x358.webp 430w, https:\/\/jxgchocolate.com\/wp-content\/uploads\/2025\/01\/Wholesales-In-Bulk-Crispy-Peanut-Chocolate-Ball-In-China2-700x583.webp 700w, https:\/\/jxgchocolate.com\/wp-content\/uploads\/2025\/01\/Wholesales-In-Bulk-Crispy-Peanut-Chocolate-Ball-In-China2-150x125.webp 150w\" sizes=\"(max-width: 1800px) 100vw, 1800px\" \/><\/figure>\n<\/div>\n<\/div>","protected":false},"excerpt":{"rendered":"<p>Bem-vindo ao comprar amendoins de chocolate a granel. Os nossos amendoins por atacado com cobertura de chocolate s\u00e3o especiais devido \u00e0 combina\u00e7\u00e3o de amendoim estaladi\u00e7o e chocolate suave num sabor intrigante e irresist\u00edvel. Seja como um lanche regular ou como um presente para alguma ocasi\u00e3o especial, o chocolate de amendoim trar\u00e1 uma experi\u00eancia agrad\u00e1vel para as pessoas.<\/p>\n<table width=\"423\">\n<tbody>\n<tr>\n<td width=\"166\">Fabricante<\/td>\n<td width=\"257\">Fruta da sorte<\/td>\n<\/tr>\n<tr>\n<td>MODELO NO.<\/td>\n<td>JXG49<\/td>\n<\/tr>\n<tr>\n<td>Tipo<\/td>\n<td>Chocolate com amendoim<\/td>\n<\/tr>\n<tr>\n<td>Embalagem<\/td>\n<td>Embalagem em caixa<\/td>\n<\/tr>\n<tr>\n<td>Especifica\u00e7\u00e3o<\/td>\n<td>20 sacos*12 caixas<\/td>\n<\/tr>\n<tr>\n<td>Tamanho da caixa<\/td>\n<td>58*35,5*37,5cm<\/td>\n<\/tr>\n<tr>\n<td>N.W \/SET<\/td>\n<td>23g*20sacos<\/td>\n<\/tr>\n<tr>\n<td>Cor<\/td>\n<td>Como imagem<\/td>\n<\/tr>\n<tr>\n<td>MOQ<\/td>\n<td>500 caixas de cart\u00e3o<\/td>\n<\/tr>\n<tr>\n<td>Personaliza\u00e7\u00e3o<\/td>\n<td>Embalagem\/LOGO<\/td>\n<\/tr>\n<\/tbody>\n<\/table>","protected":false},"featured_media":29355,"comment_status":"closed","ping_status":"closed","template":"","meta":[],"product_cat":[73],"product_tag":[],"class_list":{"0":"post-29354","1":"product","2":"type-product","3":"status-publish","4":"has-post-thumbnail","6":"product_cat-wholesale-chocolate-covered-peanuts","8":"first","9":"instock","10":"shipping-taxable","11":"product-type-simple"},"_links":{"self":[{"href":"https:\/\/jxgchocolate.com\/pt\/wp-json\/wp\/v2\/product\/29354","targetHints":{"allow":["GET"]}}],"collection":[{"href":"https:\/\/jxgchocolate.com\/pt\/wp-json\/wp\/v2\/product"}],"about":[{"href":"https:\/\/jxgchocolate.com\/pt\/wp-json\/wp\/v2\/types\/product"}],"replies":[{"embeddable":true,"href":"https:\/\/jxgchocolate.com\/pt\/wp-json\/wp\/v2\/comments?post=29354"}],"version-history":[{"count":0,"href":"https:\/\/jxgchocolate.com\/pt\/wp-json\/wp\/v2\/product\/29354\/revisions"}],"wp:featuredmedia":[{"embeddable":true,"href":"https:\/\/jxgchocolate.com\/pt\/wp-json\/wp\/v2\/media\/29355"}],"wp:attachment":[{"href":"https:\/\/jxgchocolate.com\/pt\/wp-json\/wp\/v2\/media?parent=29354"}],"wp:term":[{"taxonomy":"product_cat","embeddable":true,"href":"https:\/\/jxgchocolate.com\/pt\/wp-json\/wp\/v2\/product_cat?post=29354"},{"taxonomy":"product_tag","embeddable":true,"href":"https:\/\/jxgchocolate.com\/pt\/wp-json\/wp\/v2\/product_tag?post=29354"}],"curies":[{"name":"wp","href":"https:\/\/api.w.org\/{rel}","templated":true}]}}