{"id":29362,"date":"2025-01-02T02:56:47","date_gmt":"2025-01-02T02:56:47","guid":{"rendered":"https:\/\/jxgchocolate.com\/?post_type=product&#038;p=29362"},"modified":"2025-01-02T02:57:30","modified_gmt":"2025-01-02T02:57:30","slug":"gummy-candy-wholesale","status":"publish","type":"product","link":"https:\/\/jxgchocolate.com\/pt\/produto\/gummy-candy-wholesale\/","title":{"rendered":"Gomas de chocolate com sabor a ch\u00e1 chinesas Venda por grosso a granel"},"content":{"rendered":"<div class=\"wp-block-columns is-layout-flex wp-container-core-columns-is-layout-9d6595d7 wp-block-columns-is-layout-flex\">\n<div class=\"wp-block-column is-layout-flow wp-block-column-is-layout-flow\">\n<h2 class=\"wp-block-heading\">Chocolate Premium Gummy Candy Wholesale Caracter\u00edsticas:<\/h2>\n\n\n\n<ul class=\"wp-block-list\">\n<li><strong>Profunda forma\u00e7\u00e3o cultural: <\/strong>O ch\u00e1 Yashi Dancong \u00e9 um ch\u00e1 famoso em Chaozhou, Guangdong, China, com uma longa hist\u00f3ria e um rico patrim\u00f3nio cultural. Atrav\u00e9s desta bala de goma de chocolate por atacado, os consumidores podem sentir o encanto da cultura chinesa do ch\u00e1.<\/li>\n\n\n\n<li><strong>Sabor \u00fanico e triplo: <\/strong>O ch\u00e1 Yashi Dancong \u00e9 conhecido pelo seu forte e duradouro aroma a orqu\u00eddea, aroma a fruta e outras camadas complexas. Este aroma \u00fanico de ch\u00e1 est\u00e1 integrado nas nossas gomas de chocolate a granel, proporcionando aos consumidores uma experi\u00eancia de sabor sem precedentes. As carater\u00edsticas suaves e em borracha destas gomas de chocolate a granel proporcionam um sabor \u00fanico, aumentando o prazer de comer doces. A cobertura de chocolate negro ou de chocolate de leite de alta qualidade proporciona diferentes n\u00edveis de varia\u00e7\u00e3o, desde o doce amargo ao suave.<\/li>\n\n\n\n<li><strong>Inova\u00e7\u00e3o e singularidade: <\/strong>A goma de chocolate com sabor a ch\u00e1 Yashi Dancong \u00e9 um produto relativamente novo que n\u00e3o \u00e9 comum no mercado. Tem uma elevada escassez e singularidade, e pode atrair consumidores que procuram experi\u00eancias novas. A combina\u00e7\u00e3o da cultura tradicional do ch\u00e1 com o artesanato moderno dos doces incorpora o encanto da inova\u00e7\u00e3o e da fronteira, adequado para os consumidores que procuram experi\u00eancias \u00fanicas.<\/li>\n\n\n\n<li><strong>O grupo de consumidores-alvo \u00e9 claro: <\/strong>Os consumidores que gostam de experimentar v\u00e1rios tipos de ch\u00e1 e de cultura do ch\u00e1 v\u00e3o gostar particularmente dos entusiastas da cultura do ch\u00e1 que combinam o aroma do ch\u00e1 com os doces. Os consumidores que se preocupam com a sa\u00fade e a nutri\u00e7\u00e3o apreciar\u00e3o os ingredientes naturais e os benef\u00edcios das gomas de chocolate com sabor a ch\u00e1 Yashi Dancong a granel para quem procura sa\u00fade. Al\u00e9m disso, tamb\u00e9m \u00e9 adequado para oferecer a amigos, familiares ou parceiros, especialmente aqueles com gostos \u00fanicos na cultura e na cozinha.<\/li>\n<\/ul>\n<\/div>\n\n\n\n<div class=\"wp-block-column is-layout-flow wp-block-column-is-layout-flow\">\n<figure class=\"wp-block-image size-full\"><img fetchpriority=\"high\" decoding=\"async\" width=\"1500\" height=\"1500\" src=\"https:\/\/jxgchocolate.com\/wp-content\/uploads\/2025\/01\/Chinese-Tea-Flavor-Gummy-Choco-Candy-Wholesale-In-Bulk1.webp\" alt=\"Gomas de chocolate com sabor a ch\u00e1 chinesas por atacado a granel-1\" class=\"wp-image-29363\" srcset=\"https:\/\/jxgchocolate.com\/wp-content\/uploads\/2025\/01\/Chinese-Tea-Flavor-Gummy-Choco-Candy-Wholesale-In-Bulk1.webp 1500w, https:\/\/jxgchocolate.com\/wp-content\/uploads\/2025\/01\/Chinese-Tea-Flavor-Gummy-Choco-Candy-Wholesale-In-Bulk1-300x300.webp 300w, https:\/\/jxgchocolate.com\/wp-content\/uploads\/2025\/01\/Chinese-Tea-Flavor-Gummy-Choco-Candy-Wholesale-In-Bulk1-150x150.webp 150w, https:\/\/jxgchocolate.com\/wp-content\/uploads\/2025\/01\/Chinese-Tea-Flavor-Gummy-Choco-Candy-Wholesale-In-Bulk1-768x768.webp 768w, https:\/\/jxgchocolate.com\/wp-content\/uploads\/2025\/01\/Chinese-Tea-Flavor-Gummy-Choco-Candy-Wholesale-In-Bulk1-12x12.webp 12w, https:\/\/jxgchocolate.com\/wp-content\/uploads\/2025\/01\/Chinese-Tea-Flavor-Gummy-Choco-Candy-Wholesale-In-Bulk1-430x430.webp 430w, https:\/\/jxgchocolate.com\/wp-content\/uploads\/2025\/01\/Chinese-Tea-Flavor-Gummy-Choco-Candy-Wholesale-In-Bulk1-700x700.webp 700w\" sizes=\"(max-width: 1500px) 100vw, 1500px\" \/><\/figure>\n<\/div>\n<\/div>\n\n\n\n<p><\/p>","protected":false},"excerpt":{"rendered":"<p>Bem-vindo a comprar as nossas gomas de chocolate por grosso. A nossa goma de chocolate com sabor a ch\u00e1 Yashi Dancong \u00e9 um produto inovador que combina o aroma \u00fanico do ch\u00e1 tradicional com a textura mastig\u00e1vel da goma e o sabor rico do chocolate.<\/p>\n<table width=\"423\">\n<tbody>\n<tr>\n<td width=\"166\">Fabricante<\/td>\n<td width=\"257\">Fruta da sorte<\/td>\n<\/tr>\n<tr>\n<td>MODELO NO.<\/td>\n<td>JXG50<\/td>\n<\/tr>\n<tr>\n<td>Tipo<\/td>\n<td>Gomas de chocolate<\/td>\n<\/tr>\n<tr>\n<td>Embalagem<\/td>\n<td>Embalagem em caixa<\/td>\n<\/tr>\n<tr>\n<td>Especifica\u00e7\u00e3o<\/td>\n<td>20 sacos*12 caixas<\/td>\n<\/tr>\n<tr>\n<td>Tamanho da caixa<\/td>\n<td>58*35,5*37,5cm<\/td>\n<\/tr>\n<tr>\n<td>N.W \/SET<\/td>\n<td>23g*20sacos<\/td>\n<\/tr>\n<tr>\n<td>Cor<\/td>\n<td>Como imagem<\/td>\n<\/tr>\n<tr>\n<td>MOQ<\/td>\n<td>500 caixas de cart\u00e3o<\/td>\n<\/tr>\n<tr>\n<td>Personaliza\u00e7\u00e3o<\/td>\n<td>Embalagem\/LOGO<\/td>\n<\/tr>\n<\/tbody>\n<\/table>","protected":false},"featured_media":29365,"comment_status":"closed","ping_status":"closed","template":"","meta":[],"product_cat":[75],"product_tag":[],"class_list":{"0":"post-29362","1":"product","2":"type-product","3":"status-publish","4":"has-post-thumbnail","6":"product_cat-wholesale-gummy-chocolate","8":"first","9":"instock","10":"shipping-taxable","11":"product-type-simple"},"_links":{"self":[{"href":"https:\/\/jxgchocolate.com\/pt\/wp-json\/wp\/v2\/product\/29362","targetHints":{"allow":["GET"]}}],"collection":[{"href":"https:\/\/jxgchocolate.com\/pt\/wp-json\/wp\/v2\/product"}],"about":[{"href":"https:\/\/jxgchocolate.com\/pt\/wp-json\/wp\/v2\/types\/product"}],"replies":[{"embeddable":true,"href":"https:\/\/jxgchocolate.com\/pt\/wp-json\/wp\/v2\/comments?post=29362"}],"version-history":[{"count":0,"href":"https:\/\/jxgchocolate.com\/pt\/wp-json\/wp\/v2\/product\/29362\/revisions"}],"wp:featuredmedia":[{"embeddable":true,"href":"https:\/\/jxgchocolate.com\/pt\/wp-json\/wp\/v2\/media\/29365"}],"wp:attachment":[{"href":"https:\/\/jxgchocolate.com\/pt\/wp-json\/wp\/v2\/media?parent=29362"}],"wp:term":[{"taxonomy":"product_cat","embeddable":true,"href":"https:\/\/jxgchocolate.com\/pt\/wp-json\/wp\/v2\/product_cat?post=29362"},{"taxonomy":"product_tag","embeddable":true,"href":"https:\/\/jxgchocolate.com\/pt\/wp-json\/wp\/v2\/product_tag?post=29362"}],"curies":[{"name":"wp","href":"https:\/\/api.w.org\/{rel}","templated":true}]}}