{"id":29393,"date":"2025-01-13T08:20:18","date_gmt":"2025-01-13T08:20:18","guid":{"rendered":"https:\/\/jxgchocolate.com\/?post_type=product&#038;p=29393"},"modified":"2025-01-13T08:20:20","modified_gmt":"2025-01-13T08:20:20","slug":"wholesale-gummy-candy","status":"publish","type":"product","link":"https:\/\/jxgchocolate.com\/pt\/produto\/wholesale-gummy-candy\/","title":{"rendered":"Gomas por grosso, gomas de chocolate a granel, suaves e sedosas"},"content":{"rendered":"<div class=\"wp-block-columns is-layout-flex wp-container-core-columns-is-layout-9d6595d7 wp-block-columns-is-layout-flex\">\n<div class=\"wp-block-column is-layout-flow wp-block-column-is-layout-flow\">\n<h2 class=\"wp-block-heading\">Gomas de Natal Premium por atacado Carater\u00edsticas:<\/h2>\n\n\n\n<ul class=\"wp-block-list\">\n<li><strong>Experi\u00eancia de sabor \u00fanica: <\/strong>Esta bala de goma por atacado combina a riqueza do chocolate com a mastigabilidade da bala de goma para formar um sabor triplo \u00fanico. A camada exterior \u00e9 um chocolate rico e suave, e a camada interm\u00e9dia \u00e9 uma bala de goma macia e pegajosa. Este sabor em camadas A mudan\u00e7a de sabor proporciona aos consumidores uma experi\u00eancia gustativa rica. Existem muitos sabores de fruta, como manga, uva verde, p\u00eassego, morango, etc.<\/li>\n\n\n\n<li><strong>Design de embalagem requintado: <\/strong>As nossas gomas de chocolate a granel t\u00eam uma embalagem requintada, com embalagens coloridas que chamam a aten\u00e7\u00e3o do cliente. Al\u00e9m disso, utiliza um design de embalagem pequeno e port\u00e1til, que ser\u00e1 conveniente para os clientes desfrutarem em qualquer altura e em qualquer lugar.<\/li>\n\n\n\n<li><strong>Presta\u00e7\u00f5es de sa\u00fade limitadas:<\/strong> O conte\u00fado de colag\u00e9nio destas gomas n\u00e3o \u00e9 suficiente para ter um impacto significativo na sa\u00fade humana, mas cont\u00e9m alguma gelatina, uma subst\u00e2ncia feita a partir de ossos, pele e tend\u00f5es de animais cozinhados. A prote\u00edna ajuda a manter a elasticidade da pele.<\/li>\n\n\n\n<li><strong>Formas inovadoras de servir: <\/strong>As nossas gomas de chocolate a granel s\u00e3o perfeitas para combinar com ch\u00e1 verde, ch\u00e1 oolong ou outros tipos de ch\u00e1 para criar uma experi\u00eancia de sabor mais rica. Esmague as gomas de chocolate e adicione-as a receitas de pastelaria, como bolachas, bolos ou p\u00e3o, para dar mais sabor e textura.<\/li>\n<\/ul>\n<\/div>\n\n\n\n<div class=\"wp-block-column is-layout-flow wp-block-column-is-layout-flow\">\n<figure class=\"wp-block-image size-full\"><img fetchpriority=\"high\" decoding=\"async\" width=\"1500\" height=\"1500\" src=\"https:\/\/jxgchocolate.com\/wp-content\/uploads\/2025\/01\/Bulk-Smooth-Gummy-Chocolate-Ball-With-Customized-Packaging2.webp\" alt=\"Gomas por atacado, Gomas de chocolate a granel suaves e sedosas - 2\" class=\"wp-image-29396\" srcset=\"https:\/\/jxgchocolate.com\/wp-content\/uploads\/2025\/01\/Bulk-Smooth-Gummy-Chocolate-Ball-With-Customized-Packaging2.webp 1500w, https:\/\/jxgchocolate.com\/wp-content\/uploads\/2025\/01\/Bulk-Smooth-Gummy-Chocolate-Ball-With-Customized-Packaging2-300x300.webp 300w, https:\/\/jxgchocolate.com\/wp-content\/uploads\/2025\/01\/Bulk-Smooth-Gummy-Chocolate-Ball-With-Customized-Packaging2-150x150.webp 150w, https:\/\/jxgchocolate.com\/wp-content\/uploads\/2025\/01\/Bulk-Smooth-Gummy-Chocolate-Ball-With-Customized-Packaging2-768x768.webp 768w, https:\/\/jxgchocolate.com\/wp-content\/uploads\/2025\/01\/Bulk-Smooth-Gummy-Chocolate-Ball-With-Customized-Packaging2-12x12.webp 12w, https:\/\/jxgchocolate.com\/wp-content\/uploads\/2025\/01\/Bulk-Smooth-Gummy-Chocolate-Ball-With-Customized-Packaging2-430x430.webp 430w, https:\/\/jxgchocolate.com\/wp-content\/uploads\/2025\/01\/Bulk-Smooth-Gummy-Chocolate-Ball-With-Customized-Packaging2-700x700.webp 700w\" sizes=\"(max-width: 1500px) 100vw, 1500px\" \/><\/figure>\n<\/div>\n<\/div>\n\n\n\n<p><\/p>","protected":false},"excerpt":{"rendered":"<p>Bem-vindo \u00e0 compra de rebu\u00e7ados de goma por atacado. As nossas gomas de chocolate a granel oferecem uma nova experi\u00eancia de sabor e s\u00e3o ideais para os consumidores que procuram um novo sabor de snack. Seja como um lanche di\u00e1rio, ingrediente de panifica\u00e7\u00e3o ou presente requintado, o chocolate fudge traz um prazer \u00fanico aos consumidores.<\/p>\n<table width=\"423\">\n<tbody>\n<tr>\n<td width=\"166\">Fabricante<\/td>\n<td width=\"257\">Fruta da sorte<\/td>\n<\/tr>\n<tr>\n<td>MODELO NO.<\/td>\n<td>JXG50<\/td>\n<\/tr>\n<tr>\n<td>Tipo<\/td>\n<td>Balas de goma Chocolate<\/td>\n<\/tr>\n<tr>\n<td>Embalagem<\/td>\n<td>Embalagem em caixa<\/td>\n<\/tr>\n<tr>\n<td>Especifica\u00e7\u00e3o<\/td>\n<td>20 sacos*12 caixas<\/td>\n<\/tr>\n<tr>\n<td>Tamanho da caixa<\/td>\n<td>58*35,5*37,5cm<\/td>\n<\/tr>\n<tr>\n<td>N.W \/SET<\/td>\n<td>23g*20sacos<\/td>\n<\/tr>\n<tr>\n<td>Cor<\/td>\n<td>Como imagem<\/td>\n<\/tr>\n<tr>\n<td>MOQ<\/td>\n<td>500 caixas de cart\u00e3o<\/td>\n<\/tr>\n<tr>\n<td>Personaliza\u00e7\u00e3o<\/td>\n<td>Embalagem\/LOGO<\/td>\n<\/tr>\n<\/tbody>\n<\/table>","protected":false},"featured_media":29397,"comment_status":"closed","ping_status":"closed","template":"","meta":[],"product_cat":[75],"product_tag":[],"class_list":{"0":"post-29393","1":"product","2":"type-product","3":"status-publish","4":"has-post-thumbnail","6":"product_cat-wholesale-gummy-chocolate","8":"first","9":"instock","10":"shipping-taxable","11":"product-type-simple"},"_links":{"self":[{"href":"https:\/\/jxgchocolate.com\/pt\/wp-json\/wp\/v2\/product\/29393","targetHints":{"allow":["GET"]}}],"collection":[{"href":"https:\/\/jxgchocolate.com\/pt\/wp-json\/wp\/v2\/product"}],"about":[{"href":"https:\/\/jxgchocolate.com\/pt\/wp-json\/wp\/v2\/types\/product"}],"replies":[{"embeddable":true,"href":"https:\/\/jxgchocolate.com\/pt\/wp-json\/wp\/v2\/comments?post=29393"}],"version-history":[{"count":7,"href":"https:\/\/jxgchocolate.com\/pt\/wp-json\/wp\/v2\/product\/29393\/revisions"}],"predecessor-version":[{"id":29419,"href":"https:\/\/jxgchocolate.com\/pt\/wp-json\/wp\/v2\/product\/29393\/revisions\/29419"}],"wp:featuredmedia":[{"embeddable":true,"href":"https:\/\/jxgchocolate.com\/pt\/wp-json\/wp\/v2\/media\/29397"}],"wp:attachment":[{"href":"https:\/\/jxgchocolate.com\/pt\/wp-json\/wp\/v2\/media?parent=29393"}],"wp:term":[{"taxonomy":"product_cat","embeddable":true,"href":"https:\/\/jxgchocolate.com\/pt\/wp-json\/wp\/v2\/product_cat?post=29393"},{"taxonomy":"product_tag","embeddable":true,"href":"https:\/\/jxgchocolate.com\/pt\/wp-json\/wp\/v2\/product_tag?post=29393"}],"curies":[{"name":"wp","href":"https:\/\/api.w.org\/{rel}","templated":true}]}}