{"id":29400,"date":"2025-01-13T08:03:32","date_gmt":"2025-01-13T08:03:32","guid":{"rendered":"https:\/\/jxgchocolate.com\/?post_type=product&#038;p=29400"},"modified":"2025-01-13T08:03:35","modified_gmt":"2025-01-13T08:03:35","slug":"bulk-milk-chocolate-candy","status":"publish","type":"product","link":"https:\/\/jxgchocolate.com\/pt\/produto\/bulk-milk-chocolate-candy\/","title":{"rendered":"Bombons de Chocolate ao Leite a granel, Sementes de Girassol de Chocolate Amargo Extremo por atacado"},"content":{"rendered":"<div class=\"wp-block-columns is-layout-flex wp-container-core-columns-is-layout-9d6595d7 wp-block-columns-is-layout-flex\">\n<div class=\"wp-block-column is-layout-flow wp-block-column-is-layout-flow\">\n<h2 class=\"wp-block-heading\">Bombons de chocolate de leite a granel Premium Carater\u00edsticas:<\/h2>\n\n\n\n<ul class=\"wp-block-list\">\n<li><strong>Sabor \u00fanico e triplo: <\/strong>O nosso bombom de chocolate de leite a granel, envolto num sabor azedo, proporciona uma experi\u00eancia gradiente do azedo ao rico. A camada de iogurte confere um ligeiro sabor azedo, que contrasta com o aroma salgado das sementes de girassol e acrescenta um sabor em camadas.<\/li>\n\n\n\n<li><strong>Cultura e inova\u00e7\u00e3o:<\/strong> Estas sementes de girassol de chocolate a granel combinam o tradicional miolo de girassol com o moderno artesanato de doces, adequado para os consumidores que procuram uma experi\u00eancia \u00fanica. Embora o chocolate de sementes de girassol com iogurte explosivo seja uma categoria de produtos relativamente nova, a sua combina\u00e7\u00e3o \u00fanica tem uma certa escassez e atra\u00e7\u00e3o no mercado.<\/li>\n\n\n\n<li><strong>Cen\u00e1rios de consumo diversificados: <\/strong>Este bombom de chocolate de leite a granel \u00e9 adequado como um lanche para os tempos livres, quer se trate de uma pausa no trabalho ou de uma reuni\u00e3o familiar, proporciona um prazer agrad\u00e1vel. Acompanhado de uma ch\u00e1vena de ch\u00e1 ou caf\u00e9 quente, \u00e9 um lanche perfeito para o ch\u00e1 da tarde.<\/li>\n\n\n\n<li><strong>Divers\u00e3o interactiva: <\/strong>O chocolate de iogurte explosivo com sementes de girassol a granel \u00e9 facilmente discutido e partilhado nas redes sociais devido \u00e0 sua combina\u00e7\u00e3o de sabores \u00fanica, o que aumenta a intera\u00e7\u00e3o entre a marca e os consumidores. Podem ser organizadas sess\u00f5es de degusta\u00e7\u00e3o ou actividades relacionadas para que os consumidores experimentem o encanto do chocolate de iogurte explosivo com sementes de girassol e compreendam a hist\u00f3ria cultural que lhe est\u00e1 subjacente.<\/li>\n<\/ul>\n<\/div>\n\n\n\n<div class=\"wp-block-column is-layout-flow wp-block-column-is-layout-flow\">\n<figure class=\"wp-block-image size-full\"><img fetchpriority=\"high\" decoding=\"async\" width=\"1500\" height=\"2000\" src=\"https:\/\/jxgchocolate.com\/wp-content\/uploads\/2025\/01\/Wholesales-New-Taste-Extreme-Sour-Sunflower-Seeds-Milk-Chocolate-Beans-In-Bulk2.webp\" alt=\"Bombons de Chocolate ao Leite a Granel, Sementes de Girassol de Chocolate Amargo Extremo por Atacado-3\" class=\"wp-image-29407\" srcset=\"https:\/\/jxgchocolate.com\/wp-content\/uploads\/2025\/01\/Wholesales-New-Taste-Extreme-Sour-Sunflower-Seeds-Milk-Chocolate-Beans-In-Bulk2.webp 1500w, https:\/\/jxgchocolate.com\/wp-content\/uploads\/2025\/01\/Wholesales-New-Taste-Extreme-Sour-Sunflower-Seeds-Milk-Chocolate-Beans-In-Bulk2-225x300.webp 225w, https:\/\/jxgchocolate.com\/wp-content\/uploads\/2025\/01\/Wholesales-New-Taste-Extreme-Sour-Sunflower-Seeds-Milk-Chocolate-Beans-In-Bulk2-768x1024.webp 768w, https:\/\/jxgchocolate.com\/wp-content\/uploads\/2025\/01\/Wholesales-New-Taste-Extreme-Sour-Sunflower-Seeds-Milk-Chocolate-Beans-In-Bulk2-9x12.webp 9w, https:\/\/jxgchocolate.com\/wp-content\/uploads\/2025\/01\/Wholesales-New-Taste-Extreme-Sour-Sunflower-Seeds-Milk-Chocolate-Beans-In-Bulk2-430x573.webp 430w, https:\/\/jxgchocolate.com\/wp-content\/uploads\/2025\/01\/Wholesales-New-Taste-Extreme-Sour-Sunflower-Seeds-Milk-Chocolate-Beans-In-Bulk2-700x933.webp 700w, https:\/\/jxgchocolate.com\/wp-content\/uploads\/2025\/01\/Wholesales-New-Taste-Extreme-Sour-Sunflower-Seeds-Milk-Chocolate-Beans-In-Bulk2-150x200.webp 150w\" sizes=\"(max-width: 1500px) 100vw, 1500px\" \/><\/figure>\n<\/div>\n<\/div>","protected":false},"excerpt":{"rendered":"<p>Bem-vindo \u00e0 compra de doces de chocolate de leite a granel. O nosso chocolate explosivo de sementes de girassol a granel proporciona uma experi\u00eancia de sabor totalmente nova. Seja como um lanche di\u00e1rio, ingrediente de panifica\u00e7\u00e3o ou um excelente presente, o chocolate de sementes de girassol azedo explosivo traz aos consumidores um prazer \u00fanico.<\/p>\n<table width=\"423\">\n<tbody>\n<tr>\n<td width=\"166\">Fabricante<\/td>\n<td width=\"257\">Fruta da sorte<\/td>\n<\/tr>\n<tr>\n<td>MODELO NO.<\/td>\n<td>JXG51<\/td>\n<\/tr>\n<tr>\n<td>Tipo<\/td>\n<td>Sementes de girassol Chocolate<\/td>\n<\/tr>\n<tr>\n<td>Embalagem<\/td>\n<td>Embalagem em caixa<\/td>\n<\/tr>\n<tr>\n<td>Especifica\u00e7\u00e3o<\/td>\n<td>20 sacos*12 caixas<\/td>\n<\/tr>\n<tr>\n<td>Tamanho da caixa<\/td>\n<td>55*23*36cm<\/td>\n<\/tr>\n<tr>\n<td>N.W \/SET<\/td>\n<td>23g*20sacos<\/td>\n<\/tr>\n<tr>\n<td>Cor<\/td>\n<td>Como imagem<\/td>\n<\/tr>\n<tr>\n<td>MOQ<\/td>\n<td>500 caixas de cart\u00e3o<\/td>\n<\/tr>\n<tr>\n<td>Personaliza\u00e7\u00e3o<\/td>\n<td>Embalagem\/LOGO<\/td>\n<\/tr>\n<\/tbody>\n<\/table>","protected":false},"featured_media":29408,"comment_status":"closed","ping_status":"closed","template":"","meta":[],"product_cat":[72],"product_tag":[],"class_list":{"0":"post-29400","1":"product","2":"type-product","3":"status-publish","4":"has-post-thumbnail","6":"product_cat-wholesale-chocolate-covered-sunflower-seeds","8":"first","9":"instock","10":"shipping-taxable","11":"product-type-simple"},"_links":{"self":[{"href":"https:\/\/jxgchocolate.com\/pt\/wp-json\/wp\/v2\/product\/29400","targetHints":{"allow":["GET"]}}],"collection":[{"href":"https:\/\/jxgchocolate.com\/pt\/wp-json\/wp\/v2\/product"}],"about":[{"href":"https:\/\/jxgchocolate.com\/pt\/wp-json\/wp\/v2\/types\/product"}],"replies":[{"embeddable":true,"href":"https:\/\/jxgchocolate.com\/pt\/wp-json\/wp\/v2\/comments?post=29400"}],"version-history":[{"count":0,"href":"https:\/\/jxgchocolate.com\/pt\/wp-json\/wp\/v2\/product\/29400\/revisions"}],"wp:featuredmedia":[{"embeddable":true,"href":"https:\/\/jxgchocolate.com\/pt\/wp-json\/wp\/v2\/media\/29408"}],"wp:attachment":[{"href":"https:\/\/jxgchocolate.com\/pt\/wp-json\/wp\/v2\/media?parent=29400"}],"wp:term":[{"taxonomy":"product_cat","embeddable":true,"href":"https:\/\/jxgchocolate.com\/pt\/wp-json\/wp\/v2\/product_cat?post=29400"},{"taxonomy":"product_tag","embeddable":true,"href":"https:\/\/jxgchocolate.com\/pt\/wp-json\/wp\/v2\/product_tag?post=29400"}],"curies":[{"name":"wp","href":"https:\/\/api.w.org\/{rel}","templated":true}]}}