{"id":29422,"date":"2025-01-20T02:30:45","date_gmt":"2025-01-20T02:30:45","guid":{"rendered":"https:\/\/jxgchocolate.com\/?post_type=product&#038;p=29422"},"modified":"2025-01-20T02:30:47","modified_gmt":"2025-01-20T02:30:47","slug":"bulk-chocolate-coated-sunflower-seed","status":"publish","type":"product","link":"https:\/\/jxgchocolate.com\/pt\/produto\/bulk-chocolate-coated-sunflower-seed\/","title":{"rendered":"Sementes de girassol revestidas com chocolate Super Sour a granel com embalagem de saco"},"content":{"rendered":"<div class=\"wp-block-columns is-layout-flex wp-container-core-columns-is-layout-9d6595d7 wp-block-columns-is-layout-flex\">\n<div class=\"wp-block-column is-layout-flow wp-block-column-is-layout-flow\">\n<h2 class=\"wp-block-heading\">Sementes de girassol revestidas com chocolate a granel Premium Carater\u00edsticas:<\/h2>\n\n\n\n<ul class=\"wp-block-list\">\n<li><strong>Cultura e inova\u00e7\u00e3o:<\/strong> A nossa semente de girassol revestida a chocolate a granel combina o tradicional miolo de semente de girassol com o moderno artesanato de rebu\u00e7ados, incorporando o encanto da inova\u00e7\u00e3o e da fronteira, adequado para os consumidores que procuram experi\u00eancias \u00fanicas. Embora o chocolate de sementes de girassol azedo explosivo seja uma categoria de produtos relativamente nova, a sua combina\u00e7\u00e3o \u00fanica tem uma certa escassez e atra\u00e7\u00e3o no mercado.<\/li>\n\n\n\n<li><strong>Design de embalagem requintado: <\/strong>Coloridas e contrastantes, as nossas sementes de girassol revestidas a chocolate a granel t\u00eam um design de embalagem atrativo que real\u00e7a as carater\u00edsticas do produto e melhora a imagem global. A embalagem grande e requintada torna-a a escolha ideal para presentes de Natal ou do dia a dia, adequada para v\u00e1rias ocasi\u00f5es. A pequena embalagem independente no interior torna-a mais conveniente para transportar.<\/li>\n\n\n\n<li><strong>Cen\u00e1rios de consumo diversificados: <\/strong>Esta semente de girassol revestida a chocolate a granel \u00e9 adequada como petisco para os tempos livres, proporcionando um prazer agrad\u00e1vel, quer seja durante os intervalos do trabalho ou em reuni\u00f5es familiares. Com uma ch\u00e1vena de ch\u00e1 ou caf\u00e9 quente, torna-se um ch\u00e1 da tarde perfeito Dim sum, e os m\u00faltiplos sabores s\u00e3o mais marcantes e agrad\u00e1veis para as papilas gustativas. Tamb\u00e9m pode ser utilizado para fazer sobremesas mais criativas, como bolachas de sandu\u00edche, decora\u00e7\u00f5es para bolos, etc., para aumentar a divers\u00e3o de cozinhar.<\/li>\n<\/ul>\n<\/div>\n\n\n\n<div class=\"wp-block-column is-layout-flow wp-block-column-is-layout-flow\">\n<figure class=\"wp-block-image size-full\"><img fetchpriority=\"high\" decoding=\"async\" width=\"2000\" height=\"2000\" src=\"https:\/\/jxgchocolate.com\/wp-content\/uploads\/2025\/01\/Super-Sour-Chocolate-Cover-Sunflower-Seeds-Wholesales-In-Bulk3.webp\" alt=\"Semente de girassol revestida de chocolate super azedo a granel com saco Pack-3\" class=\"wp-image-29426\" srcset=\"https:\/\/jxgchocolate.com\/wp-content\/uploads\/2025\/01\/Super-Sour-Chocolate-Cover-Sunflower-Seeds-Wholesales-In-Bulk3.webp 2000w, https:\/\/jxgchocolate.com\/wp-content\/uploads\/2025\/01\/Super-Sour-Chocolate-Cover-Sunflower-Seeds-Wholesales-In-Bulk3-300x300.webp 300w, https:\/\/jxgchocolate.com\/wp-content\/uploads\/2025\/01\/Super-Sour-Chocolate-Cover-Sunflower-Seeds-Wholesales-In-Bulk3-150x150.webp 150w, https:\/\/jxgchocolate.com\/wp-content\/uploads\/2025\/01\/Super-Sour-Chocolate-Cover-Sunflower-Seeds-Wholesales-In-Bulk3-768x768.webp 768w, https:\/\/jxgchocolate.com\/wp-content\/uploads\/2025\/01\/Super-Sour-Chocolate-Cover-Sunflower-Seeds-Wholesales-In-Bulk3-12x12.webp 12w, https:\/\/jxgchocolate.com\/wp-content\/uploads\/2025\/01\/Super-Sour-Chocolate-Cover-Sunflower-Seeds-Wholesales-In-Bulk3-430x430.webp 430w, https:\/\/jxgchocolate.com\/wp-content\/uploads\/2025\/01\/Super-Sour-Chocolate-Cover-Sunflower-Seeds-Wholesales-In-Bulk3-700x700.webp 700w\" sizes=\"(max-width: 2000px) 100vw, 2000px\" \/><\/figure>\n<\/div>\n<\/div>","protected":false},"excerpt":{"rendered":"<p>Bem-vindo ao comprar amendoins cobertos de chocolate por atacado. A nossa semente de girassol revestida com chocolate azedo explosivo a granel n\u00e3o s\u00f3 proporciona uma nova experi\u00eancia de sabor, mas tamb\u00e9m transmite um estilo de vida saud\u00e1vel e valor cultural, tornando-a uma escolha ideal para os consumidores que procuram uma vida de qualidade.<\/p>\n<table width=\"423\">\n<tbody>\n<tr>\n<td width=\"166\">Fabricante<\/td>\n<td width=\"257\">Fruta da sorte<\/td>\n<\/tr>\n<tr>\n<td>MODELO NO.<\/td>\n<td>JXG52<\/td>\n<\/tr>\n<tr>\n<td>Tipo<\/td>\n<td>Sementes de girassol Chocolate<\/td>\n<\/tr>\n<tr>\n<td>Embalagem<\/td>\n<td>Embalagem em caixa<\/td>\n<\/tr>\n<tr>\n<td>Especifica\u00e7\u00e3o<\/td>\n<td>238g<\/td>\n<\/tr>\n<tr>\n<td>Tamanho da caixa<\/td>\n<td>49,5*29*32,5cm<\/td>\n<\/tr>\n<tr>\n<td>N.W \/SET<\/td>\n<td>238g*20sacos<\/td>\n<\/tr>\n<tr>\n<td>Cor<\/td>\n<td>Como imagem<\/td>\n<\/tr>\n<tr>\n<td>MOQ<\/td>\n<td>500 caixas de cart\u00e3o<\/td>\n<\/tr>\n<tr>\n<td>Personaliza\u00e7\u00e3o<\/td>\n<td>Embalagem\/LOGO<\/td>\n<\/tr>\n<\/tbody>\n<\/table>\n<p>&nbsp;<\/p>","protected":false},"featured_media":29424,"comment_status":"closed","ping_status":"closed","template":"","meta":[],"product_cat":[72],"product_tag":[],"class_list":{"0":"post-29422","1":"product","2":"type-product","3":"status-publish","4":"has-post-thumbnail","6":"product_cat-wholesale-chocolate-covered-sunflower-seeds","8":"first","9":"instock","10":"shipping-taxable","11":"product-type-simple"},"_links":{"self":[{"href":"https:\/\/jxgchocolate.com\/pt\/wp-json\/wp\/v2\/product\/29422","targetHints":{"allow":["GET"]}}],"collection":[{"href":"https:\/\/jxgchocolate.com\/pt\/wp-json\/wp\/v2\/product"}],"about":[{"href":"https:\/\/jxgchocolate.com\/pt\/wp-json\/wp\/v2\/types\/product"}],"replies":[{"embeddable":true,"href":"https:\/\/jxgchocolate.com\/pt\/wp-json\/wp\/v2\/comments?post=29422"}],"version-history":[{"count":0,"href":"https:\/\/jxgchocolate.com\/pt\/wp-json\/wp\/v2\/product\/29422\/revisions"}],"wp:featuredmedia":[{"embeddable":true,"href":"https:\/\/jxgchocolate.com\/pt\/wp-json\/wp\/v2\/media\/29424"}],"wp:attachment":[{"href":"https:\/\/jxgchocolate.com\/pt\/wp-json\/wp\/v2\/media?parent=29422"}],"wp:term":[{"taxonomy":"product_cat","embeddable":true,"href":"https:\/\/jxgchocolate.com\/pt\/wp-json\/wp\/v2\/product_cat?post=29422"},{"taxonomy":"product_tag","embeddable":true,"href":"https:\/\/jxgchocolate.com\/pt\/wp-json\/wp\/v2\/product_tag?post=29422"}],"curies":[{"name":"wp","href":"https:\/\/api.w.org\/{rel}","templated":true}]}}