{"id":29431,"date":"2025-01-20T02:24:25","date_gmt":"2025-01-20T02:24:25","guid":{"rendered":"https:\/\/jxgchocolate.com\/?post_type=product&#038;p=29431"},"modified":"2025-01-20T02:24:26","modified_gmt":"2025-01-20T02:24:26","slug":"peanuts-wholesale","status":"publish","type":"product","link":"https:\/\/jxgchocolate.com\/pt\/produto\/peanuts-wholesale\/","title":{"rendered":"Amendoins com cobertura de chocolate por atacado, snacks de amendoim crocantes e macios a granel"},"content":{"rendered":"<div class=\"wp-block-columns is-layout-flex wp-container-core-columns-is-layout-9d6595d7 wp-block-columns-is-layout-flex\">\n<div class=\"wp-block-column is-layout-flow wp-block-column-is-layout-flow\">\n<h2 class=\"wp-block-heading\">Amendoins com cobertura de chocolate Premium Caracter\u00edsticas por atacado:<\/h2>\n\n\n\n<ul class=\"wp-block-list\">\n<li><strong>Combina\u00e7\u00e3o cl\u00e1ssica de sabores:<\/strong> Os amendoins e os chocolates combinam-se h\u00e1 s\u00e9culos e s\u00e3o um dos sabores populares intemporais que podem ser consumidos por pessoas de todas as faixas et\u00e1rias. Para al\u00e9m do tradicional chocolate de leite coberto de amendoins, os nossos amendoins cobertos de chocolate por atacado tamb\u00e9m t\u00eam op\u00e7\u00f5es de chocolate preto e chocolate branco que satisfazem as prefer\u00eancias de gosto de v\u00e1rios consumidores.<\/li>\n\n\n\n<li><strong>Rica gama de sabores:<\/strong> Em cada bocado dos nossos amendoins revestidos de chocolate a granel, a sensa\u00e7\u00e3o de fus\u00e3o do chocolate exterior e a fragr\u00e2ncia crocante dos amendoins interiores fundem-se harmoniosamente entre si em n\u00edtido contraste. Do chocolate doce ao amendoim salgado, a transi\u00e7\u00e3o do doce para o salgado pode oferecer uma grande variedade de n\u00edveis de sabor ao consumidor.<\/li>\n\n\n\n<li><strong>Nutritivo:<\/strong> Os nossos amendoins com cobertura de chocolate por atacado s\u00e3o uma fonte elevada de prote\u00ednas e \u00e1cidos gordos monoinsaturados saud\u00e1veis, ajudando a manter a massa muscular e a sa\u00fade do cora\u00e7\u00e3o. Na verdade, os amendoins s\u00e3o uma boa fonte de muitos dos nutrientes importantes que ajudam a manter uma boa sa\u00fade geral, como a vitamina E e o magn\u00e9sio.<\/li>\n\n\n\n<li><strong>Embalagem c\u00f3moda: <\/strong>Os nossos amendoins revestidos de chocolate a granel s\u00e3o embalados em pequenos sacos independentes, que s\u00e3o f\u00e1ceis de transportar e partilhar. Por isso, \u00e9 muito adequado para ser levado para actividades ao ar livre e viagens para desfrutar em qualquer altura. Para os utilizadores dom\u00e9sticos, existem vers\u00f5es de grande capacidade da embalagem, econ\u00f3micas e que permitem comprar alguns sabores de uma s\u00f3 vez para toda a fam\u00edlia partilhar.<\/li>\n<\/ul>\n<\/div>\n\n\n\n<div class=\"wp-block-column is-layout-flow wp-block-column-is-layout-flow\">\n<figure class=\"wp-block-image size-full\"><img fetchpriority=\"high\" decoding=\"async\" width=\"1800\" height=\"1500\" src=\"https:\/\/jxgchocolate.com\/wp-content\/uploads\/2025\/01\/Crispy-Smooth-Bulk-Chocolate-Covered-Peanuts-Beans3.webp\" alt=\"Amendoins com cobertura de chocolate por atacado, snacks crocantes de amendoim-3\" class=\"wp-image-29434\" srcset=\"https:\/\/jxgchocolate.com\/wp-content\/uploads\/2025\/01\/Crispy-Smooth-Bulk-Chocolate-Covered-Peanuts-Beans3.webp 1800w, https:\/\/jxgchocolate.com\/wp-content\/uploads\/2025\/01\/Crispy-Smooth-Bulk-Chocolate-Covered-Peanuts-Beans3-360x300.webp 360w, https:\/\/jxgchocolate.com\/wp-content\/uploads\/2025\/01\/Crispy-Smooth-Bulk-Chocolate-Covered-Peanuts-Beans3-768x640.webp 768w, https:\/\/jxgchocolate.com\/wp-content\/uploads\/2025\/01\/Crispy-Smooth-Bulk-Chocolate-Covered-Peanuts-Beans3-14x12.webp 14w, https:\/\/jxgchocolate.com\/wp-content\/uploads\/2025\/01\/Crispy-Smooth-Bulk-Chocolate-Covered-Peanuts-Beans3-430x358.webp 430w, https:\/\/jxgchocolate.com\/wp-content\/uploads\/2025\/01\/Crispy-Smooth-Bulk-Chocolate-Covered-Peanuts-Beans3-700x583.webp 700w, https:\/\/jxgchocolate.com\/wp-content\/uploads\/2025\/01\/Crispy-Smooth-Bulk-Chocolate-Covered-Peanuts-Beans3-150x125.webp 150w\" sizes=\"(max-width: 1800px) 100vw, 1800px\" \/><\/figure>\n<\/div>\n<\/div>\n\n\n\n<p><\/p>","protected":false},"excerpt":{"rendered":"<p>Bem-vindo ao comprar amendoins cobertos de chocolate por atacado. Os nossos amendoins revestidos com chocolate a granel combinam na perfei\u00e7\u00e3o a croc\u00e2ncia dos amendoins com a do\u00e7ura e suavidade do chocolate, proporcionando uma experi\u00eancia de sabor deliciosa.<\/p>\n<table width=\"423\">\n<tbody>\n<tr>\n<td width=\"166\">Fabricante<\/td>\n<td width=\"257\">Fruta da sorte<\/td>\n<\/tr>\n<tr>\n<td>MODELO NO.<\/td>\n<td>JXG53<\/td>\n<\/tr>\n<tr>\n<td>Tipo<\/td>\n<td>Chocolate com amendoim<\/td>\n<\/tr>\n<tr>\n<td>Embalagem<\/td>\n<td>Embalagem em caixa<\/td>\n<\/tr>\n<tr>\n<td>Especifica\u00e7\u00e3o<\/td>\n<td>20 sacos*12 caixas<\/td>\n<\/tr>\n<tr>\n<td>Tamanho da caixa<\/td>\n<td>58*35,5*37,5cm<\/td>\n<\/tr>\n<tr>\n<td>N.W \/SET<\/td>\n<td>23g*20sacos<\/td>\n<\/tr>\n<tr>\n<td>Cor<\/td>\n<td>Como imagem<\/td>\n<\/tr>\n<tr>\n<td>MOQ<\/td>\n<td>500 caixas de cart\u00e3o<\/td>\n<\/tr>\n<tr>\n<td>Personaliza\u00e7\u00e3o<\/td>\n<td>Embalagem\/LOGO<\/td>\n<\/tr>\n<\/tbody>\n<\/table>","protected":false},"featured_media":29432,"comment_status":"closed","ping_status":"closed","template":"","meta":[],"product_cat":[73],"product_tag":[],"class_list":{"0":"post-29431","1":"product","2":"type-product","3":"status-publish","4":"has-post-thumbnail","6":"product_cat-wholesale-chocolate-covered-peanuts","8":"first","9":"instock","10":"shipping-taxable","11":"product-type-simple"},"_links":{"self":[{"href":"https:\/\/jxgchocolate.com\/pt\/wp-json\/wp\/v2\/product\/29431","targetHints":{"allow":["GET"]}}],"collection":[{"href":"https:\/\/jxgchocolate.com\/pt\/wp-json\/wp\/v2\/product"}],"about":[{"href":"https:\/\/jxgchocolate.com\/pt\/wp-json\/wp\/v2\/types\/product"}],"replies":[{"embeddable":true,"href":"https:\/\/jxgchocolate.com\/pt\/wp-json\/wp\/v2\/comments?post=29431"}],"version-history":[{"count":5,"href":"https:\/\/jxgchocolate.com\/pt\/wp-json\/wp\/v2\/product\/29431\/revisions"}],"predecessor-version":[{"id":29447,"href":"https:\/\/jxgchocolate.com\/pt\/wp-json\/wp\/v2\/product\/29431\/revisions\/29447"}],"wp:featuredmedia":[{"embeddable":true,"href":"https:\/\/jxgchocolate.com\/pt\/wp-json\/wp\/v2\/media\/29432"}],"wp:attachment":[{"href":"https:\/\/jxgchocolate.com\/pt\/wp-json\/wp\/v2\/media?parent=29431"}],"wp:term":[{"taxonomy":"product_cat","embeddable":true,"href":"https:\/\/jxgchocolate.com\/pt\/wp-json\/wp\/v2\/product_cat?post=29431"},{"taxonomy":"product_tag","embeddable":true,"href":"https:\/\/jxgchocolate.com\/pt\/wp-json\/wp\/v2\/product_tag?post=29431"}],"curies":[{"name":"wp","href":"https:\/\/api.w.org\/{rel}","templated":true}]}}