{"id":29446,"date":"2025-01-24T06:44:26","date_gmt":"2025-01-24T06:44:26","guid":{"rendered":"https:\/\/jxgchocolate.com\/?post_type=product&#038;p=29446"},"modified":"2025-01-24T06:44:28","modified_gmt":"2025-01-24T06:44:28","slug":"bulk-chocolate-sunflower-seed","status":"publish","type":"product","link":"https:\/\/jxgchocolate.com\/pt\/produto\/bulk-chocolate-sunflower-seed\/","title":{"rendered":"Sementes de girassol Smooth Bulk Chocolate com dois sabores"},"content":{"rendered":"<div class=\"wp-block-columns is-layout-flex wp-container-core-columns-is-layout-9d6595d7 wp-block-columns-is-layout-flex\">\n<div class=\"wp-block-column is-layout-flow wp-block-column-is-layout-flow\">\n<h2 class=\"wp-block-heading\">Sementes de girassol de chocolate a granel Premium Carater\u00edsticas:<\/h2>\n\n\n\n<ul class=\"wp-block-list\">\n<li><strong>Pre\u00e7o acess\u00edvel e elevada rela\u00e7\u00e3o custo-efic\u00e1cia:<\/strong> As sementes de girassol com chocolate a granel t\u00eam um pre\u00e7o moderado no mercado, acess\u00edvel a todas as pessoas. O sabor rico e o valor nutricional fazem com que cada dentada valha a pena; por isso, \u00e9 um snack com uma boa rela\u00e7\u00e3o custo-efic\u00e1cia na mente dos consumidores.<\/li>\n\n\n\n<li><strong>Cen\u00e1rios de consumo diversificados: <\/strong>As nossas sementes de girassol de chocolate por atacado s\u00e3o adequadas para v\u00e1rias ocasi\u00f5es de consumo, incluindo reuni\u00f5es familiares, reuni\u00f5es com amigos e sestas de escrit\u00f3rio. Pode ser um lanche casual ou usado durante as f\u00e9rias como um presente ou oferta para transmitir beleza e b\u00ean\u00e7\u00e3os.<\/li>\n\n\n\n<li><strong>Alta qualidade e nutri\u00e7\u00e3o dos ingredientes:<\/strong> As nossas sementes de girassol de chocolate a granel s\u00e3o ricas em nutrientes, incluindo prote\u00ednas, gorduras, vitaminas e minerais, que podem ajudar a complementar a energia e a manter a sa\u00fade f\u00edsica.<\/li>\n\n\n\n<li><strong>Experi\u00eancia de sabor \u00fanica:<\/strong> A camada externa das nossas sementes de girassol de chocolate por atacado usa a casca de chocolate crocante, enquanto a camada interna \u00e9 envolta em sementes de girassol crocantes. A combina\u00e7\u00e3o interna e externa desta combina\u00e7\u00e3o de sabores permitir\u00e1 aos consumidores saborear a suavidade do chocolate e a croc\u00e2ncia das sementes de girassol em cada mordida, trazendo a riqueza das camadas.<\/li>\n<\/ul>\n<\/div>\n\n\n\n<div class=\"wp-block-column is-layout-flow wp-block-column-is-layout-flow\">\n<figure class=\"wp-block-image size-full\"><img fetchpriority=\"high\" decoding=\"async\" width=\"1800\" height=\"1500\" src=\"https:\/\/jxgchocolate.com\/wp-content\/uploads\/2025\/01\/Bulk-Smooth-Chocolate-Covered-Sunflower-Seeds-Kernels-With-Two-Flavors3.webp\" alt=\"\" class=\"wp-image-29450\" srcset=\"https:\/\/jxgchocolate.com\/wp-content\/uploads\/2025\/01\/Bulk-Smooth-Chocolate-Covered-Sunflower-Seeds-Kernels-With-Two-Flavors3.webp 1800w, https:\/\/jxgchocolate.com\/wp-content\/uploads\/2025\/01\/Bulk-Smooth-Chocolate-Covered-Sunflower-Seeds-Kernels-With-Two-Flavors3-360x300.webp 360w, https:\/\/jxgchocolate.com\/wp-content\/uploads\/2025\/01\/Bulk-Smooth-Chocolate-Covered-Sunflower-Seeds-Kernels-With-Two-Flavors3-768x640.webp 768w, https:\/\/jxgchocolate.com\/wp-content\/uploads\/2025\/01\/Bulk-Smooth-Chocolate-Covered-Sunflower-Seeds-Kernels-With-Two-Flavors3-14x12.webp 14w, https:\/\/jxgchocolate.com\/wp-content\/uploads\/2025\/01\/Bulk-Smooth-Chocolate-Covered-Sunflower-Seeds-Kernels-With-Two-Flavors3-430x358.webp 430w, https:\/\/jxgchocolate.com\/wp-content\/uploads\/2025\/01\/Bulk-Smooth-Chocolate-Covered-Sunflower-Seeds-Kernels-With-Two-Flavors3-700x583.webp 700w, https:\/\/jxgchocolate.com\/wp-content\/uploads\/2025\/01\/Bulk-Smooth-Chocolate-Covered-Sunflower-Seeds-Kernels-With-Two-Flavors3-150x125.webp 150w\" sizes=\"(max-width: 1800px) 100vw, 1800px\" \/><\/figure>\n<\/div>\n<\/div>\n\n\n\n<p><\/p>","protected":false},"excerpt":{"rendered":"<p>Bem-vindo \u00e0 compra de sementes de girassol de chocolate a granel. Nossas sementes de girassol de chocolate por atacado n\u00e3o s\u00f3 proporcionam uma nova experi\u00eancia de sabor, mas tamb\u00e9m transmitem um estilo de vida saud\u00e1vel e valor cultural, tornando-se uma escolha ideal para os consumidores que buscam uma vida de qualidade. Seja como um lanche di\u00e1rio, ingrediente de cozimento, ou um grande presente, o chocolate de semente de girassol traz prazer \u00fanico para os consumidores.<\/p>\n<table width=\"423\">\n<tbody>\n<tr>\n<td width=\"166\">Fabricante<\/td>\n<td width=\"257\">Fruta da sorte<\/td>\n<\/tr>\n<tr>\n<td>MODELO NO.<\/td>\n<td>JXG54<\/td>\n<\/tr>\n<tr>\n<td>Tipo<\/td>\n<td>Sementes de girassol Chocolate<\/td>\n<\/tr>\n<tr>\n<td>Embalagem<\/td>\n<td>Embalagem em caixa<\/td>\n<\/tr>\n<tr>\n<td>Especifica\u00e7\u00e3o<\/td>\n<td>20 sacos*12 caixas<\/td>\n<\/tr>\n<tr>\n<td>Tamanho da caixa<\/td>\n<td>58*35,5*37,5cm<\/td>\n<\/tr>\n<tr>\n<td>N.W \/SET<\/td>\n<td>23g*20sacos<\/td>\n<\/tr>\n<tr>\n<td>Cor<\/td>\n<td>Como imagem<\/td>\n<\/tr>\n<tr>\n<td>MOQ<\/td>\n<td>500 caixas de cart\u00e3o<\/td>\n<\/tr>\n<tr>\n<td>Personaliza\u00e7\u00e3o<\/td>\n<td>Embalagem\/LOGO<\/td>\n<\/tr>\n<\/tbody>\n<\/table>","protected":false},"featured_media":29448,"comment_status":"closed","ping_status":"closed","template":"","meta":[],"product_cat":[72],"product_tag":[],"class_list":{"0":"post-29446","1":"product","2":"type-product","3":"status-publish","4":"has-post-thumbnail","6":"product_cat-wholesale-chocolate-covered-sunflower-seeds","8":"first","9":"instock","10":"shipping-taxable","11":"product-type-simple"},"_links":{"self":[{"href":"https:\/\/jxgchocolate.com\/pt\/wp-json\/wp\/v2\/product\/29446","targetHints":{"allow":["GET"]}}],"collection":[{"href":"https:\/\/jxgchocolate.com\/pt\/wp-json\/wp\/v2\/product"}],"about":[{"href":"https:\/\/jxgchocolate.com\/pt\/wp-json\/wp\/v2\/types\/product"}],"replies":[{"embeddable":true,"href":"https:\/\/jxgchocolate.com\/pt\/wp-json\/wp\/v2\/comments?post=29446"}],"version-history":[{"count":0,"href":"https:\/\/jxgchocolate.com\/pt\/wp-json\/wp\/v2\/product\/29446\/revisions"}],"wp:featuredmedia":[{"embeddable":true,"href":"https:\/\/jxgchocolate.com\/pt\/wp-json\/wp\/v2\/media\/29448"}],"wp:attachment":[{"href":"https:\/\/jxgchocolate.com\/pt\/wp-json\/wp\/v2\/media?parent=29446"}],"wp:term":[{"taxonomy":"product_cat","embeddable":true,"href":"https:\/\/jxgchocolate.com\/pt\/wp-json\/wp\/v2\/product_cat?post=29446"},{"taxonomy":"product_tag","embeddable":true,"href":"https:\/\/jxgchocolate.com\/pt\/wp-json\/wp\/v2\/product_tag?post=29446"}],"curies":[{"name":"wp","href":"https:\/\/api.w.org\/{rel}","templated":true}]}}